{"id":23307,"date":"2024-02-23T14:34:55","date_gmt":"2024-02-23T06:34:55","guid":{"rendered":"https:\/\/harmoor.com\/product\/karibu-3039a\/"},"modified":"2024-02-23T14:34:55","modified_gmt":"2024-02-23T06:34:55","slug":"karibu-3039a","status":"publish","type":"product","link":"https:\/\/harmoor.com\/vi\/product\/karibu-3039a\/","title":{"rendered":"Karibu 3039a"},"content":{"rendered":"<div class=\"row\">\n<div class=\"col-xl-5 col-lg-5 col-md-6 col-sm-12 col-12\"><img fetchpriority=\"high\" decoding=\"async\" class=\"alignnone size-full wp-image-12104\" src=\"https:\/\/harmoor.com\/wp-content\/uploads\/2024\/02\/chair-karibu-3039a-2.webp\" alt=\"gh\u1ebf karibu 3039a\" width=\"458\" height=\"315\"><\/div>\n<div class=\"col-xl-7 col-lg-7 col-md-6 col-sm-12 col-12\">\n<h2><span style=\"vertical-align: inherit;\"><span style=\"vertical-align: inherit;\">TH\u01af\u01a0NG HI\u1ec6U<\/span><\/span><\/h2>\n<p>V\u1edbi l\u1ecbch s\u1eed c\u00f4ng ty phong ph\u00fa k\u00e9o d\u00e0i t\u1eeb n\u0103m 1998, Harmoor kh\u1edfi nghi\u1ec7p l\u00e0 m\u1ed9t nh\u00e0 m\u00e1y s\u1ea3n xu\u1ea5t \u0111\u1ed3 n\u1ed9i th\u1ea5t nh\u1ecf. Ch\u00fang t\u00f4i \u0111\u00e3 m\u1edf nh\u00e0 m\u00e1y t\u1ea1i Vi\u1ec7t Nam v\u00e0o n\u0103m 2018 v\u00e0 tr\u1edf th\u00e0nh m\u1ed9t trong nh\u1eefng nh\u00e0 m\u00e1y s\u1ea3n xu\u1ea5t \u0111\u1ed3 n\u1ed9i th\u1ea5t nh\u1ef1a l\u1edbn nh\u1ea5t t\u1ea1i Vi\u1ec7t Nam. Hi\u1ec7n nay, Harmoor l\u00e0 nh\u00e0 s\u1ea3n xu\u1ea5t v\u00e0 cung c\u1ea5p c\u00e1c s\u1ea3n ph\u1ea9m b\u00e0n gh\u1ebf v\u1edbi nhi\u1ec1u m\u1eabu m\u00e3 h\u00e0ng \u0111\u1ea7u t\u1ea1i Vi\u1ec7t Nam v\u00e0 th\u1ebf gi\u1edbi.<\/p>\n<p><img decoding=\"async\" class=\"mt-4\" src=\"https:\/\/harmoor.com\/wp-content\/uploads\/2023\/07\/single-product.webp\" alt=\"san-pham-don\" width=\"190\" height=\"30\"><\/div>\n<\/div>\n<div class=\"row\">\n<div class=\"col-xl-4 col-lg-4 col-md-4 col-sm-12 col-12 mb-4\">\n<h2><span style=\"vertical-align: inherit;\"><span style=\"vertical-align: inherit;\">TH\u00d4NG TIN S\u1ea2N PH\u1ea8M<\/span><\/span><\/h2>\n<ul>\n<li>T\u00ean s\u1ea3n ph\u1ea9m: Gh\u1ebf Karibu 3039A<\/li>\n<li>Ch\u1ea5t li\u1ec7u: D\u00e2y th\u1eebng + nh\u1ef1a PP<\/li>\n<li>Phong c\u00e1ch thi\u1ebft k\u1ebf: \u00dd<\/li>\n<li>Xu\u1ea5t x\u1ee9: Vi\u1ec7t Nam<\/li>\n<\/ul>\n<\/div>\n<div class=\"col-xl-4 col-lg-4 col-md-4 col-sm-12 col-12 mb-4\">\n<h2><span style=\"vertical-align: inherit;\"><span style=\"vertical-align: inherit;\">K\u00cdCH TH\u01af\u1edaC<\/span><\/span><\/h2>\n<ul>\n<li>Ch\u1ea5t li\u1ec7u: PP + D\u00e2y nylon<\/li>\n<li>Chi\u1ec1u d\u00e0i: 55,5cm<\/li>\n<li>Chi\u1ec1u r\u1ed9ng: 61cm<\/li>\n<li>Chi\u1ec1u cao: 82cm<\/li>\n<li>Chi\u1ec1u cao gh\u1ebf: 46cm<\/li>\n<li>C\u00e2n n\u1eb7ng: 5,73kg<\/li>\n<\/ul>\n<\/div>\n<div class=\"col-xl-4 col-lg-4 col-md-4 col-sm-12 col-12 mb-4\">\n<h2><span style=\"vertical-align: inherit;\"><span style=\"vertical-align: inherit;\">KH\u00d4NG GIAN S\u1eec D\u1ee4NG<\/span><\/span><\/h2>\n<ul>\n<li>Qu\u00e1n c\u00e0 ph\u00ea<\/li>\n<li>Nh\u00e0 h\u00e0ng<\/li>\n<li>Ph\u00f2ng \u0103n&#8230;<\/li>\n<li>S\u00e2n v\u01b0\u1eddn&#8230;.<\/li>\n<\/ul>\n<\/div>\n<\/div>\n","protected":false},"excerpt":{"rendered":"<p>Gh\u1ebf Karibu 3039A l\u00e0 bi\u1ec3u t\u01b0\u1ee3ng c\u1ee7a s\u1ef1 hi\u1ec7n \u0111\u1ea1i v\u00e0 sang tr\u1ecdng v\u1edbi nh\u1eefng \u0111\u01b0\u1eddng cong tinh t\u1ebf. V\u1edbi ch\u1ea5t li\u1ec7u b\u1ec1n b\u1ec9 c\u1ee7a m\u1eb7t ng\u1ed3i v\u00e0 t\u1ef1a l\u01b0ng l\u00e0 nh\u1ef1a PA, gh\u1ebf kh\u00f4ng ch\u1ec9 gi\u1eef \u0111\u01b0\u1ee3c v\u1ebb \u0111\u1eb9p khi \u1edf ngo\u00e0i tr\u1eddi m\u00e0 c\u00f2n t\u00e1i hi\u1ec7n l\u1ea1i v\u1ebb sang tr\u1ecdng c\u1ee7a nh\u1eefng chi\u1ebfc gh\u1ebf s\u00e2n th\u01b0\u1ee3ng c\u1ed5 \u0111i\u1ec3n t\u1eeb nh\u1eefng n\u0103m 60, k\u1ebft h\u1ee3p gi\u1eefa th\u00e9p v\u00e0 ch\u1ea5t li\u1ec7u. v\u1eadt li\u1ec7u d\u1ec7t. \u0110\u01b0\u1ee3c s\u01a1n t\u0129nh \u0111i\u1ec7n \u0111\u1ec3 s\u1eed d\u1ee5ng ngo\u00e0i tr\u1eddi, c\u00f3 kh\u1ea3 n\u0103ng x\u1ebfp ch\u1ed3ng, gh\u1ebf Karibu 3039A kh\u00f4ng ch\u1ec9 l\u00e0 s\u1ea3n ph\u1ea9m n\u1ed5i b\u1eadt m\u00e0 c\u00f2n mang \u0111\u1ebfn s\u1ef1 ti\u1ec7n l\u1ee3i v\u00e0 th\u1ea9m m\u1ef9 cho kh\u00f4ng gian ngh\u1ec9 ng\u01a1i ngo\u1ea1i th\u00e0nh.<\/p>\n","protected":false},"featured_media":23097,"comment_status":"open","ping_status":"closed","template":"","meta":[],"product_cat":[1595],"product_tag":[1212,1596,1261,1529,1531,1598,1597],"class_list":{"0":"post-23307","1":"product","2":"type-product","3":"status-publish","4":"has-post-thumbnail","6":"product_brand-caribu-vi","7":"product_cat-caribu-vi","8":"product_tag-ghe-ca-phe","9":"product_tag-ghe-ngoai-troi-vi","10":"product_tag-ghe-nha-hang-vi","11":"product_tag-ghe-phong-an-vi","12":"product_tag-ghe-phong-khach-vi","13":"product_tag-ghe-san-thuong-vi","14":"product_tag-ghe-san-vuon-vi","17":"first","18":"instock","19":"shipping-taxable","20":"product-type-simple"},"_links":{"self":[{"href":"https:\/\/harmoor.com\/vi\/wp-json\/wp\/v2\/product\/23307","targetHints":{"allow":["GET"]}}],"collection":[{"href":"https:\/\/harmoor.com\/vi\/wp-json\/wp\/v2\/product"}],"about":[{"href":"https:\/\/harmoor.com\/vi\/wp-json\/wp\/v2\/types\/product"}],"replies":[{"embeddable":true,"href":"https:\/\/harmoor.com\/vi\/wp-json\/wp\/v2\/comments?post=23307"}],"version-history":[{"count":0,"href":"https:\/\/harmoor.com\/vi\/wp-json\/wp\/v2\/product\/23307\/revisions"}],"wp:featuredmedia":[{"embeddable":true,"href":"https:\/\/harmoor.com\/vi\/wp-json\/wp\/v2\/media\/23097"}],"wp:attachment":[{"href":"https:\/\/harmoor.com\/vi\/wp-json\/wp\/v2\/media?parent=23307"}],"wp:term":[{"taxonomy":"product_cat","embeddable":true,"href":"https:\/\/harmoor.com\/vi\/wp-json\/wp\/v2\/product_cat?post=23307"},{"taxonomy":"product_tag","embeddable":true,"href":"https:\/\/harmoor.com\/vi\/wp-json\/wp\/v2\/product_tag?post=23307"}],"curies":[{"name":"wp","href":"https:\/\/api.w.org\/{rel}","templated":true}]}}