{"id":23294,"date":"2024-02-23T12:29:04","date_gmt":"2024-02-23T04:29:04","guid":{"rendered":"https:\/\/harmoor.com\/product\/narnia-3062a\/"},"modified":"2024-02-23T12:29:04","modified_gmt":"2024-02-23T04:29:04","slug":"narnia-3062a","status":"publish","type":"product","link":"https:\/\/harmoor.com\/vi\/product\/narnia-3062a\/","title":{"rendered":"Narnia 3062a"},"content":{"rendered":"<div class=\"row\">\n<div class=\"col-xl-5 col-lg-5 col-md-6 col-sm-12 col-12\"><img fetchpriority=\"high\" decoding=\"async\" class=\"alignnone size-full wp-image-12104\" src=\"https:\/\/harmoor.com\/wp-content\/uploads\/2024\/02\/chair-narnia-3062a-1.webp\" alt=\"gh\u1ebf narnia 3062\" width=\"458\" height=\"315\"><\/div>\n<div class=\"col-xl-7 col-lg-7 col-md-6 col-sm-12 col-12\">\n<h2><span style=\"vertical-align: inherit;\"><span style=\"vertical-align: inherit;\">TH\u01af\u01a0NG HI\u1ec6U<\/span><\/span><\/h2>\n<p>V\u1edbi l\u1ecbch s\u1eed c\u00f4ng ty phong ph\u00fa k\u00e9o d\u00e0i t\u1eeb n\u0103m 1998, Harmoor kh\u1edfi nghi\u1ec7p l\u00e0 m\u1ed9t nh\u00e0 m\u00e1y s\u1ea3n xu\u1ea5t \u0111\u1ed3 n\u1ed9i th\u1ea5t nh\u1ecf. Ch\u00fang t\u00f4i \u0111\u00e3 m\u1edf nh\u00e0 m\u00e1y t\u1ea1i Vi\u1ec7t Nam v\u00e0o n\u0103m 2018 v\u00e0 tr\u1edf th\u00e0nh m\u1ed9t trong nh\u1eefng nh\u00e0 m\u00e1y s\u1ea3n xu\u1ea5t \u0111\u1ed3 n\u1ed9i th\u1ea5t nh\u1ef1a l\u1edbn nh\u1ea5t t\u1ea1i Vi\u1ec7t Nam. Hi\u1ec7n nay, Harmoor l\u00e0 nh\u00e0 s\u1ea3n xu\u1ea5t v\u00e0 cung c\u1ea5p c\u00e1c s\u1ea3n ph\u1ea9m b\u00e0n gh\u1ebf v\u1edbi nhi\u1ec1u m\u1eabu m\u00e3 h\u00e0ng \u0111\u1ea7u t\u1ea1i Vi\u1ec7t Nam v\u00e0 th\u1ebf gi\u1edbi.<\/p>\n<p><img decoding=\"async\" class=\"mt-4\" src=\"https:\/\/harmoor.com\/wp-content\/uploads\/2023\/07\/single-product.webp\" alt=\"san-pham-don\" width=\"190\" height=\"30\"><\/div>\n<\/div>\n<div class=\"row\">\n<div class=\"col-xl-4 col-lg-4 col-md-4 col-sm-12 col-12 mb-4\">\n<h2><span style=\"vertical-align: inherit;\"><span style=\"vertical-align: inherit;\"><span style=\"vertical-align: inherit;\"><span style=\"vertical-align: inherit;\"><span style=\"vertical-align: inherit;\"><span style=\"vertical-align: inherit;\">TH\u00d4NG TIN S\u1ea2N PH\u1ea8M<\/span><\/span><\/span><\/span><\/span><\/span><\/h2>\n<ul>\n<li>T\u00ean s\u1ea3n ph\u1ea9m: Gh\u1ebf Narnia 3062A<\/li>\n<li>Ch\u1ea5t li\u1ec7u: Nh\u1ef1a + S\u1eaft<\/li>\n<li>Phong c\u00e1ch thi\u1ebft k\u1ebf: \u00dd<\/li>\n<li>Xu\u1ea5t x\u1ee9: Vi\u1ec7t Nam<\/li>\n<\/ul>\n<\/div>\n<div class=\"col-xl-4 col-lg-4 col-md-4 col-sm-12 col-12 mb-4\">\n<h2><span style=\"vertical-align: inherit;\"><span style=\"vertical-align: inherit;\"><span style=\"vertical-align: inherit;\"><span style=\"vertical-align: inherit;\"><span style=\"vertical-align: inherit;\"><span style=\"vertical-align: inherit;\">K\u00cdCH TH\u01af\u1edaC<\/span><\/span><\/span><\/span><\/span><\/span><\/h2>\n<ul>\n<li>Chi\u1ec1u d\u00e0i: 54,8cm<\/li>\n<li>Chi\u1ec1u r\u1ed9ng: 51,4cm<\/li>\n<li>Chi\u1ec1u cao: 79,5cm<\/li>\n<li>4pcs\/ctn<\/li>\n<\/ul>\n<\/div>\n<div class=\"col-xl-4 col-lg-4 col-md-4 col-sm-12 col-12 mb-4\">\n<h2><span style=\"vertical-align: inherit;\"><span style=\"vertical-align: inherit;\"><span style=\"vertical-align: inherit;\"><span style=\"vertical-align: inherit;\"><span style=\"vertical-align: inherit;\"><span style=\"vertical-align: inherit;\">KH\u00d4NG GIAN S\u1eec D\u1ee4NG<\/span><\/span><\/span><\/span><\/span><\/span><\/h2>\n<ul>\n<li>Qu\u00e1n c\u00e0 ph\u00ea<\/li>\n<li>V\u0103n ph\u00f2ng<\/li>\n<li>Ph\u00f2ng \u0103n&#8230;<\/li>\n<li>Ph\u00f2ng kh\u00e1ch&#8230;.<\/li>\n<\/ul>\n<\/div>\n<\/div>\n","protected":false},"excerpt":{"rendered":"<p>Gh\u1ebf Narnia 3062A l\u00e0 bi\u1ec3u t\u01b0\u1ee3ng c\u1ee7a s\u1ef1 sang tr\u1ecdng v\u00e0 ti\u1ec7n nghi, v\u1edbi k\u1ebft c\u1ea5u ch\u1eafc ch\u1eafn t\u1eeb nh\u1ef1a cao c\u1ea5p, m\u1eb7t ng\u1ed3i \u0111\u01b0\u1ee3c b\u1ecdc \u0111\u1ec7m cho c\u1ea3m gi\u00e1c ng\u1ed3i tho\u1ea3i m\u00e1i, \u00eam \u00e1i. V\u1edbi kh\u1ea3 n\u0103ng s\u1eed d\u1ee5ng linh ho\u1ea1t t\u1eeb trong nh\u00e0 \u0111\u1ebfn ngo\u00e0i tr\u1eddi, gh\u1ebf kh\u00f4ng ch\u1ec9 l\u00e0 s\u1ef1 k\u1ebft h\u1ee3p ho\u00e0n h\u1ea3o gi\u1eefa ch\u1ea5t l\u01b0\u1ee3ng v\u00e0 ki\u1ec3u d\u00e1ng m\u00e0 c\u00f2n l\u00e0 \u0111i\u1ec3m nh\u1ea5n tuy\u1ec7t v\u1eddi cho nh\u1eefng kh\u00f4ng gian sang tr\u1ecdng. T\u00ednh linh ho\u1ea1t v\u00e0 \u0111\u1ed9 b\u1ec1n khi\u1ebfn Gh\u1ebf Narnia 3062A tr\u1edf th\u00e0nh s\u1ef1 l\u1ef1a ch\u1ecdn ho\u00e0n h\u1ea3o cho nh\u1eefng ai coi tr\u1ecdng gi\u00e1 tr\u1ecb v\u00e0 phong c\u00e1ch trong m\u1ecdi m\u00f4i tr\u01b0\u1eddng.<\/p>\n","protected":false},"featured_media":23063,"comment_status":"open","ping_status":"closed","template":"","meta":[],"product_cat":[2096],"product_tag":[1640,1212,1531,1530],"class_list":{"0":"post-23294","1":"product","2":"type-product","3":"status-publish","4":"has-post-thumbnail","6":"product_brand-narnia-vi","7":"product_cat-narnia-vi","8":"product_tag-ghe-an","9":"product_tag-ghe-ca-phe","10":"product_tag-ghe-phong-khach-vi","11":"product_tag-ghe-van-phong-vi","14":"first","15":"instock","16":"shipping-taxable","17":"product-type-simple"},"_links":{"self":[{"href":"https:\/\/harmoor.com\/vi\/wp-json\/wp\/v2\/product\/23294","targetHints":{"allow":["GET"]}}],"collection":[{"href":"https:\/\/harmoor.com\/vi\/wp-json\/wp\/v2\/product"}],"about":[{"href":"https:\/\/harmoor.com\/vi\/wp-json\/wp\/v2\/types\/product"}],"replies":[{"embeddable":true,"href":"https:\/\/harmoor.com\/vi\/wp-json\/wp\/v2\/comments?post=23294"}],"version-history":[{"count":0,"href":"https:\/\/harmoor.com\/vi\/wp-json\/wp\/v2\/product\/23294\/revisions"}],"wp:featuredmedia":[{"embeddable":true,"href":"https:\/\/harmoor.com\/vi\/wp-json\/wp\/v2\/media\/23063"}],"wp:attachment":[{"href":"https:\/\/harmoor.com\/vi\/wp-json\/wp\/v2\/media?parent=23294"}],"wp:term":[{"taxonomy":"product_cat","embeddable":true,"href":"https:\/\/harmoor.com\/vi\/wp-json\/wp\/v2\/product_cat?post=23294"},{"taxonomy":"product_tag","embeddable":true,"href":"https:\/\/harmoor.com\/vi\/wp-json\/wp\/v2\/product_tag?post=23294"}],"curies":[{"name":"wp","href":"https:\/\/api.w.org\/{rel}","templated":true}]}}