{"id":23274,"date":"2024-02-23T11:19:58","date_gmt":"2024-02-23T03:19:58","guid":{"rendered":"https:\/\/harmoor.com\/product\/zigo-3059a\/"},"modified":"2024-03-30T14:42:36","modified_gmt":"2024-03-30T06:42:36","slug":"zigo-3059a","status":"publish","type":"product","link":"https:\/\/harmoor.com\/vi\/product\/zigo-3059a\/","title":{"rendered":"Zigo 3059a"},"content":{"rendered":"<div class=\"row\">\n<div class=\"col-xl-5 col-lg-5 col-md-6 col-sm-12 col-12\"><img fetchpriority=\"high\" decoding=\"async\" class=\"alignnone size-full wp-image-12104\" src=\"https:\/\/harmoor.com\/wp-content\/uploads\/2024\/02\/table-zigo-3059a-2.webp\" alt=\"b\u00e0n zigo 3059a\" width=\"458\" height=\"315\"><\/div>\n<div class=\"col-xl-7 col-lg-7 col-md-6 col-sm-12 col-12\">\n<h2><span style=\"vertical-align: inherit;\"><span style=\"vertical-align: inherit;\">TH\u01af\u01a0NG HI\u1ec6U<\/span><\/span><\/h2>\n<p>V\u1edbi l\u1ecbch s\u1eed c\u00f4ng ty phong ph\u00fa k\u00e9o d\u00e0i t\u1eeb n\u0103m 1998, Harmoor kh\u1edfi nghi\u1ec7p l\u00e0 m\u1ed9t nh\u00e0 m\u00e1y s\u1ea3n xu\u1ea5t \u0111\u1ed3 n\u1ed9i th\u1ea5t nh\u1ecf. Ch\u00fang t\u00f4i \u0111\u00e3 m\u1edf nh\u00e0 m\u00e1y t\u1ea1i Vi\u1ec7t Nam v\u00e0o n\u0103m 2018 v\u00e0 tr\u1edf th\u00e0nh m\u1ed9t trong nh\u1eefng nh\u00e0 m\u00e1y s\u1ea3n xu\u1ea5t \u0111\u1ed3 n\u1ed9i th\u1ea5t nh\u1ef1a l\u1edbn nh\u1ea5t t\u1ea1i Vi\u1ec7t Nam. Hi\u1ec7n nay, Harmoor l\u00e0 nh\u00e0 s\u1ea3n xu\u1ea5t v\u00e0 cung c\u1ea5p c\u00e1c s\u1ea3n ph\u1ea9m b\u00e0n gh\u1ebf v\u1edbi nhi\u1ec1u m\u1eabu m\u00e3 h\u00e0ng \u0111\u1ea7u t\u1ea1i Vi\u1ec7t Nam v\u00e0 th\u1ebf gi\u1edbi.<\/p>\n<p><img decoding=\"async\" class=\"mt-4\" src=\"https:\/\/harmoor.com\/wp-content\/uploads\/2023\/07\/single-product.webp\" alt=\"san-pham-don\" width=\"190\" height=\"30\"><\/div>\n<\/div>\n<div class=\"row\">\n<div class=\"col-xl-4 col-lg-4 col-md-4 col-sm-12 col-12 mb-4\">\n<h2><span style=\"vertical-align: inherit;\"><span style=\"vertical-align: inherit;\"><span style=\"vertical-align: inherit;\"><span style=\"vertical-align: inherit;\"><span style=\"vertical-align: inherit;\"><span style=\"vertical-align: inherit;\">TH\u00d4NG TIN S\u1ea2N PH\u1ea8M<\/span><\/span><\/span><\/span><\/span><\/span><\/h2>\n<ul>\n<li>T\u00ean s\u1ea3n ph\u1ea9m: B\u00e0n Zigo 3059A<\/li>\n<li>Ch\u1ea5t li\u1ec7u: Nh\u1ef1a + S\u1eaft<\/li>\n<li>Phong c\u00e1ch thi\u1ebft k\u1ebf: \u00dd<\/li>\n<li>Xu\u1ea5t x\u1ee9: Vi\u1ec7t Nam<\/li>\n<\/ul>\n<\/div>\n<div class=\"col-xl-4 col-lg-4 col-md-4 col-sm-12 col-12 mb-4\">\n<h2><span style=\"vertical-align: inherit;\"><span style=\"vertical-align: inherit;\"><span style=\"vertical-align: inherit;\"><span style=\"vertical-align: inherit;\"><span style=\"vertical-align: inherit;\"><span style=\"vertical-align: inherit;\">K\u00cdCH TH\u01af\u1edaC<\/span><\/span><\/span><\/span><\/span><\/span><\/h2>\n<ul>\n<li>B\u00e1n k\u00ednh m\u1eb7t nh\u1ecf: 30cm<\/li>\n<li>B\u00e1n k\u00ednh m\u1eb7t l\u1edbn: 60cm<\/li>\n<\/ul>\n<\/div>\n<div class=\"col-xl-4 col-lg-4 col-md-4 col-sm-12 col-12 mb-4\">\n<h2><span style=\"vertical-align: inherit;\"><span style=\"vertical-align: inherit;\"><span style=\"vertical-align: inherit;\"><span style=\"vertical-align: inherit;\"><span style=\"vertical-align: inherit;\"><span style=\"vertical-align: inherit;\">KH\u00d4NG GIAN S\u1eec D\u1ee4NG<\/span><\/span><\/span><\/span><\/span><\/span><\/h2>\n<ul>\n<li>V\u0103n ph\u00f2ng<\/li>\n<li>Ph\u00f2ng kh\u00e1ch<\/li>\n<li>Nh\u00e0 h\u00e0ng&#8230;.<\/li>\n<\/ul>\n<\/div>\n<\/div>\n","protected":false},"excerpt":{"rendered":"<p>B\u00e0n Zigo 3059A kh\u00f4ng ch\u1ec9 l\u00e0 m\u1ed9t m\u00f3n \u0111\u1ed3 n\u1ed9i th\u1ea5t trang nh\u00e3 m\u00e0 c\u00f2n l\u00e0 v\u1eadt trung t\u00e2m ho\u00e0n h\u1ea3o \u0111\u1ec3 l\u00e0m phong ph\u00fa th\u00eam kh\u00f4ng gian c\u1ee7a ph\u00f2ng kh\u00e1ch, v\u0103n ph\u00f2ng, nh\u00e0 h\u00e0ng v\u00e0 th\u1eadm ch\u00ed c\u1ea3 c\u00e1c s\u1ef1 ki\u1ec7n \u0111\u1eb7c bi\u1ec7t. V\u1edbi s\u1ef1 ch\u00fa \u00fd t\u1ec9 m\u1ec9 \u0111\u1ebfn t\u1eebng chi ti\u1ebft, chi\u1ebfc b\u00e0n n\u00e0y kh\u00f4ng ch\u1ec9 th\u1ec3 hi\u1ec7n t\u00ednh th\u1ef1c ti\u1ec5n m\u00e0 c\u00f2n \u0111\u00f3ng vai tr\u00f2 nh\u01b0 m\u1ed9t n\u1ec1n t\u1ea3ng tuy\u1ec7t v\u1eddi \u0111\u1ec3 tr\u01b0ng b\u00e0y c\u00e1c v\u1eadt d\u1ee5ng trang tr\u00ed nh\u01b0 b\u00ecnh hoa v\u00e0 \u0111\u1ed3 trang tr\u00ed. \u0110\u1eb7c bi\u1ec7t v\u1edbi di\u1ec7n t\u00edch b\u1ec1 m\u1eb7t r\u1ed9ng, n\u00f3 tr\u1edf th\u00e0nh s\u00e2n kh\u1ea5u l\u00fd t\u01b0\u1edfng \u0111\u1ec3 b\u00e0y b\u00e1nh v\u00e0 c\u00e1c ph\u1ee5 ki\u1ec7n trang tr\u00ed trong nh\u1eefng d\u1ecbp \u0111\u1eb7c bi\u1ec7t. S\u1ef1 k\u1ebft h\u1ee3p h\u00e0i h\u00f2a gi\u1eefa th\u1ea9m m\u1ef9 v\u00e0 c\u00f4ng n\u0103ng khi\u1ebfn b\u00e0n Zigo 3059A tr\u1edf th\u00e0nh s\u1ef1 l\u1ef1a ch\u1ecdn v\u01b0\u1ee3t tr\u1ed9i \u0111\u1ec3 l\u00e0m m\u1edbi v\u00e0 n\u00e2ng t\u1ea7m kh\u00f4ng gian trang tr\u00ed trong nhi\u1ec1u kh\u00f4ng gian kh\u00e1c nhau.<\/p>\n","protected":false},"featured_media":23009,"comment_status":"open","ping_status":"closed","template":"","meta":[],"product_cat":[2084],"product_tag":[1670,2045,2086,2085],"class_list":{"0":"post-23274","1":"product","2":"type-product","3":"status-publish","4":"has-post-thumbnail","6":"product_brand-zigo-vi","7":"product_cat-zigo-vi","8":"product_tag-ban","9":"product_tag-ban-nha-hang","10":"product_tag-ban-phong-khach","11":"product_tag-ban-van-phong","14":"first","15":"instock","16":"shipping-taxable","17":"product-type-simple"},"_links":{"self":[{"href":"https:\/\/harmoor.com\/vi\/wp-json\/wp\/v2\/product\/23274","targetHints":{"allow":["GET"]}}],"collection":[{"href":"https:\/\/harmoor.com\/vi\/wp-json\/wp\/v2\/product"}],"about":[{"href":"https:\/\/harmoor.com\/vi\/wp-json\/wp\/v2\/types\/product"}],"replies":[{"embeddable":true,"href":"https:\/\/harmoor.com\/vi\/wp-json\/wp\/v2\/comments?post=23274"}],"version-history":[{"count":1,"href":"https:\/\/harmoor.com\/vi\/wp-json\/wp\/v2\/product\/23274\/revisions"}],"predecessor-version":[{"id":23512,"href":"https:\/\/harmoor.com\/vi\/wp-json\/wp\/v2\/product\/23274\/revisions\/23512"}],"wp:featuredmedia":[{"embeddable":true,"href":"https:\/\/harmoor.com\/vi\/wp-json\/wp\/v2\/media\/23009"}],"wp:attachment":[{"href":"https:\/\/harmoor.com\/vi\/wp-json\/wp\/v2\/media?parent=23274"}],"wp:term":[{"taxonomy":"product_cat","embeddable":true,"href":"https:\/\/harmoor.com\/vi\/wp-json\/wp\/v2\/product_cat?post=23274"},{"taxonomy":"product_tag","embeddable":true,"href":"https:\/\/harmoor.com\/vi\/wp-json\/wp\/v2\/product_tag?post=23274"}],"curies":[{"name":"wp","href":"https:\/\/api.w.org\/{rel}","templated":true}]}}