{"id":23267,"date":"2024-02-23T11:08:24","date_gmt":"2024-02-23T03:08:24","guid":{"rendered":"https:\/\/harmoor.com\/product\/zigo-3059\/"},"modified":"2024-03-30T12:52:52","modified_gmt":"2024-03-30T04:52:52","slug":"zigo-3059","status":"publish","type":"product","link":"https:\/\/harmoor.com\/vi\/product\/zigo-3059\/","title":{"rendered":"Zigo 3059"},"content":{"rendered":"<div class=\"row\">\n<div class=\"col-xl-5 col-lg-5 col-md-6 col-sm-12 col-12\"><img fetchpriority=\"high\" decoding=\"async\" class=\"alignnone size-full wp-image-12104\" src=\"https:\/\/harmoor.com\/wp-content\/uploads\/2024\/02\/table-zigo-30593-1.webp\" alt=\"b\u00e0n zigo 3059\" width=\"458\" height=\"315\"><\/div>\n<div class=\"col-xl-7 col-lg-7 col-md-6 col-sm-12 col-12\">\n<h2><span style=\"vertical-align: inherit;\"><span style=\"vertical-align: inherit;\">TH\u01af\u01a0NG HI\u1ec6U<\/span><\/span><\/h2>\n<p>V\u1edbi l\u1ecbch s\u1eed c\u00f4ng ty phong ph\u00fa k\u00e9o d\u00e0i t\u1eeb n\u0103m 1998, Harmoor kh\u1edfi nghi\u1ec7p l\u00e0 m\u1ed9t nh\u00e0 m\u00e1y s\u1ea3n xu\u1ea5t \u0111\u1ed3 n\u1ed9i th\u1ea5t nh\u1ecf. Ch\u00fang t\u00f4i \u0111\u00e3 m\u1edf nh\u00e0 m\u00e1y t\u1ea1i Vi\u1ec7t Nam v\u00e0o n\u0103m 2018 v\u00e0 tr\u1edf th\u00e0nh m\u1ed9t trong nh\u1eefng nh\u00e0 m\u00e1y s\u1ea3n xu\u1ea5t \u0111\u1ed3 n\u1ed9i th\u1ea5t nh\u1ef1a l\u1edbn nh\u1ea5t t\u1ea1i Vi\u1ec7t Nam. Hi\u1ec7n nay, Harmoor l\u00e0 nh\u00e0 s\u1ea3n xu\u1ea5t v\u00e0 cung c\u1ea5p c\u00e1c s\u1ea3n ph\u1ea9m b\u00e0n gh\u1ebf v\u1edbi nhi\u1ec1u m\u1eabu m\u00e3 h\u00e0ng \u0111\u1ea7u t\u1ea1i Vi\u1ec7t Nam v\u00e0 th\u1ebf gi\u1edbi.<\/p>\n<p><img decoding=\"async\" class=\"mt-4\" src=\"https:\/\/harmoor.com\/wp-content\/uploads\/2023\/07\/single-product.webp\" alt=\"san-pham-don\" width=\"190\" height=\"30\"><\/div>\n<\/div>\n<div class=\"row\">\n<div class=\"col-xl-4 col-lg-4 col-md-4 col-sm-12 col-12 mb-4\">\n<h2><span style=\"vertical-align: inherit;\"><span style=\"vertical-align: inherit;\"><span style=\"vertical-align: inherit;\"><span style=\"vertical-align: inherit;\"><span style=\"vertical-align: inherit;\"><span style=\"vertical-align: inherit;\">TH\u00d4NG TIN S\u1ea2N PH\u1ea8M<\/span><\/span><\/span><\/span><\/span><\/span><\/h2>\n<ul>\n<li>T\u00ean s\u1ea3n ph\u1ea9m: B\u00e0n Zigo 3059<\/li>\n<li>Ch\u1ea5t li\u1ec7u: Nh\u1ef1a + S\u1eaft<\/li>\n<li>Phong c\u00e1ch thi\u1ebft k\u1ebf: \u00dd<\/li>\n<li>Xu\u1ea5t x\u1ee9: Vi\u1ec7t Nam<\/li>\n<\/ul>\n<\/div>\n<div class=\"col-xl-4 col-lg-4 col-md-4 col-sm-12 col-12 mb-4\">\n<h2><span style=\"vertical-align: inherit;\"><span style=\"vertical-align: inherit;\"><span style=\"vertical-align: inherit;\"><span style=\"vertical-align: inherit;\"><span style=\"vertical-align: inherit;\"><span style=\"vertical-align: inherit;\">K\u00cdCH TH\u01af\u1edaC<\/span><\/span><\/span><\/span><\/span><\/span><\/h2>\n<ul>\n<li>B\u00e1n k\u00ednh m\u1eb7t nh\u1ecf: 30cm<\/li>\n<li>B\u00e1n k\u00ednh m\u1eb7t l\u1edbn: 60cm<\/li>\n<\/ul>\n<\/div>\n<div class=\"col-xl-4 col-lg-4 col-md-4 col-sm-12 col-12 mb-4\">\n<h2><span style=\"vertical-align: inherit;\"><span style=\"vertical-align: inherit;\"><span style=\"vertical-align: inherit;\"><span style=\"vertical-align: inherit;\"><span style=\"vertical-align: inherit;\"><span style=\"vertical-align: inherit;\">KH\u00d4NG GIAN S\u1eec D\u1ee4NG<\/span><\/span><\/span><\/span><\/span><\/span><\/h2>\n<ul>\n<li>V\u0103n ph\u00f2ng<\/li>\n<li>Ph\u00f2ng kh\u00e1ch<\/li>\n<li>Nh\u00e0 h\u00e0ng&#8230;.<\/li>\n<\/ul>\n<\/div>\n<\/div>\n","protected":false},"excerpt":{"rendered":"<p>B\u00e0n Zigo 3059 l\u00e0 m\u1ed9t s\u1ea3n ph\u1ea9m b\u1ed5 sung tinh x\u1ea3o \u0111\u01b0\u1ee3c thi\u1ebft k\u1ebf \u0111\u1ec3 n\u00e2ng cao t\u00ednh th\u1ea9m m\u1ef9 c\u1ee7a ph\u00f2ng kh\u00e1ch, v\u0103n ph\u00f2ng, \u0111\u1ecba \u0111i\u1ec3m t\u1ed5 ch\u1ee9c s\u1ef1 ki\u1ec7n v\u00e0 nh\u00e0 h\u00e0ng. V\u1edbi s\u1ef1 kh\u00e9o l\u00e9o t\u1ec9 m\u1ec9, chi\u1ebfc b\u00e0n n\u00e0y v\u01b0\u1ee3t qua vai tr\u00f2 ch\u1ee9c n\u0103ng c\u1ee7a n\u00f3 \u0111\u1ec3 tr\u1edf th\u00e0nh m\u1ed9t m\u00f3n \u0111\u1ed3 n\u1ed5i b\u1eadt trong b\u1ea5t k\u1ef3 kh\u00f4ng gian n\u00e0o. \u0110\u01b0\u1ee3c t\u1ea1o ra v\u1edbi m\u1ee5c \u0111\u00edch linh ho\u1ea1t, n\u00f3 kh\u00f4ng ch\u1ec9 ph\u1ee5c v\u1ee5 nh\u01b0 m\u1ed9t b\u1ec1 m\u1eb7t th\u1ef1c t\u1ebf m\u00e0 c\u00f2n l\u00e0 n\u01a1i tr\u01b0ng b\u00e0y c\u00e1c v\u1eadt d\u1ee5ng trang tr\u00ed nh\u01b0 b\u00ecnh hoa v\u00e0 \u0111\u1ed3 trang tr\u00ed. Thi\u1ebft k\u1ebf r\u1ed9ng r\u00e3i c\u1ee7a n\u00f3 l\u00e0m cho n\u00f3 tr\u1edf th\u00e0nh m\u1ed9t n\u1ec1n t\u1ea3ng l\u00fd t\u01b0\u1edfng \u0111\u1ec3 tr\u01b0ng b\u00e0y b\u00e1nh ng\u1ecdt v\u00e0 \u0111\u1ed3 trang tr\u00ed trong c\u00e1c s\u1ef1 ki\u1ec7n \u0111\u1eb7c bi\u1ec7t. B\u00e0n Zigo 3059 k\u1ebft h\u1ee3p ho\u00e0n h\u1ea3o gi\u1eefa phong c\u00e1ch v\u00e0 ch\u1ee9c n\u0103ng, mang \u0111\u1ebfn gi\u1ea3i ph\u00e1p \u0111\u1ed9c \u0111\u00e1o v\u00e0 trang nh\u00e3 \u0111\u1ec3 n\u00e2ng cao kh\u1ea3 n\u0103ng trang tr\u00ed c\u1ee7a c\u00e1c kh\u00f4ng gian \u0111a d\u1ea1ng.<\/p>\n","protected":false},"featured_media":22976,"comment_status":"open","ping_status":"closed","template":"","meta":[],"product_cat":[2084],"product_tag":[1670,2045,2086,2085],"class_list":{"0":"post-23267","1":"product","2":"type-product","3":"status-publish","4":"has-post-thumbnail","6":"product_brand-zigo-vi","7":"product_cat-zigo-vi","8":"product_tag-ban","9":"product_tag-ban-nha-hang","10":"product_tag-ban-phong-khach","11":"product_tag-ban-van-phong","14":"first","15":"instock","16":"shipping-taxable","17":"product-type-simple"},"_links":{"self":[{"href":"https:\/\/harmoor.com\/vi\/wp-json\/wp\/v2\/product\/23267","targetHints":{"allow":["GET"]}}],"collection":[{"href":"https:\/\/harmoor.com\/vi\/wp-json\/wp\/v2\/product"}],"about":[{"href":"https:\/\/harmoor.com\/vi\/wp-json\/wp\/v2\/types\/product"}],"replies":[{"embeddable":true,"href":"https:\/\/harmoor.com\/vi\/wp-json\/wp\/v2\/comments?post=23267"}],"version-history":[{"count":1,"href":"https:\/\/harmoor.com\/vi\/wp-json\/wp\/v2\/product\/23267\/revisions"}],"predecessor-version":[{"id":23507,"href":"https:\/\/harmoor.com\/vi\/wp-json\/wp\/v2\/product\/23267\/revisions\/23507"}],"wp:featuredmedia":[{"embeddable":true,"href":"https:\/\/harmoor.com\/vi\/wp-json\/wp\/v2\/media\/22976"}],"wp:attachment":[{"href":"https:\/\/harmoor.com\/vi\/wp-json\/wp\/v2\/media?parent=23267"}],"wp:term":[{"taxonomy":"product_cat","embeddable":true,"href":"https:\/\/harmoor.com\/vi\/wp-json\/wp\/v2\/product_cat?post=23267"},{"taxonomy":"product_tag","embeddable":true,"href":"https:\/\/harmoor.com\/vi\/wp-json\/wp\/v2\/product_tag?post=23267"}],"curies":[{"name":"wp","href":"https:\/\/api.w.org\/{rel}","templated":true}]}}