{"id":23254,"date":"2024-02-23T10:55:07","date_gmt":"2024-02-23T02:55:07","guid":{"rendered":"https:\/\/harmoor.com\/product\/zigo-3058a\/"},"modified":"2024-03-30T12:24:24","modified_gmt":"2024-03-30T04:24:24","slug":"zigo-3058a","status":"publish","type":"product","link":"https:\/\/harmoor.com\/vi\/product\/zigo-3058a\/","title":{"rendered":"Zigo 3058a"},"content":{"rendered":"<div class=\"row\">\n<div class=\"col-xl-5 col-lg-5 col-md-6 col-sm-12 col-12\"><img fetchpriority=\"high\" decoding=\"async\" class=\"alignnone size-full wp-image-12104\" src=\"https:\/\/harmoor.com\/wp-content\/uploads\/2024\/02\/table-zigo-3058a-2.webp\" alt=\"b\u00e0n zigo 3058a\" width=\"458\" height=\"315\"><\/div>\n<div class=\"col-xl-7 col-lg-7 col-md-6 col-sm-12 col-12\">\n<h2><span style=\"vertical-align: inherit;\"><span style=\"vertical-align: inherit;\">TH\u01af\u01a0NG HI\u1ec6U<\/span><\/span><\/h2>\n<p>V\u1edbi l\u1ecbch s\u1eed c\u00f4ng ty phong ph\u00fa k\u00e9o d\u00e0i t\u1eeb n\u0103m 1998, Harmoor kh\u1edfi nghi\u1ec7p l\u00e0 m\u1ed9t nh\u00e0 m\u00e1y s\u1ea3n xu\u1ea5t \u0111\u1ed3 n\u1ed9i th\u1ea5t nh\u1ecf. Ch\u00fang t\u00f4i \u0111\u00e3 m\u1edf nh\u00e0 m\u00e1y t\u1ea1i Vi\u1ec7t Nam v\u00e0o n\u0103m 2018 v\u00e0 tr\u1edf th\u00e0nh m\u1ed9t trong nh\u1eefng nh\u00e0 m\u00e1y s\u1ea3n xu\u1ea5t \u0111\u1ed3 n\u1ed9i th\u1ea5t nh\u1ef1a l\u1edbn nh\u1ea5t t\u1ea1i Vi\u1ec7t Nam. Hi\u1ec7n nay, Harmoor l\u00e0 nh\u00e0 s\u1ea3n xu\u1ea5t v\u00e0 cung c\u1ea5p c\u00e1c s\u1ea3n ph\u1ea9m b\u00e0n gh\u1ebf v\u1edbi nhi\u1ec1u m\u1eabu m\u00e3 h\u00e0ng \u0111\u1ea7u t\u1ea1i Vi\u1ec7t Nam v\u00e0 th\u1ebf gi\u1edbi.<\/p>\n<p><img decoding=\"async\" class=\"mt-4\" src=\"https:\/\/harmoor.com\/wp-content\/uploads\/2023\/07\/single-product.webp\" alt=\"san-pham-don\" width=\"190\" height=\"30\"><\/div>\n<\/div>\n<div class=\"row\">\n<div class=\"col-xl-4 col-lg-4 col-md-4 col-sm-12 col-12 mb-4\">\n<h2><span style=\"vertical-align: inherit;\"><span style=\"vertical-align: inherit;\"><span style=\"vertical-align: inherit;\"><span style=\"vertical-align: inherit;\"><span style=\"vertical-align: inherit;\"><span style=\"vertical-align: inherit;\">TH\u00d4NG TIN S\u1ea2N PH\u1ea8M<\/span><\/span><\/span><\/span><\/span><\/span><\/h2>\n<ul>\n<li>T\u00ean s\u1ea3n ph\u1ea9m: B\u00e0n Zigo 3058A<\/li>\n<li>Ch\u1ea5t li\u1ec7u: Nh\u1ef1a + S\u1eaft<\/li>\n<li>Phong c\u00e1ch thi\u1ebft k\u1ebf: \u00dd<\/li>\n<li>Xu\u1ea5t x\u1ee9: Vi\u1ec7t Nam<\/li>\n<\/ul>\n<\/div>\n<div class=\"col-xl-4 col-lg-4 col-md-4 col-sm-12 col-12 mb-4\">\n<h2><span style=\"vertical-align: inherit;\"><span style=\"vertical-align: inherit;\"><span style=\"vertical-align: inherit;\"><span style=\"vertical-align: inherit;\"><span style=\"vertical-align: inherit;\"><span style=\"vertical-align: inherit;\">K\u00cdCH TH\u01af\u1edaC<\/span><\/span><\/span><\/span><\/span><\/span><\/h2>\n<ul>\n<li>B\u00e1n k\u00ednh m\u1eb7t nh\u1ecf: 30cm<\/li>\n<li>B\u00e1n k\u00ednh m\u1eb7t l\u1edbn: 40cm<\/li>\n<\/ul>\n<\/div>\n<div class=\"col-xl-4 col-lg-4 col-md-4 col-sm-12 col-12 mb-4\">\n<h2><span style=\"vertical-align: inherit;\"><span style=\"vertical-align: inherit;\"><span style=\"vertical-align: inherit;\"><span style=\"vertical-align: inherit;\"><span style=\"vertical-align: inherit;\"><span style=\"vertical-align: inherit;\">KH\u00d4NG GIAN S\u1eec D\u1ee4NG<\/span><\/span><\/span><\/span><\/span><\/span><\/h2>\n<ul>\n<li>V\u0103n ph\u00f2ng<\/li>\n<li>Ph\u00f2ng kh\u00e1ch<\/li>\n<li>Qu\u00e1n c\u00e0 ph\u00ea&#8230;.<\/li>\n<\/ul>\n<\/div>\n<\/div>\n","protected":false},"excerpt":{"rendered":"<p>B\u00e0n Zigo 3058A l\u00e0 m\u1ed9t ki\u1ec7t t\u00e1c c\u1ee7a s\u1ef1 tinh t\u1ebf v\u00e0 ti\u1ec7n \u00edch, \u0111\u01b0\u1ee3c ch\u1ebf t\u00e1c t\u1ec9 m\u1ec9 \u0111\u1ec3 l\u00e0m \u0111i\u1ec3m nh\u1ea5n trang tr\u00ed trong ph\u00f2ng kh\u00e1ch, v\u0103n ph\u00f2ng hay qu\u00e1n c\u00e0 ph\u00ea. V\u1edbi ch\u1ea5t li\u1ec7u cao c\u1ea5p v\u00e0 \u0111\u01b0\u1eddng n\u00e9t tinh t\u1ebf, chi\u1ebfc b\u00e0n mang \u0111\u1ebfn v\u1ebb sang tr\u1ecdng, hi\u1ec7n \u0111\u1ea1i cho m\u1ecdi kh\u00f4ng gian. B\u1ec1 m\u1eb7t ch\u1ed1ng tr\u1ea7y x\u01b0\u1edbc c\u1ee7a n\u00f3 \u0111\u1ea3m b\u1ea3o v\u1ebb \u0111\u1eb9p v\u00e0 \u0111\u1ed9 b\u1ec1n l\u00e2u d\u00e0i. Thi\u1ebft k\u1ebf \u0111a n\u0103ng c\u00f9ng m\u00e0u s\u1eafc trung t\u00ednh gi\u00fap b\u1ea1n d\u1ec5 d\u00e0ng ph\u1ed1i v\u1edbi nhi\u1ec1u phong c\u00e1ch kh\u00e1c nhau. B\u00e0n Zigo 3058A kh\u00f4ng ch\u1ec9 l\u00e0 m\u1ed9t m\u00f3n \u0111\u1ed3 n\u1ed9i th\u1ea5t m\u00e0 c\u00f2n l\u00e0 bi\u1ec3u t\u01b0\u1ee3ng c\u1ee7a s\u1ef1 sang tr\u1ecdng v\u00e0 \u0111\u1ed5i m\u1edbi, th\u1ec3 hi\u1ec7n s\u1ef1 k\u1ebft h\u1ee3p ho\u00e0n h\u1ea3o gi\u1eefa h\u00ecnh th\u1ee9c v\u00e0 ch\u1ee9c n\u0103ng cho n\u1ed9i th\u1ea5t hi\u1ec7n \u0111\u1ea1i.<\/p>\n","protected":false},"featured_media":22946,"comment_status":"open","ping_status":"closed","template":"","meta":[],"product_cat":[2084],"product_tag":[1670,1671,2086,2085],"class_list":{"0":"post-23254","1":"product","2":"type-product","3":"status-publish","4":"has-post-thumbnail","6":"product_brand-zigo-vi","7":"product_cat-zigo-vi","8":"product_tag-ban","9":"product_tag-ban-cafe","10":"product_tag-ban-phong-khach","11":"product_tag-ban-van-phong","14":"first","15":"instock","16":"shipping-taxable","17":"product-type-simple"},"_links":{"self":[{"href":"https:\/\/harmoor.com\/vi\/wp-json\/wp\/v2\/product\/23254","targetHints":{"allow":["GET"]}}],"collection":[{"href":"https:\/\/harmoor.com\/vi\/wp-json\/wp\/v2\/product"}],"about":[{"href":"https:\/\/harmoor.com\/vi\/wp-json\/wp\/v2\/types\/product"}],"replies":[{"embeddable":true,"href":"https:\/\/harmoor.com\/vi\/wp-json\/wp\/v2\/comments?post=23254"}],"version-history":[{"count":1,"href":"https:\/\/harmoor.com\/vi\/wp-json\/wp\/v2\/product\/23254\/revisions"}],"predecessor-version":[{"id":23497,"href":"https:\/\/harmoor.com\/vi\/wp-json\/wp\/v2\/product\/23254\/revisions\/23497"}],"wp:featuredmedia":[{"embeddable":true,"href":"https:\/\/harmoor.com\/vi\/wp-json\/wp\/v2\/media\/22946"}],"wp:attachment":[{"href":"https:\/\/harmoor.com\/vi\/wp-json\/wp\/v2\/media?parent=23254"}],"wp:term":[{"taxonomy":"product_cat","embeddable":true,"href":"https:\/\/harmoor.com\/vi\/wp-json\/wp\/v2\/product_cat?post=23254"},{"taxonomy":"product_tag","embeddable":true,"href":"https:\/\/harmoor.com\/vi\/wp-json\/wp\/v2\/product_tag?post=23254"}],"curies":[{"name":"wp","href":"https:\/\/api.w.org\/{rel}","templated":true}]}}