{"id":23241,"date":"2024-02-22T16:41:16","date_gmt":"2024-02-22T08:41:16","guid":{"rendered":"https:\/\/harmoor.com\/product\/ban-3024\/"},"modified":"2024-03-30T10:51:56","modified_gmt":"2024-03-30T02:51:56","slug":"ban-3024","status":"publish","type":"product","link":"https:\/\/harmoor.com\/vi\/product\/ban-3024\/","title":{"rendered":"B\u00e0n 3024"},"content":{"rendered":"<div class=\"row\">\n<div class=\"col-xl-5 col-lg-5 col-md-6 col-sm-12 col-12\"><img fetchpriority=\"high\" decoding=\"async\" class=\"alignnone size-full wp-image-12104\" src=\"https:\/\/harmoor.com\/wp-content\/uploads\/2024\/02\/table-3024-6.webp\" alt=\"gh\u1ebf amelie 11\" width=\"458\" height=\"315\"><\/div>\n<div class=\"col-xl-7 col-lg-7 col-md-6 col-sm-12 col-12\">\n<h2><span style=\"vertical-align: inherit;\"><span style=\"vertical-align: inherit;\">TH\u01af\u01a0NG HI\u1ec6U<\/span><\/span><\/h2>\n<p>V\u1edbi l\u1ecbch s\u1eed c\u00f4ng ty phong ph\u00fa k\u00e9o d\u00e0i t\u1eeb n\u0103m 1998, Harmoor kh\u1edfi nghi\u1ec7p l\u00e0 m\u1ed9t nh\u00e0 m\u00e1y s\u1ea3n xu\u1ea5t \u0111\u1ed3 n\u1ed9i th\u1ea5t nh\u1ecf. Ch\u00fang t\u00f4i \u0111\u00e3 m\u1edf nh\u00e0 m\u00e1y t\u1ea1i Vi\u1ec7t Nam v\u00e0o n\u0103m 2018 v\u00e0 tr\u1edf th\u00e0nh m\u1ed9t trong nh\u1eefng nh\u00e0 m\u00e1y s\u1ea3n xu\u1ea5t \u0111\u1ed3 n\u1ed9i th\u1ea5t nh\u1ef1a l\u1edbn nh\u1ea5t t\u1ea1i Vi\u1ec7t Nam. Hi\u1ec7n nay, Harmoor l\u00e0 nh\u00e0 s\u1ea3n xu\u1ea5t v\u00e0 cung c\u1ea5p c\u00e1c s\u1ea3n ph\u1ea9m b\u00e0n gh\u1ebf v\u1edbi nhi\u1ec1u m\u1eabu m\u00e3 h\u00e0ng \u0111\u1ea7u t\u1ea1i Vi\u1ec7t Nam v\u00e0 th\u1ebf gi\u1edbi.<\/p>\n<p><img decoding=\"async\" class=\"mt-4\" src=\"https:\/\/harmoor.com\/wp-content\/uploads\/2023\/07\/single-product.webp\" alt=\"san-pham-don\" width=\"190\" height=\"30\"><\/div>\n<\/div>\n<div class=\"row\">\n<div class=\"col-xl-4 col-lg-4 col-md-4 col-sm-12 col-12 mb-4\">\n<h2><span style=\"vertical-align: inherit;\"><span style=\"vertical-align: inherit;\"><span style=\"vertical-align: inherit;\"><span style=\"vertical-align: inherit;\"><span style=\"vertical-align: inherit;\"><span style=\"vertical-align: inherit;\">TH\u00d4NG TIN S\u1ea2N PH\u1ea8M<\/span><\/span><\/span><\/span><\/span><\/span><\/h2>\n<ul>\n<li>T\u00ean s\u1ea3n ph\u1ea9m: B\u00e0n 3024<\/li>\n<li>Ch\u1ea5t li\u1ec7u: Nh\u1ef1a<\/li>\n<li>Phong c\u00e1ch thi\u1ebft k\u1ebf: \u00dd<\/li>\n<li>Xu\u1ea5t x\u1ee9: Vi\u1ec7t Nam<\/li>\n<\/ul>\n<\/div>\n<div class=\"col-xl-4 col-lg-4 col-md-4 col-sm-12 col-12 mb-4\">\n<h2><span style=\"vertical-align: inherit;\"><span style=\"vertical-align: inherit;\"><span style=\"vertical-align: inherit;\"><span style=\"vertical-align: inherit;\"><span style=\"vertical-align: inherit;\"><span style=\"vertical-align: inherit;\">K\u00cdCH TH\u01af\u1edaC<\/span><\/span><\/span><\/span><\/span><\/span><\/h2>\n<ul>\n<li>\u0110\u01b0\u1eddng k\u00ednh m\u1eb7t b\u00e0n: 65 cm<\/li>\n<li>Chi\u1ec1u cao t\u1ed5ng th\u1ec3: 71 cm<\/li>\n<\/ul>\n<\/div>\n<div class=\"col-xl-4 col-lg-4 col-md-4 col-sm-12 col-12 mb-4\">\n<h2><span style=\"vertical-align: inherit;\"><span style=\"vertical-align: inherit;\"><span style=\"vertical-align: inherit;\"><span style=\"vertical-align: inherit;\"><span style=\"vertical-align: inherit;\"><span style=\"vertical-align: inherit;\">KH\u00d4NG GIAN S\u1eec D\u1ee4NG<\/span><\/span><\/span><\/span><\/span><\/span><\/h2>\n<ul>\n<li>Qu\u00e1n c\u00e0 ph\u00ea<\/li>\n<li>Nh\u00e0 h\u00e0ng<\/li>\n<li>Ph\u00f2ng \u0103n&#8230;<\/li>\n<li>Ph\u00f2ng kh\u00e1ch&#8230;.<\/li>\n<\/ul>\n<\/div>\n<\/div>\n","protected":false},"excerpt":{"rendered":"<p>B\u00e0n tr\u00f2n \u0111\u01b0\u1ee3c thi\u1ebft k\u1ebf v\u1edbi d\u00e1ng ch\u00e2n kh\u00e1c bi\u1ec7t, mang \u0111\u1ebfn s\u1ef1 c\u00e1 t\u00ednh v\u00e0 t\u1ea1o \u0111i\u1ec3m nh\u1ea5n cho kh\u00f4ng gian s\u1eed d\u1ee5ng. B\u00e0n 3024 \u0111\u01b0\u1ee3c l\u00e0m b\u1eb1ng nh\u1ef1a PP cao c\u1ea5p, hi\u1ec7n \u0111\u1ea1i v\u00e0 nh\u1ecf g\u1ecdn, ph\u00f9 h\u1ee3p v\u1edbi c\u1ea3 kh\u00f4ng gian n\u1ed9i th\u1ea5t v\u00e0 ngo\u1ea1i th\u1ea5t. B\u00e0n 3024 d\u01b0\u1eddng nh\u01b0 truy\u1ec1n t\u1ea3i s\u1ef1 y\u00eau th\u01b0\u01a1ng, che ch\u1edf khi \u0111\u01b0\u1ee3c thi\u1ebft k\u1ebf v\u1edbi gam m\u00e0u \u1ea5m \u00e1p c\u00f9ng v\u1ebb c\u1ed5 k\u00ednh, ho\u00e0i c\u1ed5.<\/p>\n","protected":false},"featured_media":22828,"comment_status":"open","ping_status":"closed","template":"","meta":[],"product_cat":[2066],"product_tag":[1670,1672,1671,2046,2045],"class_list":{"0":"post-23241","1":"product","2":"type-product","3":"status-publish","4":"has-post-thumbnail","6":"product_brand-table-vi","7":"product_cat-ban","8":"product_tag-ban","9":"product_tag-ban-an","10":"product_tag-ban-cafe","11":"product_tag-ban-ngoai-troi","12":"product_tag-ban-nha-hang","15":"first","16":"instock","17":"shipping-taxable","18":"product-type-simple"},"_links":{"self":[{"href":"https:\/\/harmoor.com\/vi\/wp-json\/wp\/v2\/product\/23241","targetHints":{"allow":["GET"]}}],"collection":[{"href":"https:\/\/harmoor.com\/vi\/wp-json\/wp\/v2\/product"}],"about":[{"href":"https:\/\/harmoor.com\/vi\/wp-json\/wp\/v2\/types\/product"}],"replies":[{"embeddable":true,"href":"https:\/\/harmoor.com\/vi\/wp-json\/wp\/v2\/comments?post=23241"}],"version-history":[{"count":1,"href":"https:\/\/harmoor.com\/vi\/wp-json\/wp\/v2\/product\/23241\/revisions"}],"predecessor-version":[{"id":23444,"href":"https:\/\/harmoor.com\/vi\/wp-json\/wp\/v2\/product\/23241\/revisions\/23444"}],"wp:featuredmedia":[{"embeddable":true,"href":"https:\/\/harmoor.com\/vi\/wp-json\/wp\/v2\/media\/22828"}],"wp:attachment":[{"href":"https:\/\/harmoor.com\/vi\/wp-json\/wp\/v2\/media?parent=23241"}],"wp:term":[{"taxonomy":"product_cat","embeddable":true,"href":"https:\/\/harmoor.com\/vi\/wp-json\/wp\/v2\/product_cat?post=23241"},{"taxonomy":"product_tag","embeddable":true,"href":"https:\/\/harmoor.com\/vi\/wp-json\/wp\/v2\/product_tag?post=23241"}],"curies":[{"name":"wp","href":"https:\/\/api.w.org\/{rel}","templated":true}]}}