{"id":23235,"date":"2024-02-22T14:31:11","date_gmt":"2024-02-22T06:31:11","guid":{"rendered":"https:\/\/harmoor.com\/product\/rombi-3003c\/"},"modified":"2024-02-22T14:31:11","modified_gmt":"2024-02-22T06:31:11","slug":"rombi-3003c","status":"publish","type":"product","link":"https:\/\/harmoor.com\/vi\/product\/rombi-3003c\/","title":{"rendered":"Rombi 3003c"},"content":{"rendered":"<div class=\"row\">\n<div class=\"col-xl-5 col-lg-5 col-md-6 col-sm-12 col-12\"><img fetchpriority=\"high\" decoding=\"async\" class=\"alignnone size-full wp-image-12104\" src=\"https:\/\/harmoor.com\/wp-content\/uploads\/2024\/02\/chair-rombi-3003c-2.webp\" alt=\"gh\u1ebf amelie 11\" width=\"458\" height=\"315\"><\/div>\n<div class=\"col-xl-7 col-lg-7 col-md-6 col-sm-12 col-12\">\n<h2><span style=\"vertical-align: inherit;\"><span style=\"vertical-align: inherit;\">TH\u01af\u01a0NG HI\u1ec6U<\/span><\/span><\/h2>\n<p>V\u1edbi l\u1ecbch s\u1eed c\u00f4ng ty phong ph\u00fa k\u00e9o d\u00e0i t\u1eeb n\u0103m 1998, Harmoor kh\u1edfi nghi\u1ec7p l\u00e0 m\u1ed9t nh\u00e0 m\u00e1y s\u1ea3n xu\u1ea5t \u0111\u1ed3 n\u1ed9i th\u1ea5t nh\u1ecf. Ch\u00fang t\u00f4i \u0111\u00e3 m\u1edf nh\u00e0 m\u00e1y t\u1ea1i Vi\u1ec7t Nam v\u00e0o n\u0103m 2018 v\u00e0 tr\u1edf th\u00e0nh m\u1ed9t trong nh\u1eefng nh\u00e0 m\u00e1y s\u1ea3n xu\u1ea5t \u0111\u1ed3 n\u1ed9i th\u1ea5t nh\u1ef1a l\u1edbn nh\u1ea5t t\u1ea1i Vi\u1ec7t Nam. Hi\u1ec7n nay, Harmoor l\u00e0 nh\u00e0 s\u1ea3n xu\u1ea5t v\u00e0 cung c\u1ea5p c\u00e1c s\u1ea3n ph\u1ea9m b\u00e0n gh\u1ebf v\u1edbi nhi\u1ec1u m\u1eabu m\u00e3 h\u00e0ng \u0111\u1ea7u t\u1ea1i Vi\u1ec7t Nam v\u00e0 th\u1ebf gi\u1edbi.<\/p>\n<p><img decoding=\"async\" class=\"mt-4\" src=\"https:\/\/harmoor.com\/wp-content\/uploads\/2023\/07\/single-product.webp\" alt=\"san-pham-don\" width=\"190\" height=\"30\"><\/div>\n<\/div>\n<div class=\"row\">\n<div class=\"col-xl-4 col-lg-4 col-md-4 col-sm-12 col-12 mb-4\">\n<h2><span style=\"vertical-align: inherit;\"><span style=\"vertical-align: inherit;\"><span style=\"vertical-align: inherit;\"><span style=\"vertical-align: inherit;\"><span style=\"vertical-align: inherit;\"><span style=\"vertical-align: inherit;\">TH\u00d4NG TIN S\u1ea2N PH\u1ea8M<\/span><\/span><\/span><\/span><\/span><\/span><\/h2>\n<ul>\n<li>T\u00ean s\u1ea3n ph\u1ea9m: Gh\u1ebf Rombi 3003C<\/li>\n<li>Ch\u1ea5t li\u1ec7u: nh\u1ef1a + g\u1ed7 + s\u1eaft<\/li>\n<li>Phong c\u00e1ch thi\u1ebft k\u1ebf: \u00dd<\/li>\n<li>Xu\u1ea5t x\u1ee9: Vi\u1ec7t Nam<\/li>\n<\/ul>\n<\/div>\n<div class=\"col-xl-4 col-lg-4 col-md-4 col-sm-12 col-12 mb-4\">\n<h2><span style=\"vertical-align: inherit;\"><span style=\"vertical-align: inherit;\"><span style=\"vertical-align: inherit;\"><span style=\"vertical-align: inherit;\"><span style=\"vertical-align: inherit;\"><span style=\"vertical-align: inherit;\">K\u00cdCH TH\u01af\u1edaC<\/span><\/span><\/span><\/span><\/span><\/span><\/h2>\n<ul>\n<li>Chi\u1ec1u cao: 45 cm<\/li>\n<li>Chi\u1ec1u r\u1ed9ng: 43 cm<\/li>\n<li>Chi\u1ec1u s\u00e2u: 86 cm<\/li>\n<li>Chi\u1ec1u cao gh\u1ebf: 48 cm<\/li>\n<\/ul>\n<\/div>\n<div class=\"col-xl-4 col-lg-4 col-md-4 col-sm-12 col-12 mb-4\">\n<h2><span style=\"vertical-align: inherit;\"><span style=\"vertical-align: inherit;\"><span style=\"vertical-align: inherit;\"><span style=\"vertical-align: inherit;\"><span style=\"vertical-align: inherit;\"><span style=\"vertical-align: inherit;\">KH\u00d4NG GIAN S\u1eec D\u1ee4NG<\/span><\/span><\/span><\/span><\/span><\/span><\/h2>\n<ul>\n<li>Qu\u00e1n c\u00e0 ph\u00ea<\/li>\n<li>Nh\u00e0 h\u00e0ng<\/li>\n<li>Ph\u00f2ng \u0103n&#8230;<\/li>\n<li>Ph\u00f2ng kh\u00e1ch&#8230;.<\/li>\n<\/ul>\n<\/div>\n<\/div>\n","protected":false},"excerpt":{"rendered":"<p>Gh\u1ebf Rombi 3003C l\u00e0 m\u1eabu gh\u1ebf c\u00f3 thi\u1ebft k\u1ebf \u0111\u1eb9p m\u1eaft v\u1edbi s\u1ef1 k\u1ebft h\u1ee3p gi\u1eefa b\u1ec1 m\u1eb7t nh\u1ef1a PP. M\u1eabu gh\u1ebf n\u00e0y r\u1ea5t ph\u00f9 h\u1ee3p l\u00e0m gh\u1ebf cho b\u00e0n \u0103n, nh\u00e0 h\u00e0ng, qu\u00e1n cafe. B\u1ec1 m\u1eb7t gh\u1ebf \u0111\u01b0\u1ee3c l\u00e0m b\u1eb1ng nh\u1ef1a PP nguy\u00ean kh\u1ed1i. Ch\u00ednh v\u00ec v\u1eady hi\u1ec7n nay nhi\u1ec1u kh\u00e1ch h\u00e0ng \u01b0u ti\u00ean l\u1ef1a ch\u1ecdn s\u1ea3n ph\u1ea9m ch\u1ea5t li\u1ec7u n\u00e0y.<\/p>\n","protected":false},"featured_media":22764,"comment_status":"open","ping_status":"closed","template":"","meta":[],"product_cat":[2056],"product_tag":[1640,1212,1261,1531],"class_list":{"0":"post-23235","1":"product","2":"type-product","3":"status-publish","4":"has-post-thumbnail","6":"product_brand-rombi-vi","7":"product_cat-rombi-vi","8":"product_tag-ghe-an","9":"product_tag-ghe-ca-phe","10":"product_tag-ghe-nha-hang-vi","11":"product_tag-ghe-phong-khach-vi","14":"first","15":"instock","16":"shipping-taxable","17":"product-type-simple"},"_links":{"self":[{"href":"https:\/\/harmoor.com\/vi\/wp-json\/wp\/v2\/product\/23235","targetHints":{"allow":["GET"]}}],"collection":[{"href":"https:\/\/harmoor.com\/vi\/wp-json\/wp\/v2\/product"}],"about":[{"href":"https:\/\/harmoor.com\/vi\/wp-json\/wp\/v2\/types\/product"}],"replies":[{"embeddable":true,"href":"https:\/\/harmoor.com\/vi\/wp-json\/wp\/v2\/comments?post=23235"}],"version-history":[{"count":0,"href":"https:\/\/harmoor.com\/vi\/wp-json\/wp\/v2\/product\/23235\/revisions"}],"wp:featuredmedia":[{"embeddable":true,"href":"https:\/\/harmoor.com\/vi\/wp-json\/wp\/v2\/media\/22764"}],"wp:attachment":[{"href":"https:\/\/harmoor.com\/vi\/wp-json\/wp\/v2\/media?parent=23235"}],"wp:term":[{"taxonomy":"product_cat","embeddable":true,"href":"https:\/\/harmoor.com\/vi\/wp-json\/wp\/v2\/product_cat?post=23235"},{"taxonomy":"product_tag","embeddable":true,"href":"https:\/\/harmoor.com\/vi\/wp-json\/wp\/v2\/product_tag?post=23235"}],"curies":[{"name":"wp","href":"https:\/\/api.w.org\/{rel}","templated":true}]}}