{"id":23230,"date":"2024-02-22T12:27:53","date_gmt":"2024-02-22T04:27:53","guid":{"rendered":"https:\/\/harmoor.com\/product\/rombi-3003b\/"},"modified":"2024-02-22T12:27:53","modified_gmt":"2024-02-22T04:27:53","slug":"rombi-3003b","status":"publish","type":"product","link":"https:\/\/harmoor.com\/vi\/product\/rombi-3003b\/","title":{"rendered":"Rombi 3003b"},"content":{"rendered":"<div class=\"row\">\n<div class=\"col-xl-5 col-lg-5 col-md-6 col-sm-12 col-12\"><img fetchpriority=\"high\" decoding=\"async\" class=\"alignnone size-full wp-image-12104\" src=\"https:\/\/harmoor.com\/wp-content\/uploads\/2024\/02\/chair-rombi-3003b-4.webp\" alt=\"gh\u1ebf amelie 11\" width=\"458\" height=\"315\"><\/div>\n<div class=\"col-xl-7 col-lg-7 col-md-6 col-sm-12 col-12\">\n<h2><span style=\"vertical-align: inherit;\"><span style=\"vertical-align: inherit;\">TH\u01af\u01a0NG HI\u1ec6U<\/span><\/span><\/h2>\n<p>V\u1edbi l\u1ecbch s\u1eed c\u00f4ng ty phong ph\u00fa k\u00e9o d\u00e0i t\u1eeb n\u0103m 1998, Harmoor kh\u1edfi nghi\u1ec7p l\u00e0 m\u1ed9t nh\u00e0 m\u00e1y s\u1ea3n xu\u1ea5t \u0111\u1ed3 n\u1ed9i th\u1ea5t nh\u1ecf. Ch\u00fang t\u00f4i \u0111\u00e3 m\u1edf nh\u00e0 m\u00e1y t\u1ea1i Vi\u1ec7t Nam v\u00e0o n\u0103m 2018 v\u00e0 tr\u1edf th\u00e0nh m\u1ed9t trong nh\u1eefng nh\u00e0 m\u00e1y s\u1ea3n xu\u1ea5t \u0111\u1ed3 n\u1ed9i th\u1ea5t nh\u1ef1a l\u1edbn nh\u1ea5t t\u1ea1i Vi\u1ec7t Nam. Hi\u1ec7n nay, Harmoor l\u00e0 nh\u00e0 s\u1ea3n xu\u1ea5t v\u00e0 cung c\u1ea5p c\u00e1c s\u1ea3n ph\u1ea9m b\u00e0n gh\u1ebf v\u1edbi nhi\u1ec1u m\u1eabu m\u00e3 h\u00e0ng \u0111\u1ea7u t\u1ea1i Vi\u1ec7t Nam v\u00e0 th\u1ebf gi\u1edbi.<\/p>\n<p><img decoding=\"async\" class=\"mt-4\" src=\"https:\/\/harmoor.com\/wp-content\/uploads\/2023\/07\/single-product.webp\" alt=\"san-pham-don\" width=\"190\" height=\"30\"><\/div>\n<\/div>\n<div class=\"row\">\n<div class=\"col-xl-4 col-lg-4 col-md-4 col-sm-12 col-12 mb-4\">\n<h2><span style=\"vertical-align: inherit;\"><span style=\"vertical-align: inherit;\"><span style=\"vertical-align: inherit;\"><span style=\"vertical-align: inherit;\"><span style=\"vertical-align: inherit;\"><span style=\"vertical-align: inherit;\">TH\u00d4NG TIN S\u1ea2N PH\u1ea8M<\/span><\/span><\/span><\/span><\/span><\/span><\/h2>\n<ul>\n<li>T\u00ean s\u1ea3n ph\u1ea9m: Gh\u1ebf Rombi 3003B<\/li>\n<li>Ch\u1ea5t li\u1ec7u: Nh\u1ef1a PP + Ch\u00e2n g\u1ed7<\/li>\n<li>Phong c\u00e1ch thi\u1ebft k\u1ebf: \u00dd<\/li>\n<li>Xu\u1ea5t x\u1ee9: Vi\u1ec7t Nam<\/li>\n<\/ul>\n<\/div>\n<div class=\"col-xl-4 col-lg-4 col-md-4 col-sm-12 col-12 mb-4\">\n<h2><span style=\"vertical-align: inherit;\"><span style=\"vertical-align: inherit;\"><span style=\"vertical-align: inherit;\"><span style=\"vertical-align: inherit;\"><span style=\"vertical-align: inherit;\"><span style=\"vertical-align: inherit;\">K\u00cdCH TH\u01af\u1edaC<\/span><\/span><\/span><\/span><\/span><\/span><\/h2>\n<ul>\n<li>Chi\u1ec1u cao: 45 cm<\/li>\n<li>Chi\u1ec1u r\u1ed9ng: 43 cm<\/li>\n<li>Chi\u1ec1u s\u00e2u: 86 cm<\/li>\n<li>Chi\u1ec1u cao gh\u1ebf: 48 cm<\/li>\n<\/ul>\n<\/div>\n<div class=\"col-xl-4 col-lg-4 col-md-4 col-sm-12 col-12 mb-4\">\n<h2><span style=\"vertical-align: inherit;\"><span style=\"vertical-align: inherit;\"><span style=\"vertical-align: inherit;\"><span style=\"vertical-align: inherit;\"><span style=\"vertical-align: inherit;\"><span style=\"vertical-align: inherit;\">KH\u00d4NG GIAN S\u1eec D\u1ee4NG<\/span><\/span><\/span><\/span><\/span><\/span><\/h2>\n<ul>\n<li>Qu\u00e1n c\u00e0 ph\u00ea<\/li>\n<li>Nh\u00e0 h\u00e0ng<\/li>\n<li>Ph\u00f2ng \u0103n&#8230;<\/li>\n<li>Ph\u00f2ng kh\u00e1ch&#8230;.<\/li>\n<\/ul>\n<\/div>\n<\/div>\n","protected":false},"excerpt":{"rendered":"<p>Gh\u1ebf Rombi 3003B l\u00e0 s\u1ea3n ph\u1ea9m \u0111\u1ed9c \u0111\u00e1o, ch\u1ea5t l\u01b0\u1ee3ng cao mang \u0111\u1ebfn s\u1ef1 tho\u1ea3i m\u00e1i v\u00e0 phong c\u00e1ch tuy\u1ec7t v\u1eddi cho kh\u00f4ng gian s\u1ed1ng c\u1ee7a b\u1ea1n. Gh\u1ebf 3003B kh\u00f4ng ch\u1ec9 \u0111\u1eb9p, tho\u1ea3i m\u00e1i m\u00e0 c\u00f2n mang l\u1ea1i s\u1ef1 thu\u1eadn ti\u1ec7n trong vi\u1ec7c di chuy\u1ec3n v\u00e0 c\u1ea5t gi\u1eef. V\u1edbi tr\u1ecdng l\u01b0\u1ee3ng nh\u1eb9 v\u00e0 k\u00edch th\u01b0\u1edbc ph\u00f9 h\u1ee3p, b\u1ea1n c\u00f3 th\u1ec3 d\u1ec5 d\u00e0ng di chuy\u1ec3n gh\u1ebf t\u1eeb n\u01a1i n\u00e0y sang n\u01a1i kh\u00e1c trong kh\u00f4ng gian n\u1ed9i th\u1ea5t c\u1ee7a m\u00ecnh. \u0110\u1ed3ng th\u1eddi, vi\u1ec7c b\u1ea3o qu\u1ea3n gh\u1ebf c\u0169ng tr\u1edf n\u00ean ti\u1ec7n l\u1ee3i h\u01a1n bao gi\u1edd h\u1ebft.<\/p>\n","protected":false},"featured_media":22744,"comment_status":"open","ping_status":"closed","template":"","meta":[],"product_cat":[2056],"product_tag":[1640,1212,1261,1529,1531],"class_list":{"0":"post-23230","1":"product","2":"type-product","3":"status-publish","4":"has-post-thumbnail","6":"product_brand-rombi-vi","7":"product_cat-rombi-vi","8":"product_tag-ghe-an","9":"product_tag-ghe-ca-phe","10":"product_tag-ghe-nha-hang-vi","11":"product_tag-ghe-phong-an-vi","12":"product_tag-ghe-phong-khach-vi","15":"first","16":"instock","17":"shipping-taxable","18":"product-type-simple"},"_links":{"self":[{"href":"https:\/\/harmoor.com\/vi\/wp-json\/wp\/v2\/product\/23230","targetHints":{"allow":["GET"]}}],"collection":[{"href":"https:\/\/harmoor.com\/vi\/wp-json\/wp\/v2\/product"}],"about":[{"href":"https:\/\/harmoor.com\/vi\/wp-json\/wp\/v2\/types\/product"}],"replies":[{"embeddable":true,"href":"https:\/\/harmoor.com\/vi\/wp-json\/wp\/v2\/comments?post=23230"}],"version-history":[{"count":0,"href":"https:\/\/harmoor.com\/vi\/wp-json\/wp\/v2\/product\/23230\/revisions"}],"wp:featuredmedia":[{"embeddable":true,"href":"https:\/\/harmoor.com\/vi\/wp-json\/wp\/v2\/media\/22744"}],"wp:attachment":[{"href":"https:\/\/harmoor.com\/vi\/wp-json\/wp\/v2\/media?parent=23230"}],"wp:term":[{"taxonomy":"product_cat","embeddable":true,"href":"https:\/\/harmoor.com\/vi\/wp-json\/wp\/v2\/product_cat?post=23230"},{"taxonomy":"product_tag","embeddable":true,"href":"https:\/\/harmoor.com\/vi\/wp-json\/wp\/v2\/product_tag?post=23230"}],"curies":[{"name":"wp","href":"https:\/\/api.w.org\/{rel}","templated":true}]}}