{"id":23213,"date":"2024-02-22T11:14:30","date_gmt":"2024-02-22T03:14:30","guid":{"rendered":"https:\/\/harmoor.com\/product\/newport-3057\/"},"modified":"2024-02-22T11:14:30","modified_gmt":"2024-02-22T03:14:30","slug":"newport-3057","status":"publish","type":"product","link":"https:\/\/harmoor.com\/vi\/product\/newport-3057\/","title":{"rendered":"Newport 3057"},"content":{"rendered":"<div class=\"row\">\n<div class=\"col-xl-5 col-lg-5 col-md-6 col-sm-12 col-12\"><img fetchpriority=\"high\" decoding=\"async\" class=\"alignnone size-full wp-image-12104\" src=\"https:\/\/harmoor.com\/wp-content\/uploads\/2024\/02\/newport-3057-2.webp\" alt=\"ban lary 21\" width=\"458\" height=\"315\"><\/div>\n<div class=\"col-xl-7 col-lg-7 col-md-6 col-sm-12 col-12\">\n<h2><span style=\"vertical-align: inherit;\"><span style=\"vertical-align: inherit;\">TH\u01af\u01a0NG HI\u1ec6U<\/span><\/span><\/h2>\n<p>V\u1edbi l\u1ecbch s\u1eed c\u00f4ng ty phong ph\u00fa k\u00e9o d\u00e0i t\u1eeb n\u0103m 1998, Harmoor kh\u1edfi nghi\u1ec7p l\u00e0 m\u1ed9t nh\u00e0 m\u00e1y s\u1ea3n xu\u1ea5t \u0111\u1ed3 n\u1ed9i th\u1ea5t nh\u1ecf. Ch\u00fang t\u00f4i \u0111\u00e3 m\u1edf nh\u00e0 m\u00e1y t\u1ea1i Vi\u1ec7t Nam v\u00e0o n\u0103m 2018 v\u00e0 tr\u1edf th\u00e0nh m\u1ed9t trong nh\u1eefng nh\u00e0 m\u00e1y s\u1ea3n xu\u1ea5t \u0111\u1ed3 n\u1ed9i th\u1ea5t nh\u1ef1a l\u1edbn nh\u1ea5t t\u1ea1i Vi\u1ec7t Nam. Hi\u1ec7n nay, Harmoor l\u00e0 nh\u00e0 s\u1ea3n xu\u1ea5t v\u00e0 cung c\u1ea5p c\u00e1c s\u1ea3n ph\u1ea9m b\u00e0n gh\u1ebf v\u1edbi nhi\u1ec1u m\u1eabu m\u00e3 h\u00e0ng \u0111\u1ea7u t\u1ea1i Vi\u1ec7t Nam v\u00e0 th\u1ebf gi\u1edbi.<\/p>\n<p><img decoding=\"async\" class=\"mt-4\" src=\"https:\/\/harmoor.com\/wp-content\/uploads\/2023\/07\/single-product.webp\" alt=\"san-pham-don\" width=\"190\" height=\"30\"><\/div>\n<\/div>\n<div class=\"row\">\n<div class=\"col-xl-4 col-lg-4 col-md-4 col-sm-12 col-12 mb-4\">\n<h2><span style=\"vertical-align: inherit;\"><span style=\"vertical-align: inherit;\">TH\u00d4NG TIN S\u1ea2N PH\u1ea8M<\/span><\/span><\/h2>\n<ul>\n<li>T\u00ean s\u1ea3n ph\u1ea9m: B\u00e0n Newport 3057<\/li>\n<li>M\u1eb7t b\u00e0n: <\/li>\n<li>C\u01a1 s\u1edf: <\/li>\n<li>Phong c\u00e1ch thi\u1ebft k\u1ebf: \u00dd<\/li>\n<li>Xu\u1ea5t x\u1ee9: Vi\u1ec7t Nam<\/li>\n<\/ul>\n<\/div>\n<div class=\"col-xl-4 col-lg-4 col-md-4 col-sm-12 col-12 mb-4\">\n<h2><span style=\"vertical-align: inherit;\"><span style=\"vertical-align: inherit;\">K\u00cdCH TH\u01af\u1edaC<\/span><\/span><\/h2>\n<p><strong>T\u00f9y ch\u1ecdn 1<\/strong><\/p>\n<ul>\n<li>Chi\u1ec1u d\u00e0i: 180cm<\/li>\n<li>Chi\u1ec1u r\u1ed9ng: 80 cm<\/li>\n<\/ul>\n<p><strong>T\u00f9y ch\u1ecdn 2<\/strong><\/p>\n<ul>\n<li>Chi\u1ec1u d\u00e0it: 120 cm<\/li>\n<li>Chi\u1ec1u r\u1ed9ng: 80 cm<\/li>\n<\/ul>\n<\/div>\n<div class=\"col-xl-4 col-lg-4 col-md-4 col-sm-12 col-12 mb-4\">\n<h2><span style=\"vertical-align: inherit;\"><span style=\"vertical-align: inherit;\">KH\u00d4NG GIAN S\u1eec D\u1ee4NG<\/span><\/span><\/h2>\n<ul>\n<li>Nh\u00e0 h\u00e0ng<\/li>\n<li>Ph\u00f2ng \u0103n&#8230;<\/li>\n<li>Ngo\u00e0i tr\u1eddi<\/li>\n<li>&#8230;.<\/li>\n<\/ul>\n<\/div>\n<\/div>\n","protected":false},"excerpt":{"rendered":"<p>B\u00e0n Newport 3057 l\u00e0 bi\u1ec3u t\u01b0\u1ee3ng c\u1ee7a s\u1ef1 hi\u1ec7n \u0111\u1ea1i v\u00e0 linh ho\u1ea1t, c\u00f3 thi\u1ebft k\u1ebf \u0111\u1ed9c \u0111\u00e1o ph\u00f9 h\u1ee3p cho c\u1ea3 kh\u00f4ng gian ngo\u00e0i tr\u1eddi v\u00e0 trong nh\u00e0. V\u1edbi nh\u1eefng \u0111\u01b0\u1eddng n\u00e9t trang nh\u00e3 v\u00e0 ch\u1ea5t li\u1ec7u ch\u1ecbu \u0111\u01b0\u1ee3c th\u1eddi ti\u1ebft, chi\u1ebfc b\u00e0n kh\u00f4ng ch\u1ec9 l\u00e0 m\u00f3n \u0111\u1ed3 trang tr\u00ed n\u1ed5i b\u1eadt ngo\u00e0i tr\u1eddi m\u00e0 c\u00f2n l\u00e0 s\u1ef1 l\u1ef1a ch\u1ecdn ho\u00e0n h\u1ea3o cho kh\u00f4ng gian s\u1ed1ng hi\u1ec7n \u0111\u1ea1i. Thi\u1ebft k\u1ebf linh ho\u1ea1t c\u1ee7a Newport 3057 th\u1ecfa m\u00e3n s\u1edf th\u00edch th\u1ea9m m\u1ef9 \u0111\u1ed3ng th\u1eddi \u0111\u00e1p \u1ee9ng nhu c\u1ea7u s\u1eed d\u1ee5ng \u0111a d\u1ea1ng, mang l\u1ea1i tr\u1ea3i nghi\u1ec7m tho\u1ea3i m\u00e1i v\u00e0 th\u00fa v\u1ecb cho m\u1ecdi ng\u01b0\u1eddi.<\/p>\n","protected":false},"featured_media":22609,"comment_status":"open","ping_status":"closed","template":"","meta":[],"product_cat":[2044],"product_tag":[1672,2046,2045],"class_list":{"0":"post-23213","1":"product","2":"type-product","3":"status-publish","4":"has-post-thumbnail","6":"product_brand-newport-vi","7":"product_cat-newport-vi","8":"product_tag-ban-an","9":"product_tag-ban-ngoai-troi","10":"product_tag-ban-nha-hang","13":"first","14":"instock","15":"shipping-taxable","16":"product-type-simple"},"_links":{"self":[{"href":"https:\/\/harmoor.com\/vi\/wp-json\/wp\/v2\/product\/23213","targetHints":{"allow":["GET"]}}],"collection":[{"href":"https:\/\/harmoor.com\/vi\/wp-json\/wp\/v2\/product"}],"about":[{"href":"https:\/\/harmoor.com\/vi\/wp-json\/wp\/v2\/types\/product"}],"replies":[{"embeddable":true,"href":"https:\/\/harmoor.com\/vi\/wp-json\/wp\/v2\/comments?post=23213"}],"version-history":[{"count":0,"href":"https:\/\/harmoor.com\/vi\/wp-json\/wp\/v2\/product\/23213\/revisions"}],"wp:featuredmedia":[{"embeddable":true,"href":"https:\/\/harmoor.com\/vi\/wp-json\/wp\/v2\/media\/22609"}],"wp:attachment":[{"href":"https:\/\/harmoor.com\/vi\/wp-json\/wp\/v2\/media?parent=23213"}],"wp:term":[{"taxonomy":"product_cat","embeddable":true,"href":"https:\/\/harmoor.com\/vi\/wp-json\/wp\/v2\/product_cat?post=23213"},{"taxonomy":"product_tag","embeddable":true,"href":"https:\/\/harmoor.com\/vi\/wp-json\/wp\/v2\/product_tag?post=23213"}],"curies":[{"name":"wp","href":"https:\/\/api.w.org\/{rel}","templated":true}]}}