{"id":23194,"date":"2024-02-21T12:56:11","date_gmt":"2024-02-21T04:56:11","guid":{"rendered":"https:\/\/harmoor.com\/product\/venus-3061\/"},"modified":"2024-02-21T12:56:11","modified_gmt":"2024-02-21T04:56:11","slug":"venus-3061","status":"publish","type":"product","link":"https:\/\/harmoor.com\/vi\/product\/venus-3061\/","title":{"rendered":"Venus 3061"},"content":{"rendered":"<div class=\"row\">\n<div class=\"col-xl-5 col-lg-5 col-md-6 col-sm-12 col-12\"><img fetchpriority=\"high\" decoding=\"async\" class=\"alignnone size-full wp-image-12104\" src=\"https:\/\/harmoor.com\/wp-content\/uploads\/2024\/02\/chair-venus-3061-1.webp\" alt=\"ghe gaia 53\" width=\"458\" height=\"315\"><\/div>\n<div class=\"col-xl-7 col-lg-7 col-md-6 col-sm-12 col-12\">\n<h2><span style=\"vertical-align: inherit;\"><span style=\"vertical-align: inherit;\">TH\u01af\u01a0NG HI\u1ec6U<\/span><\/span><\/h2>\n<p>V\u1edbi l\u1ecbch s\u1eed c\u00f4ng ty phong ph\u00fa k\u00e9o d\u00e0i t\u1eeb n\u0103m 1998, Harmoor kh\u1edfi nghi\u1ec7p l\u00e0 m\u1ed9t nh\u00e0 m\u00e1y s\u1ea3n xu\u1ea5t \u0111\u1ed3 n\u1ed9i th\u1ea5t nh\u1ecf. Ch\u00fang t\u00f4i \u0111\u00e3 m\u1edf nh\u00e0 m\u00e1y t\u1ea1i Vi\u1ec7t Nam v\u00e0o n\u0103m 2018 v\u00e0 tr\u1edf th\u00e0nh m\u1ed9t trong nh\u1eefng nh\u00e0 m\u00e1y s\u1ea3n xu\u1ea5t \u0111\u1ed3 n\u1ed9i th\u1ea5t nh\u1ef1a l\u1edbn nh\u1ea5t t\u1ea1i Vi\u1ec7t Nam. Hi\u1ec7n nay, Harmoor l\u00e0 nh\u00e0 s\u1ea3n xu\u1ea5t v\u00e0 cung c\u1ea5p c\u00e1c s\u1ea3n ph\u1ea9m b\u00e0n gh\u1ebf v\u1edbi nhi\u1ec1u m\u1eabu m\u00e3 h\u00e0ng \u0111\u1ea7u t\u1ea1i Vi\u1ec7t Nam v\u00e0 th\u1ebf gi\u1edbi.<\/p>\n<p><img decoding=\"async\" class=\"mt-4\" src=\"https:\/\/harmoor.com\/wp-content\/uploads\/2023\/07\/single-product.webp\" alt=\"san-pham-don\" width=\"190\" height=\"30\"><\/div>\n<\/div>\n<div class=\"row\">\n<div class=\"col-xl-4 col-lg-4 col-md-4 col-sm-12 col-12 mb-4\">\n<h2><span style=\"vertical-align: inherit;\"><span style=\"vertical-align: inherit;\">TH\u00d4NG TIN S\u1ea2N PH\u1ea8M<\/span><\/span><\/h2>\n<ul>\n<li>T\u00ean s\u1ea3n ph\u1ea9m: Gh\u1ebf Venus 3061<\/li>\n<li>Gh\u1ebf v\u00e0 l\u01b0ng: PP<\/li>\n<li>Khung: Nh\u1ef1a PP<\/li>\n<li>Phong c\u00e1ch thi\u1ebft k\u1ebf: \u00dd<\/li>\n<li>Xu\u1ea5t x\u1ee9: Vi\u1ec7t Nam<\/li>\n<\/ul>\n<\/div>\n<div class=\"col-xl-4 col-lg-4 col-md-4 col-sm-12 col-12 mb-4\">\n<h2><span style=\"vertical-align: inherit;\"><span style=\"vertical-align: inherit;\">K\u00cdCH TH\u01af\u1edaC<\/span><\/span><\/h2>\n<ul>\n<li>Chi\u1ec1u d\u00e0i: 58,6cm<\/li>\n<li>Chi\u1ec1u r\u1ed9ng: 44,4cm<\/li>\n<li>Chi\u1ec1u cao: 81,2cm<\/li>\n<li>Chi\u1ec1u cao gh\u1ebf: 45cm<\/li>\n<li>\u0110\u00f3ng g\u00f3i: 4 c\u00e1i\/th\u00f9ng<\/li>\n<li>Tr\u1ecdng l\u01b0\u1ee3ng: 4,24kg<\/li>\n<\/ul>\n<\/div>\n<div class=\"col-xl-4 col-lg-4 col-md-4 col-sm-12 col-12 mb-4\">\n<h2><span style=\"vertical-align: inherit;\"><span style=\"vertical-align: inherit;\">KH\u00d4NG GIAN S\u1eec D\u1ee4NG<\/span><\/span><\/h2>\n<ul>\n<li>Qu\u00e1n c\u00e0 ph\u00ea<\/li>\n<li>Nh\u00e0 h\u00e0ng<\/li>\n<li>Ph\u00f2ng \u0103n&#8230;<\/li>\n<li>Ph\u00f2ng kh\u00e1ch&#8230;.<\/li>\n<\/ul>\n<\/div>\n<\/div>\n","protected":false},"excerpt":{"rendered":"<p>Gh\u1ebf Venus 3061 \u0111\u1ecbnh ngh\u0129a l\u1ea1i s\u1ef1 sang tr\u1ecdng v\u00e0 tho\u1ea3i m\u00e1i v\u1edbi thi\u1ebft k\u1ebf \u0111\u1ed9c \u0111\u00e1o v\u00e0 k\u1ebft c\u1ea5u ho\u00e0n to\u00e0n b\u1eb1ng nh\u1ef1a. \u0110\u01b0\u1ee3c ch\u1ebf t\u1ea1o v\u1edbi \u0111\u1ed9 ch\u00ednh x\u00e1c, chi\u1ebfc gh\u1ebf n\u00e0y t\u1ef1 h\u00e0o c\u00f3 t\u00ednh th\u1ea9m m\u1ef9 tuy\u1ec7t \u0111\u1eb9p \u0111\u01b0\u1ee3c \u0111\u1eb7c tr\u01b0ng b\u1edfi nh\u1eefng \u0111\u01b0\u1eddng cong tinh t\u1ebf v\u00e0 \u0111\u01b0\u1eddng n\u00e9t tinh t\u1ebf. Ch\u1ea5t li\u1ec7u nh\u1ef1a ho\u00e0n to\u00e0n kh\u00f4ng ch\u1ec9 g\u00f3p ph\u1ea7n t\u1ea1o n\u00ean v\u1ebb \u0111\u1eb9p m\u00e0 c\u00f2n \u0111\u1ea3m b\u1ea3o \u0111\u1ed9 b\u1ec1n v\u00e0 d\u1ec5 d\u00e0ng b\u1ea3o tr\u00ec. Venus 3061 k\u1ebft h\u1ee3p li\u1ec1n m\u1ea1ch gi\u1eefa h\u00ecnh th\u1ee9c v\u00e0 ch\u1ee9c n\u0103ng, kh\u00f4ng ch\u1ec9 cung c\u1ea5p gi\u1ea3i ph\u00e1p ch\u1ed7 ng\u1ed3i m\u00e0 c\u00f2n l\u00e0 m\u1ed9t t\u00e1c ph\u1ea9m ngh\u1ec7 thu\u1eadt cho m\u1ecdi kh\u00f4ng gian. V\u1edbi thi\u1ebft k\u1ebf trang nh\u00e3 v\u00e0 th\u00e0nh ph\u1ea7n linh ho\u1ea1t, chi\u1ebfc gh\u1ebf n\u00e0y l\u00e0 bi\u1ec3u t\u01b0\u1ee3ng c\u1ee7a s\u1ef1 tinh t\u1ebf, khi\u1ebfn n\u00f3 tr\u1edf th\u00e0nh l\u1ef1a ch\u1ecdn l\u00fd t\u01b0\u1edfng cho nh\u1eefng ai \u0111ang t\u00ecm ki\u1ebfm c\u1ea3 phong c\u00e1ch v\u00e0 ch\u1ea5t l\u01b0\u1ee3ng trong \u0111\u1ed3 n\u1ed9i th\u1ea5t c\u1ee7a m\u00ecnh.<\/p>\n","protected":false},"featured_media":22526,"comment_status":"open","ping_status":"closed","template":"","meta":[],"product_cat":[2026],"product_tag":[1640,1212,1261,1531],"class_list":{"0":"post-23194","1":"product","2":"type-product","3":"status-publish","4":"has-post-thumbnail","6":"product_brand-venus-vi","7":"product_cat-venus-vi","8":"product_tag-ghe-an","9":"product_tag-ghe-ca-phe","10":"product_tag-ghe-nha-hang-vi","11":"product_tag-ghe-phong-khach-vi","14":"first","15":"instock","16":"shipping-taxable","17":"product-type-simple"},"_links":{"self":[{"href":"https:\/\/harmoor.com\/vi\/wp-json\/wp\/v2\/product\/23194","targetHints":{"allow":["GET"]}}],"collection":[{"href":"https:\/\/harmoor.com\/vi\/wp-json\/wp\/v2\/product"}],"about":[{"href":"https:\/\/harmoor.com\/vi\/wp-json\/wp\/v2\/types\/product"}],"replies":[{"embeddable":true,"href":"https:\/\/harmoor.com\/vi\/wp-json\/wp\/v2\/comments?post=23194"}],"version-history":[{"count":0,"href":"https:\/\/harmoor.com\/vi\/wp-json\/wp\/v2\/product\/23194\/revisions"}],"wp:featuredmedia":[{"embeddable":true,"href":"https:\/\/harmoor.com\/vi\/wp-json\/wp\/v2\/media\/22526"}],"wp:attachment":[{"href":"https:\/\/harmoor.com\/vi\/wp-json\/wp\/v2\/media?parent=23194"}],"wp:term":[{"taxonomy":"product_cat","embeddable":true,"href":"https:\/\/harmoor.com\/vi\/wp-json\/wp\/v2\/product_cat?post=23194"},{"taxonomy":"product_tag","embeddable":true,"href":"https:\/\/harmoor.com\/vi\/wp-json\/wp\/v2\/product_tag?post=23194"}],"curies":[{"name":"wp","href":"https:\/\/api.w.org\/{rel}","templated":true}]}}