{"id":23174,"date":"2024-02-21T12:31:13","date_gmt":"2024-02-21T04:31:13","guid":{"rendered":"https:\/\/harmoor.com\/?post_type=product&#038;p=23174"},"modified":"2024-03-14T12:26:02","modified_gmt":"2024-03-14T04:26:02","slug":"venus-3060","status":"publish","type":"product","link":"https:\/\/harmoor.com\/vi\/product\/venus-3060\/","title":{"rendered":"Venus 3060"},"content":{"rendered":"<div class=\"row\">\n<div class=\"col-xl-5 col-lg-5 col-md-6 col-sm-12 col-12\"><img fetchpriority=\"high\" decoding=\"async\" class=\"alignnone size-full wp-image-12104\" src=\"https:\/\/harmoor.com\/wp-content\/uploads\/2024\/02\/chair-venus-3060-1.webp\" alt=\"ghe gaia 53\" width=\"458\" height=\"315\"><\/div>\n<div class=\"col-xl-7 col-lg-7 col-md-6 col-sm-12 col-12\">\n<h2><span style=\"vertical-align: inherit;\"><span style=\"vertical-align: inherit;\">TH\u01af\u01a0NG HI\u1ec6U<\/span><\/span><\/h2>\n<p>V\u1edbi l\u1ecbch s\u1eed c\u00f4ng ty phong ph\u00fa k\u00e9o d\u00e0i t\u1eeb n\u0103m 1998, Harmoor kh\u1edfi nghi\u1ec7p l\u00e0 m\u1ed9t nh\u00e0 m\u00e1y s\u1ea3n xu\u1ea5t \u0111\u1ed3 n\u1ed9i th\u1ea5t nh\u1ecf. Ch\u00fang t\u00f4i \u0111\u00e3 m\u1edf nh\u00e0 m\u00e1y t\u1ea1i Vi\u1ec7t Nam v\u00e0o n\u0103m 2018 v\u00e0 tr\u1edf th\u00e0nh m\u1ed9t trong nh\u1eefng nh\u00e0 m\u00e1y s\u1ea3n xu\u1ea5t \u0111\u1ed3 n\u1ed9i th\u1ea5t nh\u1ef1a l\u1edbn nh\u1ea5t t\u1ea1i Vi\u1ec7t Nam. Hi\u1ec7n nay, Harmoor l\u00e0 nh\u00e0 s\u1ea3n xu\u1ea5t v\u00e0 cung c\u1ea5p c\u00e1c s\u1ea3n ph\u1ea9m b\u00e0n gh\u1ebf v\u1edbi nhi\u1ec1u m\u1eabu m\u00e3 h\u00e0ng \u0111\u1ea7u Vi\u1ec7t Nam v\u00e0 th\u1ebf gi\u1edbi.<\/p>\n<p><img decoding=\"async\" class=\"mt-4\" src=\"https:\/\/harmoor.com\/wp-content\/uploads\/2023\/07\/single-product.webp\" alt=\"san-pham-don\" width=\"190\" height=\"30\"><\/div>\n<\/div>\n<div class=\"row\">\n<div class=\"col-xl-4 col-lg-4 col-md-4 col-sm-12 col-12 mb-4\">\n<h2><span style=\"vertical-align: inherit;\"><span style=\"vertical-align: inherit;\">TH\u00d4NG TIN S\u1ea2N PH\u1ea8M<\/span><\/span><\/h2>\n<ul>\n<li>T\u00ean s\u1ea3n ph\u1ea9m: Gh\u1ebf Venus 3060<\/li>\n<li>Gh\u1ebf v\u00e0 l\u01b0ng: PP<\/li>\n<li>Khung: Nh\u1ef1a PP<\/li>\n<li>Phong c\u00e1ch thi\u1ebft k\u1ebf: \u00dd<\/li>\n<li>Xu\u1ea5t x\u1ee9: Vi\u1ec7t Nam<\/li>\n<\/ul>\n<\/div>\n<div class=\"col-xl-4 col-lg-4 col-md-4 col-sm-12 col-12 mb-4\">\n<h2><span style=\"vertical-align: inherit;\"><span style=\"vertical-align: inherit;\">K\u00cdCH TH\u01af\u1edaC<\/span><\/span><\/h2>\n<ul>\n<li>Chi\u1ec1u cao: 81,2cm<\/li>\n<li>Chi\u1ec1u r\u1ed9ng: 44,4cm<\/li>\n<li>\u0110\u1ed9 s\u00e2u: 58,6cm<\/li>\n<li>Chi\u1ec1u cao gh\u1ebf: 45cm<\/li>\n<li>Tr\u1ecdng l\u01b0\u1ee3ng: 3,85kg<\/li>\n<li>\u0110\u00f3ng g\u00f3i: 4 c\u00e1i\/th\u00f9ng<\/li>\n<\/ul>\n<\/div>\n<div class=\"col-xl-4 col-lg-4 col-md-4 col-sm-12 col-12 mb-4\">\n<h2><span style=\"vertical-align: inherit;\"><span style=\"vertical-align: inherit;\">KH\u00d4NG GIAN S\u1eec D\u1ee4NG<\/span><\/span><\/h2>\n<ul>\n<li>Qu\u00e1n c\u00e0 ph\u00ea<\/li>\n<li>Nh\u00e0 h\u00e0ng<\/li>\n<li>Ph\u00f2ng \u0103n&#8230;<\/li>\n<li>V\u0103n ph\u00f2ng&#8230;.<\/li>\n<\/ul>\n<\/div>\n<\/div>\n","protected":false},"excerpt":{"rendered":"<p>Gh\u1ebf Venus 3060, m\u1ed9t ki\u1ec7t t\u00e1c c\u1ee7a c\u00f4ng ngh\u1ec7 hi\u1ec7n \u0111\u1ea1i, \u0111\u00e3 l\u00e0m say l\u00f2ng ng\u01b0\u1eddi d\u00f9ng b\u1edfi s\u1ef1 k\u1ebft h\u1ee3p ho\u00e0n h\u1ea3o gi\u1eefa thi\u1ebft k\u1ebf v\u00e0 t\u00ednh n\u0103ng th\u1ef1c t\u1ebf. V\u1edbi thi\u1ebft k\u1ebf hi\u1ec7n \u0111\u1ea1i v\u00e0 sang tr\u1ecdng, gh\u1ebf Venus 3060 kh\u00f4ng ch\u1ec9 l\u00e0 m\u1ed9t m\u00f3n \u0111\u1ed3 n\u1ed9i th\u1ea5t m\u00e0 c\u00f2n l\u00e0 bi\u1ec3u t\u01b0\u1ee3ng c\u1ee7a s\u1ef1 tho\u1ea3i m\u00e1i, ti\u1ec7n l\u1ee3i.<\/p>\n<p>M\u1ed9t trong nh\u1eefng \u0111\u1eb7c \u0111i\u1ec3m n\u1ed5i b\u1eadt c\u1ee7a gh\u1ebf Venus 3060 l\u00e0 ch\u1ea5t li\u1ec7u nh\u1ef1a nguy\u00ean kh\u1ed1i cao c\u1ea5p, mang l\u1ea1i \u0111\u1ed9 b\u1ec1n, nh\u1eb9 nh\u00e0ng m\u00e0 v\u1eabn d\u1ec5 d\u00e0ng v\u1ec7 sinh, b\u1ea3o tr\u00ec. V\u1edbi kh\u1ea3 n\u0103ng ch\u1ecbu l\u1ef1c v\u00e0 ch\u1ecbu \u00e1p l\u1ef1c tuy\u1ec7t v\u1eddi, gh\u1ebf kh\u00f4ng ch\u1ec9 l\u00e0 s\u1ef1 l\u1ef1a ch\u1ecdn l\u00fd t\u01b0\u1edfng cho kh\u00f4ng gian l\u00e0m vi\u1ec7c m\u00e0 c\u00f2n th\u00edch h\u1ee3p s\u1eed d\u1ee5ng trong kh\u00f4ng gian ngh\u1ec7 thu\u1eadt, gi\u1ea3i tr\u00ed.<\/p>\n<p>Gh\u1ebf \u0111\u01b0\u1ee3c thi\u1ebft k\u1ebf v\u1edbi nh\u1eefng \u0111\u01b0\u1eddng n\u00e9t m\u1ec1m m\u1ea1i v\u00e0 ch\u00e2n gh\u1ebf b\u00f3ng b\u1ea9y, t\u1ea1o n\u00ean n\u00e9t th\u1ea9m m\u1ef9 tinh t\u1ebf v\u00e0 hi\u1ec7n \u0111\u1ea1i. \u0110i\u1ec1u n\u00e0y kh\u00f4ng ch\u1ec9 gi\u00fap gh\u1ebf h\u00f2a nh\u1eadp li\u1ec1n m\u1ea1ch v\u1edbi m\u1ecdi kh\u00f4ng gian n\u1ed9i th\u1ea5t m\u00e0 c\u00f2n mang \u0111\u1ebfn s\u1ef1 tho\u1ea3i m\u00e1i, r\u1ed9ng r\u00e3i cho ng\u01b0\u1eddi d\u00f9ng.<\/p>\n<p>V\u1edbi nh\u1eefng \u0111\u1eb7c \u0111i\u1ec3m n\u1ed5i b\u1eadt v\u00e0 thi\u1ebft k\u1ebf tinh t\u1ebf, gh\u1ebf Venus 3060 kh\u00f4ng ch\u1ec9 l\u00e0 s\u1ef1 l\u1ef1a ch\u1ecdn l\u00fd t\u01b0\u1edfng d\u00e0nh cho gi\u1edbi chuy\u00ean m\u00f4n m\u00e0 c\u00f2n l\u00e0 \u0111i\u1ec3m nh\u1ea5n ho\u00e0n h\u1ea3o cho kh\u00f4ng gian s\u1ed1ng c\u1ee7a b\u1ea1n.<\/p>\n","protected":false},"featured_media":22499,"comment_status":"open","ping_status":"closed","template":"","meta":[],"product_cat":[2026],"product_tag":[1640,1212,1261,1531],"class_list":{"0":"post-23174","1":"product","2":"type-product","3":"status-publish","4":"has-post-thumbnail","6":"product_brand-venus-vi","7":"product_cat-venus-vi","8":"product_tag-ghe-an","9":"product_tag-ghe-ca-phe","10":"product_tag-ghe-nha-hang-vi","11":"product_tag-ghe-phong-khach-vi","14":"first","15":"instock","16":"shipping-taxable","17":"product-type-simple"},"_links":{"self":[{"href":"https:\/\/harmoor.com\/vi\/wp-json\/wp\/v2\/product\/23174","targetHints":{"allow":["GET"]}}],"collection":[{"href":"https:\/\/harmoor.com\/vi\/wp-json\/wp\/v2\/product"}],"about":[{"href":"https:\/\/harmoor.com\/vi\/wp-json\/wp\/v2\/types\/product"}],"replies":[{"embeddable":true,"href":"https:\/\/harmoor.com\/vi\/wp-json\/wp\/v2\/comments?post=23174"}],"version-history":[{"count":3,"href":"https:\/\/harmoor.com\/vi\/wp-json\/wp\/v2\/product\/23174\/revisions"}],"predecessor-version":[{"id":23187,"href":"https:\/\/harmoor.com\/vi\/wp-json\/wp\/v2\/product\/23174\/revisions\/23187"}],"wp:featuredmedia":[{"embeddable":true,"href":"https:\/\/harmoor.com\/vi\/wp-json\/wp\/v2\/media\/22499"}],"wp:attachment":[{"href":"https:\/\/harmoor.com\/vi\/wp-json\/wp\/v2\/media?parent=23174"}],"wp:term":[{"taxonomy":"product_cat","embeddable":true,"href":"https:\/\/harmoor.com\/vi\/wp-json\/wp\/v2\/product_cat?post=23174"},{"taxonomy":"product_tag","embeddable":true,"href":"https:\/\/harmoor.com\/vi\/wp-json\/wp\/v2\/product_tag?post=23174"}],"curies":[{"name":"wp","href":"https:\/\/api.w.org\/{rel}","templated":true}]}}