{"id":20113,"date":"2023-03-22T12:03:06","date_gmt":"2023-03-22T04:03:06","guid":{"rendered":"https:\/\/harmoor.com\/product\/lido-3029\/"},"modified":"2024-05-10T16:32:58","modified_gmt":"2024-05-10T08:32:58","slug":"ghe-lido-3029","status":"publish","type":"product","link":"https:\/\/harmoor.com\/vi\/product\/ghe-lido-3029\/","title":{"rendered":"Niagara 3029"},"content":{"rendered":"<div class=\"row\">\n<div class=\"col-xl-5 col-lg-5 col-md-6 col-sm-12 col-12\"><img fetchpriority=\"high\" decoding=\"async\" class=\"alignnone size-full wp-image-12104\" src=\"https:\/\/harmoor.com\/wp-content\/uploads\/2023\/03\/chair-lido-3039.webp\" alt=\"ghe lido 3029\" width=\"458\" height=\"315\"><\/div>\n<div class=\"col-xl-7 col-lg-7 col-md-6 col-sm-12 col-12\">\n<h2><span style=\"vertical-align: inherit;\"><span style=\"vertical-align: inherit;\">TH\u01af\u01a0NG HI\u1ec6U<\/span><\/span><\/h2>\n<p>V\u1edbi l\u1ecbch s\u1eed c\u00f4ng ty phong ph\u00fa k\u00e9o d\u00e0i t\u1eeb n\u0103m 1998, Harmoor kh\u1edfi nghi\u1ec7p l\u00e0 m\u1ed9t nh\u00e0 m\u00e1y s\u1ea3n xu\u1ea5t \u0111\u1ed3 n\u1ed9i th\u1ea5t nh\u1ecf. Ch\u00fang t\u00f4i \u0111\u00e3 m\u1edf nh\u00e0 m\u00e1y t\u1ea1i Vi\u1ec7t Nam v\u00e0o n\u0103m 2018 v\u00e0 tr\u1edf th\u00e0nh m\u1ed9t trong nh\u1eefng nh\u00e0 m\u00e1y s\u1ea3n xu\u1ea5t \u0111\u1ed3 n\u1ed9i th\u1ea5t nh\u1ef1a l\u1edbn nh\u1ea5t t\u1ea1i Vi\u1ec7t Nam. Hi\u1ec7n nay, Harmoor l\u00e0 nh\u00e0 s\u1ea3n xu\u1ea5t v\u00e0 cung c\u1ea5p c\u00e1c s\u1ea3n ph\u1ea9m b\u00e0n gh\u1ebf v\u1edbi nhi\u1ec1u m\u1eabu m\u00e3 h\u00e0ng \u0111\u1ea7u t\u1ea1i Vi\u1ec7t Nam v\u00e0 th\u1ebf gi\u1edbi.<\/p>\n<p><img decoding=\"async\" class=\"mt-4\" src=\"https:\/\/harmoor.com\/wp-content\/uploads\/2023\/07\/single-product.webp\" alt=\"san-pham-don\" width=\"190\" height=\"30\"><\/p>\n<\/div>\n<\/div>\n<div class=\"row\">\n<div class=\"col-xl-4 col-lg-4 col-md-4 col-sm-12 col-12 mb-4\">\n<h2><span style=\"vertical-align: inherit;\"><span style=\"vertical-align: inherit;\">TH\u00d4NG TIN S\u1ea2N PH\u1ea8M<\/span><\/span><\/h2>\n<ul>\n<li>T\u00ean s\u1ea3n ph\u1ea9m: Gh\u1ebf Niagara 3029<\/li>\n<li>M\u1eb7t ng\u1ed3i v\u00e0 t\u1ef1a l\u01b0ng: PP<\/li>\n<li>Phong c\u00e1ch thi\u1ebft k\u1ebf: \u00dd<\/li>\n<li>Xu\u1ea5t x\u1ee9: Vi\u1ec7t Nam<\/li>\n<\/ul>\n<\/div>\n<div class=\"col-xl-4 col-lg-4 col-md-4 col-sm-12 col-12 mb-4\">\n<h2><span style=\"vertical-align: inherit;\"><span style=\"vertical-align: inherit;\">K\u00cdCH TH\u01af\u1edaC<\/span><\/span><\/h2>\n<ul>\n<li>Chi\u1ec1u r\u1ed9ng: 40cm<\/li>\n<li>Chi\u1ec1u cao gh\u1ebf: 44cm<\/li>\n<li>Chi\u1ec1u cao: 66cm<\/li>\n<li>\u0110\u1ed9 s\u00e2u: 45cm<\/li>\n<\/ul>\n<\/div>\n<div class=\"col-xl-4 col-lg-4 col-md-4 col-sm-12 col-12 mb-4\">\n<h2><span style=\"vertical-align: inherit;\"><span style=\"vertical-align: inherit;\">KH\u00d4NG GIAN S\u1eec D\u1ee4NG<\/span><\/span><\/h2>\n<ul>\n<li>Qu\u00e1n c\u00e0 ph\u00ea<\/li>\n<li>Nh\u00e0 h\u00e0ng<\/li>\n<li>S\u00e2n V\u01b0\u1eddn<\/li>\n<li>Qu\u00e1n Bar<\/li>\n<\/ul>\n<\/div>\n<\/div>\n","protected":false},"excerpt":{"rendered":"<p>Gh\u1ebf Niagara 3029 \u0111\u01b0\u1ee3c thi\u1ebft k\u1ebf theo phong c\u00e1ch tr\u1ebb trung, hi\u1ec7n \u0111\u1ea1i n\u00ean ph\u00f9 h\u1ee3p v\u1edbi nhi\u1ec1u kh\u00f4ng gian b\u1ed1 tr\u00ed kh\u00e1c nhau. Gh\u1ebf \u0111\u01b0\u1ee3c l\u00e0m t\u1eeb nh\u1ef1a PP \u0111\u00fac cao c\u1ea5p mang \u0111\u1ebfn \u0111\u1ed9 b\u1ec1n cao v\u00e0 an to\u00e0n cho ng\u01b0\u1eddi ng\u1ed3i. Ngo\u00e0i ra, m\u1eb7t ng\u1ed3i \u0111\u01b0\u1ee3c thi\u1ebft k\u1ebf v\u1edbi nh\u1eefng \u0111\u01b0\u1eddng cong m\u1ec1m m\u1ea1i, c\u00f3 l\u1ed7 th\u00f4ng gi\u00f3 gi\u00fap ng\u01b0\u1eddi ng\u1ed3i tho\u1ea3i m\u00e1i trong th\u1eddi gian d\u00e0i. \u0110\u1eb7c bi\u1ec7t, gh\u1ebf \u0111\u01b0\u1ee3c thi\u1ebft k\u1ebf r\u1ea5t th\u00f4ng minh, ch\u00e2n gh\u1ebf c\u00f3 th\u1ec3 th\u00e1o r\u1eddi n\u00ean khi th\u00e1o gh\u1ebf cao 45cm c\u00f3 th\u1ec3 ng\u1ed3i chung v\u1edbi b\u00e0n \u0103n, b\u00e0n cafe cao 75cm. Khi g\u1eafn ch\u00e2n thanh, gh\u1ebf cao 75cm c\u00f3 th\u1ec3 ng\u1ed3i tr\u00ean thanh. V\u00ec v\u1eady, \u0111\u00e2y c\u00f3 th\u1ec3 coi l\u00e0 s\u1ea3n ph\u1ea9m gh\u1ebf th\u00f4ng minh 2 trong 1 gi\u00fap t\u0103ng t\u00ednh \u0111a n\u0103ng v\u00e0 ti\u1ec7n d\u1ee5ng c\u1ee7a s\u1ea3n ph\u1ea9m.<\/p>\n","protected":false},"featured_media":18248,"comment_status":"open","ping_status":"closed","template":"","meta":[],"product_cat":[2126],"product_tag":[1212,1596,1261,1213,1597],"class_list":{"0":"post-20113","1":"product","2":"type-product","3":"status-publish","4":"has-post-thumbnail","6":"product_brand-niagara-vi","7":"product_cat-niagara-vi","8":"product_tag-ghe-ca-phe","9":"product_tag-ghe-ngoai-troi-vi","10":"product_tag-ghe-nha-hang-vi","11":"product_tag-ghe-quay-bar-vi","12":"product_tag-ghe-san-vuon-vi","15":"first","16":"instock","17":"shipping-taxable","18":"product-type-simple"},"_links":{"self":[{"href":"https:\/\/harmoor.com\/vi\/wp-json\/wp\/v2\/product\/20113","targetHints":{"allow":["GET"]}}],"collection":[{"href":"https:\/\/harmoor.com\/vi\/wp-json\/wp\/v2\/product"}],"about":[{"href":"https:\/\/harmoor.com\/vi\/wp-json\/wp\/v2\/types\/product"}],"replies":[{"embeddable":true,"href":"https:\/\/harmoor.com\/vi\/wp-json\/wp\/v2\/comments?post=20113"}],"version-history":[{"count":1,"href":"https:\/\/harmoor.com\/vi\/wp-json\/wp\/v2\/product\/20113\/revisions"}],"predecessor-version":[{"id":23607,"href":"https:\/\/harmoor.com\/vi\/wp-json\/wp\/v2\/product\/20113\/revisions\/23607"}],"wp:featuredmedia":[{"embeddable":true,"href":"https:\/\/harmoor.com\/vi\/wp-json\/wp\/v2\/media\/18248"}],"wp:attachment":[{"href":"https:\/\/harmoor.com\/vi\/wp-json\/wp\/v2\/media?parent=20113"}],"wp:term":[{"taxonomy":"product_cat","embeddable":true,"href":"https:\/\/harmoor.com\/vi\/wp-json\/wp\/v2\/product_cat?post=20113"},{"taxonomy":"product_tag","embeddable":true,"href":"https:\/\/harmoor.com\/vi\/wp-json\/wp\/v2\/product_tag?post=20113"}],"curies":[{"name":"wp","href":"https:\/\/api.w.org\/{rel}","templated":true}]}}