{"id":19811,"date":"2022-04-26T15:41:22","date_gmt":"2022-04-26T07:41:22","guid":{"rendered":"https:\/\/harmoor.com\/product\/gaia-61\/"},"modified":"2023-11-22T14:11:54","modified_gmt":"2023-11-22T06:11:54","slug":"gaia-61","status":"publish","type":"product","link":"https:\/\/harmoor.com\/vi\/product\/gaia-61\/","title":{"rendered":"gaia 61"},"content":{"rendered":"<div class=\"row\">\n<div class=\"col-xl-5 col-lg-5 col-md-6 col-sm-12 col-12\"><img fetchpriority=\"high\" decoding=\"async\" class=\"alignnone size-full wp-image-12104\" src=\"https:\/\/harmoor.com\/wp-content\/uploads\/2023\/06\/Chair-Gaia.webp\" alt=\"ghe gaia 61\" width=\"458\" height=\"315\" \/><\/div>\n<div class=\"col-xl-7 col-lg-7 col-md-6 col-sm-12 col-12\">\n<h2><span style=\"vertical-align: inherit;\"><span style=\"vertical-align: inherit;\">TH\u01af\u01a0NG HI\u1ec6U<\/span><\/span><\/h2>\n<p>V\u1edbi l\u1ecbch s\u1eed c\u00f4ng ty phong ph\u00fa k\u00e9o d\u00e0i t\u1eeb n\u0103m 1998, Harmoor kh\u1edfi nghi\u1ec7p l\u00e0 m\u1ed9t nh\u00e0 m\u00e1y s\u1ea3n xu\u1ea5t \u0111\u1ed3 n\u1ed9i th\u1ea5t nh\u1ecf. Ch\u00fang t\u00f4i \u0111\u00e3 m\u1edf nh\u00e0 m\u00e1y t\u1ea1i Vi\u1ec7t Nam v\u00e0o n\u0103m 2018 v\u00e0 tr\u1edf th\u00e0nh m\u1ed9t trong nh\u1eefng nh\u00e0 m\u00e1y s\u1ea3n xu\u1ea5t \u0111\u1ed3 n\u1ed9i th\u1ea5t nh\u1ef1a l\u1edbn nh\u1ea5t t\u1ea1i Vi\u1ec7t Nam. Hi\u1ec7n nay, Harmoor l\u00e0 nh\u00e0 s\u1ea3n xu\u1ea5t v\u00e0 cung c\u1ea5p c\u00e1c s\u1ea3n ph\u1ea9m b\u00e0n gh\u1ebf v\u1edbi nhi\u1ec1u m\u1eabu m\u00e3 h\u00e0ng \u0111\u1ea7u Vi\u1ec7t Nam v\u00e0 th\u1ebf gi\u1edbi.<\/p>\n<p><img decoding=\"async\" class=\"mt-4\" src=\"https:\/\/harmoor.com\/wp-content\/uploads\/2023\/07\/single-product.webp\" alt=\"san-pham-don\" width=\"190\" height=\"30\" \/><\/div>\n<\/div>\n<div class=\"row\">\n<div class=\"col-xl-4 col-lg-4 col-md-4 col-sm-12 col-12 mb-4\">\n<h2><span style=\"vertical-align: inherit;\"><span style=\"vertical-align: inherit;\">TH\u00d4NG TIN S\u1ea2N PH\u1ea8M<\/span><\/span><\/h2>\n<ul>\n<li>T\u00ean s\u1ea3n ph\u1ea9m: Gh\u1ebf Gaia 61<\/li>\n<li>V\u1eadt li\u1ec7u: Full PP<\/li>\n<li>Phong c\u00e1ch thi\u1ebft k\u1ebf: \u00dd<\/li>\n<li>Xu\u1ea5t x\u1ee9: Vi\u1ec7t Nam<\/li>\n<\/ul>\n<\/div>\n<div class=\"col-xl-4 col-lg-4 col-md-4 col-sm-12 col-12 mb-4\">\n<h2><span style=\"vertical-align: inherit;\"><span style=\"vertical-align: inherit;\">K\u00cdCH TH\u01af\u1edaC<\/span><\/span><\/h2>\n<ul>\n<li>Chi\u1ec1u cao: 80cm<\/li>\n<li>Chi\u1ec1u r\u1ed9ng: 46cm<\/li>\n<li>Chi\u1ec1u s\u00e2u: 46cm<\/li>\n<li>Chi\u1ec1u cao gh\u1ebf: 45cm<\/li>\n<li>Tr\u1ecdng l\u01b0\u1ee3ng: 5.0Kg<\/li>\n<\/ul>\n<\/div>\n<div class=\"col-xl-4 col-lg-4 col-md-4 col-sm-12 col-12 mb-4\">\n<h2><span style=\"vertical-align: inherit;\"><span style=\"vertical-align: inherit;\">KH\u00d4NG GIAN S\u1eec D\u1ee4NG<\/span><\/span><\/h2>\n<ul>\n<li>Qu\u00e1n c\u00e0 ph\u00ea<\/li>\n<li>Nh\u00e0 h\u00e0ng<\/li>\n<li>Ph\u00f2ng \u0103n&#8230;<\/li>\n<li>&#8230;.<\/li>\n<\/ul>\n<\/div>\n<\/div>\n","protected":false},"excerpt":{"rendered":"<p>Tr\u1ea3i nghi\u1ec7m s\u1ef1 tho\u1ea3i m\u00e1i v\u00e0 phong c\u00e1ch t\u1ed1i \u01b0u v\u1edbi Gh\u1ebf Gaia 61! Chi\u1ebfc gh\u1ebf n\u00e0y \u0111\u01b0\u1ee3c thi\u1ebft k\u1ebf v\u1edbi s\u1ef1 c\u00e2n b\u1eb1ng ho\u00e0n h\u1ea3o gi\u1eefa ch\u1ee9c n\u0103ng v\u00e0 t\u00ednh th\u1ea9m m\u1ef9, l\u00e0 s\u1ef1 l\u1ef1a ch\u1ecdn l\u00fd t\u01b0\u1edfng cho m\u1ecdi kh\u00f4ng gian. Gh\u1ebf Gaia 61 c\u00f3 thi\u1ebft k\u1ebf c\u00f4ng th\u00e1i h\u1ecdc mang l\u1ea1i s\u1ef1 h\u1ed7 tr\u1ee3 v\u00e0 tho\u1ea3i m\u00e1i tuy\u1ec7t v\u1eddi. Gh\u1ebf v\u00e0 t\u1ef1a l\u01b0ng c\u00f3 \u0111\u01b0\u1eddng vi\u1ec1n mang l\u1ea1i t\u01b0 th\u1ebf ng\u1ed3i t\u1ed1i \u01b0u, cho ph\u00e9p b\u1ea1n ng\u1ed3i trong th\u1eddi gian d\u00e0i m\u00e0 kh\u00f4ng th\u1ea5y kh\u00f3 ch\u1ecbu. Cho d\u00f9 b\u1ea1n \u0111ang l\u00e0m vi\u1ec7c, \u0103n u\u1ed1ng hay ch\u1ec9 \u0111\u01a1n gi\u1ea3n l\u00e0 th\u01b0 gi\u00e3n, chi\u1ebfc gh\u1ebf n\u00e0y \u0111\u1ea3m b\u1ea3o mang l\u1ea1i tr\u1ea3i nghi\u1ec7m ng\u1ed3i d\u1ec5 ch\u1ecbu. V\u1edbi ki\u1ec3u d\u00e1ng \u0111\u1eb9p v\u00e0 hi\u1ec7n \u0111\u1ea1i, Gh\u1ebf Gaia 61 d\u1ec5 d\u00e0ng b\u1ed5 sung cho m\u1ecdi kh\u00f4ng gian. Cho d\u00f9 \u0111\u00f3 l\u00e0 khu v\u1ef1c \u0103n u\u1ed1ng, v\u0103n ph\u00f2ng hay hi\u00ean ngo\u00e0i tr\u1eddi, chi\u1ebfc gh\u1ebf n\u00e0y \u0111\u1ec1u mang \u0111\u1ebfn n\u00e9t tinh t\u1ebf v\u00e0 sang tr\u1ecdng. Ch\u1ecdn t\u1eeb m\u1ed9t lo\u1ea1t c\u00e1c m\u00e0u s\u1eafc r\u1ef1c r\u1ee1 \u0111\u1ec3 ph\u00f9 h\u1ee3p v\u1edbi ki\u1ec3u trang tr\u00ed hi\u1ec7n t\u1ea1i c\u1ee7a b\u1ea1n ho\u1eb7c t\u1ea1o m\u1ed9t ph\u1ea7n tuy\u00ean b\u1ed1 n\u1ed5i b\u1eadt.<\/p>\n","protected":false},"featured_media":19645,"comment_status":"open","ping_status":"closed","template":"","meta":[],"product_cat":[1210],"product_tag":[1212,1529],"class_list":{"0":"post-19811","1":"product","2":"type-product","3":"status-publish","4":"has-post-thumbnail","6":"product_brand-gaia-vi","7":"product_cat-gaia-vi","8":"product_tag-ghe-ca-phe","9":"product_tag-ghe-phong-an-vi","12":"first","13":"instock","14":"shipping-taxable","15":"product-type-simple"},"_links":{"self":[{"href":"https:\/\/harmoor.com\/vi\/wp-json\/wp\/v2\/product\/19811","targetHints":{"allow":["GET"]}}],"collection":[{"href":"https:\/\/harmoor.com\/vi\/wp-json\/wp\/v2\/product"}],"about":[{"href":"https:\/\/harmoor.com\/vi\/wp-json\/wp\/v2\/types\/product"}],"replies":[{"embeddable":true,"href":"https:\/\/harmoor.com\/vi\/wp-json\/wp\/v2\/comments?post=19811"}],"version-history":[{"count":0,"href":"https:\/\/harmoor.com\/vi\/wp-json\/wp\/v2\/product\/19811\/revisions"}],"wp:featuredmedia":[{"embeddable":true,"href":"https:\/\/harmoor.com\/vi\/wp-json\/wp\/v2\/media\/19645"}],"wp:attachment":[{"href":"https:\/\/harmoor.com\/vi\/wp-json\/wp\/v2\/media?parent=19811"}],"wp:term":[{"taxonomy":"product_cat","embeddable":true,"href":"https:\/\/harmoor.com\/vi\/wp-json\/wp\/v2\/product_cat?post=19811"},{"taxonomy":"product_tag","embeddable":true,"href":"https:\/\/harmoor.com\/vi\/wp-json\/wp\/v2\/product_tag?post=19811"}],"curies":[{"name":"wp","href":"https:\/\/api.w.org\/{rel}","templated":true}]}}