{"id":19634,"date":"2022-04-26T15:41:24","date_gmt":"2022-04-26T07:41:24","guid":{"rendered":"https:\/\/harmoor.com\/product\/gaia-21\/"},"modified":"2023-11-22T12:38:35","modified_gmt":"2023-11-22T04:38:35","slug":"gaia-21","status":"publish","type":"product","link":"https:\/\/harmoor.com\/vi\/product\/gaia-21\/","title":{"rendered":"gaia 21"},"content":{"rendered":"<div class=\"row\">\n<div class=\"col-xl-5 col-lg-5 col-md-6 col-sm-12 col-12\"><img fetchpriority=\"high\" decoding=\"async\" class=\"alignnone size-full wp-image-12104\" src=\"https:\/\/harmoor.com\/wp-content\/uploads\/2022\/04\/chair-gaia-21-1.webp\" alt=\"ghe gaia 21\" width=\"458\" height=\"315\" \/><\/div>\n<div class=\"col-xl-7 col-lg-7 col-md-6 col-sm-12 col-12\">\n<h2><span style=\"vertical-align: inherit;\"><span style=\"vertical-align: inherit;\">TH\u01af\u01a0NG HI\u1ec6U<\/span><\/span><\/h2>\n<p>V\u1edbi l\u1ecbch s\u1eed c\u00f4ng ty phong ph\u00fa k\u00e9o d\u00e0i t\u1eeb n\u0103m 1998, Harmoor kh\u1edfi nghi\u1ec7p l\u00e0 m\u1ed9t nh\u00e0 m\u00e1y s\u1ea3n xu\u1ea5t \u0111\u1ed3 n\u1ed9i th\u1ea5t nh\u1ecf. Ch\u00fang t\u00f4i \u0111\u00e3 m\u1edf nh\u00e0 m\u00e1y t\u1ea1i Vi\u1ec7t Nam v\u00e0o n\u0103m 2018 v\u00e0 tr\u1edf th\u00e0nh m\u1ed9t trong nh\u1eefng nh\u00e0 m\u00e1y s\u1ea3n xu\u1ea5t \u0111\u1ed3 n\u1ed9i th\u1ea5t nh\u1ef1a l\u1edbn nh\u1ea5t t\u1ea1i Vi\u1ec7t Nam. Hi\u1ec7n nay, Harmoor l\u00e0 nh\u00e0 s\u1ea3n xu\u1ea5t v\u00e0 cung c\u1ea5p c\u00e1c s\u1ea3n ph\u1ea9m b\u00e0n gh\u1ebf v\u1edbi nhi\u1ec1u m\u1eabu m\u00e3 h\u00e0ng \u0111\u1ea7u Vi\u1ec7t Nam v\u00e0 th\u1ebf gi\u1edbi.<\/p>\n<p><img decoding=\"async\" class=\"mt-4\" src=\"https:\/\/harmoor.com\/wp-content\/uploads\/2023\/07\/single-product.webp\" alt=\"san-pham-don\" width=\"190\" height=\"30\" \/><\/div>\n<\/div>\n<div class=\"row\">\n<div class=\"col-xl-4 col-lg-4 col-md-4 col-sm-12 col-12 mb-4\">\n<h2><span style=\"vertical-align: inherit;\"><span style=\"vertical-align: inherit;\">TH\u00d4NG TIN S\u1ea2N PH\u1ea8M<\/span><\/span><\/h2>\n<ul>\n<li>T\u00ean s\u1ea3n ph\u1ea9m: Gh\u1ebf Gaia 21<\/li>\n<li>Khung: Th\u00e9p m\u1ea1 crom<\/li>\n<li>Phong c\u00e1ch thi\u1ebft k\u1ebf: \u00dd<\/li>\n<\/ul>\n<\/div>\n<div class=\"col-xl-4 col-lg-4 col-md-4 col-sm-12 col-12 mb-4\">\n<h2><span style=\"vertical-align: inherit;\"><span style=\"vertical-align: inherit;\">K\u00cdCH TH\u01af\u1edaC<\/span><\/span><\/h2>\n<ul>\n<li>Chi\u1ec1u cao: 80cm<\/li>\n<li>Chi\u1ec1u r\u1ed9ng: 46cm<\/li>\n<li>Chi\u1ec1u s\u00e2u: 46cm<\/li>\n<li>Chi\u1ec1u cao gh\u1ebf: 45cm<\/li>\n<li>C\u00e2n n\u1eb7ng: 4,5kg<\/li>\n<\/ul>\n<\/div>\n<div class=\"col-xl-4 col-lg-4 col-md-4 col-sm-12 col-12 mb-4\">\n<h2><span style=\"vertical-align: inherit;\"><span style=\"vertical-align: inherit;\">KH\u00d4NG GIAN S\u1eec D\u1ee4NG<\/span><\/span><\/h2>\n<ul>\n<li>Qu\u00e1n c\u00e0 ph\u00ea<\/li>\n<li>Nh\u00e0 h\u00e0ng<\/li>\n<li>Ph\u00f2ng \u0103n&#8230;<\/li>\n<li>&#8230;.<\/li>\n<\/ul>\n<\/div>\n<\/div>\n","protected":false},"excerpt":{"rendered":"<p>Gh\u1ebf Gaia 21 mang \u0111\u1ebfn b\u1ea7u kh\u00f4ng kh\u00ed t\u01b0\u01a1i m\u1edbi v\u00e0 hi\u1ec7n \u0111\u1ea1i cho c\u00e1c khu \u0103n u\u1ed1ng v\u00e0 nh\u00e0 h\u00e0ng. \u0110\u00e2y l\u00e0 mong mu\u1ed1n v\u00e0 nhu c\u1ea7u c\u1ee7a c\u1ea3 doanh nghi\u1ec7p v\u00e0 gia \u0111\u00ecnh nh\u1eb1m n\u00e2ng cao m\u00f4i tr\u01b0\u1eddng s\u1ed1ng v\u00e0 th\u00fac \u0111\u1ea9y s\u1ef1 k\u1ebft n\u1ed1i gi\u1eefa m\u1ecdi ng\u01b0\u1eddi. Ch\u00ednh v\u00ec v\u1eady Gh\u1ebf Gaia 21 t\u1ea1i Harmoor \u0111ang nh\u1eadn \u0111\u01b0\u1ee3c s\u1ef1 quan t\u00e2m v\u00e0 y\u00eau th\u00edch kh\u00f4ng nh\u1ecf c\u1ee7a ng\u01b0\u1eddi d\u00f9ng. Gh\u1ebf Gaia 21 cao c\u1ea5p \u0111\u01b0\u1ee3c thi\u1ebft k\u1ebf sang tr\u1ecdng, tr\u1ebb trung, c\u00f3 nhi\u1ec1u m\u00e0u s\u1eafc cho kh\u00e1ch h\u00e0ng l\u1ef1a ch\u1ecdn. T\u00f9y ch\u1ecdn m\u00e0u t\u00f9y ch\u1ec9nh c\u0169ng c\u00f3 s\u1eb5n theo y\u00eau c\u1ea7u. L\u00f2ng gh\u1ebf r\u1ed9ng h\u01a1i ng\u1ea3 v\u1ec1 ph\u00eda sau v\u00e0 cong t\u1ea1o \u0111\u1ed9 \u00f4m v\u1eeba v\u1eb7n cho l\u01b0ng ng\u01b0\u1eddi ng\u1ed3i, ch\u1ed1ng m\u1ecfi v\u00e0 \u0111au l\u01b0ng khi ng\u1ed3i l\u00e2u.<\/p>\n","protected":false},"featured_media":19508,"comment_status":"open","ping_status":"closed","template":"","meta":[],"product_cat":[1210],"product_tag":[1212,1261,1529],"class_list":{"0":"post-19634","1":"product","2":"type-product","3":"status-publish","4":"has-post-thumbnail","6":"product_brand-gaia-vi","7":"product_cat-gaia-vi","8":"product_tag-ghe-ca-phe","9":"product_tag-ghe-nha-hang-vi","10":"product_tag-ghe-phong-an-vi","13":"first","14":"instock","15":"shipping-taxable","16":"product-type-simple"},"_links":{"self":[{"href":"https:\/\/harmoor.com\/vi\/wp-json\/wp\/v2\/product\/19634","targetHints":{"allow":["GET"]}}],"collection":[{"href":"https:\/\/harmoor.com\/vi\/wp-json\/wp\/v2\/product"}],"about":[{"href":"https:\/\/harmoor.com\/vi\/wp-json\/wp\/v2\/types\/product"}],"replies":[{"embeddable":true,"href":"https:\/\/harmoor.com\/vi\/wp-json\/wp\/v2\/comments?post=19634"}],"version-history":[{"count":0,"href":"https:\/\/harmoor.com\/vi\/wp-json\/wp\/v2\/product\/19634\/revisions"}],"wp:featuredmedia":[{"embeddable":true,"href":"https:\/\/harmoor.com\/vi\/wp-json\/wp\/v2\/media\/19508"}],"wp:attachment":[{"href":"https:\/\/harmoor.com\/vi\/wp-json\/wp\/v2\/media?parent=19634"}],"wp:term":[{"taxonomy":"product_cat","embeddable":true,"href":"https:\/\/harmoor.com\/vi\/wp-json\/wp\/v2\/product_cat?post=19634"},{"taxonomy":"product_tag","embeddable":true,"href":"https:\/\/harmoor.com\/vi\/wp-json\/wp\/v2\/product_tag?post=19634"}],"curies":[{"name":"wp","href":"https:\/\/api.w.org\/{rel}","templated":true}]}}