{"id":19598,"date":"2022-04-26T15:41:23","date_gmt":"2022-04-26T07:41:23","guid":{"rendered":"https:\/\/harmoor.com\/product\/lary-21\/"},"modified":"2023-11-22T14:11:47","modified_gmt":"2023-11-22T06:11:47","slug":"lary-21","status":"publish","type":"product","link":"https:\/\/harmoor.com\/vi\/product\/lary-21\/","title":{"rendered":"lary 21"},"content":{"rendered":"<div class=\"row\">\n<div class=\"col-xl-5 col-lg-5 col-md-6 col-sm-12 col-12\"><img fetchpriority=\"high\" decoding=\"async\" class=\"alignnone size-full wp-image-12104\" src=\"https:\/\/harmoor.com\/wp-content\/uploads\/2022\/04\/chair-lary-21-1.webp\" alt=\"ban lary 21\" width=\"458\" height=\"315\" \/><\/div>\n<div class=\"col-xl-7 col-lg-7 col-md-6 col-sm-12 col-12\">\n<h2><span style=\"vertical-align: inherit;\"><span style=\"vertical-align: inherit;\">TH\u01af\u01a0NG HI\u1ec6U<\/span><\/span><\/h2>\n<p>V\u1edbi l\u1ecbch s\u1eed c\u00f4ng ty phong ph\u00fa k\u00e9o d\u00e0i t\u1eeb n\u0103m 1998, Harmoor kh\u1edfi nghi\u1ec7p l\u00e0 m\u1ed9t nh\u00e0 m\u00e1y s\u1ea3n xu\u1ea5t \u0111\u1ed3 n\u1ed9i th\u1ea5t nh\u1ecf. Ch\u00fang t\u00f4i \u0111\u00e3 m\u1edf nh\u00e0 m\u00e1y t\u1ea1i Vi\u1ec7t Nam v\u00e0o n\u0103m 2018 v\u00e0 tr\u1edf th\u00e0nh m\u1ed9t trong nh\u1eefng nh\u00e0 m\u00e1y s\u1ea3n xu\u1ea5t \u0111\u1ed3 n\u1ed9i th\u1ea5t nh\u1ef1a l\u1edbn nh\u1ea5t t\u1ea1i Vi\u1ec7t Nam. Hi\u1ec7n nay, Harmoor l\u00e0 nh\u00e0 s\u1ea3n xu\u1ea5t v\u00e0 cung c\u1ea5p c\u00e1c s\u1ea3n ph\u1ea9m b\u00e0n gh\u1ebf v\u1edbi nhi\u1ec1u m\u1eabu m\u00e3 h\u00e0ng \u0111\u1ea7u Vi\u1ec7t Nam v\u00e0 th\u1ebf gi\u1edbi.<\/p>\n<p><img decoding=\"async\" class=\"mt-4\" src=\"https:\/\/harmoor.com\/wp-content\/uploads\/2023\/07\/single-product.webp\" alt=\"san-pham-don\" width=\"190\" height=\"30\" \/><\/div>\n<\/div>\n<div class=\"row\">\n<div class=\"col-xl-4 col-lg-4 col-md-4 col-sm-12 col-12 mb-4\">\n<h2><span style=\"vertical-align: inherit;\"><span style=\"vertical-align: inherit;\">TH\u00d4NG TIN S\u1ea2N PH\u1ea8M<\/span><\/span><\/h2>\n<ul>\n<li>T\u00ean s\u1ea3n ph\u1ea9m: B\u00e0n Lary 21<\/li>\n<li>M\u1eb7t b\u00e0n: MDF<\/li>\n<li>C\u01a1 s\u1edf: PP<\/li>\n<li>Phong c\u00e1ch thi\u1ebft k\u1ebf: \u00dd<\/li>\n<li>Xu\u1ea5t x\u1ee9: Vi\u1ec7t Nam<\/li>\n<\/ul>\n<\/div>\n<div class=\"col-xl-4 col-lg-4 col-md-4 col-sm-12 col-12 mb-4\">\n<h2><span style=\"vertical-align: inherit;\"><span style=\"vertical-align: inherit;\">K\u00cdCH TH\u01af\u1edaC<\/span><\/span><\/h2>\n<ul>\n<li>Chi\u1ec1u cao: 60cm<\/li>\n<li>Chi\u1ec1u r\u1ed9ng: 60cm<\/li>\n<li>Chi\u1ec1u s\u00e2u: 43cm<\/li>\n<li>C\u00e2n n\u1eb7ng: 4.0kg<\/li>\n<\/ul>\n<\/div>\n<div class=\"col-xl-4 col-lg-4 col-md-4 col-sm-12 col-12 mb-4\">\n<h2><span style=\"vertical-align: inherit;\"><span style=\"vertical-align: inherit;\">KH\u00d4NG GIAN S\u1eec D\u1ee4NG<\/span><\/span><\/h2>\n<ul>\n<li>Qu\u00e1n c\u00e0 ph\u00ea<\/li>\n<li>Nh\u00e0 h\u00e0ng<\/li>\n<li>Ph\u00f2ng \u0103n&#8230;<\/li>\n<li>&#8230;.<\/li>\n<\/ul>\n<\/div>\n<\/div>\n","protected":false},"excerpt":{"rendered":"<p>B\u00e0n Lary 21 l\u00e0 s\u1ef1 k\u1ebft h\u1ee3p tuy\u1ec7t v\u1eddi gi\u1eefa s\u1ef1 sang tr\u1ecdng v\u00e0 thi\u1ebft th\u1ef1c, ph\u00f9 h\u1ee3p cho c\u1ea3 qu\u00e1n c\u00e0 ph\u00ea v\u00e0 khu v\u1ef1c \u0103n u\u1ed1ng!. B\u00e0n Lary 21 c\u00f3 m\u1eb7t tr\u00ean l\u00e0m b\u1eb1ng nh\u1ef1a MDF ch\u1ea5t l\u01b0\u1ee3ng cao, \u0111\u01b0\u1ee3c bi\u1ebft \u0111\u1ebfn v\u1edbi \u0111\u1ed9 b\u1ec1n v\u00e0 b\u1ec1 m\u1eb7t nh\u1eb5n. Khung nh\u1ef1a cao c\u1ea5p mang l\u1ea1i s\u1ef1 \u1ed5n \u0111\u1ecbnh v\u00e0 \u0111\u1ea3m b\u1ea3o hi\u1ec7u su\u1ea5t l\u00e2u d\u00e0i, l\u00e0m cho n\u00f3 tr\u1edf th\u00e0nh m\u1ed9t l\u1ef1a ch\u1ecdn \u0111\u00e1ng tin c\u1eady v\u00e0 ch\u1eafc ch\u1eafn cho qu\u00e1n c\u00e0 ph\u00ea ho\u1eb7c kh\u00f4ng gian \u0103n u\u1ed1ng c\u1ee7a b\u1ea1n. V\u1edbi ki\u1ec3u d\u00e1ng \u0111\u1eb9p v\u00e0 thi\u1ebft k\u1ebf t\u1ed1i gi\u1ea3n, B\u00e0n Lary 21 d\u1ec5 d\u00e0ng b\u1ed5 sung cho b\u1ea5t k\u1ef3 ki\u1ec3u trang tr\u00ed n\u1ed9i th\u1ea5t n\u00e0o. Cho d\u00f9 b\u1ea1n c\u00f3 m\u1ed9t khung c\u1ea3nh hi\u1ec7n \u0111\u1ea1i hay truy\u1ec1n th\u1ed1ng, chi\u1ebfc b\u00e0n n\u00e0y s\u1ebd th\u00eam v\u1ebb \u0111\u1eb9p v\u00e0 s\u1ef1 tinh t\u1ebf, t\u1ea1o ra m\u1ed9t b\u1ea7u kh\u00f4ng kh\u00ed \u1ea5m \u00e1p v\u00e0 h\u1ea5p d\u1eabn cho kh\u00e1ch c\u1ee7a b\u1ea1n.<\/p>\n","protected":false},"featured_media":18561,"comment_status":"open","ping_status":"closed","template":"","meta":[],"product_cat":[1660],"product_tag":[1670,1672,1671],"class_list":{"0":"post-19598","1":"product","2":"type-product","3":"status-publish","4":"has-post-thumbnail","6":"product_brand-lary-vi","7":"product_cat-lary-vi","8":"product_tag-ban","9":"product_tag-ban-an","10":"product_tag-ban-cafe","13":"first","14":"instock","15":"shipping-taxable","16":"product-type-simple"},"_links":{"self":[{"href":"https:\/\/harmoor.com\/vi\/wp-json\/wp\/v2\/product\/19598","targetHints":{"allow":["GET"]}}],"collection":[{"href":"https:\/\/harmoor.com\/vi\/wp-json\/wp\/v2\/product"}],"about":[{"href":"https:\/\/harmoor.com\/vi\/wp-json\/wp\/v2\/types\/product"}],"replies":[{"embeddable":true,"href":"https:\/\/harmoor.com\/vi\/wp-json\/wp\/v2\/comments?post=19598"}],"version-history":[{"count":0,"href":"https:\/\/harmoor.com\/vi\/wp-json\/wp\/v2\/product\/19598\/revisions"}],"wp:featuredmedia":[{"embeddable":true,"href":"https:\/\/harmoor.com\/vi\/wp-json\/wp\/v2\/media\/18561"}],"wp:attachment":[{"href":"https:\/\/harmoor.com\/vi\/wp-json\/wp\/v2\/media?parent=19598"}],"wp:term":[{"taxonomy":"product_cat","embeddable":true,"href":"https:\/\/harmoor.com\/vi\/wp-json\/wp\/v2\/product_cat?post=19598"},{"taxonomy":"product_tag","embeddable":true,"href":"https:\/\/harmoor.com\/vi\/wp-json\/wp\/v2\/product_tag?post=19598"}],"curies":[{"name":"wp","href":"https:\/\/api.w.org\/{rel}","templated":true}]}}