{"id":19592,"date":"2022-04-26T15:41:22","date_gmt":"2022-04-26T07:41:22","guid":{"rendered":"https:\/\/harmoor.com\/product\/amelie-11\/"},"modified":"2023-11-22T14:11:58","modified_gmt":"2023-11-22T06:11:58","slug":"ghe-amelie-11","status":"publish","type":"product","link":"https:\/\/harmoor.com\/vi\/product\/ghe-amelie-11\/","title":{"rendered":"amelie 11"},"content":{"rendered":"<div class=\"row\">\n<div class=\"col-xl-5 col-lg-5 col-md-6 col-sm-12 col-12\"><img fetchpriority=\"high\" decoding=\"async\" class=\"alignnone size-full wp-image-12104\" src=\"https:\/\/harmoor.com\/wp-content\/uploads\/2022\/04\/chair-amelie-11-12.webp\" alt=\"gh\u1ebf amelie 11\" width=\"458\" height=\"315\"><\/div>\n<div class=\"col-xl-7 col-lg-7 col-md-6 col-sm-12 col-12\">\n<h2><span style=\"vertical-align: inherit;\"><span style=\"vertical-align: inherit;\">TH\u01af\u01a0NG HI\u1ec6U<\/span><\/span><\/h2>\n<p>V\u1edbi l\u1ecbch s\u1eed c\u00f4ng ty phong ph\u00fa k\u00e9o d\u00e0i t\u1eeb n\u0103m 1998, Harmoor kh\u1edfi nghi\u1ec7p l\u00e0 m\u1ed9t nh\u00e0 m\u00e1y s\u1ea3n xu\u1ea5t \u0111\u1ed3 n\u1ed9i th\u1ea5t nh\u1ecf. Ch\u00fang t\u00f4i \u0111\u00e3 m\u1edf nh\u00e0 m\u00e1y t\u1ea1i Vi\u1ec7t Nam v\u00e0o n\u0103m 2018 v\u00e0 tr\u1edf th\u00e0nh m\u1ed9t trong nh\u1eefng nh\u00e0 m\u00e1y s\u1ea3n xu\u1ea5t \u0111\u1ed3 n\u1ed9i th\u1ea5t nh\u1ef1a l\u1edbn nh\u1ea5t t\u1ea1i Vi\u1ec7t Nam. Hi\u1ec7n nay, Harmoor l\u00e0 nh\u00e0 s\u1ea3n xu\u1ea5t v\u00e0 cung c\u1ea5p c\u00e1c s\u1ea3n ph\u1ea9m b\u00e0n gh\u1ebf v\u1edbi nhi\u1ec1u m\u1eabu m\u00e3 h\u00e0ng \u0111\u1ea7u Vi\u1ec7t Nam v\u00e0 th\u1ebf gi\u1edbi.<\/p>\n<p><img decoding=\"async\" class=\"mt-4\" src=\"https:\/\/harmoor.com\/wp-content\/uploads\/2023\/07\/single-product.webp\" alt=\"san-pham-don\" width=\"190\" height=\"30\"><\/div>\n<\/div>\n<div class=\"row\">\n<div class=\"col-xl-4 col-lg-4 col-md-4 col-sm-12 col-12 mb-4\">\n<h2><span style=\"vertical-align: inherit;\"><span style=\"vertical-align: inherit;\"><span style=\"vertical-align: inherit;\"><span style=\"vertical-align: inherit;\"><span style=\"vertical-align: inherit;\"><span style=\"vertical-align: inherit;\">TH\u00d4NG TIN S\u1ea2N PH\u1ea8M<\/span><\/span><\/span><\/span><\/span><\/span><\/h2>\n<ul>\n<li>T\u00ean s\u1ea3n ph\u1ea9m: Gh\u1ebf Amelie 11<\/li>\n<li>Ch\u1ea5t li\u1ec7u: Khung th\u00e9p + PP<\/li>\n<li>Phong c\u00e1ch thi\u1ebft k\u1ebf: \u00dd<\/li>\n<li>Xu\u1ea5t x\u1ee9: Vi\u1ec7t Nam<\/li>\n<\/ul>\n<\/div>\n<div class=\"col-xl-4 col-lg-4 col-md-4 col-sm-12 col-12 mb-4\">\n<h2><span style=\"vertical-align: inherit;\"><span style=\"vertical-align: inherit;\"><span style=\"vertical-align: inherit;\"><span style=\"vertical-align: inherit;\"><span style=\"vertical-align: inherit;\"><span style=\"vertical-align: inherit;\">K\u00cdCH TH\u01af\u1edaC<\/span><\/span><\/span><\/span><\/span><\/span><\/h2>\n<ul>\n<li>Chi\u1ec1u cao: 82cm<\/li>\n<li>Chi\u1ec1u r\u1ed9ng: 42cm<\/li>\n<li>Chi\u1ec1u s\u00e2u: 43cm<\/li>\n<li>Chi\u1ec1u cao gh\u1ebf: 45cm<\/li>\n<\/ul>\n<\/div>\n<div class=\"col-xl-4 col-lg-4 col-md-4 col-sm-12 col-12 mb-4\">\n<h2><span style=\"vertical-align: inherit;\"><span style=\"vertical-align: inherit;\"><span style=\"vertical-align: inherit;\"><span style=\"vertical-align: inherit;\"><span style=\"vertical-align: inherit;\"><span style=\"vertical-align: inherit;\">KH\u00d4NG GIAN S\u1eec D\u1ee4NG<\/span><\/span><\/span><\/span><\/span><\/span><\/h2>\n<ul>\n<li>Qu\u00e1n c\u00e0 ph\u00ea<\/li>\n<li>Nh\u00e0 h\u00e0ng<\/li>\n<li>Ph\u00f2ng \u0103n&#8230;<\/li>\n<li>&#8230;.<\/li>\n<\/ul>\n<\/div>\n<\/div>\n","protected":false},"excerpt":{"rendered":"<p>M\u1ed9t m\u1eabu \u0111\u1eb9p c\u1ee7a h\u00e3ng n\u1ed9i th\u1ea5t n\u1ed5i ti\u1ebfng Harmoor Italia. V\u1edbi s\u1ef1 k\u1ebft h\u1ee3p gi\u1eefa m\u1eb7t nh\u1ef1a PP cao c\u1ea5p k\u1ebft h\u1ee3p v\u1edbi ch\u00e2n s\u1eaft s\u01a1n t\u0129nh \u0111i\u1ec7n ch\u1ed1ng s\u00e9t tuy\u1ec7t \u0111\u1ed1i. Thi\u1ebft k\u1ebf m\u1edbi t\u1ea1o \u1ea5n t\u01b0\u1ee3ng m\u1ea1nh cho chi\u1ebfc gh\u1ebf n\u00e0y. C\u1ea5u t\u1ea1o c\u1ee7a gh\u1ebf Amelie 11 bao g\u1ed3m 3 b\u1ed9 ph\u1eadn ch\u00ednh l\u00e0 ph\u1ea7n g\u00e1c ch\u00e2n, m\u1eb7t ng\u1ed3i v\u00e0 ph\u1ea7n li\u00ean k\u1ebft gi\u1eefa ch\u00e2n v\u00e0 m\u1eb7t ng\u1ed3i. C\u00e1c b\u1ed9 ph\u1eadn n\u00e0y \u0111\u01b0\u1ee3c thi\u1ebft k\u1ebf ri\u00eang bi\u1ec7t v\u00e0 \u0111\u01b0\u1ee3c li\u00ean k\u1ebft v\u1edbi nhau b\u1eb1ng h\u1ec7 th\u1ed1ng c\u00e1c \u1ed1c v\u00edt. \u0110\u00e2y l\u00e0 m\u1eabu gh\u1ebf \u0103n \u0111\u1eb9p \u0111\u01b0\u1ee3c l\u00e0m t\u1eeb ch\u1ea5t li\u1ec7u ch\u1ecbu n\u01b0\u1edbc n\u00ean b\u1ea1n c\u00f3 th\u1ec3 s\u1eed d\u1ee5ng cho c\u1ea3 kh\u00f4ng gian trong nh\u00e0 v\u00e0 ngo\u00e0i tr\u1eddi. Ngo\u00e0i ch\u1ee9c n\u0103ng l\u00e0 gh\u1ebf \u0103n b\u1ea1n c\u00f3 th\u1ec3 d\u00f9ng l\u00e0m gh\u1ebf cho qu\u00e1n cafe sang tr\u1ecdng, gh\u1ebf nh\u00e0 h\u00e0ng, gh\u1ebf ngo\u00e0i tr\u1eddi,..<\/p>\n","protected":false},"featured_media":18265,"comment_status":"open","ping_status":"closed","template":"","meta":[],"product_cat":[1209],"product_tag":[1640,1212,1529],"class_list":{"0":"post-19592","1":"product","2":"type-product","3":"status-publish","4":"has-post-thumbnail","6":"product_brand-amelie-vi","7":"product_cat-amelie-vi","8":"product_tag-ghe-an","9":"product_tag-ghe-ca-phe","10":"product_tag-ghe-phong-an-vi","13":"first","14":"instock","15":"shipping-taxable","16":"product-type-simple"},"_links":{"self":[{"href":"https:\/\/harmoor.com\/vi\/wp-json\/wp\/v2\/product\/19592","targetHints":{"allow":["GET"]}}],"collection":[{"href":"https:\/\/harmoor.com\/vi\/wp-json\/wp\/v2\/product"}],"about":[{"href":"https:\/\/harmoor.com\/vi\/wp-json\/wp\/v2\/types\/product"}],"replies":[{"embeddable":true,"href":"https:\/\/harmoor.com\/vi\/wp-json\/wp\/v2\/comments?post=19592"}],"version-history":[{"count":1,"href":"https:\/\/harmoor.com\/vi\/wp-json\/wp\/v2\/product\/19592\/revisions"}],"predecessor-version":[{"id":20800,"href":"https:\/\/harmoor.com\/vi\/wp-json\/wp\/v2\/product\/19592\/revisions\/20800"}],"wp:featuredmedia":[{"embeddable":true,"href":"https:\/\/harmoor.com\/vi\/wp-json\/wp\/v2\/media\/18265"}],"wp:attachment":[{"href":"https:\/\/harmoor.com\/vi\/wp-json\/wp\/v2\/media?parent=19592"}],"wp:term":[{"taxonomy":"product_cat","embeddable":true,"href":"https:\/\/harmoor.com\/vi\/wp-json\/wp\/v2\/product_cat?post=19592"},{"taxonomy":"product_tag","embeddable":true,"href":"https:\/\/harmoor.com\/vi\/wp-json\/wp\/v2\/product_tag?post=19592"}],"curies":[{"name":"wp","href":"https:\/\/api.w.org\/{rel}","templated":true}]}}