{"id":19591,"date":"2022-04-26T15:41:23","date_gmt":"2022-04-26T07:41:23","guid":{"rendered":"https:\/\/harmoor.com\/product\/gaia-82\/"},"modified":"2024-03-04T18:08:27","modified_gmt":"2024-03-04T10:08:27","slug":"gaia-82","status":"publish","type":"product","link":"https:\/\/harmoor.com\/vi\/product\/gaia-82\/","title":{"rendered":"gaia 82"},"content":{"rendered":"<div class=\"row\">\n<div class=\"col-xl-5 col-lg-5 col-md-6 col-sm-12 col-12\"><img fetchpriority=\"high\" decoding=\"async\" class=\"alignnone size-full wp-image-12104\" src=\"https:\/\/harmoor.com\/wp-content\/uploads\/2022\/04\/chair-gaia-82-5.webp\" alt=\"ghe gaia 82\" width=\"458\" height=\"315\"><\/div>\n<div class=\"col-xl-7 col-lg-7 col-md-6 col-sm-12 col-12\">\n<h2><span style=\"vertical-align: inherit;\"><span style=\"vertical-align: inherit;\">TH\u01af\u01a0NG HI\u1ec6U<\/span><\/span><\/h2>\n<p>V\u1edbi l\u1ecbch s\u1eed c\u00f4ng ty phong ph\u00fa k\u00e9o d\u00e0i t\u1eeb n\u0103m 1998, Harmoor kh\u1edfi nghi\u1ec7p l\u00e0 m\u1ed9t nh\u00e0 m\u00e1y s\u1ea3n xu\u1ea5t \u0111\u1ed3 n\u1ed9i th\u1ea5t nh\u1ecf. Ch\u00fang t\u00f4i \u0111\u00e3 m\u1edf nh\u00e0 m\u00e1y t\u1ea1i Vi\u1ec7t Nam v\u00e0o n\u0103m 2018 v\u00e0 tr\u1edf th\u00e0nh m\u1ed9t trong nh\u1eefng nh\u00e0 m\u00e1y s\u1ea3n xu\u1ea5t \u0111\u1ed3 n\u1ed9i th\u1ea5t nh\u1ef1a l\u1edbn nh\u1ea5t t\u1ea1i Vi\u1ec7t Nam. Hi\u1ec7n nay, Harmoor l\u00e0 nh\u00e0 s\u1ea3n xu\u1ea5t v\u00e0 cung c\u1ea5p c\u00e1c s\u1ea3n ph\u1ea9m b\u00e0n gh\u1ebf v\u1edbi nhi\u1ec1u m\u1eabu m\u00e3 h\u00e0ng \u0111\u1ea7u Vi\u1ec7t Nam v\u00e0 th\u1ebf gi\u1edbi.<\/p>\n<p><img decoding=\"async\" class=\"mt-4\" src=\"https:\/\/harmoor.com\/wp-content\/uploads\/2023\/07\/single-product.webp\" alt=\"san-pham-don\" width=\"190\" height=\"30\"><\/div>\n<\/div>\n<div class=\"row\">\n<div class=\"col-xl-4 col-lg-4 col-md-4 col-sm-12 col-12 mb-4\">\n<h2><span style=\"vertical-align: inherit;\"><span style=\"vertical-align: inherit;\">TH\u00d4NG TIN S\u1ea2N PH\u1ea8M<\/span><\/span><\/h2>\n<ul>\n<li>T\u00ean s\u1ea3n ph\u1ea9m: Gh\u1ebf Gaia 82<\/li>\n<li>Gh\u1ebf: PP + v\u1ea3i<\/li>\n<li>\u0110\u1ec7m l\u01b0ng: PP<\/li>\n<li>Khung: Nh\u00f4m<\/li>\n<li>Phong c\u00e1ch thi\u1ebft k\u1ebf: \u00dd<\/li>\n<\/ul>\n<\/div>\n<div class=\"col-xl-4 col-lg-4 col-md-4 col-sm-12 col-12 mb-4\">\n<h2><span style=\"vertical-align: inherit;\"><span style=\"vertical-align: inherit;\">K\u00cdCH TH\u01af\u1edaC<\/span><\/span><\/h2>\n<ul>\n<li>Chi\u1ec1u cao: 80cm<\/li>\n<li>Chi\u1ec1u r\u1ed9ng: 46cm<\/li>\n<li>Chi\u1ec1u s\u00e2u: 46cm<\/li>\n<li>Chi\u1ec1u cao gh\u1ebf: 45cm<\/li>\n<li>Tr\u1ecdng l\u01b0\u1ee3ng: 5.0Kg<\/li>\n<\/ul>\n<\/div>\n<div class=\"col-xl-4 col-lg-4 col-md-4 col-sm-12 col-12 mb-4\">\n<h2><span style=\"vertical-align: inherit;\"><span style=\"vertical-align: inherit;\">KH\u00d4NG GIAN S\u1eec D\u1ee4NG<\/span><\/span><\/h2>\n<ul>\n<li>Ph\u00f2ng h\u1ecdp<\/li>\n<li>Ph\u00f2ng kh\u00e1ch<\/li>\n<li>Ph\u00f2ng \u0103n&#8230;<\/li>\n<li>V\u0103n ph\u00f2ng<\/li>\n<li>&#8230;.<\/li>\n<\/ul>\n<\/div>\n<\/div>\n","protected":false},"excerpt":{"rendered":"<p>Gh\u1ebf Gaia 82 l\u00e0 m\u1ed9t s\u1ea3n ph\u1ea9m linh ho\u1ea1t v\u00e0 phong c\u00e1ch \u0111\u01b0\u1ee3c thi\u1ebft k\u1ebf \u0111\u1ec3 n\u00e2ng cao tr\u1ea3i nghi\u1ec7m ch\u1ed7 ng\u1ed3i c\u1ee7a b\u1ea1n. V\u1edbi s\u1ef1 k\u1ebft h\u1ee3p gi\u1eefa v\u1ea3i v\u00e0 PP (polypropylene), m\u1eb7t ng\u1ed3i c\u1ee7a gh\u1ebf Gaia 82 mang \u0111\u1ebfn b\u1ec1 m\u1eb7t tho\u1ea3i m\u00e1i v\u00e0 n\u00e2ng \u0111\u1ee1. Ph\u1ea7n t\u1ef1a l\u01b0ng c\u1ee7a gh\u1ebf c\u0169ng \u0111\u01b0\u1ee3c l\u00e0m b\u1eb1ng nh\u1ef1a PP, gi\u00fap n\u00e2ng \u0111\u1ee1 th\u00eam v\u00e0 \u0111\u1ea3m b\u1ea3o t\u01b0 th\u1ebf th\u00edch h\u1ee3p khi ng\u1ed3i l\u00e2u. Vi\u1ec7c s\u1eed d\u1ee5ng nh\u1ef1a PP cho c\u1ea3 m\u1eb7t ng\u1ed3i v\u00e0 t\u1ef1a l\u01b0ng gi\u00fap gh\u1ebf Gaia 82 c\u00f3 \u0111\u1ed9 b\u1ec1n cao v\u00e0 d\u1ec5 d\u00e0ng v\u1ec7 sinh. Khung gh\u1ebf \u0111\u01b0\u1ee3c l\u00e0m t\u1eeb nh\u00f4m nh\u1eb9 v\u00e0 ch\u1eafc ch\u1eafn, t\u0103ng th\u00eam s\u1ee9c m\u1ea1nh v\u00e0 s\u1ef1 \u1ed5n \u0111\u1ecbnh cho thi\u1ebft k\u1ebf t\u1ed5ng th\u1ec3. Khung nh\u00f4m kh\u00f4ng ch\u1ec9 \u0111\u1ea3m b\u1ea3o \u0111\u1ed9 b\u1ec1n m\u00e0 c\u00f2n gi\u00fap gh\u1ebf Gaia 82 d\u1ec5 d\u00e0ng di chuy\u1ec3n, v\u1eadn chuy\u1ec3n. Gh\u1ebf Gaia 82 l\u00e0 s\u1ef1 l\u1ef1a ch\u1ecdn ho\u00e0n h\u1ea3o cho nhi\u1ec1u kh\u00f4ng gian kh\u00e1c nhau, cho d\u00f9 \u0111\u00f3 l\u00e0 v\u0103n ph\u00f2ng hi\u1ec7n \u0111\u1ea1i. S\u1ef1 k\u1ebft h\u1ee3p gi\u1eefa v\u1ea3i, PP v\u00e0 nh\u00f4m t\u1ea1o n\u00ean ki\u1ec3u d\u00e1ng hi\u1ec7n \u0111\u1ea1i v\u00e0 b\u00f3ng b\u1ea9y ph\u00f9 h\u1ee3p v\u1edbi m\u1ecdi kh\u00f4ng gian.<\/p>\n","protected":false},"featured_media":18635,"comment_status":"open","ping_status":"closed","template":"","meta":[],"product_cat":[1210],"product_tag":[1529,1654,1531,1530],"class_list":{"0":"post-19591","1":"product","2":"type-product","3":"status-publish","4":"has-post-thumbnail","6":"product_brand-gaia-vi","7":"product_cat-gaia-vi","8":"product_tag-ghe-phong-an-vi","9":"product_tag-ghe-phong-hop-vi","10":"product_tag-ghe-phong-khach-vi","11":"product_tag-ghe-van-phong-vi","14":"first","15":"instock","16":"shipping-taxable","17":"product-type-simple"},"_links":{"self":[{"href":"https:\/\/harmoor.com\/vi\/wp-json\/wp\/v2\/product\/19591","targetHints":{"allow":["GET"]}}],"collection":[{"href":"https:\/\/harmoor.com\/vi\/wp-json\/wp\/v2\/product"}],"about":[{"href":"https:\/\/harmoor.com\/vi\/wp-json\/wp\/v2\/types\/product"}],"replies":[{"embeddable":true,"href":"https:\/\/harmoor.com\/vi\/wp-json\/wp\/v2\/comments?post=19591"}],"version-history":[{"count":0,"href":"https:\/\/harmoor.com\/vi\/wp-json\/wp\/v2\/product\/19591\/revisions"}],"wp:featuredmedia":[{"embeddable":true,"href":"https:\/\/harmoor.com\/vi\/wp-json\/wp\/v2\/media\/18635"}],"wp:attachment":[{"href":"https:\/\/harmoor.com\/vi\/wp-json\/wp\/v2\/media?parent=19591"}],"wp:term":[{"taxonomy":"product_cat","embeddable":true,"href":"https:\/\/harmoor.com\/vi\/wp-json\/wp\/v2\/product_cat?post=19591"},{"taxonomy":"product_tag","embeddable":true,"href":"https:\/\/harmoor.com\/vi\/wp-json\/wp\/v2\/product_tag?post=19591"}],"curies":[{"name":"wp","href":"https:\/\/api.w.org\/{rel}","templated":true}]}}