{"id":19590,"date":"2022-04-26T15:41:23","date_gmt":"2022-04-26T07:41:23","guid":{"rendered":"https:\/\/harmoor.com\/product\/gaia-31\/"},"modified":"2024-07-14T18:07:21","modified_gmt":"2024-07-14T10:07:21","slug":"gaia-31","status":"publish","type":"product","link":"https:\/\/harmoor.com\/vi\/product\/gaia-31\/","title":{"rendered":"gaia 31"},"content":{"rendered":"<div class=\"row\">\n<div class=\"col-xl-5 col-lg-5 col-md-6 col-sm-12 col-12\"><img fetchpriority=\"high\" decoding=\"async\" class=\"alignnone size-full wp-image-12104\" src=\"https:\/\/harmoor.com\/wp-content\/uploads\/2022\/04\/chair-gaia-31-4.webp\" alt=\"ghe gaia 31\" width=\"458\" height=\"315\"><\/div>\n<div class=\"col-xl-7 col-lg-7 col-md-6 col-sm-12 col-12\">\n<h2><span style=\"vertical-align: inherit;\"><span style=\"vertical-align: inherit;\">TH\u01af\u01a0NG HI\u1ec6U<\/span><\/span><\/h2>\n<p>V\u1edbi l\u1ecbch s\u1eed c\u00f4ng ty phong ph\u00fa k\u00e9o d\u00e0i t\u1eeb n\u0103m 1998, Harmoor kh\u1edfi nghi\u1ec7p l\u00e0 m\u1ed9t nh\u00e0 m\u00e1y s\u1ea3n xu\u1ea5t \u0111\u1ed3 n\u1ed9i th\u1ea5t nh\u1ecf. Ch\u00fang t\u00f4i \u0111\u00e3 m\u1edf nh\u00e0 m\u00e1y t\u1ea1i Vi\u1ec7t Nam v\u00e0o n\u0103m 2018 v\u00e0 tr\u1edf th\u00e0nh m\u1ed9t trong nh\u1eefng nh\u00e0 m\u00e1y s\u1ea3n xu\u1ea5t \u0111\u1ed3 n\u1ed9i th\u1ea5t nh\u1ef1a l\u1edbn nh\u1ea5t t\u1ea1i Vi\u1ec7t Nam. Hi\u1ec7n nay, Harmoor l\u00e0 nh\u00e0 s\u1ea3n xu\u1ea5t v\u00e0 cung c\u1ea5p c\u00e1c s\u1ea3n ph\u1ea9m b\u00e0n gh\u1ebf v\u1edbi nhi\u1ec1u m\u1eabu m\u00e3 h\u00e0ng \u0111\u1ea7u Vi\u1ec7t Nam v\u00e0 th\u1ebf gi\u1edbi.<\/p>\n<p><img decoding=\"async\" class=\"mt-4\" src=\"https:\/\/harmoor.com\/wp-content\/uploads\/2023\/07\/single-product.webp\" alt=\"san-pham-don\" width=\"190\" height=\"30\"><\/div>\n<\/div>\n<div class=\"row\">\n<div class=\"col-xl-4 col-lg-4 col-md-4 col-sm-12 col-12 mb-4\">\n<h2><span style=\"vertical-align: inherit;\"><span style=\"vertical-align: inherit;\">TH\u00d4NG TIN S\u1ea2N PH\u1ea8M<\/span><\/span><\/h2>\n<ul>\n<li>T\u00ean s\u1ea3n ph\u1ea9m: Gh\u1ebf Gaia 31<\/li>\n<li>Gh\u1ebf v\u00e0 l\u01b0ng: PP<\/li>\n<li>Khung: Th\u00e9p s\u01a1n t\u0129nh \u0111i\u1ec7n<\/li>\n<li>Phong c\u00e1ch thi\u1ebft k\u1ebf: \u00dd<\/li>\n<li>Xu\u1ea5t x\u1ee9: Vi\u1ec7t Nam<\/li>\n<\/ul>\n<\/div>\n<div class=\"col-xl-4 col-lg-4 col-md-4 col-sm-12 col-12 mb-4\">\n<h2><span style=\"vertical-align: inherit;\"><span style=\"vertical-align: inherit;\">K\u00cdCH TH\u01af\u1edaC<\/span><\/span><\/h2>\n<ul>\n<li>Chi\u1ec1u cao: 80cm<\/li>\n<li>Chi\u1ec1u r\u1ed9ng: 46cm<\/li>\n<li>Chi\u1ec1u s\u00e2u: 46cm<\/li>\n<li>Chi\u1ec1u cao gh\u1ebf: 45cm<\/li>\n<li>Tr\u1ecdng l\u01b0\u1ee3ng: 4.0Kg<\/li>\n<\/ul>\n<\/div>\n<div class=\"col-xl-4 col-lg-4 col-md-4 col-sm-12 col-12 mb-4\">\n<h2><span style=\"vertical-align: inherit;\"><span style=\"vertical-align: inherit;\">KH\u00d4NG GIAN S\u1eec D\u1ee4NG<\/span><\/span><\/h2>\n<ul>\n<li>Qu\u00e1n c\u00e0 ph\u00ea<\/li>\n<li>Nh\u00e0 h\u00e0ng<\/li>\n<li>Ph\u00f2ng \u0103n&#8230;<\/li>\n<li>&#8230;.<\/li>\n<\/ul>\n<\/div>\n<\/div>\n","protected":false},"excerpt":{"rendered":"<p>Gh\u1ebf Gaia 31 l\u00e0 s\u1ea3n ph\u1ea9m cao c\u1ea5p v\u1edbi ki\u1ec3u d\u00e1ng \u0111\u1eb9p m\u1eaft, ch\u1ea5t li\u1ec7u cao c\u1ea5p. V\u1edbi m\u1eb7t ng\u1ed3i v\u00e0 t\u1ef1a l\u01b0ng b\u1eb1ng nh\u1ef1a, gh\u1ebf Gaia 31 mang \u0111\u1ebfn s\u1ef1 tho\u1ea3i m\u00e1i v\u00e0 h\u1ed7 tr\u1ee3 tuy\u1ec7t v\u1eddi. Ch\u00e2n gh\u1ebf l\u00e0m b\u1eb1ng th\u00e9p s\u01a1n t\u0129nh \u0111i\u1ec7n b\u1ec1n ch\u1eafc, \u0111\u1ea3m b\u1ea3o \u0111\u1ed9 b\u1ec1n v\u00e0 ch\u1eafc ch\u1eafn. K\u1ebft c\u1ea5u th\u00e9p t\u0103ng th\u00eam s\u1ee9c m\u1ea1nh v\u00e0 \u0111\u1ed9 tin c\u1eady cho gh\u1ebf Gaia 31, gi\u00fap gh\u1ebf ph\u00f9 h\u1ee3p cho vi\u1ec7c s\u1eed d\u1ee5ng h\u00e0ng ng\u00e0y. Gh\u1ebf Gaia 31 kh\u00f4ng ch\u1ec9 mang \u0111\u1ebfn s\u1ef1 tho\u1ea3i m\u00e1i m\u00e0 c\u00f2n c\u00f3 thi\u1ebft k\u1ebf hi\u1ec7n \u0111\u1ea1i v\u00e0 th\u1ea9m m\u1ef9. S\u1ef1 k\u1ebft h\u1ee3p gi\u1eefa nh\u1ef1a v\u00e0 th\u00e9p s\u01a1n t\u0129nh \u0111i\u1ec7n t\u1ea1o n\u00ean v\u1ebb \u0111\u1ed9c \u0111\u00e1o v\u00e0 phong c\u00e1ch cho b\u1ea5t k\u1ef3 kh\u00f4ng gian s\u1ed1ng n\u00e0o.<\/p>\n","protected":false},"featured_media":18674,"comment_status":"open","ping_status":"closed","template":"","meta":[],"product_cat":[1210],"product_tag":[1212,1261,1529],"class_list":{"0":"post-19590","1":"product","2":"type-product","3":"status-publish","4":"has-post-thumbnail","6":"product_brand-gaia-vi","7":"product_cat-gaia-vi","8":"product_tag-ghe-ca-phe","9":"product_tag-ghe-nha-hang-vi","10":"product_tag-ghe-phong-an-vi","13":"first","14":"instock","15":"shipping-taxable","16":"product-type-simple"},"_links":{"self":[{"href":"https:\/\/harmoor.com\/vi\/wp-json\/wp\/v2\/product\/19590","targetHints":{"allow":["GET"]}}],"collection":[{"href":"https:\/\/harmoor.com\/vi\/wp-json\/wp\/v2\/product"}],"about":[{"href":"https:\/\/harmoor.com\/vi\/wp-json\/wp\/v2\/types\/product"}],"replies":[{"embeddable":true,"href":"https:\/\/harmoor.com\/vi\/wp-json\/wp\/v2\/comments?post=19590"}],"version-history":[{"count":0,"href":"https:\/\/harmoor.com\/vi\/wp-json\/wp\/v2\/product\/19590\/revisions"}],"wp:featuredmedia":[{"embeddable":true,"href":"https:\/\/harmoor.com\/vi\/wp-json\/wp\/v2\/media\/18674"}],"wp:attachment":[{"href":"https:\/\/harmoor.com\/vi\/wp-json\/wp\/v2\/media?parent=19590"}],"wp:term":[{"taxonomy":"product_cat","embeddable":true,"href":"https:\/\/harmoor.com\/vi\/wp-json\/wp\/v2\/product_cat?post=19590"},{"taxonomy":"product_tag","embeddable":true,"href":"https:\/\/harmoor.com\/vi\/wp-json\/wp\/v2\/product_tag?post=19590"}],"curies":[{"name":"wp","href":"https:\/\/api.w.org\/{rel}","templated":true}]}}