{"id":19588,"date":"2022-04-26T15:41:24","date_gmt":"2022-04-26T07:41:24","guid":{"rendered":"https:\/\/harmoor.com\/product\/gaia-71\/"},"modified":"2023-11-22T14:11:35","modified_gmt":"2023-11-22T06:11:35","slug":"gaia-71","status":"publish","type":"product","link":"https:\/\/harmoor.com\/vi\/product\/gaia-71\/","title":{"rendered":"gaia 71"},"content":{"rendered":"<div class=\"row\">\n<div class=\"col-xl-5 col-lg-5 col-md-6 col-sm-12 col-12\"><img fetchpriority=\"high\" decoding=\"async\" class=\"alignnone size-full wp-image-12104\" src=\"https:\/\/harmoor.com\/wp-content\/uploads\/2022\/04\/chair-gaia-71-8.webp\" alt=\"ghe gaia 71\" width=\"458\" height=\"315\"><\/div>\n<div class=\"col-xl-7 col-lg-7 col-md-6 col-sm-12 col-12\">\n<h2><span style=\"vertical-align: inherit;\"><span style=\"vertical-align: inherit;\">TH\u01af\u01a0NG HI\u1ec6U<\/span><\/span><\/h2>\n<p>V\u1edbi l\u1ecbch s\u1eed c\u00f4ng ty phong ph\u00fa k\u00e9o d\u00e0i t\u1eeb n\u0103m 1998, Harmoor kh\u1edfi nghi\u1ec7p l\u00e0 m\u1ed9t nh\u00e0 m\u00e1y s\u1ea3n xu\u1ea5t \u0111\u1ed3 n\u1ed9i th\u1ea5t nh\u1ecf. Ch\u00fang t\u00f4i \u0111\u00e3 m\u1edf nh\u00e0 m\u00e1y t\u1ea1i Vi\u1ec7t Nam v\u00e0o n\u0103m 2018 v\u00e0 tr\u1edf th\u00e0nh m\u1ed9t trong nh\u1eefng nh\u00e0 m\u00e1y s\u1ea3n xu\u1ea5t \u0111\u1ed3 n\u1ed9i th\u1ea5t nh\u1ef1a l\u1edbn nh\u1ea5t t\u1ea1i Vi\u1ec7t Nam. Hi\u1ec7n nay, Harmoor l\u00e0 nh\u00e0 s\u1ea3n xu\u1ea5t v\u00e0 cung c\u1ea5p c\u00e1c s\u1ea3n ph\u1ea9m b\u00e0n gh\u1ebf v\u1edbi nhi\u1ec1u m\u1eabu m\u00e3 h\u00e0ng \u0111\u1ea7u Vi\u1ec7t Nam v\u00e0 th\u1ebf gi\u1edbi.<\/p>\n<p><img decoding=\"async\" class=\"mt-4\" src=\"https:\/\/harmoor.com\/wp-content\/uploads\/2023\/07\/single-product.webp\" alt=\"san-pham-don-le\" width=\"190\" height=\"30\"><\/div>\n<\/div>\n<div class=\"row\">\n<div class=\"col-xl-4 col-lg-4 col-md-4 col-sm-12 col-12 mb-4\">\n<h2><span style=\"vertical-align: inherit;\"><span style=\"vertical-align: inherit;\">TH\u00d4NG TIN S\u1ea2N PH\u1ea8M<\/span><\/span><\/h2>\n<ul>\n<li>T\u00ean Model: Gh\u1ebf Gaia 71<\/li>\n<li>Gh\u1ebf v\u00e0 l\u01b0ng: PP<\/li>\n<li>Khung: Nh\u00f4m<\/li>\n<li>Phong c\u00e1ch thi\u1ebft k\u1ebf: \u00dd<\/li>\n<\/ul>\n<\/div>\n<div class=\"col-xl-4 col-lg-4 col-md-4 col-sm-12 col-12 mb-4\">\n<h2><span style=\"vertical-align: inherit;\"><span style=\"vertical-align: inherit;\">K\u00cdCH TH\u01af\u1edaC<\/span><\/span><\/h2>\n<ul>\n<li>Chi\u1ec1u cao: 80cm<\/li>\n<li>Chi\u1ec1u r\u1ed9ng: 46cm<\/li>\n<li>Chi\u1ec1u s\u00e2u: 46cm<\/li>\n<li>Chi\u1ec1u cao gh\u1ebf: 45cm<\/li>\n<li>Tr\u1ecdng l\u01b0\u1ee3ng: 4.5Kg<\/li>\n<\/ul>\n<\/div>\n<div class=\"col-xl-4 col-lg-4 col-md-4 col-sm-12 col-12 mb-4\">\n<h2><span style=\"vertical-align: inherit;\"><span style=\"vertical-align: inherit;\">KH\u00d4NG GIAN S\u1eec D\u1ee4NG<\/span><\/span><\/h2>\n<ul>\n<li>Ph\u00f2ng h\u1ecdp<\/li>\n<li>Ph\u00f2ng kh\u00e1ch<\/li>\n<li>V\u0103n ph\u00f2ng<\/li>\n<li>&#8230;.<\/li>\n<\/ul>\n<\/div>\n<\/div>\n","protected":false},"excerpt":{"rendered":"<p>Gh\u1ebf v\u0103n ph\u00f2ng Gaia 71 v\u1edbi thi\u1ebft k\u1ebf tr\u1ebb trung, ti\u1ec7n d\u1ee5ng, \u0111\u01a1n gi\u1ea3n nh\u01b0ng kh\u00f4ng k\u00e9m ph\u1ea7n tinh t\u1ebf. V\u1edbi l\u01b0ng s\u1eed d\u1ee5ng nh\u1ef1a cao c\u1ea5p nh\u1eadp kh\u1ea9u t\u1eeb \u00dd v\u00e0 ch\u00e2n gh\u1ebf l\u00e0m t\u1eeb ch\u1ea5t li\u1ec7u Nh\u00f4m cao c\u1ea5p ch\u1eafc ch\u1eafn v\u00e0 s\u01a1n t\u0129nh \u0111i\u1ec7n b\u1ec1n \u0111\u1eb9p s\u1ebd mang \u0111\u1ebfn cho b\u1ea1n m\u1ed9t s\u1ea3n ph\u1ea9m v\u1eeba th\u1eddi trang, v\u1eeba c\u1ee9ng c\u00e1p v\u00e0 ch\u00e2n th\u1eadt. B\u00ean c\u1ea1nh \u0111\u00f3 c\u00f2n c\u00f3 s\u1ef1 t\u0103ng ch\u1ec9nh \u0111\u1ed9 cao c\u1ee7a \u0111\u1ec7m ng\u1ed3i gi\u00fap b\u1ea1n d\u1ec5 d\u00e0ng linh ho\u1ea1t theo nhu c\u1ea7u c\u1ee7a t\u1eebng ng\u01b0\u1eddi khi s\u1eed d\u1ee5ng s\u1ea3n ph\u1ea9m n\u00e0y.<\/p>\n","protected":false},"featured_media":18624,"comment_status":"open","ping_status":"closed","template":"","meta":[],"product_cat":[1210],"product_tag":[1654,1531,1530],"class_list":{"0":"post-19588","1":"product","2":"type-product","3":"status-publish","4":"has-post-thumbnail","6":"product_brand-gaia-vi","7":"product_cat-gaia-vi","8":"product_tag-ghe-phong-hop-vi","9":"product_tag-ghe-phong-khach-vi","10":"product_tag-ghe-van-phong-vi","13":"first","14":"instock","15":"shipping-taxable","16":"product-type-simple"},"_links":{"self":[{"href":"https:\/\/harmoor.com\/vi\/wp-json\/wp\/v2\/product\/19588","targetHints":{"allow":["GET"]}}],"collection":[{"href":"https:\/\/harmoor.com\/vi\/wp-json\/wp\/v2\/product"}],"about":[{"href":"https:\/\/harmoor.com\/vi\/wp-json\/wp\/v2\/types\/product"}],"replies":[{"embeddable":true,"href":"https:\/\/harmoor.com\/vi\/wp-json\/wp\/v2\/comments?post=19588"}],"version-history":[{"count":0,"href":"https:\/\/harmoor.com\/vi\/wp-json\/wp\/v2\/product\/19588\/revisions"}],"wp:featuredmedia":[{"embeddable":true,"href":"https:\/\/harmoor.com\/vi\/wp-json\/wp\/v2\/media\/18624"}],"wp:attachment":[{"href":"https:\/\/harmoor.com\/vi\/wp-json\/wp\/v2\/media?parent=19588"}],"wp:term":[{"taxonomy":"product_cat","embeddable":true,"href":"https:\/\/harmoor.com\/vi\/wp-json\/wp\/v2\/product_cat?post=19588"},{"taxonomy":"product_tag","embeddable":true,"href":"https:\/\/harmoor.com\/vi\/wp-json\/wp\/v2\/product_tag?post=19588"}],"curies":[{"name":"wp","href":"https:\/\/api.w.org\/{rel}","templated":true}]}}