{"id":19497,"date":"2022-04-26T15:41:23","date_gmt":"2022-04-26T07:41:23","guid":{"rendered":"https:\/\/harmoor.com\/product\/lary-11\/"},"modified":"2023-11-22T14:11:45","modified_gmt":"2023-11-22T06:11:45","slug":"lary-11","status":"publish","type":"product","link":"https:\/\/harmoor.com\/vi\/product\/lary-11\/","title":{"rendered":"lary 11"},"content":{"rendered":"<div class=\"row\">\n<div class=\"col-xl-5 col-lg-5 col-md-6 col-sm-12 col-12\"><img fetchpriority=\"high\" decoding=\"async\" class=\"alignnone size-full wp-image-12104\" src=\"https:\/\/harmoor.com\/wp-content\/uploads\/2022\/04\/chair-lary-11-2.webp\" alt=\"ghe lary 11\" width=\"458\" height=\"315\" \/><\/div>\n<div class=\"col-xl-7 col-lg-7 col-md-6 col-sm-12 col-12\">\n<h2><span style=\"vertical-align: inherit;\"><span style=\"vertical-align: inherit;\">TH\u01af\u01a0NG HI\u1ec6U<\/span><\/span><\/h2>\n<p>V\u1edbi l\u1ecbch s\u1eed c\u00f4ng ty phong ph\u00fa k\u00e9o d\u00e0i t\u1eeb n\u0103m 1998, Harmoor kh\u1edfi nghi\u1ec7p l\u00e0 m\u1ed9t nh\u00e0 m\u00e1y s\u1ea3n xu\u1ea5t \u0111\u1ed3 n\u1ed9i th\u1ea5t nh\u1ecf. Ch\u00fang t\u00f4i \u0111\u00e3 m\u1edf nh\u00e0 m\u00e1y t\u1ea1i Vi\u1ec7t Nam v\u00e0o n\u0103m 2018 v\u00e0 tr\u1edf th\u00e0nh m\u1ed9t trong nh\u1eefng nh\u00e0 m\u00e1y s\u1ea3n xu\u1ea5t \u0111\u1ed3 n\u1ed9i th\u1ea5t nh\u1ef1a l\u1edbn nh\u1ea5t t\u1ea1i Vi\u1ec7t Nam. Hi\u1ec7n nay, Harmoor l\u00e0 nh\u00e0 s\u1ea3n xu\u1ea5t v\u00e0 cung c\u1ea5p c\u00e1c s\u1ea3n ph\u1ea9m b\u00e0n gh\u1ebf v\u1edbi nhi\u1ec1u m\u1eabu m\u00e3 h\u00e0ng \u0111\u1ea7u Vi\u1ec7t Nam v\u00e0 th\u1ebf gi\u1edbi.<\/p>\n<p><img decoding=\"async\" class=\"mt-4\" src=\"https:\/\/harmoor.com\/wp-content\/uploads\/2023\/07\/single-product.webp\" alt=\"san-pham\" width=\"190\" height=\"30\" \/><\/div>\n<\/div>\n<div class=\"row\">\n<div class=\"col-xl-4 col-lg-4 col-md-4 col-sm-12 col-12 mb-4\">\n<h2><span style=\"vertical-align: inherit;\"><span style=\"vertical-align: inherit;\">TH\u00d4NG TIN S\u1ea2N PH\u1ea8M<\/span><\/span><\/h2>\n<ul>\n<li>T\u00ean s\u1ea3n ph\u1ea9m: Gh\u1ebf Lary 11<\/li>\n<li>Gh\u1ebf: V\u1ea3i<\/li>\n<li>Ch\u1ea5t li\u1ec7u: Nh\u1ef1a PP<\/li>\n<li>Phong c\u00e1ch thi\u1ebft k\u1ebf: \u00dd<\/li>\n<\/ul>\n<\/div>\n<div class=\"col-xl-4 col-lg-4 col-md-4 col-sm-12 col-12 mb-4\">\n<h2><span style=\"vertical-align: inherit;\"><span style=\"vertical-align: inherit;\">K\u00cdCH TH\u01af\u1edaC<\/span><\/span><\/h2>\n<ul>\n<li>Chi\u1ec1u cao: 44cm<\/li>\n<li>Chi\u1ec1u r\u1ed9ng: 42cm<\/li>\n<li>Chi\u1ec1u s\u00e2u: 42cm<\/li>\n<li>Chi\u1ec1u cao gh\u1ebf: 44cm<\/li>\n<li>Tr\u1ecdng l\u01b0\u1ee3ng: 3.5Kg<\/li>\n<\/ul>\n<\/div>\n<div class=\"col-xl-4 col-lg-4 col-md-4 col-sm-12 col-12 mb-4\">\n<h2><span style=\"vertical-align: inherit;\"><span style=\"vertical-align: inherit;\">KH\u00d4NG GIAN S\u1eec D\u1ee4NG<\/span><\/span><\/h2>\n<ul>\n<li>Qu\u00e1n c\u00e0 ph\u00ea<\/li>\n<li>Ph\u00f2ng kh\u00e1ch<\/li>\n<li>Ph\u00f2ng ng\u1ee7<\/li>\n<li>&#8230;.<\/li>\n<\/ul>\n<\/div>\n<\/div>\n","protected":false},"excerpt":{"rendered":"<p>Gh\u1ebf Lary 11 l\u00e0 m\u1ed9t s\u1ea3n ph\u1ea9m hi\u1ec7n \u0111\u1ea1i v\u00e0 thi\u1ebft th\u1ef1c, mang l\u1ea1i tr\u1ea3i nghi\u1ec7m ng\u1ed3i tho\u1ea3i m\u00e1i v\u00e0 th\u00fa v\u1ecb. M\u1eb7t ng\u1ed3i c\u1ee7a gh\u1ebf \u0111\u01b0\u1ee3c b\u1ecdc v\u1ea3i mang \u0111\u1ebfn c\u1ea3m gi\u00e1c \u1ea5m c\u00fang, \u00eam \u00e1i cho ng\u01b0\u1eddi s\u1eed d\u1ee5ng. Ch\u1ea5t li\u1ec7u ch\u00ednh \u0111\u01b0\u1ee3c s\u1eed d\u1ee5ng tr\u00ean Gh\u1ebf Lary 11 l\u00e0 nh\u1ef1a PP (polypropylene) \u0111\u1ea3m b\u1ea3o \u0111\u1ed9 b\u1ec1n v\u00e0 ch\u1eafc ch\u1eafn cho s\u1ea3n ph\u1ea9m. PP c\u0169ng l\u00e0 ch\u1ea5t li\u1ec7u d\u1ec5 lau ch\u00f9i, ch\u1ed1ng b\u00e1m b\u1ea9n gi\u00fap gh\u1ebf lu\u00f4n s\u1ea1ch s\u1ebd v\u00e0 d\u1ec5 b\u1ea3o qu\u1ea3n. V\u1edbi thi\u1ebft k\u1ebf \u0111\u01a1n gi\u1ea3n v\u00e0 tinh t\u1ebf, Gh\u1ebf Lary 11 ph\u00f9 h\u1ee3p v\u1edbi nhi\u1ec1u kh\u00f4ng gian kh\u00e1c nhau, t\u1eeb qu\u00e1n c\u00e0 ph\u00ea, ph\u00f2ng ng\u1ee7, ph\u00f2ng thay \u0111\u1ed3 cho \u0111\u1ebfn ph\u00f2ng kh\u00e1ch. S\u1ef1 k\u1ebft h\u1ee3p gi\u1eefa m\u1eb7t ng\u1ed3i b\u1ecdc v\u1ea3i v\u00e0 ch\u1ea5t li\u1ec7u PP t\u1ea1o n\u00ean v\u1ebb ngo\u00e0i cu\u1ed1n h\u00fat, hi\u1ec7n \u0111\u1ea1i cho chi\u1ebfc gh\u1ebf.<\/p>\n","protected":false},"featured_media":18547,"comment_status":"open","ping_status":"closed","template":"","meta":[],"product_cat":[1660],"product_tag":[1531,1661,1530],"class_list":{"0":"post-19497","1":"product","2":"type-product","3":"status-publish","4":"has-post-thumbnail","6":"product_brand-lary-vi","7":"product_cat-lary-vi","8":"product_tag-ghe-phong-khach-vi","9":"product_tag-ghe-phong-ngu","10":"product_tag-ghe-van-phong-vi","13":"first","14":"instock","15":"shipping-taxable","16":"product-type-simple"},"_links":{"self":[{"href":"https:\/\/harmoor.com\/vi\/wp-json\/wp\/v2\/product\/19497","targetHints":{"allow":["GET"]}}],"collection":[{"href":"https:\/\/harmoor.com\/vi\/wp-json\/wp\/v2\/product"}],"about":[{"href":"https:\/\/harmoor.com\/vi\/wp-json\/wp\/v2\/types\/product"}],"replies":[{"embeddable":true,"href":"https:\/\/harmoor.com\/vi\/wp-json\/wp\/v2\/comments?post=19497"}],"version-history":[{"count":0,"href":"https:\/\/harmoor.com\/vi\/wp-json\/wp\/v2\/product\/19497\/revisions"}],"wp:featuredmedia":[{"embeddable":true,"href":"https:\/\/harmoor.com\/vi\/wp-json\/wp\/v2\/media\/18547"}],"wp:attachment":[{"href":"https:\/\/harmoor.com\/vi\/wp-json\/wp\/v2\/media?parent=19497"}],"wp:term":[{"taxonomy":"product_cat","embeddable":true,"href":"https:\/\/harmoor.com\/vi\/wp-json\/wp\/v2\/product_cat?post=19497"},{"taxonomy":"product_tag","embeddable":true,"href":"https:\/\/harmoor.com\/vi\/wp-json\/wp\/v2\/product_tag?post=19497"}],"curies":[{"name":"wp","href":"https:\/\/api.w.org\/{rel}","templated":true}]}}