{"id":19253,"date":"2022-04-26T15:41:22","date_gmt":"2022-04-26T07:41:22","guid":{"rendered":"https:\/\/harmoor.com\/product\/amelie-21\/"},"modified":"2023-11-22T14:11:57","modified_gmt":"2023-11-22T06:11:57","slug":"amelie-21","status":"publish","type":"product","link":"https:\/\/harmoor.com\/vi\/product\/amelie-21\/","title":{"rendered":"amelie 21"},"content":{"rendered":"<div class=\"row\">\n<div class=\"col-xl-5 col-lg-5 col-md-6 col-sm-12 col-12\"><img fetchpriority=\"high\" decoding=\"async\" class=\"alignnone size-full wp-image-12104\" src=\"https:\/\/harmoor.com\/wp-content\/uploads\/2022\/04\/chair-amelie-21-10.webp\" alt=\"\" width=\"458\" height=\"315\" \/><\/div>\n<div class=\"col-xl-7 col-lg-7 col-md-6 col-sm-12 col-12\">\n<h2><span style=\"vertical-align: inherit;\"><span style=\"vertical-align: inherit;\">TH\u01af\u01a0NG HI\u1ec6U<\/span><\/span><\/h2>\n<p>V\u1edbi l\u1ecbch s\u1eed c\u00f4ng ty phong ph\u00fa k\u00e9o d\u00e0i t\u1eeb n\u0103m 1998, Harmoor kh\u1edfi nghi\u1ec7p l\u00e0 m\u1ed9t nh\u00e0 m\u00e1y s\u1ea3n xu\u1ea5t \u0111\u1ed3 n\u1ed9i th\u1ea5t nh\u1ecf. Ch\u00fang t\u00f4i \u0111\u00e3 m\u1edf nh\u00e0 m\u00e1y t\u1ea1i Vi\u1ec7t Nam v\u00e0o n\u0103m 2018 v\u00e0 tr\u1edf th\u00e0nh m\u1ed9t trong nh\u1eefng nh\u00e0 m\u00e1y s\u1ea3n xu\u1ea5t \u0111\u1ed3 n\u1ed9i th\u1ea5t nh\u1ef1a l\u1edbn nh\u1ea5t t\u1ea1i Vi\u1ec7t Nam. Hi\u1ec7n nay, Harmoor l\u00e0 nh\u00e0 s\u1ea3n xu\u1ea5t v\u00e0 cung c\u1ea5p c\u00e1c s\u1ea3n ph\u1ea9m b\u00e0n gh\u1ebf v\u1edbi nhi\u1ec1u m\u1eabu m\u00e3 h\u00e0ng \u0111\u1ea7u Vi\u1ec7t Nam v\u00e0 th\u1ebf gi\u1edbi.<\/p>\n<p><img decoding=\"async\" class=\"mt-4\" src=\"https:\/\/harmoor.com\/wp-content\/uploads\/2023\/07\/single-product.webp\" alt=\"san-pham-duy-nhat\" width=\"190\" height=\"30\" \/><\/div>\n<\/div>\n<div class=\"row\">\n<div class=\"col-xl-4 col-lg-4 col-md-4 col-sm-12 col-12 mb-4\">\n<h2><span style=\"vertical-align: inherit;\"><span style=\"vertical-align: inherit;\">TH\u00d4NG TIN S\u1ea2N PH\u1ea8M<\/span><\/span><\/h2>\n<ul>\n<li>T\u00ean s\u1ea3n ph\u1ea9m: Gh\u1ebf Amelie 21<\/li>\n<li>Ch\u1ea5t li\u1ec7u: Khung s\u1eaft + nh\u1ef1a PP<\/li>\n<li>Phong c\u00e1ch thi\u1ebft k\u1ebf: \u00dd<\/li>\n<li>Xu\u1ea5t x\u1ee9: Vi\u1ec7t Nam<\/li>\n<\/ul>\n<\/div>\n<div class=\"col-xl-4 col-lg-4 col-md-4 col-sm-12 col-12 mb-4\">\n<h2><span style=\"vertical-align: inherit;\"><span style=\"vertical-align: inherit;\">K\u00cdCH TH\u01af\u1edaC<\/span><\/span><\/h2>\n<ul>\n<li>Chi\u1ec1u cao: 82cm<\/li>\n<li>Chi\u1ec1u r\u1ed9ng: 42cm<\/li>\n<li>Chi\u1ec1u s\u00e2u: 43cm<\/li>\n<li>Chi\u1ec1u cao gh\u1ebf: 45cm<\/li>\n<li>Tr\u1ecdng l\u01b0\u1ee3ng: 4.0 Kg<\/li>\n<\/ul>\n<\/div>\n<div class=\"col-xl-4 col-lg-4 col-md-4 col-sm-12 col-12 mb-4\">\n<h2><span style=\"vertical-align: inherit;\"><span style=\"vertical-align: inherit;\">KH\u00d4NG GIAN S\u1eec D\u1ee4NG<\/span><\/span><\/h2>\n<ul>\n<li>Qu\u00e1n c\u00e0 ph\u00ea<\/li>\n<li>Nh\u00e0 h\u00e0ng<\/li>\n<li>Ph\u00f2ng \u0103n<\/li>\n<li>&#8230;.<\/li>\n<\/ul>\n<\/div>\n<\/div>\n","protected":false},"excerpt":{"rendered":"<p>Gh\u1ebf Amelie 21 l\u00e0 s\u1ea3n ph\u1ea9m n\u1ed9i th\u1ea5t c\u00f3 ki\u1ec3u d\u00e1ng hi\u1ec7n \u0111\u1ea1i, \u0111\u01b0\u1ee3c l\u00e0m t\u1eeb nh\u1ef1a cao c\u1ea5p, c\u00f3 nhi\u1ec1u m\u00e0u s\u1eafc \u0111\u1ec3 l\u1ef1a ch\u1ecdn mang \u0111\u1ebfn phong c\u00e1ch t\u1ef1 nhi\u00ean, \u1ea5m c\u00fang cho kh\u00f4ng gian. Gh\u1ebf Amelie 21 c\u00f2n c\u00f3 nhi\u1ec1u \u01b0u \u0111i\u1ec3m nh\u01b0 \u0111\u1ed9 b\u1ec1n cao, d\u1ec5 d\u00e0ng v\u1ec7 sinh v\u00e0 di chuy\u1ec3n c\u0169ng nh\u01b0 gi\u00e1 th\u00e0nh ph\u1ea3i ch\u0103ng. Ngo\u00e0i ra, gh\u1ebf nh\u1ef1a c\u00f2n c\u00f3 r\u1ea5t nhi\u1ec1u m\u00e0u s\u1eafc v\u00e0 ki\u1ec3u d\u00e1ng \u0111\u1ec3 b\u1ea1n l\u1ef1a ch\u1ecdn, cho ph\u00e9p b\u1ea1n s\u00e1ng t\u1ea1o theo nhi\u1ec1u phong c\u00e1ch n\u1ed9i th\u1ea5t kh\u00e1c nhau. V\u1edbi thi\u1ebft k\u1ebf hi\u1ec7n \u0111\u1ea1i v\u00e0 \u0111\u1ed9c \u0111\u00e1o, gh\u1ebf nh\u1ef1a Amelie 21 l\u00e0 s\u1ea3n ph\u1ea9m n\u1ed9i th\u1ea5t tuy\u1ec7t v\u1eddi l\u00e0m n\u1ed5i b\u1eadt kh\u00f4ng gian c\u1ee7a b\u1ea1n v\u00e0 mang \u0111\u1ebfn c\u1ea3m gi\u00e1c tho\u1ea3i m\u00e1i khi s\u1eed d\u1ee5ng.<\/p>\n","protected":false},"featured_media":18311,"comment_status":"open","ping_status":"closed","template":"","meta":[],"product_cat":[1209],"product_tag":[1640,1212,1261],"class_list":{"0":"post-19253","1":"product","2":"type-product","3":"status-publish","4":"has-post-thumbnail","6":"product_brand-amelie-vi","7":"product_cat-amelie-vi","8":"product_tag-ghe-an","9":"product_tag-ghe-ca-phe","10":"product_tag-ghe-nha-hang-vi","13":"first","14":"instock","15":"shipping-taxable","16":"product-type-simple"},"_links":{"self":[{"href":"https:\/\/harmoor.com\/vi\/wp-json\/wp\/v2\/product\/19253","targetHints":{"allow":["GET"]}}],"collection":[{"href":"https:\/\/harmoor.com\/vi\/wp-json\/wp\/v2\/product"}],"about":[{"href":"https:\/\/harmoor.com\/vi\/wp-json\/wp\/v2\/types\/product"}],"replies":[{"embeddable":true,"href":"https:\/\/harmoor.com\/vi\/wp-json\/wp\/v2\/comments?post=19253"}],"version-history":[{"count":0,"href":"https:\/\/harmoor.com\/vi\/wp-json\/wp\/v2\/product\/19253\/revisions"}],"wp:featuredmedia":[{"embeddable":true,"href":"https:\/\/harmoor.com\/vi\/wp-json\/wp\/v2\/media\/18311"}],"wp:attachment":[{"href":"https:\/\/harmoor.com\/vi\/wp-json\/wp\/v2\/media?parent=19253"}],"wp:term":[{"taxonomy":"product_cat","embeddable":true,"href":"https:\/\/harmoor.com\/vi\/wp-json\/wp\/v2\/product_cat?post=19253"},{"taxonomy":"product_tag","embeddable":true,"href":"https:\/\/harmoor.com\/vi\/wp-json\/wp\/v2\/product_tag?post=19253"}],"curies":[{"name":"wp","href":"https:\/\/api.w.org\/{rel}","templated":true}]}}