{"id":19095,"date":"2023-03-22T12:53:24","date_gmt":"2023-03-22T04:53:24","guid":{"rendered":"https:\/\/harmoor.com\/product\/lido-3029a\/"},"modified":"2024-11-16T18:09:47","modified_gmt":"2024-11-16T10:09:47","slug":"ghe-lido-3029a","status":"publish","type":"product","link":"https:\/\/harmoor.com\/vi\/product\/ghe-lido-3029a\/","title":{"rendered":"Niagara 3029a"},"content":{"rendered":"<div class=\"row\">\n<div class=\"col-xl-5 col-lg-5 col-md-6 col-sm-12 col-12\"><img fetchpriority=\"high\" decoding=\"async\" class=\"alignnone size-full wp-image-12104\" src=\"https:\/\/harmoor.com\/wp-content\/uploads\/2023\/03\/chair-lido-3029a-4.webp\" alt=\"\" width=\"458\" height=\"315\"><\/div>\n<div class=\"col-xl-7 col-lg-7 col-md-6 col-sm-12 col-12\">\n<h2><span style=\"vertical-align: inherit;\"><span style=\"vertical-align: inherit;\">TH\u01af\u01a0NG HI\u1ec6U<\/span><\/span><\/h2>\n<p>V\u1edbi l\u1ecbch s\u1eed c\u00f4ng ty phong ph\u00fa k\u00e9o d\u00e0i t\u1eeb n\u0103m 1998, Harmoor kh\u1edfi nghi\u1ec7p l\u00e0 m\u1ed9t nh\u00e0 m\u00e1y s\u1ea3n xu\u1ea5t \u0111\u1ed3 n\u1ed9i th\u1ea5t nh\u1ecf. Ch\u00fang t\u00f4i \u0111\u00e3 m\u1edf nh\u00e0 m\u00e1y t\u1ea1i Vi\u1ec7t Nam v\u00e0o n\u0103m 2018 v\u00e0 tr\u1edf th\u00e0nh m\u1ed9t trong nh\u1eefng nh\u00e0 m\u00e1y s\u1ea3n xu\u1ea5t \u0111\u1ed3 n\u1ed9i th\u1ea5t nh\u1ef1a l\u1edbn nh\u1ea5t t\u1ea1i Vi\u1ec7t Nam. Hi\u1ec7n nay, Harmoor l\u00e0 nh\u00e0 s\u1ea3n xu\u1ea5t v\u00e0 cung c\u1ea5p c\u00e1c s\u1ea3n ph\u1ea9m b\u00e0n gh\u1ebf v\u1edbi nhi\u1ec1u m\u1eabu m\u00e3 h\u00e0ng \u0111\u1ea7u t\u1ea1i Vi\u1ec7t Nam v\u00e0 th\u1ebf gi\u1edbi.<\/p>\n<p><img decoding=\"async\" class=\"mt-4\" src=\"https:\/\/harmoor.com\/wp-content\/uploads\/2023\/07\/single-product.webp\" alt=\"san-pham-don\" width=\"190\" height=\"30\"><\/p>\n<\/div>\n<\/div>\n<div class=\"row\">\n<div class=\"col-xl-4 col-lg-4 col-md-4 col-sm-12 col-12 mb-4\">\n<h2><span style=\"vertical-align: inherit;\"><span style=\"vertical-align: inherit;\">TH\u00d4NG TIN S\u1ea2N PH\u1ea8M<\/span><\/span><\/h2>\n<ul>\n<li>T\u00ean s\u1ea3n ph\u1ea9m: Gh\u1ebf Niagara 3029A<\/li>\n<li>M\u1eb7t ng\u1ed3i v\u00e0 t\u1ef1a l\u01b0ng: PP<\/li>\n<li>Phong c\u00e1ch thi\u1ebft k\u1ebf: \u00dd<\/li>\n<li>Xu\u1ea5t x\u1ee9: Vi\u1ec7t Nam<\/li>\n<\/ul>\n<\/div>\n<div class=\"col-xl-4 col-lg-4 col-md-4 col-sm-12 col-12 mb-4\">\n<h2><span style=\"vertical-align: inherit;\"><span style=\"vertical-align: inherit;\">K\u00cdCH TH\u01af\u1edaC<\/span><\/span><\/h2>\n<ul>\n<li>Chi\u1ec1u cao: 66cm<\/li>\n<li>Chi\u1ec1u s\u00e2u: 56cm<\/li>\n<li>Chi\u1ec1u r\u1ed9ng: 41cm<\/li>\n<li>Chi\u1ec1u cao gh\u1ebf: 44cm<\/li>\n<\/ul>\n<\/div>\n<div class=\"col-xl-4 col-lg-4 col-md-4 col-sm-12 col-12 mb-4\">\n<h2><span style=\"vertical-align: inherit;\"><span style=\"vertical-align: inherit;\">KH\u00d4NG GIAN S\u1eec D\u1ee4NG<\/span><\/span><\/h2>\n<ul>\n<li>Qu\u00e1n c\u00e0 ph\u00ea<\/li>\n<li>Nh\u00e0 h\u00e0ng<\/li>\n<li>S\u00e2n V\u01b0\u1eddn<\/li>\n<li>Qu\u00e1n Bar<\/li>\n<\/ul>\n<\/div>\n<\/div>\n","protected":false},"excerpt":{"rendered":"<p>Gh\u1ebf Nh\u1ef1a Niagara 3029A l\u00e0 m\u1ed9t l\u1ef1a ch\u1ecdn ch\u1ed7 ng\u1ed3i cao c\u1ea5p \u0111\u01b0\u1ee3c ch\u1ebf t\u1ea1o t\u1eeb v\u1eadt li\u1ec7u nh\u1ef1a ch\u1ea5t l\u01b0\u1ee3ng cao. Ki\u1ec3u d\u00e1ng \u0111\u1eb9p v\u00e0 thanh l\u1ecbch c\u1ee7a n\u00f3 l\u00e0m t\u0103ng th\u00eam s\u1ef1 tinh t\u1ebf cho b\u1ea5t k\u1ef3 kh\u00f4ng gian n\u00e0o, cho d\u00f9 \u0111\u00f3 l\u00e0 nh\u00e0 h\u00e0ng, ban c\u00f4ng, khu v\u1ef1c ngo\u00e0i tr\u1eddi hay ph\u00f2ng \u0103n. V\u1edbi \u0111\u1ed9 b\u1ec1n v\u00e0 t\u00ednh n\u0103ng ch\u1ed1ng th\u1ea5m n\u01b0\u1edbc, chi\u1ebfc gh\u1ebf n\u00e0y th\u00edch h\u1ee3p s\u1eed d\u1ee5ng c\u1ea3 trong nh\u00e0 v\u00e0 ngo\u00e0i tr\u1eddi. T\u00ednh linh ho\u1ea1t v\u00e0 k\u1ebft c\u1ea5u nh\u1eb9 l\u00e0m cho n\u00f3 tr\u1edf th\u00e0nh s\u1ef1 l\u1ef1a ch\u1ecdn thu\u1eadn ti\u1ec7n cho c\u00e1c nhu c\u1ea7u ch\u1ed7 ng\u1ed3i kh\u00e1c nhau. N\u00e2ng cao tr\u1ea3i nghi\u1ec7m ch\u1ed7 ng\u1ed3i c\u1ee7a b\u1ea1n v\u1edbi Gh\u1ebf nh\u1ef1a Lido 3029A.<\/p>\n","protected":false},"featured_media":18257,"comment_status":"open","ping_status":"closed","template":"","meta":[],"product_cat":[2126],"product_tag":[1212,1596,1261,1213,1597],"class_list":{"0":"post-19095","1":"product","2":"type-product","3":"status-publish","4":"has-post-thumbnail","6":"product_brand-niagara-vi","7":"product_cat-niagara-vi","8":"product_tag-ghe-ca-phe","9":"product_tag-ghe-ngoai-troi-vi","10":"product_tag-ghe-nha-hang-vi","11":"product_tag-ghe-quay-bar-vi","12":"product_tag-ghe-san-vuon-vi","15":"first","16":"instock","17":"shipping-taxable","18":"product-type-simple"},"_links":{"self":[{"href":"https:\/\/harmoor.com\/vi\/wp-json\/wp\/v2\/product\/19095","targetHints":{"allow":["GET"]}}],"collection":[{"href":"https:\/\/harmoor.com\/vi\/wp-json\/wp\/v2\/product"}],"about":[{"href":"https:\/\/harmoor.com\/vi\/wp-json\/wp\/v2\/types\/product"}],"replies":[{"embeddable":true,"href":"https:\/\/harmoor.com\/vi\/wp-json\/wp\/v2\/comments?post=19095"}],"version-history":[{"count":1,"href":"https:\/\/harmoor.com\/vi\/wp-json\/wp\/v2\/product\/19095\/revisions"}],"predecessor-version":[{"id":23599,"href":"https:\/\/harmoor.com\/vi\/wp-json\/wp\/v2\/product\/19095\/revisions\/23599"}],"wp:featuredmedia":[{"embeddable":true,"href":"https:\/\/harmoor.com\/vi\/wp-json\/wp\/v2\/media\/18257"}],"wp:attachment":[{"href":"https:\/\/harmoor.com\/vi\/wp-json\/wp\/v2\/media?parent=19095"}],"wp:term":[{"taxonomy":"product_cat","embeddable":true,"href":"https:\/\/harmoor.com\/vi\/wp-json\/wp\/v2\/product_cat?post=19095"},{"taxonomy":"product_tag","embeddable":true,"href":"https:\/\/harmoor.com\/vi\/wp-json\/wp\/v2\/product_tag?post=19095"}],"curies":[{"name":"wp","href":"https:\/\/api.w.org\/{rel}","templated":true}]}}