{"id":18106,"date":"2023-03-28T09:54:53","date_gmt":"2023-03-28T01:54:53","guid":{"rendered":"https:\/\/harmoor.com\/product\/calipso-3032a\/"},"modified":"2023-11-22T14:11:18","modified_gmt":"2023-11-22T06:11:18","slug":"ghe-calipso-3032a","status":"publish","type":"product","link":"https:\/\/harmoor.com\/vi\/product\/ghe-calipso-3032a\/","title":{"rendered":"calipso 3032a"},"content":{"rendered":"<div class=\"row\">\n<div class=\"col-xl-5 col-lg-5 col-md-6 col-sm-12 col-12\"><img fetchpriority=\"high\" decoding=\"async\" class=\"alignnone size-full wp-image-12104\" src=\"https:\/\/harmoor.com\/wp-content\/uploads\/2023\/06\/Chair-Calipso-3032B.webp\" alt=\"ghe calipso 3032a\" width=\"458\" height=\"315\"><\/div>\n<div class=\"col-xl-7 col-lg-7 col-md-6 col-sm-12 col-12\">\n<h2><span style=\"vertical-align: inherit;\"><span style=\"vertical-align: inherit;\">TH\u01af\u01a0NG HI\u1ec6U<\/span><\/span><\/h2>\n<p>V\u1edbi l\u1ecbch s\u1eed c\u00f4ng ty phong ph\u00fa k\u00e9o d\u00e0i t\u1eeb n\u0103m 1998, Harmoor kh\u1edfi nghi\u1ec7p l\u00e0 m\u1ed9t nh\u00e0 m\u00e1y s\u1ea3n xu\u1ea5t \u0111\u1ed3 n\u1ed9i th\u1ea5t nh\u1ecf. Ch\u00fang t\u00f4i \u0111\u00e3 m\u1edf nh\u00e0 m\u00e1y t\u1ea1i Vi\u1ec7t Nam v\u00e0o n\u0103m 2018 v\u00e0 tr\u1edf th\u00e0nh m\u1ed9t trong nh\u1eefng nh\u00e0 m\u00e1y s\u1ea3n xu\u1ea5t \u0111\u1ed3 n\u1ed9i th\u1ea5t nh\u1ef1a l\u1edbn nh\u1ea5t t\u1ea1i Vi\u1ec7t Nam. Hi\u1ec7n nay, Harmoor l\u00e0 nh\u00e0 s\u1ea3n xu\u1ea5t v\u00e0 cung c\u1ea5p c\u00e1c s\u1ea3n ph\u1ea9m b\u00e0n gh\u1ebf v\u1edbi nhi\u1ec1u m\u1eabu m\u00e3 h\u00e0ng \u0111\u1ea7u Vi\u1ec7t Nam v\u00e0 th\u1ebf gi\u1edbi.<\/p>\n<p><img decoding=\"async\" class=\"mt-4\" src=\"https:\/\/harmoor.com\/wp-content\/uploads\/2023\/07\/single-product.webp\" alt=\"san-pham-duy-nhat\" width=\"190\" height=\"30\"><\/div>\n<\/div>\n<div class=\"row\">\n<div class=\"col-xl-4 col-lg-4 col-md-4 col-sm-12 col-12 mb-4\">\n<h2><span style=\"vertical-align: inherit;\"><span style=\"vertical-align: inherit;\">TH\u00d4NG TIN S\u1ea2N PH\u1ea8M<\/span><\/span><\/h2>\n<ul>\n<li>T\u00ean s\u1ea3n ph\u1ea9m: Gh\u1ebf Calipso 3032A<\/li>\n<li>Ch\u1ea5t li\u1ec7u: Khung th\u00e9p + nh\u1ef1a PP<\/li>\n<li>Phong c\u00e1ch thi\u1ebft k\u1ebf: \u00dd<\/li>\n<li>Xu\u1ea5t x\u1ee9: Vi\u1ec7t Nam<\/li>\n<\/ul>\n<\/div>\n<div class=\"col-xl-4 col-lg-4 col-md-4 col-sm-12 col-12 mb-4\">\n<h2><span style=\"vertical-align: inherit;\"><span style=\"vertical-align: inherit;\">K\u00cdCH TH\u01af\u1edaC<\/span><\/span><\/h2>\n<ul>\n<li>Chi\u1ec1u cao: 81cm<\/li>\n<li>Chi\u1ec1u s\u00e2u: 54,5cm<\/li>\n<li>Chi\u1ec1u r\u1ed9ng: 61cm<\/li>\n<li>Chi\u1ec1u cao gh\u1ebf: 46cm<\/li>\n<\/ul>\n<\/div>\n<div class=\"col-xl-4 col-lg-4 col-md-4 col-sm-12 col-12 mb-4\">\n<h2><span style=\"vertical-align: inherit;\"><span style=\"vertical-align: inherit;\">KH\u00d4NG GIAN S\u1eec D\u1ee4NG<\/span><\/span><\/h2>\n<ul>\n<li>Qu\u00e1n c\u00e0 ph\u00ea<\/li>\n<li>Nh\u00e0 h\u00e0ng<\/li>\n<li>Ph\u00f2ng \u0103n<\/li>\n<li>V\u0103n ph\u00f2ng&#8230;<\/li>\n<\/ul>\n<\/div>\n<\/div>\n","protected":false},"excerpt":{"rendered":"<p>Gh\u1ebf Calipso 3032A v\u1edbi thi\u1ebft k\u1ebf \u0111\u01a1n gi\u1ea3n v\u00e0 k\u00edch th\u01b0\u1edbc ph\u00f9 h\u1ee3p s\u1ebd l\u00e0 gi\u1ea3i ph\u00e1p ti\u1ec7n nghi cho nh\u1eefng kh\u00f4ng gian c\u00f3 di\u1ec7n t\u00edch kh\u00f4ng qu\u00e1 l\u1edbn. V\u1edbi thi\u1ebft k\u1ebf \u0111\u01a1n gi\u1ea3n, m\u00e0u s\u1eafc h\u00e0i h\u00f2a, m\u1eabu gh\u1ebf nh\u1ef1a \u0111\u00fac cao c\u1ea5p m\u1edbi n\u00e0y s\u1ebd l\u00e0 l\u1ef1a ch\u1ecdn ph\u00f9 h\u1ee3p c\u1ee7a nhi\u1ec1u gia ch\u1ee7 \u0111\u1ec3 t\u1ea1o n\u00ean m\u1ed9t kh\u00f4ng gian tinh t\u1ebf, sang tr\u1ecdng v\u00e0 v\u00f4 c\u00f9ng \u0111\u1eb3ng c\u1ea5p. Gh\u1ebf Calipso 3032A l\u00e0 s\u1ea3n ph\u1ea9m \u0111\u01b0\u1ee3c thi\u1ebft k\u1ebf v\u1edbi ki\u1ec3u d\u00e1ng \u0111\u1ed9c \u0111\u00e1o k\u1ebft h\u1ee3p v\u1edbi nh\u1eefng \u0111\u01b0\u1eddng n\u00e9t tinh t\u1ebf t\u1ea1o n\u00ean m\u1ed9t kh\u00f4ng gian n\u1ed5i b\u1eadt v\u00e0 v\u00f4 c\u00f9ng thu h\u00fat. Nh\u01b0ng s\u1ea3n ph\u1ea9m n\u00e0y c\u00f3 ph\u00f9 h\u1ee3p hay kh\u00f4ng c\u00f2n ph\u1ee5 thu\u1ed9c v\u00e0o y\u1ebfu t\u1ed1 k\u00edch th\u01b0\u1edbc.<\/p>\n","protected":false},"featured_media":18095,"comment_status":"open","ping_status":"closed","template":"","meta":[],"product_cat":[1239],"product_tag":[1212,1261,1529,1531,1530],"class_list":{"0":"post-18106","1":"product","2":"type-product","3":"status-publish","4":"has-post-thumbnail","6":"product_brand-calipso-vi","7":"product_cat-calipso-vi","8":"product_tag-ghe-ca-phe","9":"product_tag-ghe-nha-hang-vi","10":"product_tag-ghe-phong-an-vi","11":"product_tag-ghe-phong-khach-vi","12":"product_tag-ghe-van-phong-vi","15":"first","16":"instock","17":"shipping-taxable","18":"product-type-simple"},"_links":{"self":[{"href":"https:\/\/harmoor.com\/vi\/wp-json\/wp\/v2\/product\/18106","targetHints":{"allow":["GET"]}}],"collection":[{"href":"https:\/\/harmoor.com\/vi\/wp-json\/wp\/v2\/product"}],"about":[{"href":"https:\/\/harmoor.com\/vi\/wp-json\/wp\/v2\/types\/product"}],"replies":[{"embeddable":true,"href":"https:\/\/harmoor.com\/vi\/wp-json\/wp\/v2\/comments?post=18106"}],"version-history":[{"count":0,"href":"https:\/\/harmoor.com\/vi\/wp-json\/wp\/v2\/product\/18106\/revisions"}],"wp:featuredmedia":[{"embeddable":true,"href":"https:\/\/harmoor.com\/vi\/wp-json\/wp\/v2\/media\/18095"}],"wp:attachment":[{"href":"https:\/\/harmoor.com\/vi\/wp-json\/wp\/v2\/media?parent=18106"}],"wp:term":[{"taxonomy":"product_cat","embeddable":true,"href":"https:\/\/harmoor.com\/vi\/wp-json\/wp\/v2\/product_cat?post=18106"},{"taxonomy":"product_tag","embeddable":true,"href":"https:\/\/harmoor.com\/vi\/wp-json\/wp\/v2\/product_tag?post=18106"}],"curies":[{"name":"wp","href":"https:\/\/api.w.org\/{rel}","templated":true}]}}