{"id":17996,"date":"2023-03-23T10:26:03","date_gmt":"2023-03-23T02:26:03","guid":{"rendered":"https:\/\/harmoor.com\/product\/calipso-3031b\/"},"modified":"2023-11-22T14:11:20","modified_gmt":"2023-11-22T06:11:20","slug":"ghe-calipso-3031b","status":"publish","type":"product","link":"https:\/\/harmoor.com\/vi\/product\/ghe-calipso-3031b\/","title":{"rendered":"calipso 3031b"},"content":{"rendered":"<div class=\"row\">\n<div class=\"col-xl-5 col-lg-5 col-md-6 col-sm-12 col-12\"><img fetchpriority=\"high\" decoding=\"async\" class=\"alignnone size-full wp-image-12104\" src=\"https:\/\/harmoor.com\/wp-content\/uploads\/2023\/03\/calipso-3031-2.webp\" alt=\"ghe calipso 3031b\" width=\"458\" height=\"315\"><\/div>\n<div class=\"col-xl-7 col-lg-7 col-md-6 col-sm-12 col-12\">\n<h2><span style=\"vertical-align: inherit;\"><span style=\"vertical-align: inherit;\">TH\u01af\u01a0NG HI\u1ec6U<\/span><\/span><\/h2>\n<p>V\u1edbi l\u1ecbch s\u1eed c\u00f4ng ty phong ph\u00fa k\u00e9o d\u00e0i t\u1eeb n\u0103m 1998, Harmoor kh\u1edfi nghi\u1ec7p l\u00e0 m\u1ed9t nh\u00e0 m\u00e1y s\u1ea3n xu\u1ea5t \u0111\u1ed3 n\u1ed9i th\u1ea5t nh\u1ecf. Ch\u00fang t\u00f4i \u0111\u00e3 m\u1edf nh\u00e0 m\u00e1y t\u1ea1i Vi\u1ec7t Nam v\u00e0o n\u0103m 2018 v\u00e0 tr\u1edf th\u00e0nh m\u1ed9t trong nh\u1eefng nh\u00e0 m\u00e1y s\u1ea3n xu\u1ea5t \u0111\u1ed3 n\u1ed9i th\u1ea5t nh\u1ef1a l\u1edbn nh\u1ea5t t\u1ea1i Vi\u1ec7t Nam. Hi\u1ec7n nay, Harmoor l\u00e0 nh\u00e0 s\u1ea3n xu\u1ea5t v\u00e0 cung c\u1ea5p c\u00e1c s\u1ea3n ph\u1ea9m b\u00e0n gh\u1ebf v\u1edbi nhi\u1ec1u m\u1eabu m\u00e3 h\u00e0ng \u0111\u1ea7u Vi\u1ec7t Nam v\u00e0 th\u1ebf gi\u1edbi.<\/p>\n<p><img decoding=\"async\" class=\"mt-4\" src=\"https:\/\/harmoor.com\/wp-content\/uploads\/2023\/07\/single-product.webp\" alt=\"san-pham-duy-nhat\" width=\"190\" height=\"30\"><\/div>\n<\/div>\n<div class=\"row\">\n<div class=\"col-xl-4 col-lg-4 col-md-4 col-sm-12 col-12 mb-4\">\n<h2><span style=\"vertical-align: inherit;\"><span style=\"vertical-align: inherit;\">TH\u00d4NG TIN S\u1ea2N PH\u1ea8M<\/span><\/span><\/h2>\n<ul>\n<li>T\u00ean s\u1ea3n ph\u1ea9m: Gh\u1ebf Calipso 3031B<\/li>\n<li>Ch\u1ea5t li\u1ec7u: Khung th\u00e9p + nh\u1ef1a PP<\/li>\n<li>Phong c\u00e1ch thi\u1ebft k\u1ebf: \u00dd<\/li>\n<li>Xu\u1ea5t x\u1ee9: Vi\u1ec7t Nam<\/li>\n<\/ul>\n<\/div>\n<div class=\"col-xl-4 col-lg-4 col-md-4 col-sm-12 col-12 mb-4\">\n<h2><span style=\"vertical-align: inherit;\"><span style=\"vertical-align: inherit;\">K\u00cdCH TH\u01af\u1edaC<\/span><\/span><\/h2>\n<ul>\n<li>Chi\u1ec1u cao: 103cm<\/li>\n<li>Chi\u1ec1u s\u00e2u: 45,5cm<\/li>\n<li>Chi\u1ec1u r\u1ed9ng: 52cm<\/li>\n<li>Chi\u1ec1u cao gh\u1ebf: 75 cm<\/li>\n<\/ul>\n<\/div>\n<div class=\"col-xl-4 col-lg-4 col-md-4 col-sm-12 col-12 mb-4\">\n<h2><span style=\"vertical-align: inherit;\"><span style=\"vertical-align: inherit;\">KH\u00d4NG GIAN S\u1eec D\u1ee4NG<\/span><\/span><\/h2>\n<ul>\n<li>Qu\u00e1n c\u00e0 ph\u00ea<\/li>\n<li>Nh\u00e0 h\u00e0ng<\/li>\n<li>Qu\u00e1n Bar<\/li>\n<li>&#8230;.<\/li>\n<\/ul>\n<\/div>\n<\/div>\n","protected":false},"excerpt":{"rendered":"<p>Gh\u1ebf Calipso 3031B l\u00e0 s\u1ea3n ph\u1ea9m c\u00f3 thi\u1ebft k\u1ebf ch\u1eafc ch\u1eafn \u0111\u01b0\u1ee3c nhi\u1ec1u ng\u01b0\u1eddi y\u00eau th\u00edch, mang \u0111\u1ebfn cho b\u1ea1n m\u1ed9t kh\u00f4ng gian m\u1edbi l\u1ea1, \u0111\u1ed9c \u0111\u00e1o. Gh\u1ebf qu\u1ea7y bar Calipso 3031B l\u00e0 s\u1ef1 l\u1ef1a ch\u1ecdn ho\u00e0n h\u1ea3o cho gian b\u1ebfp, qu\u1ea7y bar. Gh\u1ebf Calipso 3031B l\u00e0 m\u1ed9t chi\u1ebfc gh\u1ebf thanh l\u1ecbch c\u00f3 nhi\u1ec1u m\u00e0u s\u1eafc v\u00e0 k\u1ebft h\u1ee3p khung. V\u1ecf m\u00e0u c\u1ee7a gh\u1ebf \u0111\u01b0\u1ee3c l\u00e0m t\u1eeb 98% polypropylene. C\u00e1c \u0111\u01b0\u1eddng r\u00e3nh \u1edf ph\u00eda sau t\u1ea1o s\u1ef1 n\u0103ng \u0111\u1ed9ng, linh ho\u1ea1t cho ph\u1ea7n t\u1ef1a l\u01b0ng c\u0169ng nh\u01b0 t\u1ea1o s\u1ef1 th\u00f4ng tho\u00e1ng h\u01a1n. T\u1ea5t c\u1ea3 \u0111i\u1ec1u n\u00e0y h\u00f2a l\u1eabn c\u00f9ng nhau d\u1eabn \u0111\u1ebfn s\u1ef1 tho\u1ea3i m\u00e1i tuy\u1ec7t v\u1eddi.<\/p>\n","protected":false},"featured_media":18068,"comment_status":"open","ping_status":"closed","template":"","meta":[],"product_cat":[1239],"product_tag":[1214,1261,1213],"class_list":{"0":"post-17996","1":"product","2":"type-product","3":"status-publish","4":"has-post-thumbnail","6":"product_brand-calipso-vi","7":"product_cat-calipso-vi","8":"product_tag-ghe-nha-bep","9":"product_tag-ghe-nha-hang-vi","10":"product_tag-ghe-quay-bar-vi","13":"first","14":"instock","15":"shipping-taxable","16":"product-type-simple"},"_links":{"self":[{"href":"https:\/\/harmoor.com\/vi\/wp-json\/wp\/v2\/product\/17996","targetHints":{"allow":["GET"]}}],"collection":[{"href":"https:\/\/harmoor.com\/vi\/wp-json\/wp\/v2\/product"}],"about":[{"href":"https:\/\/harmoor.com\/vi\/wp-json\/wp\/v2\/types\/product"}],"replies":[{"embeddable":true,"href":"https:\/\/harmoor.com\/vi\/wp-json\/wp\/v2\/comments?post=17996"}],"version-history":[{"count":0,"href":"https:\/\/harmoor.com\/vi\/wp-json\/wp\/v2\/product\/17996\/revisions"}],"wp:featuredmedia":[{"embeddable":true,"href":"https:\/\/harmoor.com\/vi\/wp-json\/wp\/v2\/media\/18068"}],"wp:attachment":[{"href":"https:\/\/harmoor.com\/vi\/wp-json\/wp\/v2\/media?parent=17996"}],"wp:term":[{"taxonomy":"product_cat","embeddable":true,"href":"https:\/\/harmoor.com\/vi\/wp-json\/wp\/v2\/product_cat?post=17996"},{"taxonomy":"product_tag","embeddable":true,"href":"https:\/\/harmoor.com\/vi\/wp-json\/wp\/v2\/product_tag?post=17996"}],"curies":[{"name":"wp","href":"https:\/\/api.w.org\/{rel}","templated":true}]}}