{"id":17487,"date":"2023-03-22T15:53:15","date_gmt":"2023-03-22T07:53:15","guid":{"rendered":"https:\/\/harmoor.com\/product\/calipso-3031a\/"},"modified":"2023-11-22T14:11:24","modified_gmt":"2023-11-22T06:11:24","slug":"chair-calipso-3031a","status":"publish","type":"product","link":"https:\/\/harmoor.com\/vi\/product\/chair-calipso-3031a\/","title":{"rendered":"calipso 3031a"},"content":{"rendered":"<div class=\"row\">\n<div class=\"col-xl-5 col-lg-5 col-md-6 col-sm-12 col-12\"><img fetchpriority=\"high\" decoding=\"async\" class=\"alignnone size-full wp-image-12104\" src=\"https:\/\/harmoor.com\/wp-content\/uploads\/2023\/03\/calipso-3031a-2.webp\" alt=\"chair calipso 3031a\" width=\"458\" height=\"315\"><\/div>\n<div class=\"col-xl-7 col-lg-7 col-md-6 col-sm-12 col-12\">\n<h2><span style=\"vertical-align: inherit;\"><span style=\"vertical-align: inherit;\">TH\u01af\u01a0NG HI\u1ec6U<\/span><\/span><\/h2>\n<p>V\u1edbi l\u1ecbch s\u1eed c\u00f4ng ty phong ph\u00fa k\u00e9o d\u00e0i t\u1eeb n\u0103m 1998, Harmoor kh\u1edfi nghi\u1ec7p l\u00e0 m\u1ed9t nh\u00e0 m\u00e1y s\u1ea3n xu\u1ea5t \u0111\u1ed3 n\u1ed9i th\u1ea5t nh\u1ecf. Ch\u00fang t\u00f4i \u0111\u00e3 m\u1edf nh\u00e0 m\u00e1y t\u1ea1i Vi\u1ec7t Nam v\u00e0o n\u0103m 2018 v\u00e0 tr\u1edf th\u00e0nh m\u1ed9t trong nh\u1eefng nh\u00e0 m\u00e1y s\u1ea3n xu\u1ea5t \u0111\u1ed3 n\u1ed9i th\u1ea5t nh\u1ef1a l\u1edbn nh\u1ea5t t\u1ea1i Vi\u1ec7t Nam. Hi\u1ec7n nay, Harmoor l\u00e0 nh\u00e0 s\u1ea3n xu\u1ea5t v\u00e0 cung c\u1ea5p c\u00e1c s\u1ea3n ph\u1ea9m b\u00e0n gh\u1ebf v\u1edbi nhi\u1ec1u m\u1eabu m\u00e3 h\u00e0ng \u0111\u1ea7u Vi\u1ec7t Nam v\u00e0 th\u1ebf gi\u1edbi.<\/p>\n<p><img decoding=\"async\" class=\"mt-4\" src=\"https:\/\/harmoor.com\/wp-content\/uploads\/2023\/07\/single-product.webp\" alt=\"san-pham-duy-nhat\" width=\"190\" height=\"30\"><\/div>\n<\/div>\n<div class=\"row\">\n<div class=\"col-xl-4 col-lg-4 col-md-4 col-sm-12 col-12 mb-4\">\n<h2><span style=\"vertical-align: inherit;\"><span style=\"vertical-align: inherit;\">TH\u00d4NG TIN S\u1ea2N PH\u1ea8M<\/span><\/span><\/h2>\n<ul>\n<li>T\u00ean s\u1ea3n ph\u1ea9m: Gh\u1ebf Calipso 3031A<\/li>\n<li>Ch\u1ea5t li\u1ec7u: Khung th\u00e9p + nh\u1ef1a PP<\/li>\n<li>Phong c\u00e1ch thi\u1ebft k\u1ebf: \u00dd<\/li>\n<li>Xu\u1ea5t x\u1ee9: Vi\u1ec7t Nam<\/li>\n<\/ul>\n<\/div>\n<div class=\"col-xl-4 col-lg-4 col-md-4 col-sm-12 col-12 mb-4\">\n<h2><span style=\"vertical-align: inherit;\"><span style=\"vertical-align: inherit;\">K\u00cdCH TH\u01af\u1edaC<\/span><\/span><\/h2>\n<ul>\n<li>Chi\u1ec1u cao: 103cm<\/li>\n<li>Chi\u1ec1u s\u00e2u: 45,5cm<\/li>\n<li>Chi\u1ec1u r\u1ed9ng: 52cm<\/li>\n<li>Chi\u1ec1u cao gh\u1ebf: 75 cm<\/li>\n<\/ul>\n<\/div>\n<div class=\"col-xl-4 col-lg-4 col-md-4 col-sm-12 col-12 mb-4\">\n<h2><span style=\"vertical-align: inherit;\"><span style=\"vertical-align: inherit;\">KH\u00d4NG GIAN S\u1eec D\u1ee4NG<\/span><\/span><\/h2>\n<ul>\n<li>Qu\u00e1n c\u00e0 ph\u00ea<\/li>\n<li>Qu\u00e1n Bar<\/li>\n<li>Ph\u00f2ng B\u1ebfp<\/li>\n<li>&#8230;.<\/li>\n<\/ul>\n<\/div>\n<\/div>\n","protected":false},"excerpt":{"rendered":"<p>Gh\u1ebf Calipso 3031A l\u00e0 m\u1ed9t chi\u1ebfc gh\u1ebf d\u00e0i v\u1edbi phong c\u00e1ch hi\u1ec7n \u0111\u1ea1i v\u00e0 d\u1ec5 d\u00e0ng k\u1ebft h\u1ee3p v\u1edbi c\u00e1c phong c\u00e1ch trang tr\u00ed kh\u00e1c nhau, ch\u1ea5t li\u1ec7u ch\u1eafc ch\u1eafn ch\u1ecbu \u0111\u01b0\u1ee3c s\u1ef1 kh\u1eafc nghi\u1ec7t trong s\u1eed d\u1ee5ng h\u00e0ng ng\u00e0y v\u00e0 d\u1ec5 d\u00e0ng v\u1ec7 sinh, b\u1ea3o qu\u1ea3n. Mang thi\u1ebft k\u1ebf hi\u1ec7n \u0111\u1ea1i ki\u1ec3u d\u00e1ng \u0111\u1eb9p \u0111\u1ebfn n\u1ed9i th\u1ea5t c\u1ee7a b\u1ea1n v\u1edbi gh\u1ebf 3031A. Gh\u1ebf c\u00f4ng th\u00e1i h\u1ecdc c\u00f3 hoa v\u0103n l\u01b0\u1edbi th\u1eddi trang cho ch\u1ed7 ng\u1ed3i tho\u1ea3i m\u00e1i. Gh\u1ebf Calipso 3031A \u0111\u01b0\u1ee3c l\u00e0m t\u1eeb m\u1eb7t ng\u1ed3i b\u1eb1ng polypropylene ch\u1ecbu l\u1ef1c, ch\u00e2n kim lo\u1ea1i \u0111\u01b0\u1ee3c ho\u00e0n thi\u1ec7n c\u00f9ng m\u00e0u v\u1edbi m\u1eb7t gh\u1ebf, ch\u1ed7 \u0111\u1ec3 ch\u00e2n v\u00e0 t\u1ea5m ch\u1eafn cu\u1ed1i.<\/p>\n","protected":false},"featured_media":18101,"comment_status":"open","ping_status":"closed","template":"","meta":[],"product_cat":[1239],"product_tag":[1212,1214,1213],"class_list":{"0":"post-17487","1":"product","2":"type-product","3":"status-publish","4":"has-post-thumbnail","6":"product_brand-calipso-vi","7":"product_cat-calipso-vi","8":"product_tag-ghe-ca-phe","9":"product_tag-ghe-nha-bep","10":"product_tag-ghe-quay-bar-vi","13":"first","14":"instock","15":"shipping-taxable","16":"product-type-simple"},"_links":{"self":[{"href":"https:\/\/harmoor.com\/vi\/wp-json\/wp\/v2\/product\/17487","targetHints":{"allow":["GET"]}}],"collection":[{"href":"https:\/\/harmoor.com\/vi\/wp-json\/wp\/v2\/product"}],"about":[{"href":"https:\/\/harmoor.com\/vi\/wp-json\/wp\/v2\/types\/product"}],"replies":[{"embeddable":true,"href":"https:\/\/harmoor.com\/vi\/wp-json\/wp\/v2\/comments?post=17487"}],"version-history":[{"count":0,"href":"https:\/\/harmoor.com\/vi\/wp-json\/wp\/v2\/product\/17487\/revisions"}],"wp:featuredmedia":[{"embeddable":true,"href":"https:\/\/harmoor.com\/vi\/wp-json\/wp\/v2\/media\/18101"}],"wp:attachment":[{"href":"https:\/\/harmoor.com\/vi\/wp-json\/wp\/v2\/media?parent=17487"}],"wp:term":[{"taxonomy":"product_cat","embeddable":true,"href":"https:\/\/harmoor.com\/vi\/wp-json\/wp\/v2\/product_cat?post=17487"},{"taxonomy":"product_tag","embeddable":true,"href":"https:\/\/harmoor.com\/vi\/wp-json\/wp\/v2\/product_tag?post=17487"}],"curies":[{"name":"wp","href":"https:\/\/api.w.org\/{rel}","templated":true}]}}