{"id":19866,"date":"2023-07-19T11:04:43","date_gmt":"2023-07-19T03:04:43","guid":{"rendered":"https:\/\/harmoor.com\/chinh-sach-bao-mat\/"},"modified":"2023-07-28T12:14:00","modified_gmt":"2023-07-28T04:14:00","slug":"chinh-sach-bao-mat","status":"publish","type":"page","link":"https:\/\/harmoor.com\/vi\/chinh-sach-bao-mat\/","title":{"rendered":"ch\u00ednh s\u00e1ch b\u1ea3o m\u1eadt"},"content":{"rendered":"\t\t<div data-elementor-type=\"wp-page\" data-elementor-id=\"19866\" class=\"elementor elementor-19866 elementor-18799\">\n\t\t\t\t\t\t<section class=\"elementor-section elementor-top-section elementor-element elementor-element-b7c25f6 elementor-section-boxed elementor-section-height-default elementor-section-height-default\" data-id=\"b7c25f6\" data-element_type=\"section\">\n\t\t\t\t\t\t<div class=\"elementor-container elementor-column-gap-default\">\n\t\t\t\t\t<div class=\"elementor-column elementor-col-100 elementor-top-column elementor-element elementor-element-92faee6\" data-id=\"92faee6\" data-element_type=\"column\">\n\t\t\t<div class=\"elementor-widget-wrap elementor-element-populated\">\n\t\t\t\t\t\t<div class=\"elementor-element elementor-element-c1d2de4 elementor-widget elementor-widget-heading\" data-id=\"c1d2de4\" data-element_type=\"widget\" data-widget_type=\"heading.default\">\n\t\t\t\t<div class=\"elementor-widget-container\">\n\t\t\t\t\t<h2 class=\"elementor-heading-title elementor-size-default\">quy\u1ec1n ri\u00eang t\u01b0<\/h2>\t\t\t\t<\/div>\n\t\t\t\t<\/div>\n\t\t\t\t\t<\/div>\n\t\t<\/div>\n\t\t\t\t\t<\/div>\n\t\t<\/section>\n\t\t\t\t<section class=\"elementor-section elementor-top-section elementor-element elementor-element-56f6f3f elementor-section-boxed elementor-section-height-default elementor-section-height-default\" data-id=\"56f6f3f\" data-element_type=\"section\">\n\t\t\t\t\t\t<div class=\"elementor-container elementor-column-gap-default\">\n\t\t\t\t\t<div class=\"elementor-column elementor-col-100 elementor-top-column elementor-element elementor-element-5594829\" data-id=\"5594829\" data-element_type=\"column\">\n\t\t\t<div class=\"elementor-widget-wrap elementor-element-populated\">\n\t\t\t\t\t\t<div class=\"elementor-element elementor-element-f98aead elementor-widget elementor-widget-text-editor\" data-id=\"f98aead\" data-element_type=\"widget\" data-widget_type=\"text-editor.default\">\n\t\t\t\t<div class=\"elementor-widget-container\">\n\t\t\t\t\t\t\t\t\t<p> <\/p>\n<p>C\u0103n c\u1ee9 quy \u0111\u1ecbnh ph\u00e1p lu\u1eadt <strong>13\/2023\/N\u0110-CP<\/strong> (b\u1ed9 lu\u1eadt b\u1ea3o v\u1ec7 d\u1eef li\u1ec7u c\u00e1 nh\u00e2n) v\u00e0 quy \u0111\u1ecbnh v\u1ec1 b\u1ea3o v\u1ec7 c\u00e1 nh\u00e2n li\u00ean quan \u0111\u1ebfn vi\u1ec7c x\u1eed l\u00fd d\u1eef li\u1ec7u c\u00e1 nh\u00e2n v\u00e0 t\u1ef1 do di chuy\u1ec3n d\u1eef li\u1ec7u \u0111\u00f3 v\u00e0 c\u00e1c s\u1eeda \u0111\u1ed5i ti\u1ebfp theo.<\/p>\n<p> <\/p>\n<p>C\u00f4ng ty Harmoor Vi\u1ec7t Nam c\u00f3 tr\u1ee5 s\u1edf \u0111\u0103ng k\u00fd t\u1ea1i L\u00f4 F1 v\u00e0 F2, Khu c\u00f4ng nghi\u1ec7p Nam \u0110\u1ed3ng Ph\u00fa, X\u00e3 T\u00e2n L\u1eadp, Huy\u1ec7n \u0110\u1ed3ng Ph\u00fa, T\u1ec9nh B\u00ecnh Ph\u01b0\u1edbc, Vi\u1ec7t Nam, s\u1ed1 vat 3801169243, \u0111i\u1ec7n tho\u1ea1i +84898799991, email info@harmoor.com, as data b\u1ed9 \u0111i\u1ec1u khi\u1ec3n, th\u00f4ng b\u00e1o cho b\u1ea1n r\u1eb1ng ch\u00ednh s\u00e1ch quy\u1ec1n ri\u00eang t\u01b0 n\u00e0y nh\u1eb1m m\u00f4 t\u1ea3 quy tr\u00ecnh qu\u1ea3n l\u00fd c\u1ee7a trang web n\u00e0y, c\u00f3 li\u00ean quan \u0111\u1ebfn vi\u1ec7c x\u1eed l\u00fd d\u1eef li\u1ec7u c\u00e1 nh\u00e2n c\u1ee7a ng\u01b0\u1eddi d\u00f9ng\/kh\u00e1ch truy c\u1eadp trang web v\u00e0 nh\u1eefng ng\u01b0\u1eddi cung c\u1ea5p d\u1eef li\u1ec7u c\u00e1 nh\u00e2n khi g\u1eedi \u0111\u01a1n xin vi\u1ec7c v\u00e0 s\u01a1 y\u1ebfu l\u00fd l\u1ecbch t\u1ef1 ph\u00e1t (sau n\u00e0y nh\u1eb1m m\u1ee5c \u0111\u00edch qu\u1ea3n l\u00fd th\u1ee7 t\u1ee5c tuy\u1ec3n ch\u1ecdn nh\u00e2n s\u1ef1).<\/p>\n<p> <\/p>\n<p>D\u1eef li\u1ec7u c\u1ee7a b\u1ea1n s\u1ebd \u0111\u01b0\u1ee3c x\u1eed l\u00fd theo lu\u1eadt, theo nguy\u00ean t\u1eafc c\u1ea7n thi\u1ebft, \u0111\u00fang \u0111\u1eafn, h\u1ee3p ph\u00e1p v\u00e0 minh b\u1ea1ch, b\u1ea3o v\u1ec7 quy\u1ec1n ri\u00eang t\u01b0 v\u00e0 quy\u1ec1n c\u1ee7a b\u1ea1n, gi\u1edbi h\u1ea1n m\u1ee5c \u0111\u00edch x\u1eed l\u00fd v\u00e0 l\u01b0u tr\u1eef, gi\u1ea3m thi\u1ec3u d\u1eef li\u1ec7u, \u0111\u1ed9 ch\u00ednh x\u00e1c v\u00e0 ch\u1ea5t l\u01b0\u1ee3ng d\u1eef li\u1ec7u, d\u1eef li\u1ec7u t\u00ednh to\u00e0n v\u1eb9n v\u00e0 b\u1ea3o m\u1eadt. Ch\u00ednh s\u00e1ch b\u1ea3o m\u1eadt n\u00e0y kh\u00f4ng \u00e1p d\u1ee5ng cho c\u00e1c trang web kh\u00e1c &#8211; kh\u00f4ng thu\u1ed9c b\u1ed9 \u0111i\u1ec1u khi\u1ec3n d\u1eef li\u1ec7u &#8211; \u0111\u01b0\u1ee3c truy c\u1eadp th\u00f4ng qua c\u00e1c li\u00ean k\u1ebft, bi\u1ec3u ng\u1eef ho\u1eb7c c\u00e1c li\u00ean k\u1ebft kh\u00e1c c\u00f3 th\u1ec3 c\u00f3 tr\u00ean trang web c\u1ee7a ch\u00fang t\u00f4i. Tuy nhi\u00ean, ch\u1ee7 th\u1ec3 d\u1eef li\u1ec7u ch\u1ecbu tr\u00e1ch nhi\u1ec7m b\u1ea3o m\u1eadt t\u00e0i kho\u1ea3n c\u1ee7a h\u1ecd v\u00e0 kh\u00f4ng \u0111\u01b0\u1ee3c chia s\u1ebb th\u00f4ng tin \u0111\u0103ng nh\u1eadp truy c\u1eadp ho\u1eb7c th\u00f4ng tin kh\u00e1c li\u00ean quan \u0111\u1ebfn t\u00e0i kho\u1ea3n c\u1ee7a h\u1ecd v\u1edbi b\u00ean th\u1ee9 ba. C\u00e1c ho\u1ea1t \u0111\u1ed9ng x\u1eed l\u00fd \u0111\u01b0\u1ee3c k\u1ebft n\u1ed1i v\u1edbi c\u00e1c d\u1ecbch v\u1ee5 web c\u1ee7a trang web n\u00e0y ch\u1ee7 y\u1ebfu di\u1ec5n ra t\u1ea1i tr\u1ee5 s\u1edf ho\u1ea1t \u0111\u1ed9ng n\u00f3i tr\u00ean v\u00e0 \u0111\u01b0\u1ee3c th\u1ef1c hi\u1ec7n b\u1edfi nh\u1eefng ng\u01b0\u1eddi ph\u1ee5 tr\u00e1ch x\u1eed l\u00fd.<\/p>\n<p> <\/p>\n<p>B\u1ed9 \u0111i\u1ec1u khi\u1ec3n d\u1eef li\u1ec7u, xem x\u00e9t nhu c\u1ea7u c\u1ee7a t\u1ed5 ch\u1ee9c, c\u00f3 th\u1ec3 ch\u1ec9 \u0111\u1ecbnh b\u1ed9 x\u1eed l\u00fd d\u1eef li\u1ec7u theo Ngh\u1ecb \u0111\u1ecbnh 13\/2023\/N\u0110-CP, \u0111\u1ec3 th\u1ef1c hi\u1ec7n c\u00e1c bi\u1ec7n ph\u00e1p k\u1ef9 thu\u1eadt v\u00e0 t\u1ed5 ch\u1ee9c ph\u00f9 h\u1ee3p nh\u1eb1m \u0111\u1ea3m b\u1ea3o tu\u00e2n th\u1ee7 c\u00e1c y\u00eau c\u1ea7u ph\u00e1p l\u00fd v\u00e0 b\u1ea3o v\u1ec7 quy\u1ec1n c\u1ee7a ch\u1ee7 th\u1ec3 d\u1eef li\u1ec7u. C\u00e1c b\u1ed9 x\u1eed l\u00fd d\u1eef li\u1ec7u c\u0169ng s\u1ebd \u0111\u01b0\u1ee3c y\u00eau c\u1ea7u duy tr\u00ec t\u00ednh b\u1ea3o m\u1eadt li\u00ean quan \u0111\u1ebfn vi\u1ec7c ho\u00e0n th\u00e0nh c\u00e1c nhi\u1ec7m v\u1ee5 t\u01b0\u01a1ng \u1ee9ng c\u1ee7a h\u1ecd v\u00e0 c\u0169ng c\u00f3 th\u1ec3 s\u1eed d\u1ee5ng nh\u1eefng ng\u01b0\u1eddi \u0111\u01b0\u1ee3c x\u00e1c \u0111\u1ecbnh c\u1ee5 th\u1ec3 ch\u1ecbu tr\u00e1ch nhi\u1ec7m x\u1eed l\u00fd. C\u00f3 th\u1ec3 li\u00ean h\u1ec7 v\u1edbi ng\u01b0\u1eddi ch\u1ecbu tr\u00e1ch nhi\u1ec7m b\u1ea3o v\u1ec7 d\u1eef li\u1ec7u c\u00e1 nh\u00e2n t\u1ea1i marketing@harmoor.com.<\/p>\n<p> <\/p>\n<p><strong>lo\u1ea1i v\u00e0 ngu\u1ed3n g\u1ed1c c\u1ee7a d\u1eef li\u1ec7u c\u00e1 nh\u00e2n \u0111\u01b0\u1ee3c thu th\u1eadp<\/strong><\/p>\n<p> <\/p>\n<p>B\u1ea1n c\u00f3 th\u1ec3 \u0111\u01b0\u1ee3c y\u00eau c\u1ea7u cung c\u1ea5p d\u1eef li\u1ec7u c\u00e1 nh\u00e2n c\u1ee7a m\u00ecnh b\u1ea5t c\u1ee9 khi n\u00e0o b\u1ea1n li\u00ean h\u1ec7 v\u1edbi b\u1ed9 \u0111i\u1ec1u khi\u1ec3n d\u1eef li\u1ec7u \u0111\u1ec3 nh\u1eadn d\u1ea1ng b\u1ea1n ho\u1eb7c li\u00ean h\u1ec7 v\u1edbi b\u1ea1n. D\u1eef li\u1ec7u n\u00e0y c\u0169ng c\u00f3 th\u1ec3 \u0111\u01b0\u1ee3c k\u1ebft h\u1ee3p v\u1edbi d\u1eef li\u1ec7u kh\u00e1c \u0111\u1ec3 cung c\u1ea5p v\u00e0 c\u1ea3i thi\u1ec7n s\u1ea3n ph\u1ea9m, d\u1ecbch v\u1ee5, n\u1ed9i dung v\u00e0 t\u00e0i li\u1ec7u qu\u1ea3ng c\u00e1o. ngo\u1ea1i tr\u1eeb c\u00e1c tr\u01b0\u1eddng h\u1ee3p \u0111\u01b0\u1ee3c ph\u00e1p lu\u1eadt quy \u0111\u1ecbnh, b\u1ed9 \u0111i\u1ec1u khi\u1ec3n d\u1eef li\u1ec7u kh\u00f4ng thu th\u1eadp d\u1eef li\u1ec7u c\u00e1 nh\u00e2n ti\u1ebft l\u1ed9 ngu\u1ed3n g\u1ed1c ch\u1ee7ng t\u1ed9c ho\u1eb7c s\u1eafc t\u1ed9c, quan \u0111i\u1ec3m ch\u00ednh tr\u1ecb, ni\u1ec1m tin t\u00f4n gi\u00e1o ho\u1eb7c tri\u1ebft h\u1ecdc ho\u1eb7c t\u01b0 c\u00e1ch th\u00e0nh vi\u00ean c\u00f4ng \u0111o\u00e0n, c\u0169ng nh\u01b0 d\u1eef li\u1ec7u di truy\u1ec1n, d\u1eef li\u1ec7u sinh tr\u1eafc h\u1ecdc nh\u1eb1m x\u00e1c \u0111\u1ecbnh r\u00f5 r\u00e0ng m\u1ed9t ng\u01b0\u1eddi t\u1ef1 nhi\u00ean. ng\u01b0\u1eddi, d\u1eef li\u1ec7u li\u00ean quan \u0111\u1ebfn s\u1ee9c kh\u1ecfe ho\u1eb7c \u0111\u1eddi s\u1ed1ng t\u00ecnh d\u1ee5c ho\u1eb7c khuynh h\u01b0\u1edbng t\u00ecnh d\u1ee5c c\u1ee7a ng\u01b0\u1eddi \u0111\u00f3. B\u1ed9 \u0111i\u1ec1u khi\u1ec3n d\u1eef li\u1ec7u kh\u00f4ng thu th\u1eadp d\u1eef li\u1ec7u c\u00e1 nh\u00e2n li\u00ean quan \u0111\u1ebfn ti\u1ec1n \u00e1n v\u00e0 t\u1ed9i ph\u1ea1m ho\u1eb7c c\u00e1c bi\u1ec7n ph\u00e1p an ninh li\u00ean quan. b\u1ed9 \u0111i\u1ec1u khi\u1ec3n d\u1eef li\u1ec7u vui l\u00f2ng y\u00eau c\u1ea7u b\u1ea1n kh\u00f4ng cung c\u1ea5p d\u1eef li\u1ec7u n\u00f3i tr\u00ean. Tr\u1ebb v\u1ecb th\u00e0nh ni\u00ean c\u00f3 th\u1ec3 \u0111\u1ed3ng \u00fd v\u1edbi vi\u1ec7c x\u1eed l\u00fd d\u1eef li\u1ec7u c\u00e1 nh\u00e2n c\u1ee7a h\u1ecd k\u1ec3 t\u1eeb khi 16 tu\u1ed5i. B\u1ed9 \u0111i\u1ec1u khi\u1ec3n d\u1eef li\u1ec7u s\u1ebd kh\u00f4ng x\u1eed l\u00fd d\u1eef li\u1ec7u c\u00e1 nh\u00e2n c\u1ee7a tr\u1ebb em d\u01b0\u1edbi 16 tu\u1ed5i, tr\u1eeb khi cha m\u1eb9 ho\u1eb7c ng\u01b0\u1eddi gi\u00e1m h\u1ed9 \u0111\u1ed3ng \u00fd v\u1edbi c\u00e1c ho\u1ea1t \u0111\u1ed9ng thu th\u1eadp vi\u1ec7c s\u1eed d\u1ee5ng v\u00e0 ti\u1ebft l\u1ed9 th\u00f4ng tin c\u1ee7a tr\u1ebb em b\u1edfi b\u1ed9 \u0111i\u1ec1u khi\u1ec3n d\u1eef li\u1ec7u. ch\u00fang t\u00f4i x\u00e1c nh\u1eadn r\u1eb1ng kh\u00f4ng c\u00f3 y\u00eau c\u1ea7u cung c\u1ea5p d\u1eef li\u1ec7u c\u00e1 nh\u00e2n m\u00e0 ch\u00fang t\u00f4i y\u00eau c\u1ea7u: tuy nhi\u00ean, n\u1ebfu b\u1ea1n quy\u1ebft \u0111\u1ecbnh kh\u00f4ng cung c\u1ea5p d\u1eef li\u1ec7u \u0111\u00f3, trong nhi\u1ec1u tr\u01b0\u1eddng h\u1ee3p, b\u1ea1n s\u1ebd kh\u00f4ng th\u1ec3 s\u1eed d\u1ee5ng c\u00e1c d\u1ecbch v\u1ee5 \u0111\u01b0\u1ee3c k\u00edch ho\u1ea1t th\u00f4ng qua trang web.<\/p>\n<p> <\/p>\n<p><strong>d\u1eef li\u1ec7u \u0111i\u1ec1u h\u01b0\u1edbng<\/strong><\/p>\n<p> <\/p>\n<p>C\u00e1c h\u1ec7 th\u1ed1ng m\u00e1y t\u00ednh v\u00e0 quy tr\u00ecnh ph\u1ea7n m\u1ec1m \u0111\u01b0\u1ee3c s\u1eed d\u1ee5ng \u0111\u1ec3 v\u1eadn h\u00e0nh trang web n\u00e0y c\u00f3 \u0111\u01b0\u1ee3c, trong qu\u00e1 tr\u00ecnh ho\u1ea1t \u0111\u1ed9ng b\u00ecnh th\u01b0\u1eddng, m\u1ed9t s\u1ed1 d\u1eef li\u1ec7u c\u00e1 nh\u00e2n sau \u0111\u00f3 \u0111\u01b0\u1ee3c truy\u1ec1n ho\u00e0n to\u00e0n b\u1eb1ng c\u00e1ch s\u1eed d\u1ee5ng c\u00e1c giao th\u1ee9c truy\u1ec1n th\u00f4ng Internet. Th\u00f4ng tin n\u00e0y kh\u00f4ng \u0111\u01b0\u1ee3c thu th\u1eadp \u0111\u1ec3 li\u00ean k\u1ebft v\u1edbi c\u00e1c \u0111\u1ed1i t\u01b0\u1ee3ng d\u1eef li\u1ec7u \u0111\u00e3 x\u00e1c \u0111\u1ecbnh, nh\u01b0ng v\u1ec1 b\u1ea3n ch\u1ea5t, th\u00f4ng tin n\u00e0y c\u00f3 th\u1ec3, th\u00f4ng qua qu\u00e1 tr\u00ecnh x\u1eed l\u00fd v\u00e0 li\u00ean k\u1ebft v\u1edbi d\u1eef li\u1ec7u do b\u00ean th\u1ee9 ba n\u1eafm gi\u1eef, cho ph\u00e9p x\u00e1c \u0111\u1ecbnh ng\u01b0\u1eddi d\u00f9ng. Lo\u1ea1i d\u1eef li\u1ec7u n\u00e0y bao g\u1ed3m \u0111\u1ecba ch\u1ec9 IP ho\u1eb7c t\u00ean mi\u1ec1n c\u1ee7a m\u00e1y t\u00ednh \u0111\u01b0\u1ee3c s\u1eed d\u1ee5ng b\u1edfi ng\u01b0\u1eddi d\u00f9ng k\u1ebft n\u1ed1i v\u1edbi trang web, \u0111\u1ecba ch\u1ec9 trong k\u00fd hi\u1ec7u \u0111\u1ecbnh danh t\u00e0i nguy\u00ean th\u1ed1ng nh\u1ea5t (uri) c\u1ee7a t\u00e0i nguy\u00ean \u0111\u01b0\u1ee3c y\u00eau c\u1ea7u, th\u1eddi gian y\u00eau c\u1ea7u, ph\u01b0\u01a1ng th\u1ee9c \u0111\u01b0\u1ee3c s\u1eed d\u1ee5ng \u0111\u1ec3 g\u1eedi y\u00eau c\u1ea7u \u0111\u1ed1i v\u1edbi m\u00e1y ch\u1ee7, k\u00edch th\u01b0\u1edbc c\u1ee7a t\u1ec7p thu \u0111\u01b0\u1ee3c trong ph\u1ea3n h\u1ed3i, m\u00e3 s\u1ed1 cho bi\u1ebft tr\u1ea1ng th\u00e1i c\u1ee7a ph\u1ea3n h\u1ed3i do m\u00e1y ch\u1ee7 \u0111\u01b0a ra (th\u00e0nh c\u00f4ng, l\u1ed7i, v.v.) v\u00e0 c\u00e1c tham s\u1ed1 kh\u00e1c li\u00ean quan \u0111\u1ebfn h\u1ec7 \u0111i\u1ec1u h\u00e0nh v\u00e0 m\u00f4i tr\u01b0\u1eddng m\u00e1y t\u00ednh c\u1ee7a ng\u01b0\u1eddi d\u00f9ng.<\/p>\n<p> <\/p>\n<p>d\u1eef li\u1ec7u do ng\u01b0\u1eddi d\u00f9ng t\u1ef1 nguy\u1ec7n cung c\u1ea5p<\/p>\n<p> <\/p>\n<p>B\u1ed9 \u0111i\u1ec1u khi\u1ec3n d\u1eef li\u1ec7u thu th\u1eadp v\u00e0 x\u1eed l\u00fd d\u1eef li\u1ec7u do ch\u1ee7 th\u1ec3 d\u1eef li\u1ec7u t\u1ef1 nguy\u1ec7n cung c\u1ea5p sau khi truy c\u1eadp, \u0111\u0103ng k\u00fd, t\u01b0 v\u1ea5n v\u00e0\/ho\u1eb7c s\u1eed d\u1ee5ng trang web.<\/p>\n<p> <\/p>\n<p><strong>m\u1ee5c \u0111\u00edch x\u1eed l\u00fd<\/strong><\/p>\n<p> <\/p>\n<p>tr\u00ean c\u01a1 s\u1edf s\u1ef1 \u0111\u1ed3ng \u00fd t\u1ef1 do, r\u00f5 r\u00e0ng v\u00e0 \u0111\u01b0\u1ee3c th\u00f4ng b\u00e1o \u0111\u1ea7y \u0111\u1ee7 c\u1ee7a b\u1ea1n &#8211; ho\u1eb7c trong c\u00e1c tr\u01b0\u1eddng h\u1ee3p kh\u00e1c v\u1ec1 t\u00ednh h\u1ee3p ph\u00e1p c\u1ee7a vi\u1ec7c x\u1eed l\u00fd theo y\u00eau c\u1ea7u nghi\u00eam ng\u1eb7t c\u1ee7a ph\u00e1p lu\u1eadt, bao g\u1ed3m 13\/2023\/N\u0110-CP &#8211; b\u1ed9 \u0111i\u1ec1u khi\u1ec3n d\u1eef li\u1ec7u th\u00f4ng b\u00e1o cho b\u1ea1n r\u1eb1ng d\u1eef li\u1ec7u \u0111\u01b0\u1ee3c thu th\u1eadp:<\/p>\n<ul>\n<li>cho ph\u00e9p b\u1ea1n qu\u1ea3n l\u00fd y\u00eau c\u1ea7u \u0111\u0103ng k\u00fd v\u00e0o trang web v\u00e0 t\u00e0i kho\u1ea3n c\u1ee7a b\u1ea1n c\u0169ng nh\u01b0 y\u00eau c\u1ea7u tham gia c\u00e1c s\u1ef1 ki\u1ec7n do b\u1ed9 \u0111i\u1ec1u khi\u1ec3n d\u1eef li\u1ec7u t\u1ed5 ch\u1ee9c<\/li>\n<li>c\u00f3 th\u1ec3 \u0111\u01b0\u1ee3c s\u1eed d\u1ee5ng \u0111\u1ec3 x\u00e1c minh danh t\u00ednh c\u1ee7a b\u1ea1n, t\u1ea1o \u0111i\u1ec1u ki\u1ec7n nh\u1eadn d\u1ea1ng ng\u01b0\u1eddi d\u00f9ng<\/li>\n<li>c\u00f3 th\u1ec3 \u0111\u01b0\u1ee3c s\u1eed d\u1ee5ng cho m\u1ee5c \u0111\u00edch marketing (b\u1ea3n tin bao g\u1ed3m th\u00f4ng tin th\u01b0\u01a1ng m\u1ea1i v\u00e0 qu\u1ea3ng c\u00e1o)<\/li>\n<li>c\u00f3 th\u1ec3 \u0111\u01b0\u1ee3c x\u1eed l\u00fd cho c\u00e1c m\u1ee5c \u0111\u00edch th\u1ed1ng k\u00ea, \u1ea9n danh v\u00e0 t\u1ed5ng h\u1ee3p khi s\u1eed d\u1ee5ng trang web v\u00e0 \u0111\u1ec3 ki\u1ec3m tra ho\u1ea1t \u0111\u1ed9ng ch\u00ednh x\u00e1c c\u1ee7a n\u00f3.<\/li>\n<\/ul>\n<p> <\/p>\n<p><strong>s\u1eed d\u1ee5ng ph\u01b0\u01a1ng ti\u1ec7n truy\u1ec1n th\u00f4ng x\u00e3 h\u1ed9i<\/strong><\/p>\n<p> <\/p>\n<p>Xin l\u01b0u \u00fd r\u1eb1ng b\u1ea1n c\u00f3 th\u1ec3 tham gia v\u00e0o n\u1ec1n t\u1ea3ng c\u1ee7a b\u1ed9 \u0111i\u1ec1u khi\u1ec3n d\u1eef li\u1ec7u cung c\u1ea5p ph\u01b0\u01a1ng ti\u1ec7n truy\u1ec1n th\u00f4ng x\u00e3 h\u1ed9i \u0111\u1ed9c quy\u1ec1n (n\u1ec1n t\u1ea3ng truy\u1ec1n th\u00f4ng x\u00e3 h\u1ed9i) \u0111\u00e3 \u0111\u01b0\u1ee3c cung c\u1ea5p cho b\u1ea1n. m\u1ee5c ti\u00eau ch\u00ednh c\u1ee7a ph\u01b0\u01a1ng ti\u1ec7n truy\u1ec1n th\u00f4ng x\u00e3 h\u1ed9i n\u00e0y l\u00e0 t\u1ea1o \u0111i\u1ec1u ki\u1ec7n v\u00e0 cho ph\u00e9p chia s\u1ebb n\u1ed9i dung. tuy nhi\u00ean, b\u1ed9 \u0111i\u1ec1u khi\u1ec3n d\u1eef li\u1ec7u kh\u00f4ng th\u1ec3 ch\u1ecbu tr\u00e1ch nhi\u1ec7m ph\u00e1p l\u00fd n\u1ebfu d\u1eef li\u1ec7u c\u00e1 nh\u00e2n \u0111\u01b0\u1ee3c chia s\u1ebb tr\u00ean ph\u01b0\u01a1ng ti\u1ec7n truy\u1ec1n th\u00f4ng x\u00e3 h\u1ed9i n\u00f3i tr\u00ean m\u00e0 sau \u0111\u00f3 \u0111\u01b0\u1ee3c c\u00e1c b\u00ean th\u1ee9 ba s\u1eed d\u1ee5ng kh\u00f4ng \u0111\u00fang c\u00e1ch ho\u1eb7c kh\u00f4ng ph\u00f9 h\u1ee3p.<\/p>\n<p> <\/p>\n<p>quy tr\u00ecnh x\u1eed l\u00fd v\u00e0 b\u1ea3o v\u1ec7 d\u1eef li\u1ec7u &#8211; d\u1eef li\u1ec7u c\u00e1 nh\u00e2n c\u1ee7a ch\u1ee7 th\u1ec3 d\u1eef li\u1ec7u s\u1ebd \u0111\u01b0\u1ee3c x\u1eed l\u00fd b\u1eb1ng gi\u1ea5y v\u00e0\/ho\u1eb7c ph\u01b0\u01a1ng ti\u1ec7n \u0111i\u1ec7n t\u1eed, trong th\u1eddi gian c\u1ea7n thi\u1ebft \u0111\u1ec3 \u0111\u1ea1t \u0111\u01b0\u1ee3c m\u1ee5c \u0111\u00edch m\u00e0 ch\u00fang \u0111\u01b0\u1ee3c thu th\u1eadp v\u00e0 \u00e1p d\u1ee5ng c\u00e1c bi\u1ec7n ph\u00e1p b\u1ea3o m\u1eadt th\u00edch h\u1ee3p \u0111\u1ec3 ng\u0103n ch\u1eb7n vi\u1ec7c ph\u00e1 h\u1ee7y ho\u1eb7c m\u1ea5t d\u1eef li\u1ec7u , kh\u1ea3 n\u0103ng s\u1eed d\u1ee5ng tr\u00e1i ph\u00e9p v\u00e0 truy c\u1eadp tr\u00e1i ph\u00e9p, theo \u0111i\u1ec1u 13\/2023\/N\u0110-CP<\/p>\n<p> <\/p>\n<p>d\u1eef li\u1ec7u c\u1ee7a b\u1ea1n s\u1ebd kh\u00f4ng \u0111\u01b0\u1ee3c ph\u1ed5 bi\u1ebfn d\u01b0\u1edbi b\u1ea5t k\u1ef3 h\u00ecnh th\u1ee9c n\u00e0o v\u00e0 ch\u1ec9 c\u00f3 th\u1ec3 \u0111\u01b0\u1ee3c ti\u1ebft l\u1ed9 cho c\u00e1c b\u00ean th\u1ee9 ba c\u00f3 ho\u1ea1t \u0111\u1ed9ng c\u1ea7n thi\u1ebft v\u00e0 li\u00ean quan \u0111\u1ebfn c\u00e1c m\u1ee5c \u0111\u00edch \u0111\u01b0\u1ee3c \u0111\u1ec1 c\u1eadp trong tuy\u00ean b\u1ed1 n\u00e0y, ch\u1eb3ng h\u1ea1n nh\u01b0: c\u00e1c c\u01a1 quan h\u00e0nh ch\u00ednh v\u00e0 t\u01b0 ph\u00e1p c\u00f3 th\u1ea9m quy\u1ec1n y\u00eau c\u1ea7u v\u00e0 thu th\u1eadp th\u00f4ng tin li\u00ean quan \u0111\u1ebfn b\u1ea1n; c\u01a1 quan c\u00f4ng quy\u1ec1n ho\u1eb7c c\u01a1 quan c\u00f4ng quy\u1ec1n; c\u00e1c ch\u1ee7 th\u1ec3 th\u1ef1c hi\u1ec7n ho\u1eb7c ph\u00e2n ph\u1ed1i c\u00e1c d\u1ecbch v\u1ee5 ng\u00e2n h\u00e0ng, t\u00e0i ch\u00ednh v\u00e0 b\u1ea3o hi\u1ec3m, c\u00e1c ho\u1ea1t \u0111\u1ed9ng l\u01b0u tr\u1eef, h\u1ed7 tr\u1ee3 v\u00e0 t\u01b0 v\u1ea5n, in \u1ea5n, \u0111\u00f3ng g\u00f3i, v\u1eadn chuy\u1ec3n v\u00e0 qu\u1ea3n l\u00fd th\u00f4ng tin li\u00ean l\u1ea1c v\u1edbi ch\u1ee7 th\u1ec3 d\u1eef li\u1ec7u; \u0111\u1ed1i t\u01b0\u1ee3ng cung c\u1ea5p d\u1ecbch v\u1ee5 qu\u1ea3n l\u00fd h\u1ec7 th\u1ed1ng th\u00f4ng tin c\u1ee7a b\u1ed9 \u0111i\u1ec1u khi\u1ec3n d\u1eef li\u1ec7u v\u00e0 m\u1ea1ng vi\u1ec5n th\u00f4ng; c\u00e1c c\u00f4ng ty thu\u1ed9c b\u1ed9 \u0111i\u1ec1u khi\u1ec3n d\u1eef li\u1ec7u ho\u1eb7c h\u1ee3p t\u00e1c v\u1edbi n\u00f3, c\u0169ng \u1edf n\u01b0\u1edbc ngo\u00e0i t\u1ea1i Vi\u1ec7t Nam v\u00e0 c\u00e1c qu\u1ed1c gia kh\u00f4ng thu\u1ed9c Vi\u1ec7t Nam ho\u1eb7c c\u00e1c b\u00ean \u0111\u00e1ng tin c\u1eady b\u00ean ngo\u00e0i, c\u0169ng ho\u1ea1t \u0111\u1ed9ng \u1edf n\u01b0\u1edbc ngo\u00e0i v\u00e0 kh\u00f4ng thu\u1ed9c b\u1ed9 \u0111i\u1ec1u khi\u1ec3n d\u1eef li\u1ec7u, th\u1ef1c hi\u1ec7n c\u00e1c ho\u1ea1t \u0111\u1ed9ng t\u01b0\u01a1ng t\u1ef1 v\u1ec1 b\u1ea3n ch\u1ea5t k\u1ef9 thu\u1eadt v\u00e0 t\u1ed5 ch\u1ee9c, c\u1ee7a t\u01b0 v\u1ea5n, ki\u1ec3m so\u00e1t v\u00e0 th\u00f4ng tin.<\/p>\n<p> <\/p>\n<p><strong>quy\u1ec1n c\u1ee7a ch\u1ee7 th\u1ec3 d\u1eef li\u1ec7u<\/strong><\/p>\n<p> <\/p>\n<p>v\u1edbi t\u01b0 c\u00e1ch l\u00e0 ch\u1ee7 th\u1ec3 d\u1eef li\u1ec7u tham gia v\u00e0o qu\u00e1 tr\u00ecnh x\u1eed l\u00fd, b\u1ea1n c\u00f3 th\u1ec3 th\u1ef1c hi\u1ec7n c\u00e1c quy\u1ec1n theo \u0111i\u1ec1u 13\/2023\/N\u0110-CP b\u1ea5t c\u1ee9 l\u00fac n\u00e0o. C\u1ee5 th\u1ec3, b\u1ea1n c\u00f3 th\u1ec3 y\u00eau c\u1ea7u b\u00ean ki\u1ec3m so\u00e1t d\u1eef li\u1ec7u x\u00e1c nh\u1eadn s\u1ef1 t\u1ed3n t\u1ea1i ho\u1eb7c kh\u00f4ng t\u1ed3n t\u1ea1i c\u1ee7a d\u1eef li\u1ec7u c\u00e1 nh\u00e2n li\u00ean quan \u0111\u1ebfn b\u1ea1n, quy\u1ec1n truy c\u1eadp v\u00e0o d\u1eef li\u1ec7u c\u00e1 nh\u00e2n v\u00e0 vi\u1ec7c ch\u1ec9nh s\u1eeda ho\u1eb7c h\u1ee7y b\u1ecf ho\u1eb7c gi\u1edbi h\u1ea1n x\u1eed l\u00fd li\u00ean quan \u0111\u1ebfn b\u1ea1n ho\u1eb7c ph\u1ea3n \u0111\u1ed1i vi\u1ec7c x\u1eed l\u00fd, ngo\u00e0i ra quy\u1ec1n chuy\u1ec3n d\u1eef li\u1ec7u v\u00e0 quy\u1ec1n khi\u1ebfu n\u1ea1i v\u1edbi c\u01a1 quan gi\u00e1m s\u00e1t. b\u1ea1n s\u1ebd c\u00f3 th\u1ec3 l\u1ea5y th\u00f4ng tin v\u1ec1 ngu\u1ed3n b\u1eaft ngu\u1ed3n d\u1eef li\u1ec7u c\u00e1 nh\u00e2n v\u00e0, n\u1ebfu th\u00edch h\u1ee3p, kh\u1ea3 n\u0103ng d\u1eef li\u1ec7u \u0111\u1ebfn t\u1eeb c\u00e1c ngu\u1ed3n m\u00e0 c\u00f4ng ch\u00fang c\u00f3 th\u1ec3 truy c\u1eadp \u0111\u01b0\u1ee3c. H\u01a1n n\u1eefa, n\u1ebfu vi\u1ec7c x\u1eed l\u00fd d\u1ef1a tr\u00ean s\u1ef1 \u0111\u1ed3ng \u00fd r\u00f5 r\u00e0ng, ch\u1ee7 th\u1ec3 d\u1eef li\u1ec7u s\u1ebd c\u00f3 quy\u1ec1n r\u00fat l\u1ea1i s\u1ef1 \u0111\u1ed3ng \u00fd b\u1ea5t c\u1ee9 l\u00fac n\u00e0o m\u00e0 kh\u00f4ng \u1ea3nh h\u01b0\u1edfng \u0111\u1ebfn t\u00ednh h\u1ee3p ph\u00e1p c\u1ee7a vi\u1ec7c x\u1eed l\u00fd d\u1ef1a tr\u00ean s\u1ef1 \u0111\u1ed3ng \u00fd \u0111\u01b0\u1ee3c \u0111\u01b0a ra tr\u01b0\u1edbc khi thu h\u1ed3i. Y\u00eau c\u1ea7u ph\u1ea3i \u0111\u01b0\u1ee3c g\u1eedi t\u1edbi b\u1ed9 \u0111i\u1ec1u khi\u1ec3n d\u1eef li\u1ec7u, t\u1ea1i \u0111\u1ecba ch\u1ec9 email marketing@harmoor.com<\/p>\n<p> <\/p>\n<p><strong>b\u1ea3n quy\u1ec1n \u00a9 2018, n\u1ed9i th\u1ea5t harmoor b\u1ea3o l\u01b0u m\u1ecdi quy\u1ec1n.<\/strong><\/p>\n<p> <\/p>\n<p>T\u1ea5t c\u1ea3 c\u00e1c quy\u1ec1n \u0111\u1ed1i v\u1edbi trang web n\u00e0y \u0111\u01b0\u1ee3c b\u1ea3o l\u01b0u theo ph\u00e1p lu\u1eadt hi\u1ec7n h\u00e0nh. t\u1ea5t c\u1ea3 c\u00e1c quy\u1ec1n \u0111\u1ed1i v\u1edbi c\u01a1 s\u1edf d\u1eef li\u1ec7u \u0111\u01b0\u1ee3c b\u1ea3o l\u01b0u. To\u00e0n b\u1ed9 ho\u1eb7c m\u1ed9t ph\u1ea7n b\u1ea3n d\u1ecbch, \u0111i\u1ec1u ch\u1ec9nh, x\u1eed l\u00fd ho\u1eb7c sao ch\u00e9p b\u1eb1ng b\u1ea5t k\u1ef3 ph\u01b0\u01a1ng ti\u1ec7n n\u00e0o (bao g\u1ed3m c\u1ea3 l\u01b0u tr\u1eef \u0111i\u1ec7n t\u1eed) c\u1ee7a b\u1ea5t k\u1ef3 t\u00e0i li\u1ec7u n\u00e0o tr\u00ean trang web n\u00e0y \u0111\u01b0\u1ee3c d\u00e0nh ri\u00eang cho t\u1ea5t c\u1ea3 c\u00e1c qu\u1ed1c gia.<\/p>\n<p><br>Vi\u1ec7c sao ch\u00e9p v\u00e0 ph\u00e2n ph\u1ed1i to\u00e0n b\u1ed9 ho\u1eb7c m\u1ed9t ph\u1ea7n b\u1ea5t k\u1ef3 t\u00e0i li\u1ec7u n\u00e0o c\u00f3 tr\u00ean trang web n\u00e0y, bao g\u1ed3m c\u1ea3 vi\u1ec7c \u0111\u00f3ng khung, c\u00e1c ph\u01b0\u01a1ng ti\u1ec7n sao ch\u00e9p t\u01b0\u01a1ng t\u1ef1 v\u00e0 l\u01b0u tr\u1eef k\u1ef9 thu\u1eadt s\u1ed1 \u0111\u1ec1u b\u1ecb nghi\u00eam c\u1ea5m n\u1ebfu kh\u00f4ng c\u00f3 s\u1ef1 cho ph\u00e9p b\u1eb1ng v\u0103n b\u1ea3n t\u1eeb n\u1ed9i th\u1ea5t harmoor, ngo\u1ea1i tr\u1eeb nh\u1eefng ng\u01b0\u1eddi c\u00f3 quy\u1ec1n.<\/p>\n<p> <\/p>\n<p>n\u1ed9i dung c\u1ee7a trang web n\u00e0y (bao g\u1ed3m nh\u01b0ng kh\u00f4ng gi\u1edbi h\u1ea1n \u1edf v\u0103n b\u1ea3n, logo, bi\u1ec3u t\u01b0\u1ee3ng, h\u00ecnh \u1ea3nh, \u0111\u1ed3 h\u1ecda, \u00e2m thanh, ch\u01b0\u01a1ng tr\u00ecnh m\u00e1y t\u00ednh v\u00e0 c\u01a1 s\u1edf d\u1eef li\u1ec7u) c\u0169ng nh\u01b0 c\u00e1ch tr\u00ecnh b\u00e0y v\u00e0 \u0111\u1ecbnh d\u1ea1ng n\u1ed9i dung (b\u1ed1 c\u1ee5c \u0111\u1ed3 h\u1ecda) l\u00e0 t\u00e0i s\u1ea3n \u0111\u1ed9c quy\u1ec1n c\u1ee7a n\u1ed9i th\u1ea5t harmoor v\u00e0 \u0111\u01b0\u1ee3c b\u1ea3o v\u1ec7 b\u1edfi lu\u1eadt s\u1edf h\u1eefu tr\u00ed tu\u1ec7 Vi\u1ec7t Nam v\u00e0 qu\u1ed1c t\u1ebf.<\/p>\n<p> <\/p>\n<p>N\u1ebfu t\u00e0i li\u1ec7u \u0111\u00e3 \u0111\u01b0\u1ee3c xu\u1ea5t b\u1ea3n ngo\u00e0i \u00fd mu\u1ed1n c\u00f3 b\u1ea3n quy\u1ec1n ho\u1eb7c vi ph\u1ea1m ph\u00e1p lu\u1eadt, ch\u00fang t\u00f4i y\u00eau c\u1ea7u ng\u01b0\u1eddi d\u00f9ng th\u00f4ng b\u00e1o \u0111i\u1ec1u n\u00e0y v\u1edbi n\u1ed9i th\u1ea5t Harmoor, h\u1ecd h\u1ee9a s\u1ebd x\u00f3a t\u00e0i li\u1ec7u vi ph\u1ea1m lu\u1eadt s\u1edf h\u1eefu tr\u00ed tu\u1ec7 kh\u1ecfi c\u00e1c t\u1ec7p \u0111i\u1ec7n t\u1eed c\u1ee7a h\u1ecd ngay l\u1eadp t\u1ee9c nh\u01b0 ngay khi nh\u1eadn th\u1ee9c \u0111\u01b0\u1ee3c h\u00e0nh vi vi ph\u1ea1m.<\/p>\n<p> <\/p>\n<p><strong>nh\u00e3n hi\u1ec7u v\u00e0 quy\u1ec1n s\u1edf h\u1eefu tr\u00ed tu\u1ec7<\/strong><\/p>\n<p> <\/p>\n<p>www.harmoor.com v\u00e0 t\u00ean c\u1ee7a c\u00e1c s\u1ea3n ph\u1ea9m, d\u1ecbch v\u1ee5, \u0111\u1ed3 h\u1ecda v\u00e0 logo l\u00e0 c\u00e1c nh\u00e3n hi\u1ec7u \u0111\u00e3 \u0111\u0103ng k\u00fd c\u1ee7a c\u00f4ng ty ch\u00fang \u0111\u01b0\u1ee3c b\u1ea3o v\u1ec7 b\u1edfi lu\u1eadt s\u1edf h\u1eefu tr\u00ed tu\u1ec7 Vi\u1ec7t Nam v\u00e0 qu\u1ed1c t\u1ebf.<\/p>\n<p> <\/p>\n<p><strong>th\u00f4ng b\u00e1o<\/strong><\/p>\n<p> <\/p>\n<p>Th\u00f4ng tin tr\u00ean trang web n\u00e0y c\u00f3 th\u1ec3 ch\u1ee9a c\u00e1c \u0111i\u1ec3m kh\u00f4ng ch\u00ednh x\u00e1c v\u1ec1 k\u1ef9 thu\u1eadt, thi\u1ebfu s\u00f3t ho\u1eb7c l\u1ed7i \u0111\u00e1nh m\u00e1y. th\u00f4ng tin c\u00f3 th\u1ec3 thay \u0111\u1ed5i ho\u1eb7c c\u1eadp nh\u1eadt m\u00e0 kh\u00f4ng c\u1ea7n th\u00f4ng b\u00e1o. H\u01a1n n\u1eefa, n\u1ed9i th\u1ea5t h\u00e0i h\u00f2a c\u00f3 quy\u1ec1n th\u1ef1c hi\u1ec7n c\u00e1c thay \u0111\u1ed5i v\u00e0\/ho\u1eb7c c\u1ea3i ti\u1ebfn m\u00e0 kh\u00f4ng c\u1ea7n th\u00f4ng b\u00e1o v\u00e0 v\u00e0o b\u1ea5t k\u1ef3 l\u00fac n\u00e0o \u0111\u1ed1i v\u1edbi c\u00e1c ghi ch\u00fa v\u00e0 ph\u01b0\u01a1ng ph\u00e1p s\u1eed d\u1ee5ng n\u00e0y c\u0169ng nh\u01b0 \u0111\u1ed1i v\u1edbi c\u00e1c d\u1ecbch v\u1ee5, s\u1ea3n ph\u1ea9m v\u00e0\/ho\u1eb7c ch\u01b0\u01a1ng tr\u00ecnh \u0111\u01b0\u1ee3c m\u00f4 t\u1ea3 tr\u00ean trang web n\u00e0y.<br><br>phi\u00ean b\u1ea3n 08\/2018<\/p>\n<p> <\/p>\n<p><a href=\"https:\/\/policies.google.com\/technologies\/cookies?hl=en#how-google-uses-cookies\">xem th\u00eam th\u00f4ng tin v\u1ec1 cookie<\/a><\/p>\n<p> <\/p>\t\t\t\t\t\t\t\t<\/div>\n\t\t\t\t<\/div>\n\t\t\t\t\t<\/div>\n\t\t<\/div>\n\t\t\t\t\t<\/div>\n\t\t<\/section>\n\t\t\t\t<\/div>\n\t\t","protected":false},"excerpt":{"rendered":"<p>quy\u1ec1n ri\u00eang t\u01b0 &nbsp; C\u0103n c\u1ee9 quy \u0111\u1ecbnh ph\u00e1p lu\u1eadt 13\/2023\/N\u0110-CP (b\u1ed9 lu\u1eadt b\u1ea3o v\u1ec7 d\u1eef li\u1ec7u c\u00e1 nh\u00e2n) v\u00e0 quy \u0111\u1ecbnh v\u1ec1 b\u1ea3o v\u1ec7 c\u00e1 nh\u00e2n li\u00ean quan \u0111\u1ebfn vi\u1ec7c x\u1eed l\u00fd d\u1eef li\u1ec7u c\u00e1 nh\u00e2n v\u00e0 t\u1ef1 do di chuy\u1ec3n d\u1eef li\u1ec7u \u0111\u00f3 v\u00e0 c\u00e1c s\u1eeda \u0111\u1ed5i ti\u1ebfp theo. &nbsp; C\u00f4ng ty Harmoor [&hellip;]<\/p>\n","protected":false},"author":4,"featured_media":0,"parent":0,"menu_order":0,"comment_status":"closed","ping_status":"closed","template":"page-templates\/homepage-v2.php","meta":{"footnotes":""},"class_list":["post-19866","page","type-page","status-publish","hentry"],"_links":{"self":[{"href":"https:\/\/harmoor.com\/vi\/wp-json\/wp\/v2\/pages\/19866","targetHints":{"allow":["GET"]}}],"collection":[{"href":"https:\/\/harmoor.com\/vi\/wp-json\/wp\/v2\/pages"}],"about":[{"href":"https:\/\/harmoor.com\/vi\/wp-json\/wp\/v2\/types\/page"}],"author":[{"embeddable":true,"href":"https:\/\/harmoor.com\/vi\/wp-json\/wp\/v2\/users\/4"}],"replies":[{"embeddable":true,"href":"https:\/\/harmoor.com\/vi\/wp-json\/wp\/v2\/comments?post=19866"}],"version-history":[{"count":0,"href":"https:\/\/harmoor.com\/vi\/wp-json\/wp\/v2\/pages\/19866\/revisions"}],"wp:attachment":[{"href":"https:\/\/harmoor.com\/vi\/wp-json\/wp\/v2\/media?parent=19866"}],"curies":[{"name":"wp","href":"https:\/\/api.w.org\/{rel}","templated":true}]}}