{"id":17779,"date":"2023-06-22T14:48:43","date_gmt":"2023-06-22T06:48:43","guid":{"rendered":"https:\/\/harmoor.com\/xuat-xu-viet-nam\/"},"modified":"2023-07-06T12:52:53","modified_gmt":"2023-07-06T04:52:53","slug":"xuat-xu-viet-nam","status":"publish","type":"page","link":"https:\/\/harmoor.com\/vi\/xuat-xu-viet-nam\/","title":{"rendered":"Xu\u1ea5t x\u1ee9 Vi\u1ec7t Nam"},"content":{"rendered":"\t\t<div data-elementor-type=\"wp-page\" data-elementor-id=\"17779\" class=\"elementor elementor-17779 elementor-16682\">\n\t\t\t\t\t\t<section class=\"elementor-section elementor-top-section elementor-element elementor-element-2af834b elementor-section-full_width elementor-section-height-default elementor-section-height-default\" data-id=\"2af834b\" data-element_type=\"section\">\n\t\t\t\t\t\t<div class=\"elementor-container elementor-column-gap-default\">\n\t\t\t\t\t<div class=\"elementor-column elementor-col-100 elementor-top-column elementor-element elementor-element-b0bb8c0\" data-id=\"b0bb8c0\" data-element_type=\"column\">\n\t\t\t<div class=\"elementor-widget-wrap elementor-element-populated\">\n\t\t\t\t\t\t<div class=\"elementor-element elementor-element-14f7948 elementor-widget elementor-widget-image\" data-id=\"14f7948\" data-element_type=\"widget\" data-widget_type=\"image.default\">\n\t\t\t\t<div class=\"elementor-widget-container\">\n\t\t\t\t\t\t\t\t\t\t\t\t\t\t\t<img fetchpriority=\"high\" decoding=\"async\" width=\"1920\" height=\"815\" src=\"https:\/\/harmoor.com\/wp-content\/uploads\/2023\/06\/the-value-of-vietnam-production-1.webp\" class=\"attachment-full size-full wp-image-17206\" alt=\"the value of vietnam production (1)\" \/>\t\t\t\t\t\t\t\t\t\t\t\t\t\t\t<\/div>\n\t\t\t\t<\/div>\n\t\t\t\t\t<\/div>\n\t\t<\/div>\n\t\t\t\t\t<\/div>\n\t\t<\/section>\n\t\t\t\t<section class=\"elementor-section elementor-top-section elementor-element elementor-element-b27390b elementor-section-boxed elementor-section-height-default elementor-section-height-default\" data-id=\"b27390b\" data-element_type=\"section\">\n\t\t\t\t\t\t<div class=\"elementor-container elementor-column-gap-default\">\n\t\t\t\t\t<div class=\"elementor-column elementor-col-100 elementor-top-column elementor-element elementor-element-4e90b36\" data-id=\"4e90b36\" data-element_type=\"column\">\n\t\t\t<div class=\"elementor-widget-wrap elementor-element-populated\">\n\t\t\t\t\t\t<section class=\"elementor-section elementor-inner-section elementor-element elementor-element-05a2b2d elementor-section-boxed elementor-section-height-default elementor-section-height-default\" data-id=\"05a2b2d\" data-element_type=\"section\">\n\t\t\t\t\t\t<div class=\"elementor-container elementor-column-gap-default\">\n\t\t\t\t\t<div class=\"elementor-column elementor-col-50 elementor-inner-column elementor-element elementor-element-bfe33f3\" data-id=\"bfe33f3\" data-element_type=\"column\">\n\t\t\t<div class=\"elementor-widget-wrap elementor-element-populated\">\n\t\t\t\t\t\t<div class=\"elementor-element elementor-element-ec8e406 elementor-widget elementor-widget-text-editor\" data-id=\"ec8e406\" data-element_type=\"widget\" data-widget_type=\"text-editor.default\">\n\t\t\t\t<div class=\"elementor-widget-container\">\n\t\t\t\t\t\t\t\t\t<p><strong>S\u1ef1 \u0111\u1ed9c \u0111\u00e1o c\u1ee7a \u201cthi\u1ebft k\u1ebf \u00dd\u201d \u1edf Harmoor<\/strong> n\u1eb1m \u1edf kh\u1ea3 n\u0103ng k\u1ebft h\u1ee3p s\u1ef1 gi\u00e0u c\u00f3 c\u1ee7a con ng\u01b0\u1eddi, t\u00ednh th\u1ea9m m\u1ef9 xu\u1ea5t s\u1eafc, s\u1ef1 tinh t\u1ebf, c\u00f4ng ngh\u1ec7, tay ngh\u1ec1 th\u1ee7 c\u00f4ng h\u1ea1ng nh\u1ea5t v\u00e0 v\u0103n h\u00f3a d\u1ef1 \u00e1n \u0111\u01b0\u1ee3c nu\u00f4i d\u01b0\u1ee1ng b\u1edfi s\u1ef1 trao \u0111\u1ed5i c\u1edfi m\u1edf gi\u1eefa c\u00e1c doanh nh\u00e2n v\u00e0 nh\u00e0 thi\u1ebft k\u1ebf. Quy tr\u00ecnh s\u1ea3n xu\u1ea5t \u0111\u1eb3ng c\u1ea5p th\u1ebf gi\u1edbi c\u1ee7a \u00dd b\u1eaft ngu\u1ed3n t\u1eeb m\u1ed1i li\u00ean k\u1ebft s\u00e2u s\u1eafc gi\u1eefa <strong>ch\u1ea5t l\u01b0\u1ee3ng v\u00e0 nghi\u00ean c\u1ee9u.<\/strong><\/p>\n<p>Tri\u1ebft l\u00fd c\u1ee7a Harmoor lu\u00f4n l\u00e0 h\u1ed7 tr\u1ee3 gi\u00e1 tr\u1ecb c\u1ee7a c\u00e1c c\u00f4ng ty Vi\u1ec7t Nam, m\u1ed9t di s\u1ea3n b\u1eaft ngu\u1ed3n t\u1eeb l\u1ecbch s\u1eed nh\u01b0ng ph\u1ea3i li\u00ean t\u1ee5c \u0111\u01b0\u1ee3c h\u1ed7 tr\u1ee3 v\u00e0 nu\u00f4i d\u01b0\u1ee1ng. \u0110\u00e2y l\u00e0 l\u00fd do quy\u1ebft \u0111\u1ecbnh t\u1ef1 <strong>s\u1ea3n xu\u1ea5t t\u1eebng b\u1ed9 ph\u1eadn<\/strong>, t\u1ea1i m\u1ed9t \u0111\u1ecba \u0111i\u1ec3m s\u1ea3n xu\u1ea5t duy nh\u1ea5t l\u00e0 \u0110\u1ed3ng Ph\u00fa, B\u00ecnh Ph\u01b0\u1edbc. M\u1ee5c \u0111\u00edch l\u00e0 \u0111\u1ea3m b\u1ea3o cho kh\u00e1ch h\u00e0ng s\u1ea3n ph\u1ea9m ch\u1ea5t l\u01b0\u1ee3ng cao, \u0111\u01b0\u1ee3c \u0111\u1ea3m b\u1ea3o b\u1eb1ng c\u00e1c bi\u1ec7n ph\u00e1p ki\u1ec3m so\u00e1t to\u00e0n di\u1ec7n tr\u00ean to\u00e0n b\u1ed9 chu\u1ed7i s\u1ea3n xu\u1ea5t.<\/p>\t\t\t\t\t\t\t\t<\/div>\n\t\t\t\t<\/div>\n\t\t\t\t\t<\/div>\n\t\t<\/div>\n\t\t\t\t<div class=\"elementor-column elementor-col-50 elementor-inner-column elementor-element elementor-element-df0cf00\" data-id=\"df0cf00\" data-element_type=\"column\">\n\t\t\t<div class=\"elementor-widget-wrap elementor-element-populated\">\n\t\t\t\t\t\t<div class=\"elementor-element elementor-element-f8ebfd0 elementor-widget__width-initial elementor-absolute premium-floating-effects-yes elementor-widget elementor-widget-image\" data-id=\"f8ebfd0\" data-element_type=\"widget\" data-settings=\"{&quot;_position&quot;:&quot;absolute&quot;,&quot;premium_fe_translate_switcher&quot;:&quot;yes&quot;,&quot;premium_fe_Xtranslate&quot;:{&quot;unit&quot;:&quot;px&quot;,&quot;size&quot;:&quot;&quot;,&quot;sizes&quot;:{&quot;from&quot;:0,&quot;to&quot;:5}},&quot;premium_fe_Xtranslate_tablet&quot;:{&quot;unit&quot;:&quot;px&quot;,&quot;size&quot;:&quot;&quot;,&quot;sizes&quot;:[]},&quot;premium_fe_Xtranslate_mobile&quot;:{&quot;unit&quot;:&quot;px&quot;,&quot;size&quot;:&quot;&quot;,&quot;sizes&quot;:[]},&quot;premium_fe_Ytranslate&quot;:{&quot;unit&quot;:&quot;px&quot;,&quot;size&quot;:&quot;&quot;,&quot;sizes&quot;:{&quot;from&quot;:0,&quot;to&quot;:5}},&quot;premium_fe_Ytranslate_tablet&quot;:{&quot;unit&quot;:&quot;px&quot;,&quot;size&quot;:&quot;&quot;,&quot;sizes&quot;:[]},&quot;premium_fe_Ytranslate_mobile&quot;:{&quot;unit&quot;:&quot;px&quot;,&quot;size&quot;:&quot;&quot;,&quot;sizes&quot;:[]},&quot;premium_fe_trans_duration&quot;:{&quot;unit&quot;:&quot;px&quot;,&quot;size&quot;:1000,&quot;sizes&quot;:[]},&quot;premium_fe_trans_delay&quot;:{&quot;unit&quot;:&quot;px&quot;,&quot;size&quot;:&quot;&quot;,&quot;sizes&quot;:[]},&quot;premium_fe_direction&quot;:&quot;alternate&quot;,&quot;premium_fe_loop&quot;:&quot;default&quot;,&quot;premium_fe_easing&quot;:&quot;easeInOutSine&quot;}\" data-widget_type=\"image.default\">\n\t\t\t\t<div class=\"elementor-widget-container\">\n\t\t\t\t\t\t\t\t\t\t\t\t\t\t\t<img decoding=\"async\" width=\"364\" height=\"364\" src=\"https:\/\/harmoor.com\/wp-content\/uploads\/2023\/06\/100_-made-in-harmoor.webp\" class=\"attachment-full size-full wp-image-17218\" alt=\"100_ made in harmoor\" \/>\t\t\t\t\t\t\t\t\t\t\t\t\t\t\t<\/div>\n\t\t\t\t<\/div>\n\t\t\t\t<div class=\"elementor-element elementor-element-c08a5c5 elementor-widget elementor-widget-image\" data-id=\"c08a5c5\" data-element_type=\"widget\" data-widget_type=\"image.default\">\n\t\t\t\t<div class=\"elementor-widget-container\">\n\t\t\t\t\t\t\t\t\t\t\t\t\t\t\t<img decoding=\"async\" width=\"800\" height=\"1024\" src=\"https:\/\/harmoor.com\/wp-content\/uploads\/2023\/06\/model-circus-800x1024.webp\" class=\"attachment-large size-large wp-image-17212\" alt=\"model circus\" \/>\t\t\t\t\t\t\t\t\t\t\t\t\t\t\t<\/div>\n\t\t\t\t<\/div>\n\t\t\t\t\t<\/div>\n\t\t<\/div>\n\t\t\t\t\t<\/div>\n\t\t<\/section>\n\t\t\t\t\t<\/div>\n\t\t<\/div>\n\t\t\t\t\t<\/div>\n\t\t<\/section>\n\t\t\t\t<section class=\"elementor-section elementor-top-section elementor-element elementor-element-4079a59 elementor-reverse-mobile elementor-section-boxed elementor-section-height-default elementor-section-height-default\" data-id=\"4079a59\" data-element_type=\"section\">\n\t\t\t\t\t\t<div class=\"elementor-container elementor-column-gap-default\">\n\t\t\t\t\t<div class=\"elementor-column elementor-col-50 elementor-top-column elementor-element elementor-element-ccb423f\" data-id=\"ccb423f\" data-element_type=\"column\">\n\t\t\t<div class=\"elementor-widget-wrap elementor-element-populated\">\n\t\t\t\t\t\t<div class=\"elementor-element elementor-element-3be1e6b elementor-widget__width-initial elementor-widget-mobile__width-initial elementor-absolute premium-floating-effects-yes elementor-widget elementor-widget-image\" data-id=\"3be1e6b\" data-element_type=\"widget\" data-settings=\"{&quot;_position&quot;:&quot;absolute&quot;,&quot;premium_fe_scale_switcher&quot;:&quot;yes&quot;,&quot;premium_fe_Xscale&quot;:{&quot;unit&quot;:&quot;px&quot;,&quot;size&quot;:&quot;&quot;,&quot;sizes&quot;:{&quot;from&quot;:1,&quot;to&quot;:1.1}},&quot;premium_fe_Yscale&quot;:{&quot;unit&quot;:&quot;px&quot;,&quot;size&quot;:&quot;&quot;,&quot;sizes&quot;:{&quot;from&quot;:1,&quot;to&quot;:1.1}},&quot;premium_fe_scale_duration&quot;:{&quot;unit&quot;:&quot;px&quot;,&quot;size&quot;:4000,&quot;sizes&quot;:[]},&quot;premium_fe_Xscale_tablet&quot;:{&quot;unit&quot;:&quot;px&quot;,&quot;size&quot;:&quot;&quot;,&quot;sizes&quot;:[]},&quot;premium_fe_Xscale_mobile&quot;:{&quot;unit&quot;:&quot;px&quot;,&quot;size&quot;:&quot;&quot;,&quot;sizes&quot;:[]},&quot;premium_fe_Yscale_tablet&quot;:{&quot;unit&quot;:&quot;px&quot;,&quot;size&quot;:&quot;&quot;,&quot;sizes&quot;:[]},&quot;premium_fe_Yscale_mobile&quot;:{&quot;unit&quot;:&quot;px&quot;,&quot;size&quot;:&quot;&quot;,&quot;sizes&quot;:[]},&quot;premium_fe_scale_delay&quot;:{&quot;unit&quot;:&quot;px&quot;,&quot;size&quot;:&quot;&quot;,&quot;sizes&quot;:[]},&quot;premium_fe_direction&quot;:&quot;alternate&quot;,&quot;premium_fe_loop&quot;:&quot;default&quot;,&quot;premium_fe_easing&quot;:&quot;easeInOutSine&quot;}\" data-widget_type=\"image.default\">\n\t\t\t\t<div class=\"elementor-widget-container\">\n\t\t\t\t\t\t\t\t\t\t\t\t\t\t\t<img loading=\"lazy\" decoding=\"async\" width=\"364\" height=\"364\" src=\"https:\/\/harmoor.com\/wp-content\/uploads\/2023\/06\/italian-design-and-technology.webp\" class=\"attachment-full size-full wp-image-17224\" alt=\"italian design and technology\" \/>\t\t\t\t\t\t\t\t\t\t\t\t\t\t\t<\/div>\n\t\t\t\t<\/div>\n\t\t\t\t<div class=\"elementor-element elementor-element-987553d elementor-widget elementor-widget-image\" data-id=\"987553d\" data-element_type=\"widget\" data-widget_type=\"image.default\">\n\t\t\t\t<div class=\"elementor-widget-container\">\n\t\t\t\t\t\t\t\t\t\t\t\t\t\t\t<img loading=\"lazy\" decoding=\"async\" width=\"696\" height=\"598\" src=\"https:\/\/harmoor.com\/wp-content\/uploads\/2023\/06\/chair-gaia11.webp\" class=\"attachment-large size-large wp-image-17103\" alt=\"chair gaia11\" \/>\t\t\t\t\t\t\t\t\t\t\t\t\t\t\t<\/div>\n\t\t\t\t<\/div>\n\t\t\t\t\t<\/div>\n\t\t<\/div>\n\t\t\t\t<div class=\"elementor-column elementor-col-50 elementor-top-column elementor-element elementor-element-0c3ea79\" data-id=\"0c3ea79\" data-element_type=\"column\">\n\t\t\t<div class=\"elementor-widget-wrap elementor-element-populated\">\n\t\t\t\t\t\t<div class=\"elementor-element elementor-element-273c838 elementor-widget elementor-widget-text-editor\" data-id=\"273c838\" data-element_type=\"widget\" data-widget_type=\"text-editor.default\">\n\t\t\t\t<div class=\"elementor-widget-container\">\n\t\t\t\t\t\t\t\t\t<p>Gi\u00e1 tr\u1ecb c\u1ee7a vi\u1ec7c s\u1ea3n xu\u1ea5t Harmoor \u1ea3nh h\u01b0\u1edfng \u0111\u1ebfn m\u1ecdi y\u1ebfu t\u1ed1 c\u1ee7a chu\u1ed7i cung \u1ee9ng: <strong>t\u1eeb nguy\u00ean li\u1ec7u th\u00f4, \u0111\u1ebfn nh\u00e0 m\u00e1y v\u00e0 thi\u1ebft b\u1ecb<\/strong>, cho \u0111\u1ebfn qu\u00e1 tr\u00ecnh ch\u1ebf bi\u1ebfn \u0111\u01b0\u1ee3c th\u1ef1c hi\u1ec7n n\u1ed9i b\u1ed9. \u0110i\u1ec1u l\u00e0m cho c\u00f4ng ty tr\u1edf th\u00e0nh m\u1ed9t nh\u00e0 di\u1ec5n gi\u1ea3i xu\u1ea5t s\u1eafc v\u1ec1 ki\u1ec3u d\u00e1ng c\u00f4ng nghi\u1ec7p \u0111\u01b0\u01a1ng \u0111\u1ea1i l\u00e0 s\u1ef1 ch\u00fa \u00fd \u0111\u1ebfn vi\u1ec7c ki\u1ec3m tra ch\u1ea5t l\u01b0\u1ee3ng r\u1ed9ng r\u00e3i trong su\u1ed1t qu\u00e1 tr\u00ecnh s\u1ea3n xu\u1ea5t, l\u1ef1a ch\u1ecdn v\u1eadt li\u1ec7u h\u1ea1ng nh\u1ea5t, ni\u1ec1m \u0111am m\u00ea tuy\u1ec7t \u0111\u1ed1i \u0111\u1ed1i v\u1edbi m\u00e1y m\u00f3c ti\u00ean ti\u1ebfn nh\u1ea5t, theo \u0111u\u1ed5i c\u00f3 \u00fd th\u1ee9c c\u00e1c c\u00f4ng ngh\u1ec7 v\u00e0 nguy\u00ean li\u1ec7u th\u00f4 c\u1ee7a \u00dd, s\u1ef1 l\u00ean k\u1ebf ho\u1ea1ch t\u1ec9 m\u1ec9 trong t\u1eebng c\u00f4ng \u0111o\u1ea1n \u0111i\u1ec3n h\u00ecnh c\u1ee7a nh\u1eefng ng\u01b0\u1eddi th\u1ee3 th\u1ee7 c\u00f4ng, cu\u1ed9c chi\u1ebfn ch\u1ed1ng l\u00e3ng ph\u00ed v\u00e0 th\u1eeba th\u00e3i, v\u00e0 \u00fd th\u1ee9c c\u1ed9ng \u0111\u1ed3ng s\u00e2u s\u1eafc.<\/p>\n\t\t\t\t\t\t\t\t<\/div>\n\t\t\t\t<\/div>\n\t\t\t\t\t<\/div>\n\t\t<\/div>\n\t\t\t\t\t<\/div>\n\t\t<\/section>\n\t\t\t\t<section class=\"elementor-section elementor-top-section elementor-element elementor-element-914854a elementor-section-boxed elementor-section-height-default elementor-section-height-default\" data-id=\"914854a\" data-element_type=\"section\">\n\t\t\t\t\t\t<div class=\"elementor-container elementor-column-gap-default\">\n\t\t\t\t\t<div class=\"elementor-column elementor-col-50 elementor-top-column elementor-element elementor-element-e27a09f\" data-id=\"e27a09f\" data-element_type=\"column\">\n\t\t\t<div class=\"elementor-widget-wrap elementor-element-populated\">\n\t\t\t\t\t\t<div class=\"elementor-element elementor-element-560f1cc elementor-widget elementor-widget-text-editor\" data-id=\"560f1cc\" data-element_type=\"widget\" data-widget_type=\"text-editor.default\">\n\t\t\t\t<div class=\"elementor-widget-container\">\n\t\t\t\t\t\t\t\t\t<p><span style=\"font-size: 32px;\"><strong>thi\u1ebft k\u1ebf ki\u1ec3u \u00dd<\/strong><\/span><\/p>\n<p>V\u1edbi \u0111\u1ecba \u0111i\u1ec3m s\u1ea3n xu\u1ea5t t\u1ea1i B\u00ecnh Ph\u01b0\u1edbc, Vi\u1ec7t Nam. Harmoor ti\u1ebfp n\u1ed1i truy\u1ec1n th\u1ed1ng c\u1ee7a m\u1ed9t v\u00f9ng \u0111\u1ea5t c\u00f3 xu h\u01b0\u1edbng kinh doanh v\u00e0 c\u00f4ng nghi\u1ec7p ph\u00e1t tri\u1ec3n m\u1ea1nh, t\u1eadp trung \u1edf v\u00f9ng tam gi\u00e1c B\u00ecnh D\u01b0\u01a1ng &#8211; B\u00ecnh Ph\u01b0\u1edbc &#8211; T\u00e2y Ninh.<\/p>\n<p>V\u1edbi vi\u1ec7c kh\u00e1nh th\u00e0nh \u0111\u1ecba \u0111i\u1ec3m s\u1ea3n xu\u1ea5t t\u1ea1i B\u00ecnh Ph\u01b0\u1edbc, Vi\u1ec7t Nam v\u00e0o n\u0103m 2018, c\u00f4ng ty \u0111\u00e3 th\u1ec3 hi\u1ec7n ni\u1ec1m tin s\u00e2u s\u1eafc v\u00e0o b\u00ed quy\u1ebft v\u00e0 l\u1ef1c l\u01b0\u1ee3ng lao \u0111\u1ed9ng \u0111\u1ecba ph\u01b0\u01a1ng v\u00e0o th\u1eddi \u0111i\u1ec3m kh\u1ee7ng ho\u1ea3ng \u0111ang \u1ea3nh h\u01b0\u1edfng nghi\u00eam tr\u1ecdng \u0111\u1ebfn ho\u1ea1t \u0111\u1ed9ng c\u1ee7a c\u00f4ng ty. kinh doanh v\u00e0 xu h\u01b0\u1edbng d\u1ecbch chuy\u1ec3n s\u1ea3n xu\u1ea5t ra n\u01b0\u1edbc ngo\u00e0i. Thay v\u00e0o \u0111\u00f3, Harmoor chuy\u1ec3n sang thi\u1ebft k\u1ebf c\u1ee7a \u00dd \u0111\u1ec3 b\u1eaft tay v\u00e0o s\u1ea3n xu\u1ea5t nh\u1ef1a ch\u1ea5t l\u01b0\u1ee3ng cao.<\/p>\t\t\t\t\t\t\t\t<\/div>\n\t\t\t\t<\/div>\n\t\t\t\t\t<\/div>\n\t\t<\/div>\n\t\t\t\t<div class=\"elementor-column elementor-col-50 elementor-top-column elementor-element elementor-element-3d02771\" data-id=\"3d02771\" data-element_type=\"column\">\n\t\t\t<div class=\"elementor-widget-wrap elementor-element-populated\">\n\t\t\t\t\t\t<div class=\"elementor-element elementor-element-b2427e5 elementor-widget elementor-widget-image\" data-id=\"b2427e5\" data-element_type=\"widget\" data-widget_type=\"image.default\">\n\t\t\t\t<div class=\"elementor-widget-container\">\n\t\t\t\t\t\t\t\t\t\t\t\t\t\t\t<img loading=\"lazy\" decoding=\"async\" width=\"950\" height=\"1024\" src=\"https:\/\/harmoor.com\/wp-content\/uploads\/2023\/06\/gaia-950x1024.webp\" class=\"attachment-large size-large wp-image-17230\" alt=\"gaia\" \/>\t\t\t\t\t\t\t\t\t\t\t\t\t\t\t<\/div>\n\t\t\t\t<\/div>\n\t\t\t\t<div class=\"elementor-element elementor-element-5a93165 elementor-widget__width-initial elementor-widget-tablet__width-initial elementor-widget-mobile__width-initial elementor-absolute elementor-widget elementor-widget-image\" data-id=\"5a93165\" data-element_type=\"widget\" data-settings=\"{&quot;_position&quot;:&quot;absolute&quot;}\" data-widget_type=\"image.default\">\n\t\t\t\t<div class=\"elementor-widget-container\">\n\t\t\t\t\t\t\t\t\t\t\t\t\t\t\t<img decoding=\"async\" src=\"https:\/\/lh3.googleusercontent.com\/pw\/AJFCJaXm40k7E8zQaTnv7-hk8JCRzguWpFYHwAMP0crzFYdEVIalispG2Cg9b5HzkZTURIMUuGEp83DVf-U_kzhEvll65JX_Q7uGIX_F9UaNzZZBLe4SpfE=w2400\" title=\"\" alt=\"a guarantee of quality\" loading=\"lazy\" \/>\t\t\t\t\t\t\t\t\t\t\t\t\t\t\t<\/div>\n\t\t\t\t<\/div>\n\t\t\t\t\t<\/div>\n\t\t<\/div>\n\t\t\t\t\t<\/div>\n\t\t<\/section>\n\t\t\t\t<section class=\"elementor-section elementor-top-section elementor-element elementor-element-b869c16 elementor-section-boxed elementor-section-height-default elementor-section-height-default\" data-id=\"b869c16\" data-element_type=\"section\">\n\t\t\t\t\t\t<div class=\"elementor-container elementor-column-gap-default\">\n\t\t\t\t\t<div class=\"elementor-column elementor-col-100 elementor-top-column elementor-element elementor-element-d59f195\" data-id=\"d59f195\" data-element_type=\"column\">\n\t\t\t<div class=\"elementor-widget-wrap elementor-element-populated\">\n\t\t\t\t\t\t<div class=\"elementor-element elementor-element-8e6b09a elementor-widget elementor-widget-text-editor\" data-id=\"8e6b09a\" data-element_type=\"widget\" data-widget_type=\"text-editor.default\">\n\t\t\t\t<div class=\"elementor-widget-container\">\n\t\t\t\t\t\t\t\t\t<p style=\"text-align: center;\"><span style=\"font-size: 32px;\"><strong>tri\u1ec3n l\u00e3m<\/strong><\/span><\/p>\n<p><strong>T\u1eeb n\u0103m 2018<\/strong>, Harmoor \u0111\u00e3 tham gia c\u00e1c tri\u1ec3n l\u00e3m qu\u1ed1c t\u1ebf c\u1ee7a Vi\u1ec7t Nam, Indonesia, \u1ea4n \u0110\u1ed9&#8230;, c\u00e1c tri\u1ec3n l\u00e3m n\u1ed9i th\u1ea5t h\u00e0ng \u0111\u1ea7u th\u1ebf gi\u1edbi. H\u00e0ng n\u0103m, n\u00f3 gi\u1edbi thi\u1ec7u c\u00e1c s\u1ea3n ph\u1ea9m m\u1edbi, to\u00e0n b\u1ed9 b\u1ed9 s\u01b0u t\u1eadp v\u00e0 ph\u1ea7n m\u1edf r\u1ed9ng ph\u1ea1m vi s\u1ea3n ph\u1ea9m b\u1eaft ngu\u1ed3n t\u1eeb s\u1ef1 h\u1ee3p t\u00e1c th\u00e0nh c\u00f4ng v\u1edbi c\u00e1c nh\u00e0 thi\u1ebft k\u1ebf ng\u01b0\u1eddi \u00dd c\u1ee7a ch\u00fang t\u00f4i.<\/p>\t\t\t\t\t\t\t\t<\/div>\n\t\t\t\t<\/div>\n\t\t\t\t\t<\/div>\n\t\t<\/div>\n\t\t\t\t\t<\/div>\n\t\t<\/section>\n\t\t\t\t<section class=\"elementor-section elementor-top-section elementor-element elementor-element-6469add elementor-section-boxed elementor-section-height-default elementor-section-height-default\" data-id=\"6469add\" data-element_type=\"section\">\n\t\t\t\t\t\t<div class=\"elementor-container elementor-column-gap-default\">\n\t\t\t\t\t<div class=\"elementor-column elementor-col-33 elementor-top-column elementor-element elementor-element-a0e7929\" data-id=\"a0e7929\" data-element_type=\"column\">\n\t\t\t<div class=\"elementor-widget-wrap elementor-element-populated\">\n\t\t\t\t\t\t<div class=\"elementor-element elementor-element-5a58adb elementor-widget elementor-widget-image\" data-id=\"5a58adb\" data-element_type=\"widget\" data-widget_type=\"image.default\">\n\t\t\t\t<div class=\"elementor-widget-container\">\n\t\t\t\t\t\t\t\t\t\t\t\t\t\t\t<img loading=\"lazy\" decoding=\"async\" width=\"768\" height=\"1024\" src=\"https:\/\/harmoor.com\/wp-content\/uploads\/2023\/06\/exhibition-3-768x1024.webp\" class=\"attachment-large size-large wp-image-17248\" alt=\"Harmoor Furniture\" \/>\t\t\t\t\t\t\t\t\t\t\t\t\t\t\t<\/div>\n\t\t\t\t<\/div>\n\t\t\t\t\t<\/div>\n\t\t<\/div>\n\t\t\t\t<div class=\"elementor-column elementor-col-33 elementor-top-column elementor-element elementor-element-41a59d0\" data-id=\"41a59d0\" data-element_type=\"column\">\n\t\t\t<div class=\"elementor-widget-wrap elementor-element-populated\">\n\t\t\t\t\t\t<div class=\"elementor-element elementor-element-e788b40 elementor-widget elementor-widget-image\" data-id=\"e788b40\" data-element_type=\"widget\" data-widget_type=\"image.default\">\n\t\t\t\t<div class=\"elementor-widget-container\">\n\t\t\t\t\t\t\t\t\t\t\t\t\t\t\t<img loading=\"lazy\" decoding=\"async\" width=\"768\" height=\"1024\" src=\"https:\/\/harmoor.com\/wp-content\/uploads\/2023\/06\/exhibition-2-768x1024.webp\" class=\"attachment-large size-large wp-image-17242\" alt=\"exhibition (2)\" \/>\t\t\t\t\t\t\t\t\t\t\t\t\t\t\t<\/div>\n\t\t\t\t<\/div>\n\t\t\t\t\t<\/div>\n\t\t<\/div>\n\t\t\t\t<div class=\"elementor-column elementor-col-33 elementor-top-column elementor-element elementor-element-2149341\" data-id=\"2149341\" data-element_type=\"column\">\n\t\t\t<div class=\"elementor-widget-wrap elementor-element-populated\">\n\t\t\t\t\t\t<div class=\"elementor-element elementor-element-e5ba08e elementor-widget elementor-widget-image\" data-id=\"e5ba08e\" data-element_type=\"widget\" data-widget_type=\"image.default\">\n\t\t\t\t<div class=\"elementor-widget-container\">\n\t\t\t\t\t\t\t\t\t\t\t\t\t\t\t<img loading=\"lazy\" decoding=\"async\" width=\"768\" height=\"1024\" src=\"https:\/\/harmoor.com\/wp-content\/uploads\/2023\/06\/exhibition-1-768x1024.webp\" class=\"attachment-large size-large wp-image-17236\" alt=\"exhibition (1)\" \/>\t\t\t\t\t\t\t\t\t\t\t\t\t\t\t<\/div>\n\t\t\t\t<\/div>\n\t\t\t\t\t<\/div>\n\t\t<\/div>\n\t\t\t\t\t<\/div>\n\t\t<\/section>\n\t\t\t\t<\/div>\n\t\t","protected":false},"excerpt":{"rendered":"<p>S\u1ef1 \u0111\u1ed9c \u0111\u00e1o c\u1ee7a \u201cthi\u1ebft k\u1ebf \u00dd\u201d \u1edf Harmoor n\u1eb1m \u1edf kh\u1ea3 n\u0103ng k\u1ebft h\u1ee3p s\u1ef1 gi\u00e0u c\u00f3 c\u1ee7a con ng\u01b0\u1eddi, t\u00ednh th\u1ea9m m\u1ef9 xu\u1ea5t s\u1eafc, s\u1ef1 tinh t\u1ebf, c\u00f4ng ngh\u1ec7, tay ngh\u1ec1 th\u1ee7 c\u00f4ng h\u1ea1ng nh\u1ea5t v\u00e0 v\u0103n h\u00f3a d\u1ef1 \u00e1n \u0111\u01b0\u1ee3c nu\u00f4i d\u01b0\u1ee1ng b\u1edfi s\u1ef1 trao \u0111\u1ed5i c\u1edfi m\u1edf gi\u1eefa c\u00e1c doanh nh\u00e2n [&hellip;]<\/p>\n","protected":false},"author":4,"featured_media":0,"parent":0,"menu_order":0,"comment_status":"closed","ping_status":"closed","template":"page-templates\/homepage-v2.php","meta":{"footnotes":""},"class_list":["post-17779","page","type-page","status-publish","hentry"],"_links":{"self":[{"href":"https:\/\/harmoor.com\/vi\/wp-json\/wp\/v2\/pages\/17779","targetHints":{"allow":["GET"]}}],"collection":[{"href":"https:\/\/harmoor.com\/vi\/wp-json\/wp\/v2\/pages"}],"about":[{"href":"https:\/\/harmoor.com\/vi\/wp-json\/wp\/v2\/types\/page"}],"author":[{"embeddable":true,"href":"https:\/\/harmoor.com\/vi\/wp-json\/wp\/v2\/users\/4"}],"replies":[{"embeddable":true,"href":"https:\/\/harmoor.com\/vi\/wp-json\/wp\/v2\/comments?post=17779"}],"version-history":[{"count":0,"href":"https:\/\/harmoor.com\/vi\/wp-json\/wp\/v2\/pages\/17779\/revisions"}],"wp:attachment":[{"href":"https:\/\/harmoor.com\/vi\/wp-json\/wp\/v2\/media?parent=17779"}],"curies":[{"name":"wp","href":"https:\/\/api.w.org\/{rel}","templated":true}]}}