{"id":17773,"date":"2023-06-14T16:33:44","date_gmt":"2023-06-14T08:33:44","guid":{"rendered":"https:\/\/harmoor.com\/su-ben-vung\/"},"modified":"2023-07-25T15:08:41","modified_gmt":"2023-07-25T07:08:41","slug":"su-ben-vung","status":"publish","type":"page","link":"https:\/\/harmoor.com\/vi\/su-ben-vung\/","title":{"rendered":"S\u1ef1 b\u1ec1n v\u1eefng"},"content":{"rendered":"\t\t<div data-elementor-type=\"wp-page\" data-elementor-id=\"17773\" class=\"elementor elementor-17773 elementor-16083\">\n\t\t\t\t\t\t<section class=\"elementor-section elementor-top-section elementor-element elementor-element-dab25fa elementor-section-full_width elementor-section-height-default elementor-section-height-default\" data-id=\"dab25fa\" data-element_type=\"section\">\n\t\t\t\t\t\t<div class=\"elementor-container elementor-column-gap-default\">\n\t\t\t\t\t<div class=\"elementor-column elementor-col-100 elementor-top-column elementor-element elementor-element-85e0ba6\" data-id=\"85e0ba6\" data-element_type=\"column\">\n\t\t\t<div class=\"elementor-widget-wrap elementor-element-populated\">\n\t\t\t\t\t\t<div class=\"elementor-element elementor-element-5770323 elementor-widget__width-initial elementor-widget-tablet__width-initial elementor-absolute elementor-widget elementor-widget-text-editor\" data-id=\"5770323\" data-element_type=\"widget\" data-settings=\"{&quot;_position&quot;:&quot;absolute&quot;}\" data-widget_type=\"text-editor.default\">\n\t\t\t\t<div class=\"elementor-widget-container\">\n\t\t\t\t\t\t\t\t\t<p>\u2014 T\u1eadp trung v\u00e0o<\/p>\n<p>t\u00ednh b\u1ec1n v\u1eefng<\/p>\n<p>v\u1ec1 m\u00f4i tr\u01b0\u1eddng<\/p>\t\t\t\t\t\t\t\t<\/div>\n\t\t\t\t<\/div>\n\t\t\t\t<div class=\"elementor-element elementor-element-58d6ab4 elementor-widget elementor-widget-prime-slider-sniper\" data-id=\"58d6ab4\" data-element_type=\"widget\" data-widget_type=\"prime-slider-sniper.default\">\n\t\t\t\t<div class=\"elementor-widget-container\">\n\t\t\t\t\t\t\t<div id=\"bdt-prime-slider-58d6ab4\" class=\"bdt-sniper-slider elementor-swiper\" data-settings=\"{&quot;loop&quot;:true,&quot;speed&quot;:900,&quot;effect&quot;:&quot;slide&quot;,&quot;gl&quot;:{&quot;shader&quot;:&quot;random&quot;},&quot;fadeEffect&quot;:{&quot;crossFade&quot;:true},&quot;lazy&quot;:{&quot;loadPrevNext&quot;:&quot;true&quot;},&quot;parallax&quot;:true,&quot;watchSlidesProgress&quot;:true,&quot;slidesPerView&quot;:1,&quot;loopedSlides&quot;:4,&quot;scrollbar&quot;:{&quot;el&quot;:&quot;#bdt-prime-slider-58d6ab4 .swiper-scrollbar&quot;},&quot;pagination&quot;:{&quot;el&quot;:&quot;#bdt-prime-slider-58d6ab4 .bdt-pagination&quot;,&quot;type&quot;:&quot;fraction&quot;},&quot;navigation&quot;:{&quot;nextEl&quot;:&quot;#bdt-prime-slider-58d6ab4 .bdt-button-next&quot;,&quot;prevEl&quot;:&quot;#bdt-prime-slider-58d6ab4 .bdt-button-prev&quot;}}\">\n\t\t<div class=\"bdt-main-slider swiper\">\n\t\t\t<div class=\"bdt-ps-iamge-overlay\"><\/div>\n\t\t\t<div class=\"bdt-grid-line\">\n\t\t\t\t<span><\/span>\n\t\t\t\t<span><\/span>\n\t\t\t\t<span><\/span>\n\t\t\t\t<span><\/span>\n\t\t\t<\/div>\n\t\t\t<div class=\"swiper-wrapper\">\n\t\t\t\t\t<div class=\"bdt-item swiper-slide\">\n\t\t\t\t\n\t\t\t\t\t\t<div class=\"bdt-image-wrap\" >\n\t\t\t\t\t\t\t<img fetchpriority=\"high\" decoding=\"async\" width=\"4000\" height=\"2957\" src=\"https:\/\/harmoor.com\/wp-content\/uploads\/2023\/06\/circus-chair.png\" class=\"bdt-img\" alt=\"Sniper Slide 1\" \/>\t\t\t\t\t\t<\/div>\n\t\t\t\t\t\t\t\t\t<\/div>\n\n        \t\t\t<div class=\"bdt-item swiper-slide\">\n\t\t\t\t\n\t\t\t\t\t\t<div class=\"bdt-image-wrap\" >\n\t\t\t\t\t\t\t<img decoding=\"async\" width=\"4000\" height=\"2992\" src=\"https:\/\/harmoor.com\/wp-content\/uploads\/2023\/06\/gaia-chair.png\" class=\"bdt-img\" alt=\"Sniper Slide 2\" \/>\t\t\t\t\t\t<\/div>\n\t\t\t\t\t\t\t\t\t<\/div>\n\n        \t\t\t<div class=\"bdt-item swiper-slide\">\n\t\t\t\t\n\t\t\t\t\t\t<div class=\"bdt-image-wrap\" >\n\t\t\t\t\t\t\t<img decoding=\"async\" width=\"4000\" height=\"3172\" src=\"https:\/\/harmoor.com\/wp-content\/uploads\/2023\/06\/amelie-1.png\" class=\"bdt-img\" alt=\"Sniper Slide 3\" \/>\t\t\t\t\t\t<\/div>\n\t\t\t\t\t\t\t\t\t<\/div>\n\n         \n\t\t\t\t<\/div>\n\n\t\t\t\t\t\t\t\t<div class=\"bdt-pagination-wrap\">\n                    <div class=\"bdt-pagination\"><\/div>\n                    <div class=\"swiper-scrollbar\"><\/div>\n                <\/div>\n\t\t\t\t\n\t\t\t<\/div>\n\t\t\t<div thumbsSlider=\"\" class=\"bdt-thumbs-slider\">\n                <div class=\"swiper-wrapper\">\n\n\t\t\t\t\t\t\t\t\t<div class=\"swiper-slide bdt-item\">\n                        <div class=\"bdt-content\">\n\n\t\t\t\t\t\t\t\n\t\t\t\t\t\t\t\t\t\t\t\t\t\n                        <\/div>\n                    <\/div>\n\t\t\t\t\t\t\t\t\t<div class=\"swiper-slide bdt-item\">\n                        <div class=\"bdt-content\">\n\n\t\t\t\t\t\t\t\n\t\t\t\t\t\t\t\t\t\t\t\t\t\n                        <\/div>\n                    <\/div>\n\t\t\t\t\t\t\t\t\t<div class=\"swiper-slide bdt-item\">\n                        <div class=\"bdt-content\">\n\n\t\t\t\t\t\t\t\n\t\t\t\t\t\t\t\t\t\t\t\t\t\n                        <\/div>\n                    <\/div>\n\t\t\t\t\n                <\/div>\n            <\/div>\n\n\t\t\t            <div class=\"bdt-navigation-wrap\">\n                <div class=\"bdt-nav-btn bdt-button-next\">\n                    <svg xmlns=\"http:\/\/www.w3.org\/2000\/svg\" width=\"16\" height=\"16\" fill=\"currentColor\" class=\"bi bi-caret-right-fill\" viewBox=\"0 0 16 16\">\n                        <path d=\"m12.14 8.753-5.482 4.796c-.646.566-1.658.106-1.658-.753V3.204a1 1 0 0 1 1.659-.753l5.48 4.796a1 1 0 0 1 0 1.506z\"\/>\n                      <\/svg>\n                <\/div>\n                <div class=\"bdt-nav-btn bdt-button-prev\">\n                    <svg xmlns=\"http:\/\/www.w3.org\/2000\/svg\" width=\"16\" height=\"16\" fill=\"currentColor\" class=\"bi bi-caret-left-fill\" viewBox=\"0 0 16 16\">\n                        <path d=\"m3.86 8.753 5.482 4.796c.646.566 1.658.106 1.658-.753V3.204a1 1 0 0 0-1.659-.753l-5.48 4.796a1 1 0 0 0 0 1.506z\"\/>\n                      <\/svg>\n                <\/div>\n            <\/div>\n\t\t\t\t\t<\/div>\n\t\t\t\t\t\t<\/div>\n\t\t\t\t<\/div>\n\t\t\t\t\t<\/div>\n\t\t<\/div>\n\t\t\t\t\t<\/div>\n\t\t<\/section>\n\t\t\t\t<section class=\"elementor-section elementor-top-section elementor-element elementor-element-fdb5adc elementor-section-boxed elementor-section-height-default elementor-section-height-default\" data-id=\"fdb5adc\" data-element_type=\"section\">\n\t\t\t\t\t\t<div class=\"elementor-container elementor-column-gap-default\">\n\t\t\t\t\t<div class=\"elementor-column elementor-col-100 elementor-top-column elementor-element elementor-element-065d7a8\" data-id=\"065d7a8\" data-element_type=\"column\">\n\t\t\t<div class=\"elementor-widget-wrap elementor-element-populated\">\n\t\t\t\t\t\t<section class=\"elementor-section elementor-inner-section elementor-element elementor-element-d55722c elementor-section-boxed elementor-section-height-default elementor-section-height-default\" data-id=\"d55722c\" data-element_type=\"section\">\n\t\t\t\t\t\t<div class=\"elementor-container elementor-column-gap-default\">\n\t\t\t\t\t<div class=\"elementor-column elementor-col-50 elementor-inner-column elementor-element elementor-element-5a7b707\" data-id=\"5a7b707\" data-element_type=\"column\">\n\t\t\t<div class=\"elementor-widget-wrap elementor-element-populated\">\n\t\t\t\t\t\t<div class=\"elementor-element elementor-element-ce444fb elementor-widget elementor-widget-text-editor\" data-id=\"ce444fb\" data-element_type=\"widget\" data-widget_type=\"text-editor.default\">\n\t\t\t\t<div class=\"elementor-widget-container\">\n\t\t\t\t\t\t\t\t\t<div class=\"text-image__textblock\"><span class=\"text-image__text\"><strong>Thi\u1ebft k\u1ebf b\u1ec1n v\u1eefng <\/strong>l\u00e0 m\u1ee5c \u0111\u00edch cu\u1ed1i c\u00f9ng c\u1ee7a m\u1ecdi ho\u1ea1t \u0111\u1ed9ng nh\u1eb1m gi\u1ea3m t\u00e1c \u0111\u1ed9ng c\u1ee7a ch\u00fang ta \u0111\u1ed1i v\u1edbi m\u00f4i tr\u01b0\u1eddng. Thi\u1ebft k\u1ebf v\u1edbi thi\u00ean nhi\u00ean l\u00e0 gi\u1ea3m thi\u1ec3u t\u00e1c \u0111\u1ed9ng ti\u00eau c\u1ef1c c\u1ee7a qu\u00e1 tr\u00ecnh thi\u1ebft k\u1ebf v\u00e0 t\u1ea1o ra c\u00e1c s\u1ea3n ph\u1ea9m ch\u1ea5t l\u01b0\u1ee3ng cao c\u00f3 th\u1ec3 ch\u1ecbu \u0111\u01b0\u1ee3c th\u1eed th\u00e1ch c\u1ee7a th\u1eddi gian, v\u1ec1 ki\u1ec3u d\u00e1ng v\u00e0 hi\u1ec7u su\u1ea5t, \u0111\u1ed3ng th\u1eddi \u0111\u1eb7t s\u1ee9c kh\u1ecfe v\u00e0 s\u1ef1 tho\u1ea3i m\u00e1i c\u1ee7a con ng\u01b0\u1eddi l\u00ean h\u00e0ng \u0111\u1ea7u. \u0110\u00e2y l\u00e0 tri\u1ebft l\u00fd c\u1ee7a Harmoor: trang b\u1ecb kh\u00f4ng gian theo c\u00e1ch ch\u0103m s\u00f3c s\u1ee9c kh\u1ecfe cho nh\u1eefng ng\u01b0\u1eddi s\u1eed d\u1ee5ng ch\u00fang.<\/span><\/div>\n\t\t\t\t\t\t\t\t<\/div>\n\t\t\t\t<\/div>\n\t\t\t\t\t<\/div>\n\t\t<\/div>\n\t\t\t\t<div class=\"elementor-column elementor-col-50 elementor-inner-column elementor-element elementor-element-a3980e8\" data-id=\"a3980e8\" data-element_type=\"column\">\n\t\t\t<div class=\"elementor-widget-wrap elementor-element-populated\">\n\t\t\t\t\t\t<div class=\"elementor-element elementor-element-104f573 elementor-widget elementor-widget-image\" data-id=\"104f573\" data-element_type=\"widget\" data-widget_type=\"image.default\">\n\t\t\t\t<div class=\"elementor-widget-container\">\n\t\t\t\t\t\t\t\t\t\t\t\t\t\t\t<img loading=\"lazy\" decoding=\"async\" width=\"600\" height=\"800\" src=\"https:\/\/harmoor.com\/wp-content\/uploads\/2023\/06\/chair.jpg\" class=\"attachment-large size-large wp-image-17025\" alt=\"chair\" \/>\t\t\t\t\t\t\t\t\t\t\t\t\t\t\t<\/div>\n\t\t\t\t<\/div>\n\t\t\t\t\t<\/div>\n\t\t<\/div>\n\t\t\t\t\t<\/div>\n\t\t<\/section>\n\t\t\t\t\t<\/div>\n\t\t<\/div>\n\t\t\t\t\t<\/div>\n\t\t<\/section>\n\t\t\t\t<section class=\"elementor-section elementor-top-section elementor-element elementor-element-18972eb elementor-section-boxed elementor-section-height-default elementor-section-height-default\" data-id=\"18972eb\" data-element_type=\"section\">\n\t\t\t\t\t\t<div class=\"elementor-container elementor-column-gap-default\">\n\t\t\t\t\t<div class=\"elementor-column elementor-col-100 elementor-top-column elementor-element elementor-element-3eb8803\" data-id=\"3eb8803\" data-element_type=\"column\">\n\t\t\t<div class=\"elementor-widget-wrap elementor-element-populated\">\n\t\t\t\t\t\t<section class=\"elementor-section elementor-inner-section elementor-element elementor-element-52e4e04 elementor-section-boxed elementor-section-height-default elementor-section-height-default\" data-id=\"52e4e04\" data-element_type=\"section\">\n\t\t\t\t\t\t<div class=\"elementor-container elementor-column-gap-default\">\n\t\t\t\t\t<div class=\"elementor-column elementor-col-50 elementor-inner-column elementor-element elementor-element-e1e3d1f\" data-id=\"e1e3d1f\" data-element_type=\"column\">\n\t\t\t<div class=\"elementor-widget-wrap elementor-element-populated\">\n\t\t\t\t\t\t<div class=\"elementor-element elementor-element-dbd792f elementor-widget elementor-widget-image\" data-id=\"dbd792f\" data-element_type=\"widget\" data-widget_type=\"image.default\">\n\t\t\t\t<div class=\"elementor-widget-container\">\n\t\t\t\t\t\t\t\t\t\t\t\t\t\t\t<img loading=\"lazy\" decoding=\"async\" width=\"600\" height=\"800\" src=\"https:\/\/harmoor.com\/wp-content\/uploads\/2023\/06\/Thiet-ke-chua-co-ten-3-1.png\" class=\"attachment-large size-large wp-image-17143\" alt=\"Chair\" \/>\t\t\t\t\t\t\t\t\t\t\t\t\t\t\t<\/div>\n\t\t\t\t<\/div>\n\t\t\t\t\t<\/div>\n\t\t<\/div>\n\t\t\t\t<div class=\"elementor-column elementor-col-50 elementor-inner-column elementor-element elementor-element-5ee50e9\" data-id=\"5ee50e9\" data-element_type=\"column\">\n\t\t\t<div class=\"elementor-widget-wrap elementor-element-populated\">\n\t\t\t\t\t\t<div class=\"elementor-element elementor-element-e55cd81 elementor-widget elementor-widget-text-editor\" data-id=\"e55cd81\" data-element_type=\"widget\" data-widget_type=\"text-editor.default\">\n\t\t\t\t<div class=\"elementor-widget-container\">\n\t\t\t\t\t\t\t\t\t<div class=\"text-image__textblock\"><span class=\"text-image__text\">Trong qu\u00e1 tr\u00ecnh s\u1ea3n xu\u1ea5t, ng\u01b0\u1eddi ta ch\u00fa \u00fd t\u1ed1i \u0111a \u0111\u1ebfn vi\u1ec7c gi\u1ea3m ti\u00eau th\u1ee5 nguy\u00ean li\u1ec7u th\u00f4, h\u1ee3p l\u00fd h\u00f3a t\u00e0i nguy\u00ean, t\u00e1i s\u1eed d\u1ee5ng v\u00e0\/ho\u1eb7c t\u00e1i ch\u1ebf ch\u1ea5t th\u1ea3i v\u00e0 ki\u1ec3m so\u00e1t kh\u00ed th\u1ea3i. T\u1ea1o ra c\u00e1c s\u1ea3n ph\u1ea9m <strong>b\u1ec1n,<\/strong> \u1ea3 v\u1ec1 m\u1eb7t th\u1ea9m m\u1ef9 v\u00e0 kh\u1ea3 n\u0103ng ch\u1ed1ng ch\u1ecbu, l\u00e0 y\u1ebfu t\u1ed1 then ch\u1ed1t \u0111\u1ec3 \u0111\u1ea3m b\u1ea3o t\u00ednh b\u1ec1n v\u1eefng. T\u1eeb giai \u0111o\u1ea1n thi\u1ebft k\u1ebf, \u0111\u1ed3 n\u1ed9i th\u1ea5t c\u1ee7a Harmoor <strong>\u0111\u01b0\u1ee3c t\u1ea1o ra m\u00e0 \u0111\u1ec3 c\u00f3 th\u1ec3 th\u00e1o r\u1eddi <\/strong>v\u00e0 s\u1ea3n xu\u1ea5t th\u00f4ng qua c\u00e1c quy tr\u00ecnh nh\u1eb1m h\u1ea1n ch\u1ebf m\u1ee9c ti\u00eau th\u1ee5.<\/span><\/div>\n\t\t\t\t\t\t\t\t<\/div>\n\t\t\t\t<\/div>\n\t\t\t\t\t<\/div>\n\t\t<\/div>\n\t\t\t\t\t<\/div>\n\t\t<\/section>\n\t\t\t\t\t<\/div>\n\t\t<\/div>\n\t\t\t\t\t<\/div>\n\t\t<\/section>\n\t\t\t\t<section class=\"elementor-section elementor-top-section elementor-element elementor-element-b3121e7 elementor-section-boxed elementor-section-height-default elementor-section-height-default\" data-id=\"b3121e7\" data-element_type=\"section\">\n\t\t\t\t\t\t<div class=\"elementor-container elementor-column-gap-default\">\n\t\t\t\t\t<div class=\"elementor-column elementor-col-100 elementor-top-column elementor-element elementor-element-1fc2463\" data-id=\"1fc2463\" data-element_type=\"column\">\n\t\t\t<div class=\"elementor-widget-wrap elementor-element-populated\">\n\t\t\t\t\t\t<div class=\"elementor-element elementor-element-5ecc95d elementor-widget elementor-widget-image\" data-id=\"5ecc95d\" data-element_type=\"widget\" data-widget_type=\"image.default\">\n\t\t\t\t<div class=\"elementor-widget-container\">\n\t\t\t\t\t\t\t\t\t\t\t\t\t\t\t<img loading=\"lazy\" decoding=\"async\" width=\"1231\" height=\"869\" src=\"https:\/\/harmoor.com\/wp-content\/uploads\/2023\/06\/plastic.webp\" class=\"attachment-full size-full wp-image-17149\" alt=\"plastic\" \/>\t\t\t\t\t\t\t\t\t\t\t\t\t\t\t<\/div>\n\t\t\t\t<\/div>\n\t\t\t\t\t<\/div>\n\t\t<\/div>\n\t\t\t\t\t<\/div>\n\t\t<\/section>\n\t\t\t\t<section class=\"elementor-section elementor-top-section elementor-element elementor-element-5f62595 elementor-section-boxed elementor-section-height-default elementor-section-height-default\" data-id=\"5f62595\" data-element_type=\"section\">\n\t\t\t\t\t\t<div class=\"elementor-container elementor-column-gap-default\">\n\t\t\t\t\t<div class=\"elementor-column elementor-col-100 elementor-top-column elementor-element elementor-element-66dbd6c\" data-id=\"66dbd6c\" data-element_type=\"column\">\n\t\t\t<div class=\"elementor-widget-wrap elementor-element-populated\">\n\t\t\t\t\t\t<section class=\"elementor-section elementor-inner-section elementor-element elementor-element-bb7dd54 elementor-reverse-mobile elementor-section-boxed elementor-section-height-default elementor-section-height-default\" data-id=\"bb7dd54\" data-element_type=\"section\">\n\t\t\t\t\t\t<div class=\"elementor-container elementor-column-gap-default\">\n\t\t\t\t\t<div class=\"elementor-column elementor-col-50 elementor-inner-column elementor-element elementor-element-954c7ea\" data-id=\"954c7ea\" data-element_type=\"column\">\n\t\t\t<div class=\"elementor-widget-wrap elementor-element-populated\">\n\t\t\t\t\t\t<div class=\"elementor-element elementor-element-a0bbaa5 elementor-widget elementor-widget-image\" data-id=\"a0bbaa5\" data-element_type=\"widget\" data-widget_type=\"image.default\">\n\t\t\t\t<div class=\"elementor-widget-container\">\n\t\t\t\t\t\t\t\t\t\t\t\t\t\t\t<img loading=\"lazy\" decoding=\"async\" width=\"600\" height=\"800\" src=\"https:\/\/harmoor.com\/wp-content\/uploads\/2023\/06\/plastic-chair.webp\" class=\"attachment-large size-large wp-image-17155\" alt=\"\" \/>\t\t\t\t\t\t\t\t\t\t\t\t\t\t\t<\/div>\n\t\t\t\t<\/div>\n\t\t\t\t\t<\/div>\n\t\t<\/div>\n\t\t\t\t<div class=\"elementor-column elementor-col-50 elementor-inner-column elementor-element elementor-element-b583d33\" data-id=\"b583d33\" data-element_type=\"column\">\n\t\t\t<div class=\"elementor-widget-wrap elementor-element-populated\">\n\t\t\t\t\t\t<div class=\"elementor-element elementor-element-b79da6c elementor-widget elementor-widget-heading\" data-id=\"b79da6c\" data-element_type=\"widget\" data-widget_type=\"heading.default\">\n\t\t\t\t<div class=\"elementor-widget-container\">\n\t\t\t\t\t<h2 class=\"elementor-heading-title elementor-size-default\">polypropylen t\u00e1i ch\u1ebf\n<\/h2>\t\t\t\t<\/div>\n\t\t\t\t<\/div>\n\t\t\t\t<div class=\"elementor-element elementor-element-bec815e elementor-widget elementor-widget-text-editor\" data-id=\"bec815e\" data-element_type=\"widget\" data-widget_type=\"text-editor.default\">\n\t\t\t\t<div class=\"elementor-widget-container\">\n\t\t\t\t\t\t\t\t\t<p>S\u1ea3n ph\u1ea9m nh\u1ef1a Harmoor \u0111\u01b0\u1ee3c l\u00e0m t\u1eeb nguy\u00ean li\u1ec7u ch\u1ea5t l\u01b0\u1ee3ng cao, c\u00f3 th\u1ec3 t\u00e1i ch\u1ebf v\u00e0 th\u00e2n thi\u1ec7n v\u1edbi m\u00f4i tr\u01b0\u1eddng.<\/p>\n<p>Nh\u1ef1a sau khi s\u1eed d\u1ee5ng \u0111\u1ebfn t\u1eeb c\u00e1c s\u1ea3n ph\u1ea9m \u0111\u00e3 \u0111\u01b0\u1ee3c s\u1eed d\u1ee5ng b\u1edfi ng\u01b0\u1eddi ti\u00eau d\u00f9ng. Y\u1ebfu t\u1ed1 c\u00f4ng nghi\u1ec7p \u0111\u1ebfn t\u1eeb r\u00e1c th\u1ea3i nh\u1ef1a.<\/p>\n\t\t\t\t\t\t\t\t<\/div>\n\t\t\t\t<\/div>\n\t\t\t\t\t<\/div>\n\t\t<\/div>\n\t\t\t\t\t<\/div>\n\t\t<\/section>\n\t\t\t\t\t<\/div>\n\t\t<\/div>\n\t\t\t\t\t<\/div>\n\t\t<\/section>\n\t\t\t\t<section class=\"elementor-section elementor-top-section elementor-element elementor-element-b251bde elementor-section-boxed elementor-section-height-default elementor-section-height-default\" data-id=\"b251bde\" data-element_type=\"section\">\n\t\t\t\t\t\t<div class=\"elementor-container elementor-column-gap-default\">\n\t\t\t\t\t<div class=\"elementor-column elementor-col-100 elementor-top-column elementor-element elementor-element-cc9cfc7\" data-id=\"cc9cfc7\" data-element_type=\"column\">\n\t\t\t<div class=\"elementor-widget-wrap elementor-element-populated\">\n\t\t\t\t\t\t<div class=\"elementor-element elementor-element-2874be7 elementor-widget elementor-widget-heading\" data-id=\"2874be7\" data-element_type=\"widget\" data-widget_type=\"heading.default\">\n\t\t\t\t<div class=\"elementor-widget-container\">\n\t\t\t\t\t<h2 class=\"elementor-heading-title elementor-size-default\">gi\u1ea5y ch\u1ee9ng nh\u1eadn\n<\/h2>\t\t\t\t<\/div>\n\t\t\t\t<\/div>\n\t\t\t\t<div class=\"elementor-element elementor-element-612c46a elementor-widget elementor-widget-text-editor\" data-id=\"612c46a\" data-element_type=\"widget\" data-widget_type=\"text-editor.default\">\n\t\t\t\t<div class=\"elementor-widget-container\">\n\t\t\t\t\t\t\t\t\t<p>Ch\u1ea5t l\u01b0\u1ee3ng cao v\u00e0 t\u00f4n tr\u1ecdng m\u00f4i tr\u01b0\u1eddng l\u00e0m vi\u1ec7c ph\u1ea3n \u00e1nh c\u00e1c th\u00f4ng l\u1ec7 l\u00e2u \u0111\u1eddi \u0111\u01b0\u1ee3c th\u1ec3 hi\u1ec7n qua ch\u1ee9ng nh\u1eadn BSCI cho c\u00e1c h\u1ec7 th\u1ed1ng qu\u1ea3n l\u00fd ch\u1ea5t l\u01b0\u1ee3ng doanh nghi\u1ec7p<\/p>\n<p>Harmoor th\u00fac \u0111\u1ea9y m\u00f4i tr\u01b0\u1eddng l\u00e0m vi\u1ec7c t\u1ed1t nh\u1ea5t nh\u01b0 m\u1ed9t gi\u00e1 tr\u1ecb c\u1ee7ng c\u1ed1 tri\u1ebft l\u00fd b\u1ec1n v\u1eefng c\u1ee7a m\u00ecnh.<\/p>\n\t\t\t\t\t\t\t\t<\/div>\n\t\t\t\t<\/div>\n\t\t\t\t<div class=\"elementor-element elementor-element-9740cba elementor-widget elementor-widget-image\" data-id=\"9740cba\" data-element_type=\"widget\" data-widget_type=\"image.default\">\n\t\t\t\t<div class=\"elementor-widget-container\">\n\t\t\t\t\t\t\t\t\t\t\t\t\t\t\t<img loading=\"lazy\" decoding=\"async\" width=\"1024\" height=\"498\" src=\"https:\/\/harmoor.com\/wp-content\/uploads\/2023\/06\/PSCI-Certificate-Harmoor-Vietnam-Co.-Ltd-1024x498.webp\" class=\"attachment-large size-large wp-image-17161\" alt=\"\" \/>\t\t\t\t\t\t\t\t\t\t\t\t\t\t\t<\/div>\n\t\t\t\t<\/div>\n\t\t\t\t\t<\/div>\n\t\t<\/div>\n\t\t\t\t\t<\/div>\n\t\t<\/section>\n\t\t\t\t<\/div>\n\t\t","protected":false},"excerpt":{"rendered":"<p>\u2014 T\u1eadp trung v\u00e0o t\u00ednh b\u1ec1n v\u1eefng v\u1ec1 m\u00f4i tr\u01b0\u1eddng Thi\u1ebft k\u1ebf b\u1ec1n v\u1eefng l\u00e0 m\u1ee5c \u0111\u00edch cu\u1ed1i c\u00f9ng c\u1ee7a m\u1ecdi ho\u1ea1t \u0111\u1ed9ng nh\u1eb1m gi\u1ea3m t\u00e1c \u0111\u1ed9ng c\u1ee7a ch\u00fang ta \u0111\u1ed1i v\u1edbi m\u00f4i tr\u01b0\u1eddng. Thi\u1ebft k\u1ebf v\u1edbi thi\u00ean nhi\u00ean l\u00e0 gi\u1ea3m thi\u1ec3u t\u00e1c \u0111\u1ed9ng ti\u00eau c\u1ef1c c\u1ee7a qu\u00e1 tr\u00ecnh thi\u1ebft k\u1ebf v\u00e0 t\u1ea1o ra c\u00e1c [&hellip;]<\/p>\n","protected":false},"author":4,"featured_media":0,"parent":0,"menu_order":0,"comment_status":"closed","ping_status":"closed","template":"page-templates\/homepage.php","meta":{"footnotes":""},"class_list":["post-17773","page","type-page","status-publish","hentry"],"_links":{"self":[{"href":"https:\/\/harmoor.com\/vi\/wp-json\/wp\/v2\/pages\/17773","targetHints":{"allow":["GET"]}}],"collection":[{"href":"https:\/\/harmoor.com\/vi\/wp-json\/wp\/v2\/pages"}],"about":[{"href":"https:\/\/harmoor.com\/vi\/wp-json\/wp\/v2\/types\/page"}],"author":[{"embeddable":true,"href":"https:\/\/harmoor.com\/vi\/wp-json\/wp\/v2\/users\/4"}],"replies":[{"embeddable":true,"href":"https:\/\/harmoor.com\/vi\/wp-json\/wp\/v2\/comments?post=17773"}],"version-history":[{"count":0,"href":"https:\/\/harmoor.com\/vi\/wp-json\/wp\/v2\/pages\/17773\/revisions"}],"wp:attachment":[{"href":"https:\/\/harmoor.com\/vi\/wp-json\/wp\/v2\/media?parent=17773"}],"curies":[{"name":"wp","href":"https:\/\/api.w.org\/{rel}","templated":true}]}}