{"id":17771,"date":"2023-06-21T15:21:24","date_gmt":"2023-06-21T07:21:24","guid":{"rendered":"https:\/\/harmoor.com\/su-doi-moi\/"},"modified":"2023-07-06T12:34:20","modified_gmt":"2023-07-06T04:34:20","slug":"su-doi-moi","status":"publish","type":"page","link":"https:\/\/harmoor.com\/vi\/su-doi-moi\/","title":{"rendered":"s\u1ef1 \u0111\u1ed5i m\u1edbi"},"content":{"rendered":"\t\t<div data-elementor-type=\"wp-page\" data-elementor-id=\"17771\" class=\"elementor elementor-17771 elementor-16586\">\n\t\t\t\t\t\t<section class=\"elementor-section elementor-top-section elementor-element elementor-element-6815511 elementor-section-full_width elementor-section-height-default elementor-section-height-default\" data-id=\"6815511\" data-element_type=\"section\">\n\t\t\t\t\t\t<div class=\"elementor-container elementor-column-gap-default\">\n\t\t\t\t\t<div class=\"elementor-column elementor-col-100 elementor-top-column elementor-element elementor-element-b86314a\" data-id=\"b86314a\" data-element_type=\"column\">\n\t\t\t<div class=\"elementor-widget-wrap elementor-element-populated\">\n\t\t\t\t\t\t<div class=\"elementor-element elementor-element-e7dc934 elementor-widget elementor-widget-image\" data-id=\"e7dc934\" data-element_type=\"widget\" data-widget_type=\"image.default\">\n\t\t\t\t<div class=\"elementor-widget-container\">\n\t\t\t\t\t\t\t\t\t\t\t\t\t\t\t<img fetchpriority=\"high\" decoding=\"async\" width=\"2560\" height=\"1439\" src=\"https:\/\/harmoor.com\/wp-content\/uploads\/2023\/06\/innovation-harmoor-furniture-scaled.webp\" class=\"attachment-full size-full wp-image-17185\" alt=\"innovation-harmoor-furniture\" \/>\t\t\t\t\t\t\t\t\t\t\t\t\t\t\t<\/div>\n\t\t\t\t<\/div>\n\t\t\t\t\t<\/div>\n\t\t<\/div>\n\t\t\t\t\t<\/div>\n\t\t<\/section>\n\t\t\t\t<section class=\"elementor-section elementor-top-section elementor-element elementor-element-66f8932 elementor-section-boxed elementor-section-height-default elementor-section-height-default\" data-id=\"66f8932\" data-element_type=\"section\">\n\t\t\t\t\t\t<div class=\"elementor-container elementor-column-gap-default\">\n\t\t\t\t\t<div class=\"elementor-column elementor-col-100 elementor-top-column elementor-element elementor-element-369258e\" data-id=\"369258e\" data-element_type=\"column\">\n\t\t\t<div class=\"elementor-widget-wrap elementor-element-populated\">\n\t\t\t\t\t\t<div class=\"elementor-element elementor-element-14a1569 elementor-widget elementor-widget-heading\" data-id=\"14a1569\" data-element_type=\"widget\" data-widget_type=\"heading.default\">\n\t\t\t\t<div class=\"elementor-widget-container\">\n\t\t\t\t\t<h2 class=\"elementor-heading-title elementor-size-default\">c\u00f4ng nghi\u1ec7p 4.0<\/h2>\t\t\t\t<\/div>\n\t\t\t\t<\/div>\n\t\t\t\t\t<\/div>\n\t\t<\/div>\n\t\t\t\t\t<\/div>\n\t\t<\/section>\n\t\t\t\t<section class=\"elementor-section elementor-top-section elementor-element elementor-element-b3b5420 elementor-section-boxed elementor-section-height-default elementor-section-height-default\" data-id=\"b3b5420\" data-element_type=\"section\">\n\t\t\t\t\t\t<div class=\"elementor-container elementor-column-gap-default\">\n\t\t\t\t\t<div class=\"elementor-column elementor-col-100 elementor-top-column elementor-element elementor-element-55e95a5\" data-id=\"55e95a5\" data-element_type=\"column\">\n\t\t\t<div class=\"elementor-widget-wrap elementor-element-populated\">\n\t\t\t\t\t\t<section class=\"elementor-section elementor-inner-section elementor-element elementor-element-68bdc7d elementor-section-boxed elementor-section-height-default elementor-section-height-default\" data-id=\"68bdc7d\" data-element_type=\"section\">\n\t\t\t\t\t\t<div class=\"elementor-container elementor-column-gap-default\">\n\t\t\t\t\t<div class=\"elementor-column elementor-col-50 elementor-inner-column elementor-element elementor-element-5c1059c\" data-id=\"5c1059c\" data-element_type=\"column\">\n\t\t\t<div class=\"elementor-widget-wrap elementor-element-populated\">\n\t\t\t\t\t\t<div class=\"elementor-element elementor-element-1d6e49a elementor-widget elementor-widget-text-editor\" data-id=\"1d6e49a\" data-element_type=\"widget\" data-widget_type=\"text-editor.default\">\n\t\t\t\t<div class=\"elementor-widget-container\">\n\t\t\t\t\t\t\t\t\t<p><span style=\"font-size: 28px;\"><strong>c\u00e1c nh\u00e0 m\u00e1y k\u1ebft n\u1ed1i v\u1edbi nhau<\/strong><\/span><\/p>\n<p>Harmoor l\u00e0 m\u1ed9t c\u00f4ng ty c\u00f4ng nghi\u1ec7p 4.0 c\u00f3 c\u00e1c nh\u00e0 m\u00e1y \u0111\u01b0\u1ee3c trang b\u1ecb m\u00e1y m\u00f3c k\u1ebft n\u1ed1i v\u1edbi nhau. H\u00e0ng n\u0103m, m\u1ed9t ph\u1ea7n \u0111\u00e1ng k\u1ec3 doanh thu c\u1ee7a c\u00f4ng ty \u0111\u01b0\u1ee3c \u0111\u1ea7u t\u01b0 v\u00e0o <strong>\u0111\u1ed5i m\u1edbi, c\u00f4ng ngh\u1ec7<\/strong>c\u0169ng nh\u01b0 s\u1ea3n xu\u1ea5t s\u1ed1 h\u00f3a.<\/p>\n<p><br><span style=\"font-size: 28px;\"><strong>s\u1ef1 \u0111\u1ed5i m\u1edbi, ph\u00e1t tri\u1ec3n v\u1ec1 c\u00f4ng ngh\u1ec7<\/strong><\/span><\/p>\n<p>At Harmoor, innovation is connected with a comprehensive, long-standing knowledge of raw materials, processes and technological solutions, turning design into qu\u00e1 tr\u00ecnh s\u1ea3n xu\u1ea5t c\u00f4ng nghi\u1ec7p c\u00f3 gi\u00e1 tr\u1ecb l\u1edbn. <strong>qu\u00e1 tr\u00ecnh s\u1ea3n xu\u1ea5t c\u00f4ng nghi\u1ec7p c\u00f3 gi\u00e1 tr\u1ecb l\u1edbn.<\/strong><\/p>\n<p>M\u00e1y m\u00f3c c\u00f4ng ngh\u1ec7 ti\u00ean ti\u1ebfn v\u00e0 t\u1ef1 \u0111\u1ed9ng h\u00f3a quy tr\u00ecnh <strong>\u0111\u1ea3m b\u1ea3o s\u1ea3n xu\u1ea5t<\/strong>, x\u1eed l\u00fd n\u1ed9i b\u1ed9 v\u00e0 giao h\u00e0ng nhanh h\u01a1n, c\u0169ng nh\u01b0 tu\u00e2n th\u1ee7 th\u1eddi gian giao h\u00e0ng. \u0110i\u1ec1u n\u00e0y d\u1eabn \u0111\u1ebfn s\u1ef1 <strong>linh ho\u1ea1t h\u01a1n <\/strong>trong vi\u1ec7c \u0111\u00e1p \u1ee9ng c\u00e1c y\u00eau c\u1ea7u c\u1ee7a kh\u00e1ch h\u00e0ng, \u0111\u1ed3ng th\u1eddi duy tr\u00ec s\u1ef1 t\u1eadp trung v\u00e0o ch\u1ea5t l\u01b0\u1ee3ng s\u1ea3n ph\u1ea9m.<\/p>\t\t\t\t\t\t\t\t<\/div>\n\t\t\t\t<\/div>\n\t\t\t\t\t<\/div>\n\t\t<\/div>\n\t\t\t\t<div class=\"elementor-column elementor-col-50 elementor-inner-column elementor-element elementor-element-15c0a40\" data-id=\"15c0a40\" data-element_type=\"column\">\n\t\t\t<div class=\"elementor-widget-wrap elementor-element-populated\">\n\t\t\t\t\t\t<div class=\"elementor-element elementor-element-6cf788b elementor-widget elementor-widget-image\" data-id=\"6cf788b\" data-element_type=\"widget\" data-widget_type=\"image.default\">\n\t\t\t\t<div class=\"elementor-widget-container\">\n\t\t\t\t\t\t\t\t\t\t\t\t\t\t\t<img decoding=\"async\" width=\"600\" height=\"873\" src=\"https:\/\/harmoor.com\/wp-content\/uploads\/2023\/06\/harmoor-furniture-design-innovation.webp\" class=\"attachment-large size-large wp-image-17191\" alt=\"harmoor-furniture-design-innovation\" \/>\t\t\t\t\t\t\t\t\t\t\t\t\t\t\t<\/div>\n\t\t\t\t<\/div>\n\t\t\t\t\t<\/div>\n\t\t<\/div>\n\t\t\t\t\t<\/div>\n\t\t<\/section>\n\t\t\t\t\t<\/div>\n\t\t<\/div>\n\t\t\t\t\t<\/div>\n\t\t<\/section>\n\t\t\t\t<section class=\"elementor-section elementor-top-section elementor-element elementor-element-7e44fb4 elementor-section-boxed elementor-section-height-default elementor-section-height-default\" data-id=\"7e44fb4\" data-element_type=\"section\">\n\t\t\t\t\t\t<div class=\"elementor-container elementor-column-gap-default\">\n\t\t\t\t\t<div class=\"elementor-column elementor-col-100 elementor-top-column elementor-element elementor-element-cb6981c\" data-id=\"cb6981c\" data-element_type=\"column\">\n\t\t\t<div class=\"elementor-widget-wrap elementor-element-populated\">\n\t\t\t\t\t\t<div class=\"elementor-element elementor-element-2d23758 elementor-widget elementor-widget-image\" data-id=\"2d23758\" data-element_type=\"widget\" data-widget_type=\"image.default\">\n\t\t\t\t<div class=\"elementor-widget-container\">\n\t\t\t\t\t\t\t\t\t\t\t\t\t\t\t<img decoding=\"async\" width=\"1969\" height=\"1162\" src=\"https:\/\/harmoor.com\/wp-content\/uploads\/2023\/06\/company.webp\" class=\"attachment-full size-full wp-image-17197\" alt=\"\" \/>\t\t\t\t\t\t\t\t\t\t\t\t\t\t\t<\/div>\n\t\t\t\t<\/div>\n\t\t\t\t\t<\/div>\n\t\t<\/div>\n\t\t\t\t\t<\/div>\n\t\t<\/section>\n\t\t\t\t<section class=\"elementor-section elementor-top-section elementor-element elementor-element-1676462 elementor-section-boxed elementor-section-height-default elementor-section-height-default\" data-id=\"1676462\" data-element_type=\"section\">\n\t\t\t\t\t\t<div class=\"elementor-container elementor-column-gap-default\">\n\t\t\t\t\t<div class=\"elementor-column elementor-col-100 elementor-top-column elementor-element elementor-element-be53721\" data-id=\"be53721\" data-element_type=\"column\">\n\t\t\t<div class=\"elementor-widget-wrap elementor-element-populated\">\n\t\t\t\t\t\t<div class=\"elementor-element elementor-element-3d302e8 elementor-widget elementor-widget-text-editor\" data-id=\"3d302e8\" data-element_type=\"widget\" data-widget_type=\"text-editor.default\">\n\t\t\t\t<div class=\"elementor-widget-container\">\n\t\t\t\t\t\t\t\t\t<p>N\u0103m 2018 ch\u1ee9ng ki\u1ebfn vi\u1ec7c kh\u00e1nh th\u00e0nh nh\u00e0 m\u00e1y v\u00e0 nh\u00e0 kho l\u1edbn nh\u1ea5t c\u1ee7a Harmoor Furniture. Nh\u00e0 kho hi\u1ec7n \u0111\u1ea1i n\u00e0y ho\u1ea1t \u0111\u1ed9ng 24\/7 \u0111\u1ec3 l\u01b0u tr\u1eef 10.000 pallet th\u00e0nh ph\u1ea9m v\u00e0 b\u00e1n th\u00e0nh ph\u1ea9m. D\u1ef1 \u00e1n c\u00f3 t\u1ed5ng di\u1ec7n t\u00edch 10.000m2, \u0111\u01b0\u1ee3c k\u1ebft n\u1ed1i v\u1edbi khu c\u00f4ng nghi\u1ec7p hi\u1ec7n h\u1eefu th\u00f4ng qua c\u00e1c tr\u1ee5c giao th\u00f4ng ch\u00ednh. Kh\u1ed1i l\u01b0\u1ee3ng kho l\u00e0 k\u1ebft qu\u1ea3 c\u1ee7a m\u1ed9t nghi\u00ean c\u1ee9u \u0111\u00e1nh gi\u00e1 v\u1ec1 quy tr\u00ecnh s\u1ea3n xu\u1ea5t, x\u1eed l\u00fd v\u00e0 l\u01b0u tr\u1eef hi\u1ec7n t\u1ea1i v\u00e0 t\u01b0\u01a1ng lai.<\/p>\n<p>V\u1edbi s\u1ef1 \u0111\u1ea7u t\u01b0 \u0111\u00e1ng k\u1ec3 n\u00e0y, c\u00f4ng ty kh\u00f4ng ch\u1ec9 c\u00f3 nhi\u1ec1u kh\u00f4ng gian h\u01a1n \u0111\u1ec3 d\u1ef1 tr\u1eef s\u1ea3n ph\u1ea9m m\u00e0 c\u00f2n ti\u1ebft ki\u1ec7m \u0111\u01b0\u1ee3c nhi\u1ec1u th\u1eddi gian h\u01a1n trong vi\u1ec7c s\u1ea3n xu\u1ea5t s\u1ea3n ph\u1ea9m theo \u0111\u01a1n \u0111\u1eb7t h\u00e0ng. M\u1ee5c \u0111\u00edch l\u00e0 cung c\u1ea5p cho kh\u00e1ch h\u00e0ng d\u1ecbch v\u1ee5 t\u1ed1t h\u01a1n v\u00e0 \u0111\u00e1p \u1ee9ng th\u1eddi gian ng\u00e0y c\u00e0ng nghi\u00eam ng\u1eb7t c\u1ee7a c\u00e1c d\u1ef1 \u00e1n n\u1ed9i th\u1ea5t theo h\u1ee3p \u0111\u1ed3ng. Nh\u00e0 kho t\u1ef1 \u0111\u1ed9ng \u201cGrass Blades\u201d b\u00ean trong l\u00e0 m\u1ed9t c\u1ed7 m\u00e1y \u0111\u01b0\u1ee3c l\u00e0m vi\u1ec7c ho\u00e0n h\u1ea3o v\u00e0 b\u00ean ngo\u00e0i l\u00e0 m\u1ed9t d\u1ef1 \u00e1n s\u00e1ng t\u1ea1o v\u1ec1 ki\u1ebfn tr\u00fac c\u00f4ng nghi\u1ec7p.<\/p>\n<p>&#8220;S\u1ed1 l\u01b0\u1ee3ng \u0111\u1ed3ng \u0111\u1ec1u c\u1ee7a nh\u00e0 kho do \u0111\u00f3 \u0111\u01b0\u1ee3c bi\u1ebfn th\u00e0nh m\u1ed9t hi\u1ec7n t\u01b0\u1ee3ng th\u1ecb gi\u00e1c phong ph\u00fa v\u1ec1 c\u00e1c bi\u1ebfn th\u1ec3, m\u1ed9t lo\u1ea1i b\u1ed9 khu\u1ebfch \u0111\u1ea1i t\u1ef1 nhi\u00ean c\u1ee7a th\u1eddi gian trong ng\u00e0y v\u00e0 c\u00e1c m\u00f9a. Nh\u1eefng kho\u1ea3nh kh\u1eafc \u0111\u1eb9p nh\u1ea5t. Sau khi c\u1ed1 \u0111\u1ecbnh, n\u00f3 tan bi\u1ebfn v\u00e0o b\u1ea7u tr\u1eddi m\u00f9 s\u01b0\u01a1ng, ph\u1ea3n chi\u1ebfu t\u00f4ng m\u00e0u xanh x\u00e1m c\u1ee7a n\u00f3, v\u00e0 \u1edf nh\u1eefng n\u01a1i kh\u00e1c, n\u00f3 tr\u1edf n\u00ean th\u1ea5m \u0111\u1eabm m\u00e0u xanh t\u01b0\u01a1i s\u00e1ng c\u1ee7a nh\u1eefng c\u00e1nh \u0111\u1ed3ng n\u00f4ng nghi\u1ec7p v\u00e0o m\u00f9a xu\u00e2n.<\/p>\n<p>Thi\u1ebft k\u1ebf ki\u1ebfn tr\u00fac c\u1ee7a nh\u00e0 kho v\u00e0 c\u00e1c kh\u00f4ng gian li\u00ean quan c\u1ee7a n\u00f3 v\u01b0\u1ee3t ra ngo\u00e0i kh\u00e1i ni\u1ec7m gi\u1ea3m thi\u1ec3u m\u00f4i tr\u01b0\u1eddng thu\u1ea7n t\u00fay \u0111\u01b0\u1ee3c \u00e1p d\u1ee5ng cho nhi\u1ec1u c\u01a1 s\u1edf c\u00f4ng nghi\u1ec7p. Thay v\u00e0o \u0111\u00f3, n\u00f3 tr\u1edf th\u00e0nh m\u1ed9t t\u00edn hi\u1ec7u quan tr\u1ecdng v\u1ec1 c\u1ed9i ngu\u1ed3n c\u1ee7a Harmoor v\u00e0 nh\u1eefng ng\u01b0\u1eddi l\u00e0m vi\u1ec7c \u1edf \u0111\u00f3 trong l\u00e3nh th\u1ed5 c\u1ee5 th\u1ec3 c\u1ee7a h\u1ecd, c\u0169ng nh\u01b0 th\u1ec3 hi\u1ec7n kh\u1ea3 n\u0103ng \u0111\u1ed1i tho\u1ea1i c\u1ee7a h\u1ecd v\u1edbi c\u00e1c doanh nghi\u1ec7p v\u00e0 th\u1ecb tr\u01b0\u1eddng ng\u00e0y nay. to\u00e0n c\u1ea7u h\u00f3a h\u01a1n\u201d.<\/p>\t\t\t\t\t\t\t\t<\/div>\n\t\t\t\t<\/div>\n\t\t\t\t\t<\/div>\n\t\t<\/div>\n\t\t\t\t\t<\/div>\n\t\t<\/section>\n\t\t\t\t<\/div>\n\t\t","protected":false},"excerpt":{"rendered":"<p>c\u00f4ng nghi\u1ec7p 4.0 c\u00e1c nh\u00e0 m\u00e1y k\u1ebft n\u1ed1i v\u1edbi nhau Harmoor l\u00e0 m\u1ed9t c\u00f4ng ty c\u00f4ng nghi\u1ec7p 4.0 c\u00f3 c\u00e1c nh\u00e0 m\u00e1y \u0111\u01b0\u1ee3c trang b\u1ecb m\u00e1y m\u00f3c k\u1ebft n\u1ed1i v\u1edbi nhau. H\u00e0ng n\u0103m, m\u1ed9t ph\u1ea7n \u0111\u00e1ng k\u1ec3 doanh thu c\u1ee7a c\u00f4ng ty \u0111\u01b0\u1ee3c \u0111\u1ea7u t\u01b0 v\u00e0o \u0111\u1ed5i m\u1edbi, c\u00f4ng ngh\u1ec7c\u0169ng nh\u01b0 s\u1ea3n xu\u1ea5t s\u1ed1 h\u00f3a. [&hellip;]<\/p>\n","protected":false},"author":4,"featured_media":0,"parent":0,"menu_order":0,"comment_status":"closed","ping_status":"closed","template":"page-templates\/homepage.php","meta":{"footnotes":""},"class_list":["post-17771","page","type-page","status-publish","hentry"],"_links":{"self":[{"href":"https:\/\/harmoor.com\/vi\/wp-json\/wp\/v2\/pages\/17771","targetHints":{"allow":["GET"]}}],"collection":[{"href":"https:\/\/harmoor.com\/vi\/wp-json\/wp\/v2\/pages"}],"about":[{"href":"https:\/\/harmoor.com\/vi\/wp-json\/wp\/v2\/types\/page"}],"author":[{"embeddable":true,"href":"https:\/\/harmoor.com\/vi\/wp-json\/wp\/v2\/users\/4"}],"replies":[{"embeddable":true,"href":"https:\/\/harmoor.com\/vi\/wp-json\/wp\/v2\/comments?post=17771"}],"version-history":[{"count":0,"href":"https:\/\/harmoor.com\/vi\/wp-json\/wp\/v2\/pages\/17771\/revisions"}],"wp:attachment":[{"href":"https:\/\/harmoor.com\/vi\/wp-json\/wp\/v2\/media?parent=17771"}],"curies":[{"name":"wp","href":"https:\/\/api.w.org\/{rel}","templated":true}]}}