{"id":17759,"date":"2023-07-01T14:52:15","date_gmt":"2023-07-01T06:52:15","guid":{"rendered":"https:\/\/harmoor.com\/chung-nhan\/"},"modified":"2024-03-25T12:26:56","modified_gmt":"2024-03-25T04:26:56","slug":"chung-nhan","status":"publish","type":"page","link":"https:\/\/harmoor.com\/vi\/chung-nhan\/","title":{"rendered":"Ch\u1ee9ng nh\u1eadn"},"content":{"rendered":"\t\t<div data-elementor-type=\"wp-page\" data-elementor-id=\"17759\" class=\"elementor elementor-17759 elementor-17268\">\n\t\t\t\t\t\t<section class=\"elementor-section elementor-top-section elementor-element elementor-element-84dbd91 elementor-section-boxed elementor-section-height-default elementor-section-height-default\" data-id=\"84dbd91\" data-element_type=\"section\">\n\t\t\t\t\t\t<div class=\"elementor-container elementor-column-gap-default\">\n\t\t\t\t\t<div class=\"elementor-column elementor-col-100 elementor-top-column elementor-element elementor-element-143b323\" data-id=\"143b323\" data-element_type=\"column\">\n\t\t\t<div class=\"elementor-widget-wrap elementor-element-populated\">\n\t\t\t\t\t\t<div class=\"elementor-element elementor-element-d2f95e5 elementor-widget elementor-widget-heading\" data-id=\"d2f95e5\" data-element_type=\"widget\" data-widget_type=\"heading.default\">\n\t\t\t\t<div class=\"elementor-widget-container\">\n\t\t\t\t\t<h2 class=\"elementor-heading-title elementor-size-default\">gi\u1ea5y ch\u1ee9ng nh\u1eadn<\/h2>\t\t\t\t<\/div>\n\t\t\t\t<\/div>\n\t\t\t\t<div class=\"elementor-element elementor-element-4406e14 elementor-widget elementor-widget-text-editor\" data-id=\"4406e14\" data-element_type=\"widget\" data-widget_type=\"text-editor.default\">\n\t\t\t\t<div class=\"elementor-widget-container\">\n\t\t\t\t\t\t\t\t\t<div class=\"cert-cat__title\">ch\u1ee9ng ch\u1ec9 c\u00f4ng ty<\/div>\n\t\t\t\t\t\t\t\t<\/div>\n\t\t\t\t<\/div>\n\t\t\t\t\t<\/div>\n\t\t<\/div>\n\t\t\t\t\t<\/div>\n\t\t<\/section>\n\t\t\t\t<section class=\"elementor-section elementor-top-section elementor-element elementor-element-240af4e elementor-section-boxed elementor-section-height-default elementor-section-height-default\" data-id=\"240af4e\" data-element_type=\"section\">\n\t\t\t\t\t\t<div class=\"elementor-container elementor-column-gap-default\">\n\t\t\t\t\t<div class=\"elementor-column elementor-col-50 elementor-top-column elementor-element elementor-element-c5f42cd\" data-id=\"c5f42cd\" data-element_type=\"column\" data-settings=\"{&quot;background_background&quot;:&quot;classic&quot;}\">\n\t\t\t<div class=\"elementor-widget-wrap elementor-element-populated\">\n\t\t\t\t\t\t<section class=\"elementor-section elementor-inner-section elementor-element elementor-element-9953890 elementor-section-boxed elementor-section-height-default elementor-section-height-default\" data-id=\"9953890\" data-element_type=\"section\">\n\t\t\t\t\t\t<div class=\"elementor-container elementor-column-gap-default\">\n\t\t\t\t\t<div class=\"elementor-column elementor-col-50 elementor-inner-column elementor-element elementor-element-8596b92\" data-id=\"8596b92\" data-element_type=\"column\">\n\t\t\t<div class=\"elementor-widget-wrap elementor-element-populated\">\n\t\t\t\t\t\t<div class=\"elementor-element elementor-element-7f8fd25 elementor-widget elementor-widget-image\" data-id=\"7f8fd25\" data-element_type=\"widget\" data-widget_type=\"image.default\">\n\t\t\t\t<div class=\"elementor-widget-container\">\n\t\t\t\t\t\t\t\t\t\t\t\t\t\t\t<img fetchpriority=\"high\" decoding=\"async\" width=\"474\" height=\"144\" src=\"https:\/\/harmoor.com\/wp-content\/uploads\/2023\/07\/amfori-logo-blue-01.e68bc96fdb8dfeb072787944e7534306.png\" class=\"attachment-large size-large wp-image-17271\" alt=\"bsci-amfori\" \/>\t\t\t\t\t\t\t\t\t\t\t\t\t\t\t<\/div>\n\t\t\t\t<\/div>\n\t\t\t\t\t<\/div>\n\t\t<\/div>\n\t\t\t\t<div class=\"elementor-column elementor-col-50 elementor-inner-column elementor-element elementor-element-3cd2aa9\" data-id=\"3cd2aa9\" data-element_type=\"column\">\n\t\t\t<div class=\"elementor-widget-wrap elementor-element-populated\">\n\t\t\t\t\t\t<div class=\"elementor-element elementor-element-40c3554 elementor-widget elementor-widget-text-editor\" data-id=\"40c3554\" data-element_type=\"widget\" data-widget_type=\"text-editor.default\">\n\t\t\t\t<div class=\"elementor-widget-container\">\n\t\t\t\t\t\t\t\t\t<p style=\"text-align: center;\">BSCI<\/p>\n\t\t\t\t\t\t\t\t<\/div>\n\t\t\t\t<\/div>\n\t\t\t\t\t<\/div>\n\t\t<\/div>\n\t\t\t\t\t<\/div>\n\t\t<\/section>\n\t\t\t\t\t<\/div>\n\t\t<\/div>\n\t\t\t\t<div class=\"elementor-column elementor-col-50 elementor-top-column elementor-element elementor-element-56c3de4\" data-id=\"56c3de4\" data-element_type=\"column\">\n\t\t\t<div class=\"elementor-widget-wrap\">\n\t\t\t\t\t\t\t<\/div>\n\t\t<\/div>\n\t\t\t\t\t<\/div>\n\t\t<\/section>\n\t\t\t\t<section class=\"elementor-section elementor-top-section elementor-element elementor-element-6d32b70 elementor-section-boxed elementor-section-height-default elementor-section-height-default\" data-id=\"6d32b70\" data-element_type=\"section\">\n\t\t\t\t\t\t<div class=\"elementor-container elementor-column-gap-default\">\n\t\t\t\t\t<div class=\"elementor-column elementor-col-100 elementor-top-column elementor-element elementor-element-678539d\" data-id=\"678539d\" data-element_type=\"column\">\n\t\t\t<div class=\"elementor-widget-wrap elementor-element-populated\">\n\t\t\t\t\t\t<div class=\"elementor-element elementor-element-1abbe2a elementor-widget elementor-widget-spacer\" data-id=\"1abbe2a\" data-element_type=\"widget\" data-widget_type=\"spacer.default\">\n\t\t\t\t<div class=\"elementor-widget-container\">\n\t\t\t\t\t\t\t<div class=\"elementor-spacer\">\n\t\t\t<div class=\"elementor-spacer-inner\"><\/div>\n\t\t<\/div>\n\t\t\t\t\t\t<\/div>\n\t\t\t\t<\/div>\n\t\t\t\t\t<\/div>\n\t\t<\/div>\n\t\t\t\t\t<\/div>\n\t\t<\/section>\n\t\t\t\t<section class=\"elementor-section elementor-top-section elementor-element elementor-element-b745f5a elementor-section-boxed elementor-section-height-default elementor-section-height-default\" data-id=\"b745f5a\" data-element_type=\"section\">\n\t\t\t\t\t\t<div class=\"elementor-container elementor-column-gap-default\">\n\t\t\t\t\t<div class=\"elementor-column elementor-col-50 elementor-top-column elementor-element elementor-element-c8d0f97\" data-id=\"c8d0f97\" data-element_type=\"column\" data-settings=\"{&quot;background_background&quot;:&quot;classic&quot;}\">\n\t\t\t<div class=\"elementor-widget-wrap elementor-element-populated\">\n\t\t\t\t\t\t<div class=\"elementor-element elementor-element-8687608 elementor-widget elementor-widget-text-editor\" data-id=\"8687608\" data-element_type=\"widget\" data-widget_type=\"text-editor.default\">\n\t\t\t\t<div class=\"elementor-widget-container\">\n\t\t\t\t\t\t\t\t\t<p>BSCI (Business Social Compliance Initiative) &#8211; B\u1ed9 ti\u00eau chu\u1ea9n \u0111\u00e1nh gi\u00e1 vi\u1ec7c tu\u00e2n th\u1ee7 tr\u00e1ch nhi\u1ec7m x\u00e3 h\u1ed9i trong kinh doanh \u0111\u01b0\u1ee3c th\u00e0nh l\u1eadp n\u0103m 2003 b\u1edfi Hi\u1ec7p h\u1ed9i Ngo\u1ea1i th\u01b0\u01a1ng (FTA), nay l\u00e0 Hi\u1ec7p h\u1ed9i Doanh nghi\u1ec7p Th\u01b0\u01a1ng m\u1ea1i B\u1ec1n v\u1eefng To\u00e0n c\u1ea7u (Amfori). ). BSCI l\u00e0 m\u1ed9t s\u00e1ng ki\u1ebfn d\u00e0nh cho c\u00e1c c\u00f4ng ty cam k\u1ebft c\u1ea3i thi\u1ec7n \u0111i\u1ec1u ki\u1ec7n l\u00e0m vi\u1ec7c t\u1ea1i c\u00e1c nh\u00e0 m\u00e1y v\u00e0 trang tr\u1ea1i tr\u00ean kh\u1eafp th\u1ebf gi\u1edbi.<\/p>\n<p>B\u1ed9 ti\u00eau chu\u1ea9n n\u00e0y cung c\u1ea5p cho doanh nghi\u1ec7p m\u1ed9t B\u1ed9 quy t\u1eafc \u1ee9ng x\u1eed chung v\u00e0 m\u1ed9t h\u1ec7 th\u1ed1ng to\u00e0n di\u1ec7n \u0111\u1ec3 \u0111\u1ea1t \u0111\u01b0\u1ee3c s\u1ef1 tu\u00e2n th\u1ee7 x\u00e3 h\u1ed9i trong to\u00e0n b\u1ed9 chu\u1ed7i cung \u1ee9ng. Khi m\u1ed9t c\u00f4ng ty \u0111\u00e3 k\u00fd v\u00e0o B\u1ed9 Quy t\u1eafc \u1ee8ng x\u1eed c\u1ee7a Amfori BSCI, ch\u1eef k\u00fd \u0111\u00f3 th\u1ec3 hi\u1ec7n cam k\u1ebft c\u00f4ng khai c\u1ee7a c\u00f4ng ty \u0111\u00f3 trong vi\u1ec7c th\u1ef1c hi\u1ec7n ho\u1ea1t \u0111\u1ed9ng kinh doanh c\u00f3 tr\u00e1ch nhi\u1ec7m v\u1edbi x\u00e3 h\u1ed9i.<\/p>\t\t\t\t\t\t\t\t<\/div>\n\t\t\t\t<\/div>\n\t\t\t\t\t<\/div>\n\t\t<\/div>\n\t\t\t\t<div class=\"elementor-column elementor-col-50 elementor-top-column elementor-element elementor-element-13190fc\" data-id=\"13190fc\" data-element_type=\"column\" data-settings=\"{&quot;background_background&quot;:&quot;classic&quot;}\">\n\t\t\t<div class=\"elementor-widget-wrap elementor-element-populated\">\n\t\t\t\t\t\t<div class=\"elementor-element elementor-element-deef367 elementor-widget elementor-widget-image\" data-id=\"deef367\" data-element_type=\"widget\" data-widget_type=\"image.default\">\n\t\t\t\t<div class=\"elementor-widget-container\">\n\t\t\t\t\t\t\t\t\t\t\t\t\t\t\t<img decoding=\"async\" width=\"2560\" height=\"1244\" src=\"https:\/\/harmoor.com\/wp-content\/uploads\/2023\/07\/PSCI-Certificate-Harmoor-Vietnam-Co.-Ltd-scaled.webp\" class=\"attachment-full size-full wp-image-17277\" alt=\"\" \/>\t\t\t\t\t\t\t\t\t\t\t\t\t\t\t<\/div>\n\t\t\t\t<\/div>\n\t\t\t\t<div class=\"elementor-element elementor-element-12d22c4 elementor-align-center elementor-widget elementor-widget-button\" data-id=\"12d22c4\" data-element_type=\"widget\" data-widget_type=\"button.default\">\n\t\t\t\t<div class=\"elementor-widget-container\">\n\t\t\t\t\t\t\t\t\t<div class=\"elementor-button-wrapper\">\n\t\t\t\t\t<a class=\"elementor-button elementor-button-link elementor-size-md\" href=\"https:\/\/harmoor.com\/wp-content\/uploads\/BSCI%20HARMOOR%202024.pdf\">\n\t\t\t\t\t\t<span class=\"elementor-button-content-wrapper\">\n\t\t\t\t\t\t<span class=\"elementor-button-icon\">\n\t\t\t\t<i aria-hidden=\"true\" class=\"fas fa-arrow-down\"><\/i>\t\t\t<\/span>\n\t\t\t\t\t\t\t\t\t<span class=\"elementor-button-text\">t\u1ea3i ch\u1ee9ng ch\u1ec9 m\u1edbi nh\u1ea5t<\/span>\n\t\t\t\t\t<\/span>\n\t\t\t\t\t<\/a>\n\t\t\t\t<\/div>\n\t\t\t\t\t\t\t\t<\/div>\n\t\t\t\t<\/div>\n\t\t\t\t\t<\/div>\n\t\t<\/div>\n\t\t\t\t\t<\/div>\n\t\t<\/section>\n\t\t\t\t<section class=\"elementor-section elementor-top-section elementor-element elementor-element-49bcb8a elementor-section-boxed elementor-section-height-default elementor-section-height-default\" data-id=\"49bcb8a\" data-element_type=\"section\" data-settings=\"{&quot;background_background&quot;:&quot;classic&quot;}\">\n\t\t\t\t\t\t<div class=\"elementor-container elementor-column-gap-default\">\n\t\t\t\t\t<div class=\"elementor-column elementor-col-25 elementor-top-column elementor-element elementor-element-26f1e46\" data-id=\"26f1e46\" data-element_type=\"column\">\n\t\t\t<div class=\"elementor-widget-wrap elementor-element-populated\">\n\t\t\t\t\t\t<div class=\"elementor-element elementor-element-d73293b elementor-widget elementor-widget-image\" data-id=\"d73293b\" data-element_type=\"widget\" data-widget_type=\"image.default\">\n\t\t\t\t<div class=\"elementor-widget-container\">\n\t\t\t\t\t\t\t\t\t\t\t\t\t\t\t<img decoding=\"async\" width=\"1000\" height=\"1000\" src=\"https:\/\/harmoor.com\/wp-content\/uploads\/2024\/03\/BSCI-2023.webp\" class=\"attachment-full size-full wp-image-23396\" alt=\"\" \/>\t\t\t\t\t\t\t\t\t\t\t\t\t\t\t<\/div>\n\t\t\t\t<\/div>\n\t\t\t\t<div class=\"elementor-element elementor-element-6167df2 elementor-align-center elementor-widget__width-inherit elementor-widget elementor-widget-button\" data-id=\"6167df2\" data-element_type=\"widget\" data-widget_type=\"button.default\">\n\t\t\t\t<div class=\"elementor-widget-container\">\n\t\t\t\t\t\t\t\t\t<div class=\"elementor-button-wrapper\">\n\t\t\t\t\t<a class=\"elementor-button elementor-button-link elementor-size-sm\" href=\"https:\/\/drive.google.com\/file\/d\/163dWlv5_8TRiyMzi2jTi7sGbCng-E-e7\/view?usp=sharing\">\n\t\t\t\t\t\t<span class=\"elementor-button-content-wrapper\">\n\t\t\t\t\t\t<span class=\"elementor-button-icon\">\n\t\t\t\t<i aria-hidden=\"true\" class=\"far fa-file-pdf\"><\/i>\t\t\t<\/span>\n\t\t\t\t\t\t\t\t\t<span class=\"elementor-button-text\">BSCI 2023<\/span>\n\t\t\t\t\t<\/span>\n\t\t\t\t\t<\/a>\n\t\t\t\t<\/div>\n\t\t\t\t\t\t\t\t<\/div>\n\t\t\t\t<\/div>\n\t\t\t\t\t<\/div>\n\t\t<\/div>\n\t\t\t\t<div class=\"elementor-column elementor-col-25 elementor-top-column elementor-element elementor-element-ec02a0a\" data-id=\"ec02a0a\" data-element_type=\"column\">\n\t\t\t<div class=\"elementor-widget-wrap elementor-element-populated\">\n\t\t\t\t\t\t<div class=\"elementor-element elementor-element-d87b2a1 elementor-widget elementor-widget-image\" data-id=\"d87b2a1\" data-element_type=\"widget\" data-widget_type=\"image.default\">\n\t\t\t\t<div class=\"elementor-widget-container\">\n\t\t\t\t\t\t\t\t\t\t\t\t\t\t\t<img loading=\"lazy\" decoding=\"async\" width=\"1000\" height=\"1000\" src=\"https:\/\/harmoor.com\/wp-content\/uploads\/2024\/03\/BSCI-2024.webp\" class=\"attachment-full size-full wp-image-23390\" alt=\"BSCI 2024\" \/>\t\t\t\t\t\t\t\t\t\t\t\t\t\t\t<\/div>\n\t\t\t\t<\/div>\n\t\t\t\t<div class=\"elementor-element elementor-element-a82af73 elementor-align-center elementor-widget__width-inherit elementor-widget elementor-widget-button\" data-id=\"a82af73\" data-element_type=\"widget\" data-widget_type=\"button.default\">\n\t\t\t\t<div class=\"elementor-widget-container\">\n\t\t\t\t\t\t\t\t\t<div class=\"elementor-button-wrapper\">\n\t\t\t\t\t<a class=\"elementor-button elementor-button-link elementor-size-sm\" href=\"https:\/\/drive.google.com\/file\/d\/1Jk1lE3-qrgR9p9_m1NFU8e38OR9vPb28\/view?usp=sharing\">\n\t\t\t\t\t\t<span class=\"elementor-button-content-wrapper\">\n\t\t\t\t\t\t<span class=\"elementor-button-icon\">\n\t\t\t\t<i aria-hidden=\"true\" class=\"far fa-file-pdf\"><\/i>\t\t\t<\/span>\n\t\t\t\t\t\t\t\t\t<span class=\"elementor-button-text\">BSCI 2024<\/span>\n\t\t\t\t\t<\/span>\n\t\t\t\t\t<\/a>\n\t\t\t\t<\/div>\n\t\t\t\t\t\t\t\t<\/div>\n\t\t\t\t<\/div>\n\t\t\t\t\t<\/div>\n\t\t<\/div>\n\t\t\t\t<div class=\"elementor-column elementor-col-25 elementor-top-column elementor-element elementor-element-1fe628d\" data-id=\"1fe628d\" data-element_type=\"column\">\n\t\t\t<div class=\"elementor-widget-wrap\">\n\t\t\t\t\t\t\t<\/div>\n\t\t<\/div>\n\t\t\t\t<div class=\"elementor-column elementor-col-25 elementor-top-column elementor-element elementor-element-1439365\" data-id=\"1439365\" data-element_type=\"column\">\n\t\t\t<div class=\"elementor-widget-wrap\">\n\t\t\t\t\t\t\t<\/div>\n\t\t<\/div>\n\t\t\t\t\t<\/div>\n\t\t<\/section>\n\t\t\t\t<\/div>\n\t\t","protected":false},"excerpt":{"rendered":"<p>gi\u1ea5y ch\u1ee9ng nh\u1eadn ch\u1ee9ng ch\u1ec9 c\u00f4ng ty BSCI BSCI (Business Social Compliance Initiative) &#8211; B\u1ed9 ti\u00eau chu\u1ea9n \u0111\u00e1nh gi\u00e1 vi\u1ec7c tu\u00e2n th\u1ee7 tr\u00e1ch nhi\u1ec7m x\u00e3 h\u1ed9i trong kinh doanh \u0111\u01b0\u1ee3c th\u00e0nh l\u1eadp n\u0103m 2003 b\u1edfi Hi\u1ec7p h\u1ed9i Ngo\u1ea1i th\u01b0\u01a1ng (FTA), nay l\u00e0 Hi\u1ec7p h\u1ed9i Doanh nghi\u1ec7p Th\u01b0\u01a1ng m\u1ea1i B\u1ec1n v\u1eefng To\u00e0n c\u1ea7u (Amfori). ). BSCI [&hellip;]<\/p>\n","protected":false},"author":4,"featured_media":0,"parent":0,"menu_order":0,"comment_status":"closed","ping_status":"closed","template":"page-templates\/homepage-v2.php","meta":{"footnotes":""},"class_list":["post-17759","page","type-page","status-publish","hentry"],"_links":{"self":[{"href":"https:\/\/harmoor.com\/vi\/wp-json\/wp\/v2\/pages\/17759","targetHints":{"allow":["GET"]}}],"collection":[{"href":"https:\/\/harmoor.com\/vi\/wp-json\/wp\/v2\/pages"}],"about":[{"href":"https:\/\/harmoor.com\/vi\/wp-json\/wp\/v2\/types\/page"}],"author":[{"embeddable":true,"href":"https:\/\/harmoor.com\/vi\/wp-json\/wp\/v2\/users\/4"}],"replies":[{"embeddable":true,"href":"https:\/\/harmoor.com\/vi\/wp-json\/wp\/v2\/comments?post=17759"}],"version-history":[{"count":5,"href":"https:\/\/harmoor.com\/vi\/wp-json\/wp\/v2\/pages\/17759\/revisions"}],"predecessor-version":[{"id":23412,"href":"https:\/\/harmoor.com\/vi\/wp-json\/wp\/v2\/pages\/17759\/revisions\/23412"}],"wp:attachment":[{"href":"https:\/\/harmoor.com\/vi\/wp-json\/wp\/v2\/media?parent=17759"}],"curies":[{"name":"wp","href":"https:\/\/api.w.org\/{rel}","templated":true}]}}