{"id":23299,"date":"2024-02-23T14:21:08","date_gmt":"2024-02-23T06:21:08","guid":{"rendered":"https:\/\/harmoor.com\/product\/karibu-3038a\/"},"modified":"2024-02-23T14:21:08","modified_gmt":"2024-02-23T06:21:08","slug":"karibu-3038a","status":"publish","type":"product","link":"https:\/\/harmoor.com\/it\/product\/karibu-3038a\/","title":{"rendered":"Karibu 3038a"},"content":{"rendered":"<div class=\"row\">\n<div class=\"col-xl-5 col-lg-5 col-md-6 col-sm-12 col-12\"><img fetchpriority=\"high\" decoding=\"async\" class=\"alignnone size-full wp-image-12104\" src=\"https:\/\/harmoor.com\/wp-content\/uploads\/2024\/02\/chair-karibu-3038a-2.webp\" alt=\"sedia caribu 3038a\" width=\"458\" height=\"315\"><\/div>\n<div class=\"col-xl-7 col-lg-7 col-md-6 col-sm-12 col-12\">\n<h2><span style=\"vertical-align: inherit;\"><span style=\"vertical-align: inherit;\">MARCHIO<\/span><\/span><\/h2>\n<p>Con una ricca storia aziendale che risale al 1998, Harmoor ha iniziato come una piccola fabbrica di mobili. Abbiamo aperto la nostra fabbrica in Vietnam nel 2018 e siamo diventati una delle pi\u00f9 grandi fabbriche di mobili in plastica in Vietnam. Attualmente, Harmoor \u00e8 un produttore e fornitore di mobili per tavoli e sedie con molti modelli leader in Vietnam e nel mondo.<\/p>\n<p><img decoding=\"async\" class=\"mt-4\" src=\"https:\/\/harmoor.com\/wp-content\/uploads\/2023\/07\/single-product.webp\" alt=\"singolo-prodotto\" width=\"190\" height=\"30\"><\/div>\n<\/div>\n<div class=\"row\">\n<div class=\"col-xl-4 col-lg-4 col-md-4 col-sm-12 col-12 mb-4\">\n<h2><span style=\"vertical-align: inherit;\"><span style=\"vertical-align: inherit;\">INFORMAZIONI SUL PRODOTTO<\/span><\/span><\/h2>\n<ul>\n<li>Nome del prodotto: Caribu 3038<\/li>\n<li>Materiale: Corda + plastica PP<\/li>\n<li>Stile di design: Italia<\/li>\n<li>Luogo di origine: Vietnam<\/li>\n<\/ul>\n<\/div>\n<div class=\"col-xl-4 col-lg-4 col-md-4 col-sm-12 col-12 mb-4\">\n<h2><span style=\"vertical-align: inherit;\"><span style=\"vertical-align: inherit;\">DIMENSIONE<\/span><\/span><\/h2>\n<ul>\n<li>Materiale: Corda in PP + Nylon<\/li>\n<li>Lunghezza: 58,5 cm<\/li>\n<li>Larghezza: 47 cm<\/li>\n<li>Altezza: 78,5 cm<\/li>\n<li>Altezza di seduta: 46 cm<\/li>\n<li>Peso: 5.095 kg<\/li>\n<li>68.5*55*93cm\/4pcs<\/li>\n<\/ul>\n<\/div>\n<div class=\"col-xl-4 col-lg-4 col-md-4 col-sm-12 col-12 mb-4\">\n<h2><span style=\"vertical-align: inherit;\"><span style=\"vertical-align: inherit;\">SPAZIO UTILIZZABILE<\/span><\/span><\/h2>\n<ul>\n<li>Caffetteria<\/li>\n<li>Ristorante<\/li>\n<li>Sala da pranzo<\/li>\n<li>Giardino&#8230;<\/li>\n<\/ul>\n<\/div>\n<\/div>\n","protected":false},"excerpt":{"rendered":"<p>La sedia Karibu 3038A \u00e8 la perfezione della classe e dell&#8217;utilit\u00e0, con una struttura in plastica di alta qualit\u00e0, compresi lo schienale e la seduta in plastica PA, che crea comfort e durata. Progettata appositamente per l&#8217;uso esterno, la sedia Karibu non solo accentua lo spazio, ma resiste anche alle condizioni atmosferiche pi\u00f9 avverse. La possibilit\u00e0 di impilarsi l&#8217;uno sull&#8217;altro consente di risparmiare spazio e di spostarsi comodamente. Grazie alla perfetta combinazione di qualit\u00e0 e utilit\u00e0, la sedia Karibu 3038A \u00e8 la scelta ideale per le fughe in periferia e gli eventi.<\/p>\n","protected":false},"featured_media":23080,"comment_status":"open","ping_status":"closed","template":"","meta":[],"product_cat":[1589],"product_tag":[1249,1590,1591,1257,1501,1592,1499],"class_list":{"0":"post-23299","1":"product","2":"type-product","3":"status-publish","4":"has-post-thumbnail","6":"product_brand-caribu-it","7":"product_cat-caribu-it","8":"product_tag-sedia-da-caffe","9":"product_tag-sedia-da-esterno","10":"product_tag-sedia-da-giardino","11":"product_tag-sedia-da-ristorante","12":"product_tag-sedia-da-salotto","13":"product_tag-sedia-da-terrazza","14":"product_tag-sedia-per-sala-da-pranzo","17":"first","18":"instock","19":"shipping-taxable","20":"product-type-simple"},"_links":{"self":[{"href":"https:\/\/harmoor.com\/it\/wp-json\/wp\/v2\/product\/23299","targetHints":{"allow":["GET"]}}],"collection":[{"href":"https:\/\/harmoor.com\/it\/wp-json\/wp\/v2\/product"}],"about":[{"href":"https:\/\/harmoor.com\/it\/wp-json\/wp\/v2\/types\/product"}],"replies":[{"embeddable":true,"href":"https:\/\/harmoor.com\/it\/wp-json\/wp\/v2\/comments?post=23299"}],"version-history":[{"count":0,"href":"https:\/\/harmoor.com\/it\/wp-json\/wp\/v2\/product\/23299\/revisions"}],"wp:featuredmedia":[{"embeddable":true,"href":"https:\/\/harmoor.com\/it\/wp-json\/wp\/v2\/media\/23080"}],"wp:attachment":[{"href":"https:\/\/harmoor.com\/it\/wp-json\/wp\/v2\/media?parent=23299"}],"wp:term":[{"taxonomy":"product_cat","embeddable":true,"href":"https:\/\/harmoor.com\/it\/wp-json\/wp\/v2\/product_cat?post=23299"},{"taxonomy":"product_tag","embeddable":true,"href":"https:\/\/harmoor.com\/it\/wp-json\/wp\/v2\/product_tag?post=23299"}],"curies":[{"name":"wp","href":"https:\/\/api.w.org\/{rel}","templated":true}]}}