{"id":23279,"date":"2024-03-01T11:35:58","date_gmt":"2024-03-01T03:35:58","guid":{"rendered":"https:\/\/harmoor.com\/product\/gaia-01\/"},"modified":"2024-11-06T22:25:14","modified_gmt":"2024-11-06T14:25:14","slug":"gaia-01","status":"publish","type":"product","link":"https:\/\/harmoor.com\/it\/product\/gaia-01\/","title":{"rendered":"Gaia 01"},"content":{"rendered":"<div class=\"row\">\n<div class=\"col-xl-5 col-lg-5 col-md-6 col-sm-12 col-12\"><img fetchpriority=\"high\" decoding=\"async\" class=\"alignnone size-full wp-image-12104\" src=\"https:\/\/harmoor.com\/wp-content\/uploads\/2024\/03\/chair-gaia-01-3.webp\" alt=\"sedia gaia 41\" width=\"458\" height=\"315\"><\/div>\n<div class=\"col-xl-7 col-lg-7 col-md-6 col-sm-12 col-12\">\n<h2><span style=\"vertical-align: inherit;\"><span style=\"vertical-align: inherit;\">MARCHIO<\/span><\/span><\/h2>\n<p>Con una ricca storia aziendale che risale al 1998, Harmoor ha iniziato come una piccola fabbrica di mobili. Abbiamo aperto la nostra fabbrica in Vietnam nel 2018 e siamo diventati una delle pi\u00f9 grandi fabbriche di mobili in plastica in Vietnam. Attualmente, Harmoor \u00e8 un produttore e fornitore di mobili per tavoli e sedie con molti modelli leader in Vietnam e nel mondo.<\/p>\n<p><img decoding=\"async\" class=\"mt-4\" src=\"https:\/\/harmoor.com\/wp-content\/uploads\/2023\/07\/single-product.webp\" alt=\"singolo-prodotto\" width=\"190\" height=\"30\"><\/div>\n<\/div>\n<div class=\"row\">\n<div class=\"col-xl-4 col-lg-4 col-md-4 col-sm-12 col-12 mb-4\">\n<h2><span style=\"vertical-align: inherit;\"><span style=\"vertical-align: inherit;\">INFORMAZIONI SUL PRODOTTO<\/span><\/span><\/h2>\n<ul>\n<li>Nome del prodotto: Sedia Gaia 01<\/li>\n<li>Sedile e schienale: Plastica<br \/>\nTelaio: Plastica<\/li>\n<li>Stile di design: Italia<\/li>\n<\/ul>\n<\/div>\n<div class=\"col-xl-4 col-lg-4 col-md-4 col-sm-12 col-12 mb-4\">\n<h2><span style=\"vertical-align: inherit;\"><span style=\"vertical-align: inherit;\">DIMENSIONE<\/span><\/span><\/h2>\n<ul>\n<li>Altezza: 81cm<\/li>\n<li>Larghezza: 43 cm<\/li>\n<li>Profondit\u00e0: 43cm<\/li>\n<li>Altezza del sedile: 44,5 cm<\/li>\n<li>4pcs\/ctn<\/li>\n<\/ul>\n<\/div>\n<div class=\"col-xl-4 col-lg-4 col-md-4 col-sm-12 col-12 mb-4\">\n<h2><span style=\"vertical-align: inherit;\"><span style=\"vertical-align: inherit;\">SPAZIO UTILIZZABILE<\/span><\/span><\/h2>\n<ul>\n<li>Caffetteria<\/li>\n<li>Ristorante<\/li>\n<li>Sala da pranzo<\/li>\n<li>&#8230;.<\/li>\n<\/ul>\n<\/div>\n<\/div>\n","protected":false},"excerpt":{"rendered":"<p>La sedia Gaia 01 \u00e8 un capolavoro moderno che unisce perfettamente comfort e qualit\u00e0 superiore. Con una seduta e uno schienale dal design unico, la sedia Gaia 01 non solo offre un&#8217;esperienza di seduta confortevole, ma funge anche da notevole punto di riferimento per qualsiasi spazio. Le gambe sono realizzate in plastica di prima qualit\u00e0, per garantire durata e stabilit\u00e0. Ideale per caff\u00e8, ristoranti o sale da pranzo, la sedia Gaia 01 crea un&#8217;atmosfera calda e lussuosa. \u00c8 la scelta perfetta per immergersi nel comfort e nello stile, facendo colpo ovunque si trovi.<\/p>\n","protected":false},"featured_media":23156,"comment_status":"open","ping_status":"closed","template":"","meta":[],"product_cat":[1648],"product_tag":[1249,1628,1257],"class_list":{"0":"post-23279","1":"product","2":"type-product","3":"status-publish","4":"has-post-thumbnail","6":"product_brand-gaia-it","7":"product_cat-gaia-it","8":"product_tag-sedia-da-caffe","9":"product_tag-sedia-da-pranzo","10":"product_tag-sedia-da-ristorante","13":"first","14":"instock","15":"shipping-taxable","16":"product-type-simple"},"_links":{"self":[{"href":"https:\/\/harmoor.com\/it\/wp-json\/wp\/v2\/product\/23279","targetHints":{"allow":["GET"]}}],"collection":[{"href":"https:\/\/harmoor.com\/it\/wp-json\/wp\/v2\/product"}],"about":[{"href":"https:\/\/harmoor.com\/it\/wp-json\/wp\/v2\/types\/product"}],"replies":[{"embeddable":true,"href":"https:\/\/harmoor.com\/it\/wp-json\/wp\/v2\/comments?post=23279"}],"version-history":[{"count":0,"href":"https:\/\/harmoor.com\/it\/wp-json\/wp\/v2\/product\/23279\/revisions"}],"wp:featuredmedia":[{"embeddable":true,"href":"https:\/\/harmoor.com\/it\/wp-json\/wp\/v2\/media\/23156"}],"wp:attachment":[{"href":"https:\/\/harmoor.com\/it\/wp-json\/wp\/v2\/media?parent=23279"}],"wp:term":[{"taxonomy":"product_cat","embeddable":true,"href":"https:\/\/harmoor.com\/it\/wp-json\/wp\/v2\/product_cat?post=23279"},{"taxonomy":"product_tag","embeddable":true,"href":"https:\/\/harmoor.com\/it\/wp-json\/wp\/v2\/product_tag?post=23279"}],"curies":[{"name":"wp","href":"https:\/\/api.w.org\/{rel}","templated":true}]}}