{"id":23258,"date":"2024-02-23T11:01:11","date_gmt":"2024-02-23T03:01:11","guid":{"rendered":"https:\/\/harmoor.com\/product\/zigo-3058\/"},"modified":"2024-03-30T12:33:43","modified_gmt":"2024-03-30T04:33:43","slug":"zigo-3058","status":"publish","type":"product","link":"https:\/\/harmoor.com\/it\/product\/zigo-3058\/","title":{"rendered":"Zigo 3058"},"content":{"rendered":"<div class=\"row\">\n<div class=\"col-xl-5 col-lg-5 col-md-6 col-sm-12 col-12\"><img fetchpriority=\"high\" decoding=\"async\" class=\"alignnone size-full wp-image-12104\" src=\"https:\/\/harmoor.com\/wp-content\/uploads\/2024\/02\/table-zigo-3058-1.webp\" alt=\"tavolo zigo 3058a\" width=\"458\" height=\"315\"><\/div>\n<div class=\"col-xl-7 col-lg-7 col-md-6 col-sm-12 col-12\">\n<h2><span style=\"vertical-align: inherit;\"><span style=\"vertical-align: inherit;\">MARCHIO<\/span><\/span><\/h2>\n<p>Con una ricca storia aziendale che risale al 1998, Harmoor ha iniziato come una piccola fabbrica di mobili. Abbiamo aperto la nostra fabbrica in Vietnam nel 2018 e siamo diventati una delle pi\u00f9 grandi fabbriche di mobili in plastica in Vietnam. Attualmente, Harmoor \u00e8 un produttore e fornitore di mobili per tavoli e sedie con molti modelli leader in Vietnam e nel mondo.<\/p>\n<p><img decoding=\"async\" class=\"mt-4\" src=\"https:\/\/harmoor.com\/wp-content\/uploads\/2023\/07\/single-product.webp\" alt=\"singolo-prodotto\" width=\"190\" height=\"30\"><\/div>\n<\/div>\n<div class=\"row\">\n<div class=\"col-xl-4 col-lg-4 col-md-4 col-sm-12 col-12 mb-4\">\n<h2><span style=\"vertical-align: inherit;\"><span style=\"vertical-align: inherit;\"><span style=\"vertical-align: inherit;\"><span style=\"vertical-align: inherit;\"><span style=\"vertical-align: inherit;\"><span style=\"vertical-align: inherit;\">INFORMAZIONI SUL PRODOTTO<\/span><\/span><\/span><\/span><\/span><\/span><\/h2>\n<ul>\n<li>Nome del prodotto: Tavolo Zigo 3058<\/li>\n<li>Materiale: Plastica + ferro<\/li>\n<li>Stile di design: Italia<\/li>\n<li>Luogo di origine: Vietnam<\/li>\n<\/ul>\n<\/div>\n<div class=\"col-xl-4 col-lg-4 col-md-4 col-sm-12 col-12 mb-4\">\n<h2><span style=\"vertical-align: inherit;\"><span style=\"vertical-align: inherit;\"><span style=\"vertical-align: inherit;\"><span style=\"vertical-align: inherit;\"><span style=\"vertical-align: inherit;\"><span style=\"vertical-align: inherit;\">DIMENSIONE<\/span><\/span><\/span><\/span><\/span><\/span><\/h2>\n<ul>\n<li>Raggio di curvatura piccolo: 30 cm<\/li>\n<li>Raggio di curvatura ampio: 40 cm<\/li>\n<\/ul>\n<\/div>\n<div class=\"col-xl-4 col-lg-4 col-md-4 col-sm-12 col-12 mb-4\">\n<h2><span style=\"vertical-align: inherit;\"><span style=\"vertical-align: inherit;\"><span style=\"vertical-align: inherit;\"><span style=\"vertical-align: inherit;\"><span style=\"vertical-align: inherit;\"><span style=\"vertical-align: inherit;\">SPAZIO UTILIZZABILE<\/span><\/span><\/span><\/span><\/span><\/span><\/h2>\n<ul>\n<li>Ufficio<\/li>\n<li>Soggiorno<\/li>\n<li>Caffetteria&#8230;.<\/li>\n<\/ul>\n<\/div>\n<\/div>\n","protected":false},"excerpt":{"rendered":"<p>Vi presentiamo il tavolo Zigo 3058, una fusione di eleganza e praticit\u00e0 progettata per migliorare l&#8217;estetica di salotti, uffici o caff\u00e8. Impeccabilmente realizzato con materiali pregiati e contorni eleganti, questo tavolo emana un senso di lusso e di moderna raffinatezza. La sua superficie antigraffio garantisce una lunga durata, mantenendo il suo aspetto incontaminato nel tempo. Il design versatile del tavolo e la palette di colori neutri si integrano perfettamente con diversi stili di interni. Al di l\u00e0 di essere un semplice pezzo di arredamento, il tavolo Zigo 3058 \u00e8 un simbolo di raffinatezza e ingegnosit\u00e0, che fonde perfettamente stile e funzionalit\u00e0 per elevare l&#8217;atmosfera degli spazi contemporanei.<\/p>\n","protected":false},"featured_media":22953,"comment_status":"open","ping_status":"closed","template":"","meta":[],"product_cat":[2076],"product_tag":[1676,2078,2077,1677],"class_list":{"0":"post-23258","1":"product","2":"type-product","3":"status-publish","4":"has-post-thumbnail","6":"product_brand-zigo-it","7":"product_cat-zigo-it","8":"product_tag-tavoli","9":"product_tag-tavoli-da-salotto","10":"product_tag-tavoli-da-ufficio","11":"product_tag-tavolino-da-caffe","14":"first","15":"instock","16":"shipping-taxable","17":"product-type-simple"},"_links":{"self":[{"href":"https:\/\/harmoor.com\/it\/wp-json\/wp\/v2\/product\/23258","targetHints":{"allow":["GET"]}}],"collection":[{"href":"https:\/\/harmoor.com\/it\/wp-json\/wp\/v2\/product"}],"about":[{"href":"https:\/\/harmoor.com\/it\/wp-json\/wp\/v2\/types\/product"}],"replies":[{"embeddable":true,"href":"https:\/\/harmoor.com\/it\/wp-json\/wp\/v2\/comments?post=23258"}],"version-history":[{"count":1,"href":"https:\/\/harmoor.com\/it\/wp-json\/wp\/v2\/product\/23258\/revisions"}],"predecessor-version":[{"id":23500,"href":"https:\/\/harmoor.com\/it\/wp-json\/wp\/v2\/product\/23258\/revisions\/23500"}],"wp:featuredmedia":[{"embeddable":true,"href":"https:\/\/harmoor.com\/it\/wp-json\/wp\/v2\/media\/22953"}],"wp:attachment":[{"href":"https:\/\/harmoor.com\/it\/wp-json\/wp\/v2\/media?parent=23258"}],"wp:term":[{"taxonomy":"product_cat","embeddable":true,"href":"https:\/\/harmoor.com\/it\/wp-json\/wp\/v2\/product_cat?post=23258"},{"taxonomy":"product_tag","embeddable":true,"href":"https:\/\/harmoor.com\/it\/wp-json\/wp\/v2\/product_tag?post=23258"}],"curies":[{"name":"wp","href":"https:\/\/api.w.org\/{rel}","templated":true}]}}