{"id":23244,"date":"2024-02-23T10:13:38","date_gmt":"2024-02-23T02:13:38","guid":{"rendered":"https:\/\/harmoor.com\/product\/tabella-3025\/"},"modified":"2024-03-30T10:05:22","modified_gmt":"2024-03-30T02:05:22","slug":"tabella-3025","status":"publish","type":"product","link":"https:\/\/harmoor.com\/it\/product\/tabella-3025\/","title":{"rendered":"Tabella 3025"},"content":{"rendered":"<div class=\"row\">\n<div class=\"col-xl-5 col-lg-5 col-md-6 col-sm-12 col-12\"><img fetchpriority=\"high\" decoding=\"async\" class=\"alignnone size-full wp-image-12104\" src=\"https:\/\/harmoor.com\/wp-content\/uploads\/2024\/02\/table-3025-8.webp\" alt=\"sedia amelie 11\" width=\"458\" height=\"315\"><\/div>\n<div class=\"col-xl-7 col-lg-7 col-md-6 col-sm-12 col-12\">\n<h2><span style=\"vertical-align: inherit;\"><span style=\"vertical-align: inherit;\">MARCHIO<\/span><\/span><\/h2>\n<p>Con una ricca storia aziendale che risale al 1998, Harmoor ha iniziato come una piccola fabbrica di mobili. Abbiamo aperto la nostra fabbrica in Vietnam nel 2018 e siamo diventati una delle pi\u00f9 grandi fabbriche di mobili in plastica in Vietnam. Attualmente, Harmoor \u00e8 un produttore e fornitore di mobili per tavoli e sedie con molti modelli leader in Vietnam e nel mondo.<\/p>\n<p><img decoding=\"async\" class=\"mt-4\" src=\"https:\/\/harmoor.com\/wp-content\/uploads\/2023\/07\/single-product.webp\" alt=\"singolo-prodotto\" width=\"190\" height=\"30\"><\/div>\n<\/div>\n<div class=\"row\">\n<div class=\"col-xl-4 col-lg-4 col-md-4 col-sm-12 col-12 mb-4\">\n<h2><span style=\"vertical-align: inherit;\"><span style=\"vertical-align: inherit;\"><span style=\"vertical-align: inherit;\"><span style=\"vertical-align: inherit;\"><span style=\"vertical-align: inherit;\"><span style=\"vertical-align: inherit;\">INFORMAZIONI SUL PRODOTTO<\/span><\/span><\/span><\/span><\/span><\/span><\/h2>\n<ul>\n<li>Nome del prodotto: Tavolo 3025<\/li>\n<li>Materiale: Plastica<\/li>\n<li>Stile di design: Italia<\/li>\n<li>Luogo di origine: Vietnam<\/li>\n<\/ul>\n<\/div>\n<div class=\"col-xl-4 col-lg-4 col-md-4 col-sm-12 col-12 mb-4\">\n<h2><span style=\"vertical-align: inherit;\"><span style=\"vertical-align: inherit;\"><span style=\"vertical-align: inherit;\"><span style=\"vertical-align: inherit;\"><span style=\"vertical-align: inherit;\"><span style=\"vertical-align: inherit;\">DIMENSIONE<\/span><\/span><\/span><\/span><\/span><\/span><\/h2>\n<ul>\n<li>Lunghezza: 70 cm<\/li>\n<li>Larghezza: 70 cm<\/li>\n<li>Altezza: 75 cm<\/li>\n<\/ul>\n<\/div>\n<div class=\"col-xl-4 col-lg-4 col-md-4 col-sm-12 col-12 mb-4\">\n<h2><span style=\"vertical-align: inherit;\"><span style=\"vertical-align: inherit;\"><span style=\"vertical-align: inherit;\"><span style=\"vertical-align: inherit;\"><span style=\"vertical-align: inherit;\"><span style=\"vertical-align: inherit;\">SPAZIO UTILIZZABILE<\/span><\/span><\/span><\/span><\/span><\/span><\/h2>\n<ul>\n<li>Ristorante<\/li>\n<li>Sala da pranzo<\/li>\n<li>Caffetteria&#8230;.<\/li>\n<\/ul>\n<\/div>\n<\/div>\n","protected":false},"excerpt":{"rendered":"<p>Il tavolo 3025 \u00e8 realizzato al 100% in plastica PP di alta qualit\u00e0, che pu\u00f2 essere riciclata. Design a faccia quadrata con struttura a gambe unica, adatto a spazi interni ed esterni e a giardini. Scelta ideale per angoli di relax a casa e per caff\u00e8 e ristoranti di lusso.<\/p>\n","protected":false},"featured_media":22882,"comment_status":"open","ping_status":"closed","template":"","meta":[],"product_cat":[2062],"product_tag":[1676,1678,2037,1677],"class_list":{"0":"post-23244","1":"product","2":"type-product","3":"status-publish","4":"has-post-thumbnail","6":"product_brand-table-it","7":"product_cat-tabella","8":"product_tag-tavoli","9":"product_tag-tavoli-da-pranzo","10":"product_tag-tavoli-da-ristorante","11":"product_tag-tavolino-da-caffe","14":"first","15":"instock","16":"shipping-taxable","17":"product-type-simple"},"_links":{"self":[{"href":"https:\/\/harmoor.com\/it\/wp-json\/wp\/v2\/product\/23244","targetHints":{"allow":["GET"]}}],"collection":[{"href":"https:\/\/harmoor.com\/it\/wp-json\/wp\/v2\/product"}],"about":[{"href":"https:\/\/harmoor.com\/it\/wp-json\/wp\/v2\/types\/product"}],"replies":[{"embeddable":true,"href":"https:\/\/harmoor.com\/it\/wp-json\/wp\/v2\/comments?post=23244"}],"version-history":[{"count":1,"href":"https:\/\/harmoor.com\/it\/wp-json\/wp\/v2\/product\/23244\/revisions"}],"predecessor-version":[{"id":23437,"href":"https:\/\/harmoor.com\/it\/wp-json\/wp\/v2\/product\/23244\/revisions\/23437"}],"wp:featuredmedia":[{"embeddable":true,"href":"https:\/\/harmoor.com\/it\/wp-json\/wp\/v2\/media\/22882"}],"wp:attachment":[{"href":"https:\/\/harmoor.com\/it\/wp-json\/wp\/v2\/media?parent=23244"}],"wp:term":[{"taxonomy":"product_cat","embeddable":true,"href":"https:\/\/harmoor.com\/it\/wp-json\/wp\/v2\/product_cat?post=23244"},{"taxonomy":"product_tag","embeddable":true,"href":"https:\/\/harmoor.com\/it\/wp-json\/wp\/v2\/product_tag?post=23244"}],"curies":[{"name":"wp","href":"https:\/\/api.w.org\/{rel}","templated":true}]}}