{"id":23218,"date":"2024-02-22T11:56:10","date_gmt":"2024-02-22T03:56:10","guid":{"rendered":"https:\/\/harmoor.com\/product\/amelie-23\/"},"modified":"2024-02-22T11:56:10","modified_gmt":"2024-02-22T03:56:10","slug":"amelie-23","status":"publish","type":"product","link":"https:\/\/harmoor.com\/it\/product\/amelie-23\/","title":{"rendered":"Amelie 23"},"content":{"rendered":"<div class=\"row\">\n<div class=\"col-xl-5 col-lg-5 col-md-6 col-sm-12 col-12\"><img fetchpriority=\"high\" decoding=\"async\" class=\"alignnone size-full wp-image-12104\" src=\"https:\/\/harmoor.com\/wp-content\/uploads\/2024\/02\/chair-amelie-23-3.webp\" alt=\"sedia amelie 11\" width=\"458\" height=\"315\"><\/div>\n<div class=\"col-xl-7 col-lg-7 col-md-6 col-sm-12 col-12\">\n<h2><span style=\"vertical-align: inherit;\"><span style=\"vertical-align: inherit;\">MARCHIO<\/span><\/span><\/h2>\n<p>Con una ricca storia aziendale che risale al 1998, Harmoor ha iniziato come una piccola fabbrica di mobili. Abbiamo aperto la nostra fabbrica in Vietnam nel 2018 e siamo diventati una delle pi\u00f9 grandi fabbriche di mobili in plastica in Vietnam. Attualmente, Harmoor \u00e8 un produttore e fornitore di mobili per tavoli e sedie con molti modelli leader in Vietnam e nel mondo.<\/p>\n<p><img decoding=\"async\" class=\"mt-4\" src=\"https:\/\/harmoor.com\/wp-content\/uploads\/2023\/07\/single-product.webp\" alt=\"singolo-prodotto\" width=\"190\" height=\"30\"><\/div>\n<\/div>\n<div class=\"row\">\n<div class=\"col-xl-4 col-lg-4 col-md-4 col-sm-12 col-12 mb-4\">\n<h2><span style=\"vertical-align: inherit;\"><span style=\"vertical-align: inherit;\"><span style=\"vertical-align: inherit;\"><span style=\"vertical-align: inherit;\"><span style=\"vertical-align: inherit;\"><span style=\"vertical-align: inherit;\">INFORMAZIONI SUL PRODOTTO<\/span><\/span><\/span><\/span><\/span><\/span><\/h2>\n<ul>\n<li>Nome del prodotto: Sedia Amelie 23<\/li>\n<li>Materiale: Struttura in acciaio + plastica PP + imbottitura<\/li>\n<li>Stile di design: Italia<\/li>\n<li>Luogo di origine: Vietnam<\/li>\n<\/ul>\n<\/div>\n<div class=\"col-xl-4 col-lg-4 col-md-4 col-sm-12 col-12 mb-4\">\n<h2><span style=\"vertical-align: inherit;\"><span style=\"vertical-align: inherit;\"><span style=\"vertical-align: inherit;\"><span style=\"vertical-align: inherit;\"><span style=\"vertical-align: inherit;\"><span style=\"vertical-align: inherit;\">DIMENSIONE<\/span><\/span><\/span><\/span><\/span><\/span><\/h2>\n<ul>\n<li>Altezza: 83 cm<\/li>\n<li>Larghezza: 43 cm<\/li>\n<li>Profondit\u00e0: 53 cm<\/li>\n<\/ul>\n<\/div>\n<div class=\"col-xl-4 col-lg-4 col-md-4 col-sm-12 col-12 mb-4\">\n<h2><span style=\"vertical-align: inherit;\"><span style=\"vertical-align: inherit;\"><span style=\"vertical-align: inherit;\"><span style=\"vertical-align: inherit;\"><span style=\"vertical-align: inherit;\"><span style=\"vertical-align: inherit;\">SPAZIO UTILIZZABILE<\/span><\/span><\/span><\/span><\/span><\/span><\/h2>\n<ul>\n<li>Caffetteria<\/li>\n<li>Ristorante<\/li>\n<li>Sala da pranzo<\/li>\n<li>Soggiorno&#8230;.<\/li>\n<\/ul>\n<\/div>\n<\/div>\n","protected":false},"excerpt":{"rendered":"<p>La sedia Amelie 23 \u00e8 un&#8217;epitome di modernit\u00e0 e comfort, caratterizzata da un design unico e da un&#8217;elegante imbottitura. Con le sue linee morbide e il materiale resistente, Amelie 23 non \u00e8 solo un elemento d&#8217;arredo moderno, ma anche un punto focale perfetto per gli spazi abitativi. La combinazione di design moderno e imbottitura soffice crea un&#8217;esperienza di seduta confortevole e rilassante. Amelie 23 \u00e8 pi\u00f9 di una semplice sedia: \u00e8 un capolavoro artistico, che mostra raffinatezza e attenzione ai dettagli in ogni aspetto.<\/p>\n","protected":false},"featured_media":22634,"comment_status":"open","ping_status":"closed","template":"","meta":[],"product_cat":[1627],"product_tag":[1249,1257,1501,1499],"class_list":{"0":"post-23218","1":"product","2":"type-product","3":"status-publish","4":"has-post-thumbnail","6":"product_brand-amelie-it","7":"product_cat-amelie-it","8":"product_tag-sedia-da-caffe","9":"product_tag-sedia-da-ristorante","10":"product_tag-sedia-da-salotto","11":"product_tag-sedia-per-sala-da-pranzo","14":"first","15":"instock","16":"shipping-taxable","17":"product-type-simple"},"_links":{"self":[{"href":"https:\/\/harmoor.com\/it\/wp-json\/wp\/v2\/product\/23218","targetHints":{"allow":["GET"]}}],"collection":[{"href":"https:\/\/harmoor.com\/it\/wp-json\/wp\/v2\/product"}],"about":[{"href":"https:\/\/harmoor.com\/it\/wp-json\/wp\/v2\/types\/product"}],"replies":[{"embeddable":true,"href":"https:\/\/harmoor.com\/it\/wp-json\/wp\/v2\/comments?post=23218"}],"version-history":[{"count":0,"href":"https:\/\/harmoor.com\/it\/wp-json\/wp\/v2\/product\/23218\/revisions"}],"wp:featuredmedia":[{"embeddable":true,"href":"https:\/\/harmoor.com\/it\/wp-json\/wp\/v2\/media\/22634"}],"wp:attachment":[{"href":"https:\/\/harmoor.com\/it\/wp-json\/wp\/v2\/media?parent=23218"}],"wp:term":[{"taxonomy":"product_cat","embeddable":true,"href":"https:\/\/harmoor.com\/it\/wp-json\/wp\/v2\/product_cat?post=23218"},{"taxonomy":"product_tag","embeddable":true,"href":"https:\/\/harmoor.com\/it\/wp-json\/wp\/v2\/product_tag?post=23218"}],"curies":[{"name":"wp","href":"https:\/\/api.w.org\/{rel}","templated":true}]}}