{"id":23170,"date":"2024-02-21T12:31:13","date_gmt":"2024-02-21T04:31:13","guid":{"rendered":"https:\/\/harmoor.com\/?post_type=product&#038;p=23170"},"modified":"2024-03-14T12:13:43","modified_gmt":"2024-03-14T04:13:43","slug":"venus-3060","status":"publish","type":"product","link":"https:\/\/harmoor.com\/it\/product\/venus-3060\/","title":{"rendered":"Venus 3060"},"content":{"rendered":"<div class=\"row\">\n<div class=\"col-xl-5 col-lg-5 col-md-6 col-sm-12 col-12\"><img fetchpriority=\"high\" decoding=\"async\" class=\"alignnone size-full wp-image-12104\" src=\"https:\/\/harmoor.com\/wp-content\/uploads\/2024\/02\/chair-venus-3060-1.webp\" alt=\"sedia gaia 53\" width=\"458\" height=\"315\"><\/div>\n<div class=\"col-xl-7 col-lg-7 col-md-6 col-sm-12 col-12\">\n<h2><span style=\"vertical-align: inherit;\"><span style=\"vertical-align: inherit;\">MARCHIO<\/span><\/span><\/h2>\n<p>Con una ricca storia aziendale che risale al 1998, Harmoor ha iniziato come una piccola fabbrica di mobili. Abbiamo aperto la nostra fabbrica in Vietnam nel 2018 e siamo diventati una delle pi\u00f9 grandi fabbriche di mobili in plastica in Vietnam. Attualmente, Harmoor \u00e8 un produttore e fornitore di mobili per tavoli e sedie con molti modelli leader in Vietnam e nel mondo.<\/p>\n<p><img decoding=\"async\" class=\"mt-4\" src=\"https:\/\/harmoor.com\/wp-content\/uploads\/2023\/07\/single-product.webp\" alt=\"singolo-prodotto\" width=\"190\" height=\"30\"><\/div>\n<\/div>\n<div class=\"row\">\n<div class=\"col-xl-4 col-lg-4 col-md-4 col-sm-12 col-12 mb-4\">\n<h2><span style=\"vertical-align: inherit;\"><span style=\"vertical-align: inherit;\">INFORMAZIONI SUL PRODOTTO<\/span><\/span><\/h2>\n<ul>\n<li>Nome del prodotto: Sedia Venus 3060<\/li>\n<li>Sedile e schienale: PP<\/li>\n<li>Telaio: PP<\/li>\n<li>Stile di design: Italia<\/li>\n<li>Luogo di origine: Vietnam<\/li>\n<\/ul>\n<\/div>\n<div class=\"col-xl-4 col-lg-4 col-md-4 col-sm-12 col-12 mb-4\">\n<h2><span style=\"vertical-align: inherit;\"><span style=\"vertical-align: inherit;\">DIMENSIONE<\/span><\/span><\/h2>\n<ul>\n<li>Altezza: 81,2 cm<\/li>\n<li>Larghezza: 44,4 cm<\/li>\n<li>Profondit\u00e0: 58,6 cm<\/li>\n<li>Altezza del sedile: 45cm<\/li>\n<li>Peso: 3,85 kg<\/li>\n<li>Confezione: 4pz\/ctn<\/li>\n<\/ul>\n<\/div>\n<div class=\"col-xl-4 col-lg-4 col-md-4 col-sm-12 col-12 mb-4\">\n<h2><span style=\"vertical-align: inherit;\"><span style=\"vertical-align: inherit;\">SPAZIO UTILIZZABILE<\/span><\/span><\/h2>\n<ul>\n<li>Caffetteria<\/li>\n<li>Ristorante<\/li>\n<li>Sala da pranzo<\/li>\n<li>Ufficio&#8230;.<\/li>\n<\/ul>\n<\/div>\n<\/div>\n","protected":false},"excerpt":{"rendered":"<p>La poltrona Venus 3060, un capolavoro di tecnologia moderna, ha conquistato gli utenti con il suo perfetto mix di design e funzionalit\u00e0. Con il suo design moderno e lussuoso, la sedia Venus 3060 non \u00e8 solo un pezzo di arredamento, ma anche un&#8217;icona di comfort e comodit\u00e0.<\/p>\n<p>Una delle caratteristiche principali della sedia Venus 3060 \u00e8 il suo pregiato materiale interamente in plastica, che garantisce durata e leggerezza e allo stesso tempo facilit\u00e0 di pulizia e manutenzione. Grazie all&#8217;eccellente capacit\u00e0 di carico e alla resistenza alla pressione, la sedia non \u00e8 solo la scelta ideale per lo spazio di lavoro, ma \u00e8 anche adatta all&#8217;uso in spazi artistici e di intrattenimento.<\/p>\n<p>La sedia \u00e8 progettata con linee morbide e gambe eleganti, che creano un&#8217;estetica squisita e moderna. Questo non solo permette alla sedia di integrarsi perfettamente in qualsiasi spazio interno, ma offre anche comfort e spaziosit\u00e0 all&#8217;utente.<\/p>\n<p>Grazie alle sue caratteristiche eccezionali e al design sofisticato, la sedia Venus 3060 non \u00e8 solo la scelta ideale per i professionisti, ma anche un accento perfetto per il vostro spazio vitale.<\/p>\n","protected":false},"featured_media":22497,"comment_status":"open","ping_status":"closed","template":"","meta":[],"product_cat":[2022],"product_tag":[1249,1628,1257,1501],"class_list":{"0":"post-23170","1":"product","2":"type-product","3":"status-publish","4":"has-post-thumbnail","6":"product_brand-venus-it","7":"product_cat-venus-it","8":"product_tag-sedia-da-caffe","9":"product_tag-sedia-da-pranzo","10":"product_tag-sedia-da-ristorante","11":"product_tag-sedia-da-salotto","14":"first","15":"instock","16":"shipping-taxable","17":"product-type-simple"},"_links":{"self":[{"href":"https:\/\/harmoor.com\/it\/wp-json\/wp\/v2\/product\/23170","targetHints":{"allow":["GET"]}}],"collection":[{"href":"https:\/\/harmoor.com\/it\/wp-json\/wp\/v2\/product"}],"about":[{"href":"https:\/\/harmoor.com\/it\/wp-json\/wp\/v2\/types\/product"}],"replies":[{"embeddable":true,"href":"https:\/\/harmoor.com\/it\/wp-json\/wp\/v2\/comments?post=23170"}],"version-history":[{"count":3,"href":"https:\/\/harmoor.com\/it\/wp-json\/wp\/v2\/product\/23170\/revisions"}],"predecessor-version":[{"id":23185,"href":"https:\/\/harmoor.com\/it\/wp-json\/wp\/v2\/product\/23170\/revisions\/23185"}],"wp:featuredmedia":[{"embeddable":true,"href":"https:\/\/harmoor.com\/it\/wp-json\/wp\/v2\/media\/22497"}],"wp:attachment":[{"href":"https:\/\/harmoor.com\/it\/wp-json\/wp\/v2\/media?parent=23170"}],"wp:term":[{"taxonomy":"product_cat","embeddable":true,"href":"https:\/\/harmoor.com\/it\/wp-json\/wp\/v2\/product_cat?post=23170"},{"taxonomy":"product_tag","embeddable":true,"href":"https:\/\/harmoor.com\/it\/wp-json\/wp\/v2\/product_tag?post=23170"}],"curies":[{"name":"wp","href":"https:\/\/api.w.org\/{rel}","templated":true}]}}