{"id":20115,"date":"2023-03-22T12:03:06","date_gmt":"2023-03-22T04:03:06","guid":{"rendered":"https:\/\/harmoor.com\/product\/lido-3029\/"},"modified":"2024-05-10T16:29:02","modified_gmt":"2024-05-10T08:29:02","slug":"sedia-lido-3029","status":"publish","type":"product","link":"https:\/\/harmoor.com\/it\/product\/sedia-lido-3029\/","title":{"rendered":"Niagara 3029"},"content":{"rendered":"<div class=\"row\">\n<div class=\"col-xl-5 col-lg-5 col-md-6 col-sm-12 col-12\"><img fetchpriority=\"high\" decoding=\"async\" class=\"alignnone size-full wp-image-12104\" src=\"https:\/\/harmoor.com\/wp-content\/uploads\/2023\/03\/chair-lido-3039.webp\" alt=\"sedia lido 3029\" width=\"458\" height=\"315\"><\/div>\n<div class=\"col-xl-7 col-lg-7 col-md-6 col-sm-12 col-12\">\n<h2><span style=\"vertical-align: inherit;\"><span style=\"vertical-align: inherit;\">MARCHIO<\/span><\/span><\/h2>\n<p>Con una ricca storia aziendale che risale al 1998, Harmoor ha iniziato come una piccola fabbrica di mobili. Abbiamo aperto la nostra fabbrica in Vietnam nel 2018 e siamo diventati una delle pi\u00f9 grandi fabbriche di mobili in plastica in Vietnam. Attualmente, Harmoor \u00e8 un produttore e fornitore di mobili per tavoli e sedie con molti modelli leader in Vietnam e nel mondo.<\/p>\n<p><img decoding=\"async\" class=\"mt-4\" src=\"https:\/\/harmoor.com\/wp-content\/uploads\/2023\/07\/single-product.webp\" alt=\"singolo-prodotto\" width=\"190\" height=\"30\"><\/p>\n<\/div>\n<\/div>\n<div class=\"row\">\n<div class=\"col-xl-4 col-lg-4 col-md-4 col-sm-12 col-12 mb-4\">\n<h2><span style=\"vertical-align: inherit;\"><span style=\"vertical-align: inherit;\">INFORMAZIONI SUL PRODOTTO<\/span><\/span><\/h2>\n<ul>\n<li>Nome del prodotto: Sedia Niagara 3029<\/li>\n<li>Sedile e schienale: PP<\/li>\n<li>Stile di design: Italia<\/li>\n<li>Luogo di origine: Vietnam<\/li>\n<\/ul>\n<\/div>\n<div class=\"col-xl-4 col-lg-4 col-md-4 col-sm-12 col-12 mb-4\">\n<h2><span style=\"vertical-align: inherit;\"><span style=\"vertical-align: inherit;\">DIMENSIONE<\/span><\/span><\/h2>\n<ul>\n<li>Larghezza: 40cm<\/li>\n<li>Altezza del sedile: 44cm<\/li>\n<li>Altezza: 66 cm<\/li>\n<li>Profondit\u00e0: 45cm<\/li>\n<\/ul>\n<\/div>\n<div class=\"col-xl-4 col-lg-4 col-md-4 col-sm-12 col-12 mb-4\">\n<h2><span style=\"vertical-align: inherit;\"><span style=\"vertical-align: inherit;\">SPAZIO UTILIZZABILE<\/span><\/span><\/h2>\n<ul>\n<li>Caffetteria<\/li>\n<li>Ristorante<\/li>\n<li>Garden<\/li>\n<li>Bar<\/li>\n<\/ul>\n<\/div>\n<\/div>\n","protected":false},"excerpt":{"rendered":"<p>La sedia Niagara 3029 \u00e8 progettata con uno stile giovane e moderno, quindi si adatta a molti spazi di layout diversi. La sedia \u00e8 realizzata in plastica PP stampata di alta qualit\u00e0 per garantire un&#8217;elevata durata e sicurezza agli occupanti. Inoltre, il sedile \u00e8 progettato con curve morbide e fori di ventilazione per aiutare le persone a sedersi comodamente per lunghi periodi di tempo. In particolare, la sedia \u00e8 progettata in modo molto intelligente, le gambe della sedia possono essere smontate in modo che quando si rimuove la sedia con un&#8217;altezza di 45 cm, si pu\u00f2 sedere con un tavolo da pranzo e un tavolino alto 75 cm. Quando si fissano le gambe della barra, la sedia con un&#8217;altezza di 75 cm pu\u00f2 essere appoggiata sulla barra. Pertanto, questo prodotto pu\u00f2 essere considerato una sedia intelligente 2 in 1 che contribuisce ad aumentare la versatilit\u00e0 e la convenienza del prodotto.<\/p>\n","protected":false},"featured_media":18246,"comment_status":"open","ping_status":"closed","template":"","meta":[],"product_cat":[2124],"product_tag":[1250,1249,1590,1591,1257],"class_list":{"0":"post-20115","1":"product","2":"type-product","3":"status-publish","4":"has-post-thumbnail","6":"product_brand-niagara-it","7":"product_cat-niagara-it","8":"product_tag-sedia-da-bar","9":"product_tag-sedia-da-caffe","10":"product_tag-sedia-da-esterno","11":"product_tag-sedia-da-giardino","12":"product_tag-sedia-da-ristorante","15":"first","16":"instock","17":"shipping-taxable","18":"product-type-simple"},"_links":{"self":[{"href":"https:\/\/harmoor.com\/it\/wp-json\/wp\/v2\/product\/20115","targetHints":{"allow":["GET"]}}],"collection":[{"href":"https:\/\/harmoor.com\/it\/wp-json\/wp\/v2\/product"}],"about":[{"href":"https:\/\/harmoor.com\/it\/wp-json\/wp\/v2\/types\/product"}],"replies":[{"embeddable":true,"href":"https:\/\/harmoor.com\/it\/wp-json\/wp\/v2\/comments?post=20115"}],"version-history":[{"count":1,"href":"https:\/\/harmoor.com\/it\/wp-json\/wp\/v2\/product\/20115\/revisions"}],"predecessor-version":[{"id":23605,"href":"https:\/\/harmoor.com\/it\/wp-json\/wp\/v2\/product\/20115\/revisions\/23605"}],"wp:featuredmedia":[{"embeddable":true,"href":"https:\/\/harmoor.com\/it\/wp-json\/wp\/v2\/media\/18246"}],"wp:attachment":[{"href":"https:\/\/harmoor.com\/it\/wp-json\/wp\/v2\/media?parent=20115"}],"wp:term":[{"taxonomy":"product_cat","embeddable":true,"href":"https:\/\/harmoor.com\/it\/wp-json\/wp\/v2\/product_cat?post=20115"},{"taxonomy":"product_tag","embeddable":true,"href":"https:\/\/harmoor.com\/it\/wp-json\/wp\/v2\/product_tag?post=20115"}],"curies":[{"name":"wp","href":"https:\/\/api.w.org\/{rel}","templated":true}]}}