{"id":19813,"date":"2022-04-26T15:41:22","date_gmt":"2022-04-26T07:41:22","guid":{"rendered":"https:\/\/harmoor.com\/product\/gaia-61\/"},"modified":"2023-11-22T14:11:54","modified_gmt":"2023-11-22T06:11:54","slug":"gaia-61","status":"publish","type":"product","link":"https:\/\/harmoor.com\/it\/product\/gaia-61\/","title":{"rendered":"gaia 61"},"content":{"rendered":"<div class=\"row\">\n<div class=\"col-xl-5 col-lg-5 col-md-6 col-sm-12 col-12\"><img fetchpriority=\"high\" decoding=\"async\" class=\"alignnone size-full wp-image-12104\" src=\"https:\/\/harmoor.com\/wp-content\/uploads\/2023\/06\/Chair-Gaia.webp\" alt=\"sedia gaia 61\" width=\"458\" height=\"315\" \/><\/div>\n<div class=\"col-xl-7 col-lg-7 col-md-6 col-sm-12 col-12\">\n<h2><span style=\"vertical-align: inherit;\"><span style=\"vertical-align: inherit;\">MARCHIO<\/span><\/span><\/h2>\n<p>Con una ricca storia aziendale che risale al 1998, Harmoor ha iniziato come una piccola fabbrica di mobili. Abbiamo aperto la nostra fabbrica in Vietnam nel 2018 e siamo diventati una delle pi\u00f9 grandi fabbriche di mobili in plastica in Vietnam. Attualmente, Harmoor \u00e8 un produttore e fornitore di mobili per tavoli e sedie con molti modelli leader in Vietnam e nel mondo.<\/p>\n<p><img decoding=\"async\" class=\"mt-4\" src=\"https:\/\/harmoor.com\/wp-content\/uploads\/2023\/07\/single-product.webp\" alt=\"singolo-prodotto\" width=\"190\" height=\"30\" \/><\/div>\n<\/div>\n<div class=\"row\">\n<div class=\"col-xl-4 col-lg-4 col-md-4 col-sm-12 col-12 mb-4\">\n<h2><span style=\"vertical-align: inherit;\"><span style=\"vertical-align: inherit;\">INFORMAZIONI SUL PRODOTTO<\/span><\/span><\/h2>\n<ul>\n<li>Nome del prodotto: Sedia Gaia 61<\/li>\n<li>Materiale: PP integrale<\/li>\n<li>Stile di design: Italia<\/li>\n<li>Luogo di origine: Vietnam<\/li>\n<\/ul>\n<\/div>\n<div class=\"col-xl-4 col-lg-4 col-md-4 col-sm-12 col-12 mb-4\">\n<h2><span style=\"vertical-align: inherit;\"><span style=\"vertical-align: inherit;\">DIMENSIONE<\/span><\/span><\/h2>\n<ul>\n<li>Altezza: 80cm<\/li>\n<li>Larghezza: 46 cm<\/li>\n<li>Profondit\u00e0: 46cm<\/li>\n<li>Altezza del sedile: 45cm<\/li>\n<li>Peso: 5,0Kg<\/li>\n<\/ul>\n<\/div>\n<div class=\"col-xl-4 col-lg-4 col-md-4 col-sm-12 col-12 mb-4\">\n<h2><span style=\"vertical-align: inherit;\"><span style=\"vertical-align: inherit;\">SPAZIO UTILIZZABILE<\/span><\/span><\/h2>\n<ul>\n<li>Caffetteria<\/li>\n<li>Ristorante<\/li>\n<li>Sala da pranzo<\/li>\n<li>&#8230;.<\/li>\n<\/ul>\n<\/div>\n<\/div>\n","protected":false},"excerpt":{"rendered":"<p>Provate il massimo del comfort e dello stile con la sedia Gaia 61! Questa sedia \u00e8 progettata con un perfetto equilibrio tra funzionalit\u00e0 ed estetica, che la rende una scelta ideale per qualsiasi spazio. La sedia Gaia 61 \u00e8 caratterizzata da un design ergonomico che offre un sostegno e un comfort eccellenti. Il sedile e lo schienale sagomati offrono una postura ottimale, consentendo di rimanere seduti per lunghi periodi senza fastidi. Sia che si lavori, si pranzi o semplicemente ci si rilassi, questa sedia assicura una piacevole esperienza di seduta. Con il suo design elegante e moderno, la sedia Gaia 61 si integra perfettamente in qualsiasi spazio. Che si tratti di una zona pranzo, di un ufficio o di un patio all&#8217;aperto, questa sedia aggiunge un tocco di raffinatezza ed eleganza. Scegliete tra una gamma di colori vivaci per abbinarli all&#8217;arredamento esistente o per creare un pezzo forte che si faccia notare.<\/p>\n","protected":false},"featured_media":19643,"comment_status":"open","ping_status":"closed","template":"","meta":[],"product_cat":[1648],"product_tag":[1249,1499],"class_list":{"0":"post-19813","1":"product","2":"type-product","3":"status-publish","4":"has-post-thumbnail","6":"product_brand-gaia-it","7":"product_cat-gaia-it","8":"product_tag-sedia-da-caffe","9":"product_tag-sedia-per-sala-da-pranzo","12":"first","13":"instock","14":"shipping-taxable","15":"product-type-simple"},"_links":{"self":[{"href":"https:\/\/harmoor.com\/it\/wp-json\/wp\/v2\/product\/19813","targetHints":{"allow":["GET"]}}],"collection":[{"href":"https:\/\/harmoor.com\/it\/wp-json\/wp\/v2\/product"}],"about":[{"href":"https:\/\/harmoor.com\/it\/wp-json\/wp\/v2\/types\/product"}],"replies":[{"embeddable":true,"href":"https:\/\/harmoor.com\/it\/wp-json\/wp\/v2\/comments?post=19813"}],"version-history":[{"count":0,"href":"https:\/\/harmoor.com\/it\/wp-json\/wp\/v2\/product\/19813\/revisions"}],"wp:featuredmedia":[{"embeddable":true,"href":"https:\/\/harmoor.com\/it\/wp-json\/wp\/v2\/media\/19643"}],"wp:attachment":[{"href":"https:\/\/harmoor.com\/it\/wp-json\/wp\/v2\/media?parent=19813"}],"wp:term":[{"taxonomy":"product_cat","embeddable":true,"href":"https:\/\/harmoor.com\/it\/wp-json\/wp\/v2\/product_cat?post=19813"},{"taxonomy":"product_tag","embeddable":true,"href":"https:\/\/harmoor.com\/it\/wp-json\/wp\/v2\/product_tag?post=19813"}],"curies":[{"name":"wp","href":"https:\/\/api.w.org\/{rel}","templated":true}]}}