{"id":19370,"date":"2022-04-26T15:41:23","date_gmt":"2022-04-26T07:41:23","guid":{"rendered":"https:\/\/harmoor.com\/product\/gaia-31\/"},"modified":"2024-07-14T18:07:21","modified_gmt":"2024-07-14T10:07:21","slug":"gaia-31","status":"publish","type":"product","link":"https:\/\/harmoor.com\/it\/product\/gaia-31\/","title":{"rendered":"gaia 31"},"content":{"rendered":"<div class=\"row\">\n<div class=\"col-xl-5 col-lg-5 col-md-6 col-sm-12 col-12\"><img fetchpriority=\"high\" decoding=\"async\" class=\"alignnone size-full wp-image-12104\" src=\"https:\/\/harmoor.com\/wp-content\/uploads\/2022\/04\/chair-gaia-31-4.webp\" alt=\"sedia gaia 31\" width=\"458\" height=\"315\"><\/div>\n<div class=\"col-xl-7 col-lg-7 col-md-6 col-sm-12 col-12\">\n<h2><span style=\"vertical-align: inherit;\"><span style=\"vertical-align: inherit;\">MARCHIO<\/span><\/span><\/h2>\n<p>Con una ricca storia aziendale che risale al 1998, Harmoor ha iniziato come una piccola fabbrica di mobili. Abbiamo aperto la nostra fabbrica in Vietnam nel 2018 e siamo diventati una delle pi\u00f9 grandi fabbriche di mobili in plastica in Vietnam. Attualmente, Harmoor \u00e8 un produttore e fornitore di mobili per tavoli e sedie con molti modelli leader in Vietnam e nel mondo.<\/p>\n<p><img decoding=\"async\" class=\"mt-4\" src=\"https:\/\/harmoor.com\/wp-content\/uploads\/2023\/07\/single-product.webp\" alt=\"singolo-prodotto\" width=\"190\" height=\"30\"><\/div>\n<\/div>\n<div class=\"row\">\n<div class=\"col-xl-4 col-lg-4 col-md-4 col-sm-12 col-12 mb-4\">\n<h2><span style=\"vertical-align: inherit;\"><span style=\"vertical-align: inherit;\">INFORMAZIONI SUL PRODOTTO<\/span><\/span><\/h2>\n<ul>\n<li>Nome del prodotto: Sedia Gaia 31<\/li>\n<li>Sedile e schienale: PP<\/li>\n<li>Telaio: Acciaio verniciato a polvere<\/li>\n<li>Stile di design: Italia<\/li>\n<li>Luogo di origine: Vietnam<\/li>\n<\/ul>\n<\/div>\n<div class=\"col-xl-4 col-lg-4 col-md-4 col-sm-12 col-12 mb-4\">\n<h2><span style=\"vertical-align: inherit;\"><span style=\"vertical-align: inherit;\">DIMENSIONE<\/span><\/span><\/h2>\n<ul>\n<li>Altezza: 80cm<\/li>\n<li>Larghezza: 46 cm<\/li>\n<li>Profondit\u00e0: 46cm<\/li>\n<li>Altezza del sedile: 45cm<\/li>\n<li>Peso: 4,0Kg<\/li>\n<\/ul>\n<\/div>\n<div class=\"col-xl-4 col-lg-4 col-md-4 col-sm-12 col-12 mb-4\">\n<h2><span style=\"vertical-align: inherit;\"><span style=\"vertical-align: inherit;\">SPAZIO UTILIZZABILE<\/span><\/span><\/h2>\n<ul>\n<li>Caffetteria<\/li>\n<li>Ristorante<\/li>\n<li>Sala da pranzo<\/li>\n<li>&#8230;.<\/li>\n<\/ul>\n<\/div>\n<\/div>\n","protected":false},"excerpt":{"rendered":"<p>La sedia Gaia 31 \u00e8 un prodotto di qualit\u00e0 superiore, con un design elegante e materiali di alta qualit\u00e0. Dotata di sedile e schienale in plastica, la sedia Gaia 31 offre un eccellente comfort e sostegno. Le gambe della sedia sono realizzate in resistente acciaio verniciato a polvere, per garantire durata e stabilit\u00e0. La struttura in acciaio aggiunge resistenza e affidabilit\u00e0 alla sedia Gaia 31, rendendola adatta all&#8217;uso quotidiano. La poltrona Gaia 31 non solo offre comfort, ma vanta anche un design moderno ed estetico. La combinazione di plastica e acciaio verniciato a polvere crea un look unico ed elegante per qualsiasi spazio abitativo.<\/p>\n","protected":false},"featured_media":18672,"comment_status":"open","ping_status":"closed","template":"","meta":[],"product_cat":[1648],"product_tag":[1249,1257,1499],"class_list":{"0":"post-19370","1":"product","2":"type-product","3":"status-publish","4":"has-post-thumbnail","6":"product_brand-gaia-it","7":"product_cat-gaia-it","8":"product_tag-sedia-da-caffe","9":"product_tag-sedia-da-ristorante","10":"product_tag-sedia-per-sala-da-pranzo","13":"first","14":"instock","15":"shipping-taxable","16":"product-type-simple"},"_links":{"self":[{"href":"https:\/\/harmoor.com\/it\/wp-json\/wp\/v2\/product\/19370","targetHints":{"allow":["GET"]}}],"collection":[{"href":"https:\/\/harmoor.com\/it\/wp-json\/wp\/v2\/product"}],"about":[{"href":"https:\/\/harmoor.com\/it\/wp-json\/wp\/v2\/types\/product"}],"replies":[{"embeddable":true,"href":"https:\/\/harmoor.com\/it\/wp-json\/wp\/v2\/comments?post=19370"}],"version-history":[{"count":0,"href":"https:\/\/harmoor.com\/it\/wp-json\/wp\/v2\/product\/19370\/revisions"}],"wp:featuredmedia":[{"embeddable":true,"href":"https:\/\/harmoor.com\/it\/wp-json\/wp\/v2\/media\/18672"}],"wp:attachment":[{"href":"https:\/\/harmoor.com\/it\/wp-json\/wp\/v2\/media?parent=19370"}],"wp:term":[{"taxonomy":"product_cat","embeddable":true,"href":"https:\/\/harmoor.com\/it\/wp-json\/wp\/v2\/product_cat?post=19370"},{"taxonomy":"product_tag","embeddable":true,"href":"https:\/\/harmoor.com\/it\/wp-json\/wp\/v2\/product_tag?post=19370"}],"curies":[{"name":"wp","href":"https:\/\/api.w.org\/{rel}","templated":true}]}}