{"id":18119,"date":"2023-04-21T11:05:39","date_gmt":"2023-04-21T03:05:39","guid":{"rendered":"https:\/\/harmoor.com\/product\/calipso-3033a\/"},"modified":"2024-04-09T18:07:27","modified_gmt":"2024-04-09T10:07:27","slug":"sedia-calipso-3033a-2","status":"publish","type":"product","link":"https:\/\/harmoor.com\/it\/product\/sedia-calipso-3033a-2\/","title":{"rendered":"calipso 3033a"},"content":{"rendered":"<div class=\"row\">\n<div class=\"col-xl-5 col-lg-5 col-md-6 col-sm-12 col-12\"><img fetchpriority=\"high\" decoding=\"async\" class=\"alignnone size-full wp-image-12104\" src=\"https:\/\/harmoor.com\/wp-content\/uploads\/2023\/04\/Chair-Calipso-3032B-5.webp\" alt=\"sedia calipso 3033a\" width=\"458\" height=\"315\"><\/div>\n<div class=\"col-xl-7 col-lg-7 col-md-6 col-sm-12 col-12\">\n<h2><span style=\"vertical-align: inherit;\"><span style=\"vertical-align: inherit;\">MARCHIO<\/span><\/span><\/h2>\n<p>Con una ricca storia aziendale che risale al 1998, Harmoor ha iniziato come una piccola fabbrica di mobili. Abbiamo aperto la nostra fabbrica in Vietnam nel 2018 e siamo diventati una delle pi\u00f9 grandi fabbriche di mobili in plastica in Vietnam. Attualmente, Harmoor \u00e8 un produttore e fornitore di mobili per tavoli e sedie con molti modelli leader in Vietnam e nel mondo.<\/p>\n<p><img decoding=\"async\" class=\"mt-4\" src=\"https:\/\/harmoor.com\/wp-content\/uploads\/2023\/07\/single-product.webp\" alt=\"singolo-prodotto\" width=\"190\" height=\"30\"><\/div>\n<\/div>\n<div class=\"row\">\n<div class=\"col-xl-4 col-lg-4 col-md-4 col-sm-12 col-12 mb-4\">\n<h2><span style=\"vertical-align: inherit;\"><span style=\"vertical-align: inherit;\">INFORMAZIONI SUL PRODOTTO<\/span><\/span><\/h2>\n<ul>\n<li>Nome del prodotto: Sedia Calipso 3033A<\/li>\n<li>Materiale: Struttura in acciaio + plastica PP<\/li>\n<li>Stile di design: Italia<\/li>\n<li>Luogo di origine: Vietnam<\/li>\n<\/ul>\n<\/div>\n<div class=\"col-xl-4 col-lg-4 col-md-4 col-sm-12 col-12 mb-4\">\n<h2><span style=\"vertical-align: inherit;\"><span style=\"vertical-align: inherit;\">DIMENSIONE<\/span><\/span><\/h2>\n<ul>\n<li>Altezza: 78cm<\/li>\n<li>Altezza del sedile: 44cm<\/li>\n<li>Profondit\u00e0: 49cm<\/li>\n<li>Larghezza: 49cm<\/li>\n<\/ul>\n<\/div>\n<div class=\"col-xl-4 col-lg-4 col-md-4 col-sm-12 col-12 mb-4\">\n<h2><span style=\"vertical-align: inherit;\"><span style=\"vertical-align: inherit;\">SPAZIO UTILIZZABILE<\/span><\/span><\/h2>\n<ul>\n<li>Caffetteria<\/li>\n<li>Ristorante<\/li>\n<li>Sala da pranzo<\/li>\n<li>Ufficio&#8230;.<\/li>\n<\/ul>\n<\/div>\n<\/div>\n","protected":false},"excerpt":{"rendered":"<p>La sedia Calipso 3033A, dal design semplice e dalle dimensioni adeguate, sar\u00e0 una soluzione confortevole per spazi non troppo ampi. Con un design semplice e un colore armonioso, questa nuova sedia in plastica stampata di alta classe sar\u00e0 una scelta adatta a molti proprietari di casa per creare uno spazio sofisticato, lussuoso ed estremamente di classe. La sedia Calipso 3033A \u00e8 un prodotto progettato con un design unico combinato con linee delicate per creare uno spazio eccezionale ed estremamente attraente. Ma se questo prodotto \u00e8 adatto o meno dipende dalle dimensioni. Questa sedia in plastica di alta qualit\u00e0 far\u00e0 sentire i clienti a proprio agio mentre si gustano un caff\u00e8 o chiacchierano con gli amici pi\u00f9 cari, come a casa.<\/p>\n","protected":false},"featured_media":18087,"comment_status":"open","ping_status":"closed","template":"","meta":[],"product_cat":[1248],"product_tag":[1249,1257,1500,1499],"class_list":{"0":"post-18119","1":"product","2":"type-product","3":"status-publish","4":"has-post-thumbnail","6":"product_brand-calipso-it","7":"product_cat-calipso-it","8":"product_tag-sedia-da-caffe","9":"product_tag-sedia-da-ristorante","10":"product_tag-sedia-da-ufficio","11":"product_tag-sedia-per-sala-da-pranzo","14":"first","15":"instock","16":"shipping-taxable","17":"product-type-simple"},"_links":{"self":[{"href":"https:\/\/harmoor.com\/it\/wp-json\/wp\/v2\/product\/18119","targetHints":{"allow":["GET"]}}],"collection":[{"href":"https:\/\/harmoor.com\/it\/wp-json\/wp\/v2\/product"}],"about":[{"href":"https:\/\/harmoor.com\/it\/wp-json\/wp\/v2\/types\/product"}],"replies":[{"embeddable":true,"href":"https:\/\/harmoor.com\/it\/wp-json\/wp\/v2\/comments?post=18119"}],"version-history":[{"count":0,"href":"https:\/\/harmoor.com\/it\/wp-json\/wp\/v2\/product\/18119\/revisions"}],"wp:featuredmedia":[{"embeddable":true,"href":"https:\/\/harmoor.com\/it\/wp-json\/wp\/v2\/media\/18087"}],"wp:attachment":[{"href":"https:\/\/harmoor.com\/it\/wp-json\/wp\/v2\/media?parent=18119"}],"wp:term":[{"taxonomy":"product_cat","embeddable":true,"href":"https:\/\/harmoor.com\/it\/wp-json\/wp\/v2\/product_cat?post=18119"},{"taxonomy":"product_tag","embeddable":true,"href":"https:\/\/harmoor.com\/it\/wp-json\/wp\/v2\/product_tag?post=18119"}],"curies":[{"name":"wp","href":"https:\/\/api.w.org\/{rel}","templated":true}]}}