{"id":19871,"date":"2023-07-19T11:04:43","date_gmt":"2023-07-19T03:04:43","guid":{"rendered":"https:\/\/harmoor.com\/informativa-sulla-privacy\/"},"modified":"2023-07-28T12:11:13","modified_gmt":"2023-07-28T04:11:13","slug":"informativa-sulla-privacy","status":"publish","type":"page","link":"https:\/\/harmoor.com\/it\/informativa-sulla-privacy\/","title":{"rendered":"Informativa sulla privacy"},"content":{"rendered":"\t\t<div data-elementor-type=\"wp-page\" data-elementor-id=\"19871\" class=\"elementor elementor-19871 elementor-18799\">\n\t\t\t\t\t\t<section class=\"elementor-section elementor-top-section elementor-element elementor-element-b7c25f6 elementor-section-boxed elementor-section-height-default elementor-section-height-default\" data-id=\"b7c25f6\" data-element_type=\"section\">\n\t\t\t\t\t\t<div class=\"elementor-container elementor-column-gap-default\">\n\t\t\t\t\t<div class=\"elementor-column elementor-col-100 elementor-top-column elementor-element elementor-element-92faee6\" data-id=\"92faee6\" data-element_type=\"column\">\n\t\t\t<div class=\"elementor-widget-wrap elementor-element-populated\">\n\t\t\t\t\t\t<div class=\"elementor-element elementor-element-c1d2de4 elementor-widget elementor-widget-heading\" data-id=\"c1d2de4\" data-element_type=\"widget\" data-widget_type=\"heading.default\">\n\t\t\t\t<div class=\"elementor-widget-container\">\n\t\t\t\t\t<h2 class=\"elementor-heading-title elementor-size-default\">informativa sulla privacy<\/h2>\t\t\t\t<\/div>\n\t\t\t\t<\/div>\n\t\t\t\t\t<\/div>\n\t\t<\/div>\n\t\t\t\t\t<\/div>\n\t\t<\/section>\n\t\t\t\t<section class=\"elementor-section elementor-top-section elementor-element elementor-element-56f6f3f elementor-section-boxed elementor-section-height-default elementor-section-height-default\" data-id=\"56f6f3f\" data-element_type=\"section\">\n\t\t\t\t\t\t<div class=\"elementor-container elementor-column-gap-default\">\n\t\t\t\t\t<div class=\"elementor-column elementor-col-100 elementor-top-column elementor-element elementor-element-5594829\" data-id=\"5594829\" data-element_type=\"column\">\n\t\t\t<div class=\"elementor-widget-wrap elementor-element-populated\">\n\t\t\t\t\t\t<div class=\"elementor-element elementor-element-f98aead elementor-widget elementor-widget-text-editor\" data-id=\"f98aead\" data-element_type=\"widget\" data-widget_type=\"text-editor.default\">\n\t\t\t\t<div class=\"elementor-widget-container\">\n\t\t\t\t\t\t\t\t\t<p> <\/p>\n<p>ai sensi del decreto legislativo <strong>13\/2023\/N\u0110-CP<\/strong> (personal data protection code) (Codice in materia di protezione dei dati personali) e del regolamento relativo alla protezione delle persone fisiche con riguardo al trattamento dei dati personali, nonch\u00e9 alla libera circolazione di tali dati e successive modifiche.<\/p>\n<p> <\/p>\n<p>la societ\u00e0 harmoor vietnam con sede legale in Lot F1 e F2, Nam Dong Phu Industrial Park, Tan Lap Commune, Dong Phu District, Binh Phuoc Province, Vietnam, partita iva 3801169243, telefono +84898799991, email info@harmoor.com, in qualit\u00e0 di titolare del trattamento, informa che la presente privacy policy ha lo scopo di descrivere le modalit\u00e0 di gestione di questo sito, in riferimento al trattamento dei dati personali degli utenti\/visitatori del sito e di coloro che forniscono dati personali in occasione dell&#8217;invio di candidature spontanee e di curriculum vitae (questi ultimi finalizzati alla gestione della procedura di selezione del personale).<\/p>\n<p> <\/p>\n<p>i Suoi dati saranno trattati a norma di legge, secondo i principi di necessit\u00e0, correttezza, liceit\u00e0 e trasparenza, tutela della Sua riservatezza e dei Suoi diritti, limitazione delle finalit\u00e0 del trattamento e della conservazione, minimizzazione dei dati, esattezza e qualit\u00e0 dei dati, integrit\u00e0 e sicurezza dei dati. la presente informativa sulla privacy non si applica ad altri siti internet &#8211; non appartenenti al titolare del trattamento &#8211; ai quali si accede tramite link, banner o altri collegamenti eventualmente presenti sul nostro sito. Tuttavia, gli interessati sono responsabili della sicurezza del proprio account e non devono condividere con terzi le credenziali di accesso o altre informazioni relative al proprio account. i trattamenti connessi ai servizi web di questo sito hanno luogo prevalentemente presso la predetta sede operativa e sono curati da incaricati del trattamento.<\/p>\n<p> <\/p>\n<p>il titolare del trattamento, tenuto conto delle esigenze organizzative, pu\u00f2 nominare responsabili del trattamento ai sensi della 13\/2023\/N\u0110-CP, per mettere in atto misure tecniche e organizzative adeguate a garantire il rispetto dei requisiti di legge e la tutela dei diritti dell&#8217;interessato. i responsabili del trattamento saranno inoltre tenuti a mantenere la riservatezza in merito all&#8217;adempimento dei rispettivi compiti e potranno avvalersi di incaricati del trattamento specificamente individuati. il responsabile della protezione dei dati personali pu\u00f2 essere contattato all&#8217;indirizzo marketing@harmoor.com.<\/p>\n<p> <\/p>\n<p><strong>tipo e origine dei dati personali raccolti<\/strong><\/p>\n<p> <\/p>\n<p>vi potrebbe essere chiesto di fornire i vostri dati personali ogni volta che contattate il titolare del trattamento per identificarvi o contattarvi. questi dati possono anche essere combinati con altri dati per fornire e migliorare prodotti, servizi, contenuti e materiali pubblicitari. salvo i casi previsti dalla legge, il titolare del trattamento non raccoglie dati personali che rivelino l&#8217;origine razziale o etnica, le opinioni politiche, le convinzioni religiose o filosofiche, o l&#8217;appartenenza sindacale, nonch\u00e9 dati genetici, dati biometrici intesi a identificare in modo univoco una persona fisica, dati relativi alla salute o alla vita sessuale o all&#8217;orientamento sessuale della persona. il titolare del trattamento non raccoglie dati personali relativi a condanne penali e reati o relative misure di sicurezza. il titolare del trattamento La invita a non fornire i dati suddetti. I minori possono acconsentire al trattamento dei loro dati personali a partire dai 16 anni. il titolare del trattamento non tratter\u00e0 i dati personali dei minori di 16 anni, a meno che i genitori o i tutori non acconsentano alle attivit\u00e0 di raccolta, utilizzo e divulgazione dei dati dei minori da parte del titolare del trattamento. Le confermiamo che non vi \u00e8 alcun obbligo di fornire i dati personali da noi richiesti: qualora decidesse di non fornirli, tuttavia, in molti casi non potr\u00e0 usufruire dei servizi attivati attraverso il sito.<\/p>\n<p> <\/p>\n<p><strong>dati di navigazione<\/strong><\/p>\n<p> <\/p>\n<p>i sistemi informatici e le procedure software preposte al funzionamento di questo sito acquisiscono, nel corso del loro normale esercizio, alcuni dati personali che vengono poi trasmessi implicitamente nell&#8217;uso dei protocolli di comunicazione internet. si tratta di informazioni che non sono raccolte per essere associate a interessati identificati, ma che per loro stessa natura potrebbero, attraverso elaborazioni ed associazioni con dati detenuti da terzi, permettere di identificare gli utenti. in questa categoria di dati rientrano gli indirizzi ip o i nomi a dominio dei computer utilizzati dagli utenti che si connettono al sito, gli indirizzi in notazione uri (uniform resource identifier) delle risorse richieste, l&#8217;orario della richiesta, il metodo utilizzato nel sottoporre la richiesta al server, la dimensione del file ottenuto in risposta, il codice numerico indicante lo stato della risposta data dal server (buon fine, errore, ecc.) e altri parametri relativi al sistema operativo e all&#8217;ambiente informatico dell&#8217;utente.<\/p>\n<p> <\/p>\n<p>dati forniti volontariamente dall&#8217;utente<\/p>\n<p> <\/p>\n<p>il titolare del trattamento raccoglie e tratta i dati forniti volontariamente dall&#8217;interessato a seguito dell&#8217;accesso, della registrazione, della consultazione e\/o dell&#8217;utilizzo del sito web.<\/p>\n<p> <\/p>\n<p><strong>finalit\u00e0 del trattamento<\/strong><\/p>\n<p> <\/p>\n<p>sulla base del Suo consenso libero, esplicito e informato &#8211; o negli altri casi di liceit\u00e0 del trattamento strettamente previsti dalla legge, tra cui 13\/2023\/N\u0110-CP &#8211; il titolare del trattamento La informa che i dati raccolti:<\/p>\n<ul>\n<li>consente di gestire la richiesta di registrazione al sito e al proprio account, nonch\u00e9 la richiesta di partecipazione ad eventi organizzati dal Titolare del trattamento<\/li>\n<li>possono essere utilizzati per verificare la vostra identit\u00e0, facilitare l&#8217;identificazione dell&#8217;utente<\/li>\n<li>possono essere utilizzati per scopi di marketing (newsletter che includono informazioni commerciali e promozionali)<\/li>\n<li>possono essere trattati a fini statistici, in forma anonima e aggregata sull&#8217;utilizzo del sito e per verificarne il corretto funzionamento.<\/li>\n<\/ul>\n<p> <\/p>\n<p><strong>uso dei social media<\/strong><\/p>\n<p> <\/p>\n<p>si ricorda che \u00e8 possibile partecipare alla piattaforma del titolare del trattamento che mette a disposizione i social media proprietari (piattaforma di social media) che sono stati messi a disposizione dell&#8217;utente. l&#8217;obiettivo principale di questo social media \u00e8 quello di facilitare e consentire la condivisione di contenuti. Tuttavia, il titolare del trattamento non pu\u00f2 essere ritenuto responsabile se i dati personali vengono condivisi nei suddetti social media e successivamente utilizzati in modo improprio o inadeguato da terzi.<\/p>\n<p> <\/p>\n<p>modalit\u00e0 di trattamento e protezione dei dati &#8211; i dati personali degli interessati saranno trattati con strumenti cartacei e\/o elettronici, per il tempo necessario a conseguire gli scopi per cui sono stati raccolti e adottando adeguate misure di sicurezza per prevenire la distruzione o la perdita dei dati, eventuali usi non consentiti e accessi non autorizzati, ai sensi dell&#8217;art 13\/2023\/N\u0110-CP<\/p>\n<p> <\/p>\n<p>i Suoi dati non saranno in alcun modo diffusi e potranno essere comunicati solo a soggetti terzi la cui attivit\u00e0 sia necessaria e connessa alle finalit\u00e0 di cui alla presente informativa, quali: autorit\u00e0 amministrative e giudiziarie competenti a richiedere ed ottenere informazioni che La riguardano; autorit\u00e0 pubbliche o enti pubblici; soggetti che svolgono o distribuiscono servizi bancari, finanziari e assicurativi, attivit\u00e0 di archiviazione, assistenza e consulenza, stampa, confezionamento, trasporto e gestione delle comunicazioni con l&#8217;interessato; soggetti che forniscono servizi per la gestione del sistema informativo del titolare del trattamento e delle reti di telecomunicazione; societ\u00e0 appartenenti al titolare del trattamento o che collaborano con esso, anche situate all&#8217;estero in paesi vietnamiti ed extra-vietnamiti o soggetti esterni di fiducia, anche operanti all&#8217;estero e non appartenenti al titolare del trattamento, che svolgono le medesime attivit\u00e0 di natura tecnica e organizzativa, di consulenza, controllo e informazione.<\/p>\n<p> <\/p>\n<p><strong>diritti dell&#8217;interessato<\/strong><\/p>\n<p> <\/p>\n<p>in qualit\u00e0 di interessato al trattamento, potr\u00e0 in qualsiasi momento esercitare i diritti di cui agli articoli 13\/2023\/N\u0110-CP. in particolare, potete chiedere al titolare del trattamento la conferma dell&#8217;esistenza o meno di dati personali che vi riguardano, l&#8217;accesso ai dati personali e la loro rettifica o cancellazione o la limitazione del trattamento che vi riguarda o di opporvi al trattamento, oltre al diritto alla portabilit\u00e0 dei dati e al diritto di proporre reclamo a un&#8217;autorit\u00e0 di controllo. sar\u00e0 possibile ottenere informazioni sulla fonte da cui provengono i dati personali e, se del caso, sulla possibilit\u00e0 che i dati provengano da fonti accessibili al pubblico. inoltre, se il trattamento si basa su un consenso esplicito, l&#8217;interessato avr\u00e0 il diritto di revocare il consenso in qualsiasi momento senza pregiudicare la liceit\u00e0 del trattamento basato sul consenso prestato prima della revoca. le richieste devono essere rivolte al titolare del trattamento, all&#8217;indirizzo e-mail marketing@harmoor.com.<\/p>\n<p> <\/p>\n<p><strong>copyright \u00a9 2018, harmoor furniture tutti i diritti riservati.<\/strong><\/p>\n<p> <\/p>\n<p>tutti i diritti su questo sito sono riservati ai sensi della legge vigente. tutti i diritti sulle banche dati sono riservati. la traduzione totale o parziale, l&#8217;adattamento, l&#8217;elaborazione o la riproduzione con qualsiasi mezzo (compresa la memorizzazione elettronica) di qualsiasi materiale presente in questo sito \u00e8 riservata a tutti i paesi.<\/p>\n<p><br>la riproduzione e la distribuzione totale o parziale di qualsiasi materiale contenuto in questo sito, incluso il framing, i mezzi di riproduzione analoghi e la memorizzazione digitale sono espressamente vietati in assenza di autorizzazione scritta da parte di harmoor furniture, ad eccezione di coloro che ne hanno il diritto.<\/p>\n<p> <\/p>\n<p>il contenuto di questo sito (inclusi, ma non solo, testi, loghi, icone, immagini, grafici, suoni, programmi informatici e database) e il modo in cui i contenuti sono presentati e formattati (layout grafico) sono di propriet\u00e0 esclusiva di harmoor furniture e sono protetti dalle leggi vietnamite e internazionali sulla propriet\u00e0 intellettuale.<\/p>\n<p> <\/p>\n<p>se \u00e8 stato involontariamente pubblicato materiale soggetto a copyright o in violazione della legge, chiediamo agli utenti di comunicarlo a harmoor furniture, che si impegna a rimuovere immediatamente dai propri archivi elettronici il materiale realizzato in violazione delle leggi sulla propriet\u00e0 intellettuale non appena verr\u00e0 a conoscenza della violazione.<\/p>\n<p> <\/p>\n<p><strong>diritti dei marchi e delle propriet\u00e0 intellettuali<\/strong><\/p>\n<p> <\/p>\n<p>www.harmoor.com e i nomi di prodotti, servizi, grafici e loghi sono marchi registrati della societ\u00e0 harmoor \u00e8 un marchio registrato di propriet\u00e0 di harmoor vietnam altri nomi di prodotti, servizi o societ\u00e0 citati possono essere marchi registrati dei rispettivi proprietari. sono protetti dalle leggi vietnamite e internazionali sulla propriet\u00e0 intellettuale.<\/p>\n<p> <\/p>\n<p><strong>avvisi<\/strong><\/p>\n<p> <\/p>\n<p>le informazioni contenute in questo sito possono contenere imprecisioni tecniche, omissioni o errori tipografici. le informazioni sono soggette a modifiche o aggiornamenti senza preavviso. inoltre, harmoor furniture si riserva il diritto di apportare modifiche e\/o miglioramenti senza preavviso e in qualsiasi momento alle presenti note e modalit\u00e0 di utilizzo e ai servizi, prodotti e\/o programmi descritti in questo sito.<br><br>versione 08\/2018<\/p>\n<p> <\/p>\n<p><a href=\"https:\/\/policies.google.com\/technologies\/cookies?hl=en#how-google-uses-cookies\">per maggiori informazioni sui cookie<\/a><\/p>\n<p> <\/p>\t\t\t\t\t\t\t\t<\/div>\n\t\t\t\t<\/div>\n\t\t\t\t\t<\/div>\n\t\t<\/div>\n\t\t\t\t\t<\/div>\n\t\t<\/section>\n\t\t\t\t<\/div>\n\t\t","protected":false},"excerpt":{"rendered":"<p>informativa sulla privacy &nbsp; ai sensi del decreto legislativo 13\/2023\/N\u0110-CP (personal data protection code) (Codice in materia di protezione dei dati personali) e del regolamento relativo alla protezione delle persone fisiche con riguardo al trattamento dei dati personali, nonch\u00e9 alla libera circolazione di tali dati e successive modifiche. &nbsp; la societ\u00e0 harmoor vietnam con sede [&hellip;]<\/p>\n","protected":false},"author":4,"featured_media":0,"parent":0,"menu_order":0,"comment_status":"closed","ping_status":"closed","template":"page-templates\/homepage-v2.php","meta":{"footnotes":""},"class_list":["post-19871","page","type-page","status-publish","hentry"],"_links":{"self":[{"href":"https:\/\/harmoor.com\/it\/wp-json\/wp\/v2\/pages\/19871","targetHints":{"allow":["GET"]}}],"collection":[{"href":"https:\/\/harmoor.com\/it\/wp-json\/wp\/v2\/pages"}],"about":[{"href":"https:\/\/harmoor.com\/it\/wp-json\/wp\/v2\/types\/page"}],"author":[{"embeddable":true,"href":"https:\/\/harmoor.com\/it\/wp-json\/wp\/v2\/users\/4"}],"replies":[{"embeddable":true,"href":"https:\/\/harmoor.com\/it\/wp-json\/wp\/v2\/comments?post=19871"}],"version-history":[{"count":0,"href":"https:\/\/harmoor.com\/it\/wp-json\/wp\/v2\/pages\/19871\/revisions"}],"wp:attachment":[{"href":"https:\/\/harmoor.com\/it\/wp-json\/wp\/v2\/media?parent=19871"}],"curies":[{"name":"wp","href":"https:\/\/api.w.org\/{rel}","templated":true}]}}