{"id":17830,"date":"2023-06-21T15:21:24","date_gmt":"2023-06-21T07:21:24","guid":{"rendered":"https:\/\/harmoor.com\/innovazione\/"},"modified":"2023-07-08T12:19:33","modified_gmt":"2023-07-08T04:19:33","slug":"innovazione","status":"publish","type":"page","link":"https:\/\/harmoor.com\/it\/innovazione\/","title":{"rendered":"innovazione"},"content":{"rendered":"\t\t<div data-elementor-type=\"wp-page\" data-elementor-id=\"17830\" class=\"elementor elementor-17830 elementor-16586\">\n\t\t\t\t\t\t<section class=\"elementor-section elementor-top-section elementor-element elementor-element-6815511 elementor-section-full_width elementor-section-height-default elementor-section-height-default\" data-id=\"6815511\" data-element_type=\"section\">\n\t\t\t\t\t\t<div class=\"elementor-container elementor-column-gap-default\">\n\t\t\t\t\t<div class=\"elementor-column elementor-col-100 elementor-top-column elementor-element elementor-element-b86314a\" data-id=\"b86314a\" data-element_type=\"column\">\n\t\t\t<div class=\"elementor-widget-wrap elementor-element-populated\">\n\t\t\t\t\t\t<div class=\"elementor-element elementor-element-e7dc934 elementor-widget elementor-widget-image\" data-id=\"e7dc934\" data-element_type=\"widget\" data-widget_type=\"image.default\">\n\t\t\t\t<div class=\"elementor-widget-container\">\n\t\t\t\t\t\t\t\t\t\t\t\t\t\t\t<img fetchpriority=\"high\" decoding=\"async\" width=\"2560\" height=\"1439\" src=\"https:\/\/harmoor.com\/wp-content\/uploads\/2023\/06\/innovation-harmoor-furniture-scaled.webp\" class=\"attachment-full size-full wp-image-17185\" alt=\"innovation-harmoor-furniture\" \/>\t\t\t\t\t\t\t\t\t\t\t\t\t\t\t<\/div>\n\t\t\t\t<\/div>\n\t\t\t\t\t<\/div>\n\t\t<\/div>\n\t\t\t\t\t<\/div>\n\t\t<\/section>\n\t\t\t\t<section class=\"elementor-section elementor-top-section elementor-element elementor-element-66f8932 elementor-section-boxed elementor-section-height-default elementor-section-height-default\" data-id=\"66f8932\" data-element_type=\"section\">\n\t\t\t\t\t\t<div class=\"elementor-container elementor-column-gap-default\">\n\t\t\t\t\t<div class=\"elementor-column elementor-col-100 elementor-top-column elementor-element elementor-element-369258e\" data-id=\"369258e\" data-element_type=\"column\">\n\t\t\t<div class=\"elementor-widget-wrap elementor-element-populated\">\n\t\t\t\t\t\t<div class=\"elementor-element elementor-element-14a1569 elementor-widget elementor-widget-heading\" data-id=\"14a1569\" data-element_type=\"widget\" data-widget_type=\"heading.default\">\n\t\t\t\t<div class=\"elementor-widget-container\">\n\t\t\t\t\t<h2 class=\"elementor-heading-title elementor-size-default\">industria 4.0<\/h2>\t\t\t\t<\/div>\n\t\t\t\t<\/div>\n\t\t\t\t\t<\/div>\n\t\t<\/div>\n\t\t\t\t\t<\/div>\n\t\t<\/section>\n\t\t\t\t<section class=\"elementor-section elementor-top-section elementor-element elementor-element-b3b5420 elementor-section-boxed elementor-section-height-default elementor-section-height-default\" data-id=\"b3b5420\" data-element_type=\"section\">\n\t\t\t\t\t\t<div class=\"elementor-container elementor-column-gap-default\">\n\t\t\t\t\t<div class=\"elementor-column elementor-col-100 elementor-top-column elementor-element elementor-element-55e95a5\" data-id=\"55e95a5\" data-element_type=\"column\">\n\t\t\t<div class=\"elementor-widget-wrap elementor-element-populated\">\n\t\t\t\t\t\t<section class=\"elementor-section elementor-inner-section elementor-element elementor-element-68bdc7d elementor-section-boxed elementor-section-height-default elementor-section-height-default\" data-id=\"68bdc7d\" data-element_type=\"section\">\n\t\t\t\t\t\t<div class=\"elementor-container elementor-column-gap-default\">\n\t\t\t\t\t<div class=\"elementor-column elementor-col-50 elementor-inner-column elementor-element elementor-element-5c1059c\" data-id=\"5c1059c\" data-element_type=\"column\">\n\t\t\t<div class=\"elementor-widget-wrap elementor-element-populated\">\n\t\t\t\t\t\t<div class=\"elementor-element elementor-element-1d6e49a elementor-widget elementor-widget-text-editor\" data-id=\"1d6e49a\" data-element_type=\"widget\" data-widget_type=\"text-editor.default\">\n\t\t\t\t<div class=\"elementor-widget-container\">\n\t\t\t\t\t\t\t\t\t<p><span style=\"font-size: 28px;\"><strong>fabbriche interconnesse<\/strong><\/span><\/p>\n<p>Harmoor \u00e8 un&#8217;azienda dell&#8217;industria 4.0, i cui stabilimenti sono dotati di macchinari interconnessi. Ogni anno, una parte significativa del fatturato dell&#8217;azienda viene investita in <strong>innovazione, tecnologia<\/strong>e produzione digitalizzata.<\/p>\n<p><br><span style=\"font-size: 28px;\"><strong>innovazione tecnologica<\/strong><\/span><\/p>\n<p>In Harmoor l&#8217;innovazione \u00e8 legata a una conoscenza completa e consolidata delle materie prime, dei processi e delle soluzioni tecnologiche, che trasforma il design in <strong>una produzione industriale di grande valore..<\/strong><\/p>\n<p>Macchinari tecnologicamente avanzati e automazione dei processi assicurano una <strong>produzione<\/strong>, una movimentazione interna e una consegna pi\u00f9 rapide, oltre al rispetto dei tempi di consegna. Ci\u00f2 si traduce in una <strong>maggiore flessibilit\u00e0<\/strong> nel soddisfare le esigenze dei clienti, mantenendo l&#8217;attenzione sulla qualit\u00e0 del prodotto.<\/p>\t\t\t\t\t\t\t\t<\/div>\n\t\t\t\t<\/div>\n\t\t\t\t\t<\/div>\n\t\t<\/div>\n\t\t\t\t<div class=\"elementor-column elementor-col-50 elementor-inner-column elementor-element elementor-element-15c0a40\" data-id=\"15c0a40\" data-element_type=\"column\">\n\t\t\t<div class=\"elementor-widget-wrap elementor-element-populated\">\n\t\t\t\t\t\t<div class=\"elementor-element elementor-element-6cf788b elementor-widget elementor-widget-image\" data-id=\"6cf788b\" data-element_type=\"widget\" data-widget_type=\"image.default\">\n\t\t\t\t<div class=\"elementor-widget-container\">\n\t\t\t\t\t\t\t\t\t\t\t\t\t\t\t<img decoding=\"async\" width=\"600\" height=\"873\" src=\"https:\/\/harmoor.com\/wp-content\/uploads\/2023\/06\/harmoor-furniture-design-innovation.webp\" class=\"attachment-large size-large wp-image-17191\" alt=\"harmoor-furniture-design-innovation\" \/>\t\t\t\t\t\t\t\t\t\t\t\t\t\t\t<\/div>\n\t\t\t\t<\/div>\n\t\t\t\t\t<\/div>\n\t\t<\/div>\n\t\t\t\t\t<\/div>\n\t\t<\/section>\n\t\t\t\t\t<\/div>\n\t\t<\/div>\n\t\t\t\t\t<\/div>\n\t\t<\/section>\n\t\t\t\t<section class=\"elementor-section elementor-top-section elementor-element elementor-element-7e44fb4 elementor-section-boxed elementor-section-height-default elementor-section-height-default\" data-id=\"7e44fb4\" data-element_type=\"section\">\n\t\t\t\t\t\t<div class=\"elementor-container elementor-column-gap-default\">\n\t\t\t\t\t<div class=\"elementor-column elementor-col-100 elementor-top-column elementor-element elementor-element-cb6981c\" data-id=\"cb6981c\" data-element_type=\"column\">\n\t\t\t<div class=\"elementor-widget-wrap elementor-element-populated\">\n\t\t\t\t\t\t<div class=\"elementor-element elementor-element-2d23758 elementor-widget elementor-widget-image\" data-id=\"2d23758\" data-element_type=\"widget\" data-widget_type=\"image.default\">\n\t\t\t\t<div class=\"elementor-widget-container\">\n\t\t\t\t\t\t\t\t\t\t\t\t\t\t\t<img decoding=\"async\" width=\"1969\" height=\"1162\" src=\"https:\/\/harmoor.com\/wp-content\/uploads\/2023\/06\/company.webp\" class=\"attachment-full size-full wp-image-17197\" alt=\"\" \/>\t\t\t\t\t\t\t\t\t\t\t\t\t\t\t<\/div>\n\t\t\t\t<\/div>\n\t\t\t\t\t<\/div>\n\t\t<\/div>\n\t\t\t\t\t<\/div>\n\t\t<\/section>\n\t\t\t\t<section class=\"elementor-section elementor-top-section elementor-element elementor-element-1676462 elementor-section-boxed elementor-section-height-default elementor-section-height-default\" data-id=\"1676462\" data-element_type=\"section\">\n\t\t\t\t\t\t<div class=\"elementor-container elementor-column-gap-default\">\n\t\t\t\t\t<div class=\"elementor-column elementor-col-100 elementor-top-column elementor-element elementor-element-be53721\" data-id=\"be53721\" data-element_type=\"column\">\n\t\t\t<div class=\"elementor-widget-wrap elementor-element-populated\">\n\t\t\t\t\t\t<div class=\"elementor-element elementor-element-3d302e8 elementor-widget elementor-widget-text-editor\" data-id=\"3d302e8\" data-element_type=\"widget\" data-widget_type=\"text-editor.default\">\n\t\t\t\t<div class=\"elementor-widget-container\">\n\t\t\t\t\t\t\t\t\t<p>Il 2018 ha visto l&#8217;apertura del pi\u00f9 grande stabilimento e magazzino di Harmoor Furniture. Questo moderno magazzino opera 24 ore su 24, 7 giorni su 7, per stoccare 10.000 pallet di prodotti finiti e semilavorati. Il progetto ha una superficie totale di 10.000 metri quadrati ed \u00e8 collegato al parco industriale esistente attraverso i principali assi di traffico. Il volume del magazzino \u00e8 il risultato di uno studio di valutazione dei processi di produzione, movimentazione e stoccaggio attuali e futuri.<\/p>\n<p>Grazie a questo importante investimento, l&#8217;azienda non solo dispone di pi\u00f9 spazio per immagazzinare i prodotti, ma risparmia anche pi\u00f9 tempo nella realizzazione dei prodotti su ordinazione. L&#8217;obiettivo \u00e8 fornire ai clienti un servizio migliore e rispettare le scadenze sempre pi\u00f9 stringenti dei progetti di arredamento contract. Il magazzino automatizzato &#8220;Lame d&#8217;erba&#8221; all&#8217;interno \u00e8 una macchina perfettamente oliata e all&#8217;esterno \u00e8 un progetto innovativo di architettura industriale.<\/p>\n<p>&#8220;Il volume spento e uniforme del nuovo magazzino si trasforma cos\u00ec in un fenomeno visivo ricco di variazioni, una sorta di amplificatore naturale dell&#8217;ora del giorno e delle stagioni. Nei momenti pi\u00f9 belli. Una volta fissato, si dissolve nel cielo nebbioso, riflettendo i suoi toni grigio-azzurri, e altrove si impregna del verde brillante dei campi agricoli in primavera.<\/p>\n<p>Il progetto architettonico del magazzino e degli spazi ad esso associati va oltre il concetto di pura riduzione ambientale applicato a molte strutture industriali. Diventa invece un segnale importante del radicamento di Harmoor e delle persone che vi lavorano nel proprio territorio, oltre a dimostrare la capacit\u00e0 di dialogare con le imprese e i mercati di oggi. pi\u00f9 globalizzato&#8221;.<\/p>\t\t\t\t\t\t\t\t<\/div>\n\t\t\t\t<\/div>\n\t\t\t\t\t<\/div>\n\t\t<\/div>\n\t\t\t\t\t<\/div>\n\t\t<\/section>\n\t\t\t\t<\/div>\n\t\t","protected":false},"excerpt":{"rendered":"<p>industria 4.0 fabbriche interconnesse Harmoor \u00e8 un&#8217;azienda dell&#8217;industria 4.0, i cui stabilimenti sono dotati di macchinari interconnessi. Ogni anno, una parte significativa del fatturato dell&#8217;azienda viene investita in innovazione, tecnologiae produzione digitalizzata. innovazione tecnologica In Harmoor l&#8217;innovazione \u00e8 legata a una conoscenza completa e consolidata delle materie prime, dei processi e delle soluzioni tecnologiche, che [&hellip;]<\/p>\n","protected":false},"author":4,"featured_media":0,"parent":0,"menu_order":0,"comment_status":"closed","ping_status":"closed","template":"page-templates\/homepage.php","meta":{"footnotes":""},"class_list":["post-17830","page","type-page","status-publish","hentry"],"_links":{"self":[{"href":"https:\/\/harmoor.com\/it\/wp-json\/wp\/v2\/pages\/17830","targetHints":{"allow":["GET"]}}],"collection":[{"href":"https:\/\/harmoor.com\/it\/wp-json\/wp\/v2\/pages"}],"about":[{"href":"https:\/\/harmoor.com\/it\/wp-json\/wp\/v2\/types\/page"}],"author":[{"embeddable":true,"href":"https:\/\/harmoor.com\/it\/wp-json\/wp\/v2\/users\/4"}],"replies":[{"embeddable":true,"href":"https:\/\/harmoor.com\/it\/wp-json\/wp\/v2\/comments?post=17830"}],"version-history":[{"count":0,"href":"https:\/\/harmoor.com\/it\/wp-json\/wp\/v2\/pages\/17830\/revisions"}],"wp:attachment":[{"href":"https:\/\/harmoor.com\/it\/wp-json\/wp\/v2\/media?parent=17830"}],"curies":[{"name":"wp","href":"https:\/\/api.w.org\/{rel}","templated":true}]}}