{"id":17646,"date":"2023-06-21T11:03:04","date_gmt":"2023-06-21T03:03:04","guid":{"rendered":"https:\/\/harmoor.com\/bellezza-tradizione-innovazione\/"},"modified":"2024-03-28T10:22:49","modified_gmt":"2024-03-28T02:22:49","slug":"bellezza-tradizione-innovazione","status":"publish","type":"page","link":"https:\/\/harmoor.com\/it\/bellezza-tradizione-innovazione\/","title":{"rendered":"Bellezza Tradizione Innovazione"},"content":{"rendered":"\t\t<div data-elementor-type=\"wp-page\" data-elementor-id=\"17646\" class=\"elementor elementor-17646 elementor-16550\">\n\t\t\t\t\t\t<section class=\"elementor-section elementor-top-section elementor-element elementor-element-3027cb4 elementor-section-full_width elementor-section-height-default elementor-section-height-default\" data-id=\"3027cb4\" data-element_type=\"section\">\n\t\t\t\t\t\t<div class=\"elementor-container elementor-column-gap-default\">\n\t\t\t\t\t<div class=\"elementor-column elementor-col-100 elementor-top-column elementor-element elementor-element-371bfe2\" data-id=\"371bfe2\" data-element_type=\"column\">\n\t\t\t<div class=\"elementor-widget-wrap elementor-element-populated\">\n\t\t\t\t\t\t<div class=\"elementor-element elementor-element-9a59495 elementor-widget elementor-widget-image\" data-id=\"9a59495\" data-element_type=\"widget\" data-widget_type=\"image.default\">\n\t\t\t\t<div class=\"elementor-widget-container\">\n\t\t\t\t\t\t\t\t\t\t\t\t\t\t\t<img fetchpriority=\"high\" decoding=\"async\" width=\"2560\" height=\"1707\" src=\"https:\/\/harmoor.com\/wp-content\/uploads\/2023\/06\/Harmoor-Chair-1-scaled.webp\" class=\"attachment-full size-full wp-image-17043\" alt=\"Harmoor Chair\" \/>\t\t\t\t\t\t\t\t\t\t\t\t\t\t\t<\/div>\n\t\t\t\t<\/div>\n\t\t\t\t\t<\/div>\n\t\t<\/div>\n\t\t\t\t\t<\/div>\n\t\t<\/section>\n\t\t\t\t<section class=\"elementor-section elementor-top-section elementor-element elementor-element-534ee35 elementor-section-boxed elementor-section-height-default elementor-section-height-default\" data-id=\"534ee35\" data-element_type=\"section\">\n\t\t\t\t\t\t<div class=\"elementor-container elementor-column-gap-default\">\n\t\t\t\t\t<div class=\"elementor-column elementor-col-100 elementor-top-column elementor-element elementor-element-154ed5e\" data-id=\"154ed5e\" data-element_type=\"column\">\n\t\t\t<div class=\"elementor-widget-wrap elementor-element-populated\">\n\t\t\t\t\t\t<div class=\"elementor-element elementor-element-37c587a elementor-widget elementor-widget-text-editor\" data-id=\"37c587a\" data-element_type=\"widget\" data-widget_type=\"text-editor.default\">\n\t\t\t\t<div class=\"elementor-widget-container\">\n\t\t\t\t\t\t\t\t\t<p><strong>bellezza, tradizione<\/strong><br \/><strong>e innovazione<\/strong><\/p>\n\t\t\t\t\t\t\t\t<\/div>\n\t\t\t\t<\/div>\n\t\t\t\t<section class=\"elementor-section elementor-inner-section elementor-element elementor-element-02b639f elementor-reverse-tablet elementor-reverse-mobile elementor-section-boxed elementor-section-height-default elementor-section-height-default\" data-id=\"02b639f\" data-element_type=\"section\">\n\t\t\t\t\t\t<div class=\"elementor-container elementor-column-gap-default\">\n\t\t\t\t\t<div class=\"elementor-column elementor-col-50 elementor-inner-column elementor-element elementor-element-9d20101\" data-id=\"9d20101\" data-element_type=\"column\">\n\t\t\t<div class=\"elementor-widget-wrap elementor-element-populated\">\n\t\t\t\t\t\t<div class=\"elementor-element elementor-element-2ce2a12 elementor-widget elementor-widget-image\" data-id=\"2ce2a12\" data-element_type=\"widget\" data-widget_type=\"image.default\">\n\t\t\t\t<div class=\"elementor-widget-container\">\n\t\t\t\t\t\t\t\t\t\t\t\t\t\t\t<img decoding=\"async\" width=\"1226\" height=\"1226\" src=\"https:\/\/harmoor.com\/wp-content\/uploads\/2023\/06\/harmoor-furniture.webp\" class=\"attachment-full size-full wp-image-17049\" alt=\"harmoor-furniture\" \/>\t\t\t\t\t\t\t\t\t\t\t\t\t\t\t<\/div>\n\t\t\t\t<\/div>\n\t\t\t\t\t<\/div>\n\t\t<\/div>\n\t\t\t\t<div class=\"elementor-column elementor-col-50 elementor-inner-column elementor-element elementor-element-83115de\" data-id=\"83115de\" data-element_type=\"column\">\n\t\t\t<div class=\"elementor-widget-wrap elementor-element-populated\">\n\t\t\t\t\t\t<div class=\"elementor-element elementor-element-4bbb2f1 elementor-widget elementor-widget-text-editor\" data-id=\"4bbb2f1\" data-element_type=\"widget\" data-widget_type=\"text-editor.default\">\n\t\t\t\t<div class=\"elementor-widget-container\">\n\t\t\t\t\t\t\t\t\t<p><strong>\u2015 arredi multimaterici per il contract e l&#8217;housing<\/strong><br>Harmoor \u00e8 un&#8217;azienda vietnamita che produce sedie,<strong> tavoli e mobili moderni per il contract e il residenziale<\/strong> . La collezione \u00e8 il risultato di un&#8217;attenta e precisa ricerca per creare prodotti di design industriale funzionali e versatili realizzati in <strong>metallo, plastica, legno<\/strong> e <strong>tessuti per arredamento<\/strong>.<\/p>\n<p><strong>\u2015 un&#8217;azienda vietnamita al 100%.<\/strong><br>I mobili sono prodotti esclusivamente in Vietnam attraverso un processo di progettazione che unisce tradizione e innovazione, eccellenza tecnica ed eccellenza creativa. La filosofia del \u201c<strong>100% Made in Vietnam<\/strong>\u201d diventa realt\u00e0 attraverso il processo di produzione interno presso la sede centrale di Harmoor a Binh Phuoc, Vietnam.<\/p>\n<p><strong>\u2015 Collabora con i designer<\/strong><br>Harmoor collabora con molti <strong>designer italiani e internazionali<\/strong> che abbracciano in pieno la filosofia del brand, arricchendola con i preziosi contributi di Harmoor.<\/p>\t\t\t\t\t\t\t\t<\/div>\n\t\t\t\t<\/div>\n\t\t\t\t\t<\/div>\n\t\t<\/div>\n\t\t\t\t\t<\/div>\n\t\t<\/section>\n\t\t\t\t\t<\/div>\n\t\t<\/div>\n\t\t\t\t\t<\/div>\n\t\t<\/section>\n\t\t\t\t<section class=\"elementor-section elementor-top-section elementor-element elementor-element-cdf3056 elementor-section-boxed elementor-section-height-default elementor-section-height-default\" data-id=\"cdf3056\" data-element_type=\"section\">\n\t\t\t\t\t\t<div class=\"elementor-container elementor-column-gap-default\">\n\t\t\t\t\t<div class=\"elementor-column elementor-col-100 elementor-top-column elementor-element elementor-element-c663664\" data-id=\"c663664\" data-element_type=\"column\">\n\t\t\t<div class=\"elementor-widget-wrap elementor-element-populated\">\n\t\t\t\t\t\t<section class=\"elementor-section elementor-inner-section elementor-element elementor-element-733240e elementor-section-boxed elementor-section-height-default elementor-section-height-default\" data-id=\"733240e\" data-element_type=\"section\">\n\t\t\t\t\t\t<div class=\"elementor-container elementor-column-gap-default\">\n\t\t\t\t\t<div class=\"elementor-column elementor-col-50 elementor-inner-column elementor-element elementor-element-dec3f0d\" data-id=\"dec3f0d\" data-element_type=\"column\">\n\t\t\t<div class=\"elementor-widget-wrap elementor-element-populated\">\n\t\t\t\t\t\t<div class=\"elementor-element elementor-element-407eb82 elementor-widget elementor-widget-text-editor\" data-id=\"407eb82\" data-element_type=\"widget\" data-widget_type=\"text-editor.default\">\n\t\t\t\t<div class=\"elementor-widget-container\">\n\t\t\t\t\t\t\t\t\t<p>Nel 2016, <strong>Harmoor<\/strong> ha aperto un piccolo laboratorio <strong>a Dong Phu, nella provincia di Binh Phuoc<\/strong>, dove Harmoor ha iniziato a produrre la sua prima collezione di sedie in plastica. Dal 2018 in poi, l&#8217;azienda ha iniziato a collaborare con architetti e designer italiani e stranieri, specializzandosi sempre pi\u00f9 nella produzione industriale rivolta al settore dell&#8217;arredamento. Oggi, sotto la guida <strong>del Consiglio di Amministrazione<\/strong>, l&#8217;azienda ha esportato i suoi prodotti in <strong>Europa, America, Australia e Sud-Est asiatico<\/strong>.<\/p>\n\t\t\t\t\t\t\t\t<\/div>\n\t\t\t\t<\/div>\n\t\t\t\t\t<\/div>\n\t\t<\/div>\n\t\t\t\t<div class=\"elementor-column elementor-col-50 elementor-inner-column elementor-element elementor-element-8b5c3af\" data-id=\"8b5c3af\" data-element_type=\"column\">\n\t\t\t<div class=\"elementor-widget-wrap elementor-element-populated\">\n\t\t\t\t\t\t<div class=\"elementor-element elementor-element-c076762 elementor-widget elementor-widget-image\" data-id=\"c076762\" data-element_type=\"widget\" data-widget_type=\"image.default\">\n\t\t\t\t<div class=\"elementor-widget-container\">\n\t\t\t\t\t\t\t\t\t\t\t\t\t\t\t<img decoding=\"async\" width=\"2480\" height=\"2480\" src=\"https:\/\/harmoor.com\/wp-content\/uploads\/2023\/06\/gaia1.webp\" class=\"attachment-full size-full wp-image-16980\" alt=\"gaia(1)\" \/>\t\t\t\t\t\t\t\t\t\t\t\t\t\t\t<\/div>\n\t\t\t\t<\/div>\n\t\t\t\t\t<\/div>\n\t\t<\/div>\n\t\t\t\t\t<\/div>\n\t\t<\/section>\n\t\t\t\t\t<\/div>\n\t\t<\/div>\n\t\t\t\t\t<\/div>\n\t\t<\/section>\n\t\t\t\t<section class=\"elementor-section elementor-top-section elementor-element elementor-element-72ebfda elementor-section-full_width elementor-hidden-desktop elementor-hidden-tablet elementor-hidden-mobile elementor-section-height-default elementor-section-height-default\" data-id=\"72ebfda\" data-element_type=\"section\">\n\t\t\t\t\t\t<div class=\"elementor-container elementor-column-gap-default\">\n\t\t\t\t\t<div class=\"elementor-column elementor-col-100 elementor-top-column elementor-element elementor-element-3a2f015\" data-id=\"3a2f015\" data-element_type=\"column\">\n\t\t\t<div class=\"elementor-widget-wrap elementor-element-populated\">\n\t\t\t\t\t\t<div class=\"elementor-element elementor-element-8ead2b4 elementor-widget__width-initial elementor-absolute elementor-widget elementor-widget-image\" data-id=\"8ead2b4\" data-element_type=\"widget\" data-settings=\"{&quot;_position&quot;:&quot;absolute&quot;}\" data-widget_type=\"image.default\">\n\t\t\t\t<div class=\"elementor-widget-container\">\n\t\t\t\t\t\t\t\t\t\t\t\t\t\t\t<img loading=\"lazy\" decoding=\"async\" width=\"300\" height=\"83\" src=\"https:\/\/harmoor.com\/wp-content\/uploads\/2023\/06\/Logo-Harmoor-Vietnam.png\" class=\"attachment-large size-large wp-image-15512\" alt=\"Logo Harmoor Vietnam\" \/>\t\t\t\t\t\t\t\t\t\t\t\t\t\t\t<\/div>\n\t\t\t\t<\/div>\n\t\t\t\t<div class=\"elementor-element elementor-element-4ed2e68 elementor-widget elementor-widget-image\" data-id=\"4ed2e68\" data-element_type=\"widget\" data-widget_type=\"image.default\">\n\t\t\t\t<div class=\"elementor-widget-container\">\n\t\t\t\t\t\t\t\t\t\t\t\t\t\t\t<img decoding=\"async\" src=\"https:\/\/lh3.googleusercontent.com\/pw\/AJFCJaUqG1C3D9JFtQxSm8esuLXz5n8_pwHuL-PQFV-wtqJYohFVoyO3M3CECU5Hn9RsHee9Z2shaHkKaic5bic37fAm9wdIW9QoJf4CXbRXPz4KSaA-l7o=w2400\" title=\"\" alt=\"harmoor-history\" loading=\"lazy\" \/>\t\t\t\t\t\t\t\t\t\t\t\t\t\t\t<\/div>\n\t\t\t\t<\/div>\n\t\t\t\t\t<\/div>\n\t\t<\/div>\n\t\t\t\t\t<\/div>\n\t\t<\/section>\n\t\t\t\t<section class=\"elementor-section elementor-top-section elementor-element elementor-element-3b82012 elementor-section-boxed elementor-section-height-default elementor-section-height-default\" data-id=\"3b82012\" data-element_type=\"section\">\n\t\t\t\t\t\t<div class=\"elementor-container elementor-column-gap-default\">\n\t\t\t\t\t<div class=\"elementor-column elementor-col-100 elementor-top-column elementor-element elementor-element-2a58dfd\" data-id=\"2a58dfd\" data-element_type=\"column\">\n\t\t\t<div class=\"elementor-widget-wrap elementor-element-populated\">\n\t\t\t\t\t\t<section class=\"elementor-section elementor-inner-section elementor-element elementor-element-943557b elementor-reverse-tablet elementor-reverse-mobile elementor-section-boxed elementor-section-height-default elementor-section-height-default\" data-id=\"943557b\" data-element_type=\"section\">\n\t\t\t\t\t\t<div class=\"elementor-container elementor-column-gap-default\">\n\t\t\t\t\t<div class=\"elementor-column elementor-col-50 elementor-inner-column elementor-element elementor-element-4a29457\" data-id=\"4a29457\" data-element_type=\"column\">\n\t\t\t<div class=\"elementor-widget-wrap elementor-element-populated\">\n\t\t\t\t\t\t<div class=\"elementor-element elementor-element-306d254 elementor-widget elementor-widget-image\" data-id=\"306d254\" data-element_type=\"widget\" data-widget_type=\"image.default\">\n\t\t\t\t<div class=\"elementor-widget-container\">\n\t\t\t\t\t\t\t\t\t\t\t\t\t\t\t<img loading=\"lazy\" decoding=\"async\" width=\"1276\" height=\"1702\" src=\"https:\/\/harmoor.com\/wp-content\/uploads\/2023\/06\/Harmoor-Furnitur-2.webp\" class=\"attachment-full size-full wp-image-17170\" alt=\"Harmoor-Furnitur-2\" \/>\t\t\t\t\t\t\t\t\t\t\t\t\t\t\t<\/div>\n\t\t\t\t<\/div>\n\t\t\t\t\t<\/div>\n\t\t<\/div>\n\t\t\t\t<div class=\"elementor-column elementor-col-50 elementor-inner-column elementor-element elementor-element-ce35cf7\" data-id=\"ce35cf7\" data-element_type=\"column\">\n\t\t\t<div class=\"elementor-widget-wrap elementor-element-populated\">\n\t\t\t\t\t\t<div class=\"elementor-element elementor-element-d16b041 elementor-widget elementor-widget-heading\" data-id=\"d16b041\" data-element_type=\"widget\" data-widget_type=\"heading.default\">\n\t\t\t\t<div class=\"elementor-widget-container\">\n\t\t\t\t\t<h2 class=\"elementor-heading-title elementor-size-default\">innovazione e produzione all'avanguardia<\/h2>\t\t\t\t<\/div>\n\t\t\t\t<\/div>\n\t\t\t\t<div class=\"elementor-element elementor-element-5858694 elementor-widget elementor-widget-text-editor\" data-id=\"5858694\" data-element_type=\"widget\" data-widget_type=\"text-editor.default\">\n\t\t\t\t<div class=\"elementor-widget-container\">\n\t\t\t\t\t\t\t\t\t<p>Harmoor \u00e8 un&#8217;azienda<strong>Industria 4.0<\/strong> le cui fabbriche sono dotate di <strong>macchinari interconnessi.<\/strong>. Ogni anno, una parte significativa del fatturato dell&#8217;azienda viene investita in <strong>innovazione, tecnologia e impianti<\/strong>, oltre che nella <strong>produzione<\/strong> digitalizzata. Tutto all&#8217;interno dell&#8217;azienda \u00e8 stato progettato per essere sostenibile e per contribuire a migliorare la produzione attraverso approfonditi controlli di qualit\u00e0 durante tutto il processo produttivo, la selezione di materiali di prima qualit\u00e0, un&#8217;assoluta passione per i macchinari pi\u00f9 avanzati, la ricerca consapevole delle tecnologie del Vietnam e delle materie prime materiali e la meticolosa progettazione di ogni fase tipica degli artigiani.<\/p>\n\t\t\t\t\t\t\t\t<\/div>\n\t\t\t\t<\/div>\n\t\t\t\t\t<\/div>\n\t\t<\/div>\n\t\t\t\t\t<\/div>\n\t\t<\/section>\n\t\t\t\t\t<\/div>\n\t\t<\/div>\n\t\t\t\t\t<\/div>\n\t\t<\/section>\n\t\t\t\t<section class=\"elementor-section elementor-top-section elementor-element elementor-element-09edee2 elementor-section-boxed elementor-section-height-default elementor-section-height-default\" data-id=\"09edee2\" data-element_type=\"section\">\n\t\t\t\t\t\t<div class=\"elementor-container elementor-column-gap-default\">\n\t\t\t\t\t<div class=\"elementor-column elementor-col-100 elementor-top-column elementor-element elementor-element-1e0b743\" data-id=\"1e0b743\" data-element_type=\"column\">\n\t\t\t<div class=\"elementor-widget-wrap elementor-element-populated\">\n\t\t\t\t\t\t<section class=\"elementor-section elementor-inner-section elementor-element elementor-element-f00254e elementor-section-boxed elementor-section-height-default elementor-section-height-default\" data-id=\"f00254e\" data-element_type=\"section\">\n\t\t\t\t\t\t<div class=\"elementor-container elementor-column-gap-default\">\n\t\t\t\t\t<div class=\"elementor-column elementor-col-50 elementor-inner-column elementor-element elementor-element-ad4cbb8\" data-id=\"ad4cbb8\" data-element_type=\"column\">\n\t\t\t<div class=\"elementor-widget-wrap elementor-element-populated\">\n\t\t\t\t\t\t<div class=\"elementor-element elementor-element-58bdea3 elementor-widget elementor-widget-text-editor\" data-id=\"58bdea3\" data-element_type=\"widget\" data-widget_type=\"text-editor.default\">\n\t\t\t\t<div class=\"elementor-widget-container\">\n\t\t\t\t\t\t\t\t\t<p>Harmoor ha adottato appositi Sistemi di Gestione Qualit\u00e0, Ambiente e Sicurezza al fine di <strong>garantire e prolungare la soddisfazione dei propri clienti<\/strong> attraverso le caratteristiche distintive dell&#8217;azienda. Harmoor \u00e8 consapevole che una strategia economica responsabile, volta a minimizzare l&#8217;impatto ambientale delle proprie attivit\u00e0 lavorative e a migliorare continuamente le proprie prestazioni ambientali, porter\u00e0 significativi vantaggi commerciali, consentendo all&#8217;azienda di soddisfare sia le aspettative di miglioramento ambientale del mercato sia le richieste dei clienti.<\/p>\n<p>La Direzione si impegna inoltre a <strong>migliorare la salute e la sicurezza<\/strong> dei propri lavoratori, facendone parte integrante della propria etica del lavoro e impegno strategico nell&#8217;ambito del proprio oggetto sociale.<\/p>\n<p> <\/p>\n<ul>\n<li><a href=\"https:\/\/drive.google.com\/file\/d\/10qfdtO1gOSQ4C6eFlKnj0HYQWkJEXp8D\/view?usp=sharing\"><strong>scarica BSCI<\/strong><\/a><\/li>\n<\/ul>\t\t\t\t\t\t\t\t<\/div>\n\t\t\t\t<\/div>\n\t\t\t\t\t<\/div>\n\t\t<\/div>\n\t\t\t\t<div class=\"elementor-column elementor-col-50 elementor-inner-column elementor-element elementor-element-7876458\" data-id=\"7876458\" data-element_type=\"column\">\n\t\t\t<div class=\"elementor-widget-wrap elementor-element-populated\">\n\t\t\t\t\t\t<div class=\"elementor-element elementor-element-7a7b34c elementor-widget elementor-widget-image\" data-id=\"7a7b34c\" data-element_type=\"widget\" data-widget_type=\"image.default\">\n\t\t\t\t<div class=\"elementor-widget-container\">\n\t\t\t\t\t\t\t\t\t\t\t\t\t\t\t<img loading=\"lazy\" decoding=\"async\" width=\"600\" height=\"873\" src=\"https:\/\/harmoor.com\/wp-content\/uploads\/2023\/06\/harmoor-design-beauty-tradition-innovatio.webp\" class=\"attachment-large size-large wp-image-17176\" alt=\"harmoor-design-beauty-tradition-innovatio\" \/>\t\t\t\t\t\t\t\t\t\t\t\t\t\t\t<\/div>\n\t\t\t\t<\/div>\n\t\t\t\t\t<\/div>\n\t\t<\/div>\n\t\t\t\t\t<\/div>\n\t\t<\/section>\n\t\t\t\t\t<\/div>\n\t\t<\/div>\n\t\t\t\t\t<\/div>\n\t\t<\/section>\n\t\t\t\t<\/div>\n\t\t","protected":false},"excerpt":{"rendered":"<p>bellezza, tradizionee innovazione \u2015 arredi multimaterici per il contract e l&#8217;housingHarmoor \u00e8 un&#8217;azienda vietnamita che produce sedie, tavoli e mobili moderni per il contract e il residenziale . La collezione \u00e8 il risultato di un&#8217;attenta e precisa ricerca per creare prodotti di design industriale funzionali e versatili realizzati in metallo, plastica, legno e tessuti per [&hellip;]<\/p>\n","protected":false},"author":4,"featured_media":0,"parent":0,"menu_order":0,"comment_status":"closed","ping_status":"closed","template":"page-templates\/homepage.php","meta":{"footnotes":""},"class_list":["post-17646","page","type-page","status-publish","hentry"],"_links":{"self":[{"href":"https:\/\/harmoor.com\/it\/wp-json\/wp\/v2\/pages\/17646","targetHints":{"allow":["GET"]}}],"collection":[{"href":"https:\/\/harmoor.com\/it\/wp-json\/wp\/v2\/pages"}],"about":[{"href":"https:\/\/harmoor.com\/it\/wp-json\/wp\/v2\/types\/page"}],"author":[{"embeddable":true,"href":"https:\/\/harmoor.com\/it\/wp-json\/wp\/v2\/users\/4"}],"replies":[{"embeddable":true,"href":"https:\/\/harmoor.com\/it\/wp-json\/wp\/v2\/comments?post=17646"}],"version-history":[{"count":3,"href":"https:\/\/harmoor.com\/it\/wp-json\/wp\/v2\/pages\/17646\/revisions"}],"predecessor-version":[{"id":23431,"href":"https:\/\/harmoor.com\/it\/wp-json\/wp\/v2\/pages\/17646\/revisions\/23431"}],"wp:attachment":[{"href":"https:\/\/harmoor.com\/it\/wp-json\/wp\/v2\/media?parent=17646"}],"curies":[{"name":"wp","href":"https:\/\/api.w.org\/{rel}","templated":true}]}}