{"id":23303,"date":"2024-02-23T14:34:55","date_gmt":"2024-02-23T06:34:55","guid":{"rendered":"https:\/\/harmoor.com\/product\/karibu-3039a\/"},"modified":"2024-02-23T14:34:55","modified_gmt":"2024-02-23T06:34:55","slug":"karibu-3039a","status":"publish","type":"product","link":"https:\/\/harmoor.com\/fr\/product\/karibu-3039a\/","title":{"rendered":"Karibu 3039a"},"content":{"rendered":"<div class=\"row\">\n<div class=\"col-xl-5 col-lg-5 col-md-6 col-sm-12 col-12\"><img fetchpriority=\"high\" decoding=\"async\" class=\"alignnone size-full wp-image-12104\" src=\"https:\/\/harmoor.com\/wp-content\/uploads\/2024\/02\/chair-karibu-3039a-2.webp\" alt=\"chaise karibu 3039a\" width=\"458\" height=\"315\"><\/div>\n<div class=\"col-xl-7 col-lg-7 col-md-6 col-sm-12 col-12\">\n<h2><span style=\"vertical-align: inherit;\"><span style=\"vertical-align: inherit;\">MARQUE<\/span><\/span><\/h2>\n<p>Avec une histoire d&rsquo;entreprise riche qui remonte \u00e0 1998, Harmoor a commenc\u00e9 comme une petite usine de meubles. Nous avons ouvert notre usine au Vietnam en 2018 et sommes devenus l&rsquo;une des plus grandes usines de meubles en plastique au Vietnam. Actuellement, Harmoor est un fabricant et un fournisseur de meubles de table et de chaise avec de nombreux mod\u00e8les de premier plan au Vi\u00eat Nam et dans le monde.<\/p>\n<p><img decoding=\"async\" class=\"mt-4\" src=\"https:\/\/harmoor.com\/wp-content\/uploads\/2023\/07\/single-product.webp\" alt=\"monoproduit\" width=\"190\" height=\"30\"><\/div>\n<\/div>\n<div class=\"row\">\n<div class=\"col-xl-4 col-lg-4 col-md-4 col-sm-12 col-12 mb-4\">\n<h2><span style=\"vertical-align: inherit;\"><span style=\"vertical-align: inherit;\">INFORMATIONS SUR LES PRODUITS<\/span><\/span><\/h2>\n<ul>\n<li>Nom du produit : Chaise Karibu 3039A<\/li>\n<li>Mat\u00e9riau : Corde + plastique PP<\/li>\n<li>Style de conception: Italie<\/li>\n<li>Lieu d&rsquo;origine : Vietnam<\/li>\n<\/ul>\n<\/div>\n<div class=\"col-xl-4 col-lg-4 col-md-4 col-sm-12 col-12 mb-4\">\n<h2><span style=\"vertical-align: inherit;\"><span style=\"vertical-align: inherit;\">TAILLE<\/span><\/span><\/h2>\n<ul>\n<li>Mat\u00e9riau : PP + corde en nylon<\/li>\n<li>Longueur : 55,5 cm<\/li>\n<li>Largeur : 61 cm<\/li>\n<li>Hauteur : 82cm<\/li>\n<li>Hauteur du si\u00e8ge : 46 cm<\/li>\n<li>Poids : 5,73 kg<\/li>\n<\/ul>\n<\/div>\n<div class=\"col-xl-4 col-lg-4 col-md-4 col-sm-12 col-12 mb-4\">\n<h2><span style=\"vertical-align: inherit;\"><span style=\"vertical-align: inherit;\">ESPACE UTILISABLE<\/span><\/span><\/h2>\n<ul>\n<li>Caf\u00e9<\/li>\n<li>Restaurant<\/li>\n<li>Salle \u00e0 manger<\/li>\n<li>Jardin&#8230;.<\/li>\n<\/ul>\n<\/div>\n<\/div>\n","protected":false},"excerpt":{"rendered":"<p>La chaise Karibu 3039A est un symbole de modernit\u00e9 et de luxe, avec des lignes d\u00e9licates et incurv\u00e9es. Le mat\u00e9riau durable de l&rsquo;assise et du dossier \u00e9tant le plastique PA, la chaise conserve non seulement sa beaut\u00e9 \u00e0 l&rsquo;ext\u00e9rieur, mais recr\u00e9e \u00e9galement l&rsquo;aspect \u00e9l\u00e9gant des chaises de terrasse classiques des ann\u00e9es 60, en combinant l&rsquo;acier et le mat\u00e9riau. mati\u00e8re textile. La chaise Karibu 3039A est non seulement un produit exceptionnel, mais elle apporte \u00e9galement commodit\u00e9 et esth\u00e9tique \u00e0 l&rsquo;espace de repos de la banlieue.<\/p>\n","protected":false},"featured_media":23093,"comment_status":"open","ping_status":"closed","template":"","meta":[],"product_cat":[1583],"product_tag":[1236,1584,1585,1253,1469,1471,1586],"class_list":{"0":"post-23303","1":"product","2":"type-product","3":"status-publish","4":"has-post-thumbnail","6":"product_brand-caribu-fr","7":"product_cat-caribu-fr","8":"product_tag-chaise-a-cafe","9":"product_tag-chaise-dexterieur","10":"product_tag-chaise-de-jardin","11":"product_tag-chaise-de-restaurant","12":"product_tag-chaise-de-salle-a-manger","13":"product_tag-chaise-de-salon","14":"product_tag-chaise-de-terrasse","17":"first","18":"instock","19":"shipping-taxable","20":"product-type-simple"},"_links":{"self":[{"href":"https:\/\/harmoor.com\/fr\/wp-json\/wp\/v2\/product\/23303","targetHints":{"allow":["GET"]}}],"collection":[{"href":"https:\/\/harmoor.com\/fr\/wp-json\/wp\/v2\/product"}],"about":[{"href":"https:\/\/harmoor.com\/fr\/wp-json\/wp\/v2\/types\/product"}],"replies":[{"embeddable":true,"href":"https:\/\/harmoor.com\/fr\/wp-json\/wp\/v2\/comments?post=23303"}],"version-history":[{"count":0,"href":"https:\/\/harmoor.com\/fr\/wp-json\/wp\/v2\/product\/23303\/revisions"}],"wp:featuredmedia":[{"embeddable":true,"href":"https:\/\/harmoor.com\/fr\/wp-json\/wp\/v2\/media\/23093"}],"wp:attachment":[{"href":"https:\/\/harmoor.com\/fr\/wp-json\/wp\/v2\/media?parent=23303"}],"wp:term":[{"taxonomy":"product_cat","embeddable":true,"href":"https:\/\/harmoor.com\/fr\/wp-json\/wp\/v2\/product_cat?post=23303"},{"taxonomy":"product_tag","embeddable":true,"href":"https:\/\/harmoor.com\/fr\/wp-json\/wp\/v2\/product_tag?post=23303"}],"curies":[{"name":"wp","href":"https:\/\/api.w.org\/{rel}","templated":true}]}}