{"id":23297,"date":"2024-02-23T14:21:08","date_gmt":"2024-02-23T06:21:08","guid":{"rendered":"https:\/\/harmoor.com\/product\/karibu-3038a\/"},"modified":"2024-02-23T14:21:08","modified_gmt":"2024-02-23T06:21:08","slug":"karibu-3038a","status":"publish","type":"product","link":"https:\/\/harmoor.com\/fr\/product\/karibu-3038a\/","title":{"rendered":"Karibu 3038a"},"content":{"rendered":"<div class=\"row\">\n<div class=\"col-xl-5 col-lg-5 col-md-6 col-sm-12 col-12\"><img fetchpriority=\"high\" decoding=\"async\" class=\"alignnone size-full wp-image-12104\" src=\"https:\/\/harmoor.com\/wp-content\/uploads\/2024\/02\/chair-karibu-3038a-2.webp\" alt=\"chaise caribu 3038a\" width=\"458\" height=\"315\"><\/div>\n<div class=\"col-xl-7 col-lg-7 col-md-6 col-sm-12 col-12\">\n<h2><span style=\"vertical-align: inherit;\"><span style=\"vertical-align: inherit;\">MARQUE<\/span><\/span><\/h2>\n<p>Avec une histoire d&rsquo;entreprise riche qui remonte \u00e0 1998, Harmoor a commenc\u00e9 comme une petite usine de meubles. Nous avons ouvert notre usine au Vietnam en 2018 et sommes devenus l&rsquo;une des plus grandes usines de meubles en plastique au Vietnam. Actuellement, Harmoor est un fabricant et un fournisseur de meubles de table et de chaise avec de nombreux mod\u00e8les de premier plan au Vi\u00eat Nam et dans le monde.<\/p>\n<p><img decoding=\"async\" class=\"mt-4\" src=\"https:\/\/harmoor.com\/wp-content\/uploads\/2023\/07\/single-product.webp\" alt=\"monoproduit\" width=\"190\" height=\"30\"><\/div>\n<\/div>\n<div class=\"row\">\n<div class=\"col-xl-4 col-lg-4 col-md-4 col-sm-12 col-12 mb-4\">\n<h2><span style=\"vertical-align: inherit;\"><span style=\"vertical-align: inherit;\">INFORMATIONS SUR LES PRODUITS<\/span><\/span><\/h2>\n<ul>\n<li>Nom du produit : Caribu 3038<\/li>\n<li>Mat\u00e9riau : Corde + plastique PP<\/li>\n<li>Style de conception: Italie<\/li>\n<li>Lieu d&rsquo;origine : Vietnam<\/li>\n<\/ul>\n<\/div>\n<div class=\"col-xl-4 col-lg-4 col-md-4 col-sm-12 col-12 mb-4\">\n<h2><span style=\"vertical-align: inherit;\"><span style=\"vertical-align: inherit;\">TAILLE<\/span><\/span><\/h2>\n<ul>\n<li>Mat\u00e9riau : Corde PP + Nylon<\/li>\n<li>Longueur : 58,5 cm<\/li>\n<li>Largeur : 47 cm<\/li>\n<li>Hauteur : 78,5 cm<\/li>\n<li>Hauteur d&rsquo;assise : 46cm<\/li>\n<li>Poids : 5,095 kg<\/li>\n<li>68.5*55*93cm\/4pcs<\/li>\n<\/ul>\n<\/div>\n<div class=\"col-xl-4 col-lg-4 col-md-4 col-sm-12 col-12 mb-4\">\n<h2><span style=\"vertical-align: inherit;\"><span style=\"vertical-align: inherit;\">ESPACE UTILISABLE<\/span><\/span><\/h2>\n<ul>\n<li>Caf\u00e9<\/li>\n<li>Restaurant<\/li>\n<li>Salle \u00e0 manger<\/li>\n<li>Jardin&#8230;<\/li>\n<\/ul>\n<\/div>\n<\/div>\n","protected":false},"excerpt":{"rendered":"<p>La chaise Karibu 3038A est la perfection de la classe et de l&rsquo;utilit\u00e9, avec une structure en plastique de haute qualit\u00e9, y compris le dossier et l&rsquo;assise en plastique PA, cr\u00e9ant confort et durabilit\u00e9. Sp\u00e9cialement con\u00e7ue pour l&rsquo;ext\u00e9rieur, la chaise Karibu ne se contente pas de mettre l&rsquo;espace en valeur, elle r\u00e9siste \u00e9galement aux conditions climatiques difficiles. La possibilit\u00e9 de les empiler les uns sur les autres permet d&rsquo;\u00e9conomiser de l&rsquo;espace de stockage et est pratique pour les d\u00e9m\u00e9nagements. Avec une combinaison parfaite de qualit\u00e9 et d&rsquo;utilit\u00e9, la chaise Karibu 3038A est le choix id\u00e9al pour les escapades en banlieue et les \u00e9v\u00e9nements.<\/p>\n","protected":false},"featured_media":23078,"comment_status":"open","ping_status":"closed","template":"","meta":[],"product_cat":[1583],"product_tag":[1236,1584,1585,1253,1469,1471,1586],"class_list":{"0":"post-23297","1":"product","2":"type-product","3":"status-publish","4":"has-post-thumbnail","6":"product_brand-caribu-fr","7":"product_cat-caribu-fr","8":"product_tag-chaise-a-cafe","9":"product_tag-chaise-dexterieur","10":"product_tag-chaise-de-jardin","11":"product_tag-chaise-de-restaurant","12":"product_tag-chaise-de-salle-a-manger","13":"product_tag-chaise-de-salon","14":"product_tag-chaise-de-terrasse","17":"first","18":"instock","19":"shipping-taxable","20":"product-type-simple"},"_links":{"self":[{"href":"https:\/\/harmoor.com\/fr\/wp-json\/wp\/v2\/product\/23297","targetHints":{"allow":["GET"]}}],"collection":[{"href":"https:\/\/harmoor.com\/fr\/wp-json\/wp\/v2\/product"}],"about":[{"href":"https:\/\/harmoor.com\/fr\/wp-json\/wp\/v2\/types\/product"}],"replies":[{"embeddable":true,"href":"https:\/\/harmoor.com\/fr\/wp-json\/wp\/v2\/comments?post=23297"}],"version-history":[{"count":0,"href":"https:\/\/harmoor.com\/fr\/wp-json\/wp\/v2\/product\/23297\/revisions"}],"wp:featuredmedia":[{"embeddable":true,"href":"https:\/\/harmoor.com\/fr\/wp-json\/wp\/v2\/media\/23078"}],"wp:attachment":[{"href":"https:\/\/harmoor.com\/fr\/wp-json\/wp\/v2\/media?parent=23297"}],"wp:term":[{"taxonomy":"product_cat","embeddable":true,"href":"https:\/\/harmoor.com\/fr\/wp-json\/wp\/v2\/product_cat?post=23297"},{"taxonomy":"product_tag","embeddable":true,"href":"https:\/\/harmoor.com\/fr\/wp-json\/wp\/v2\/product_tag?post=23297"}],"curies":[{"name":"wp","href":"https:\/\/api.w.org\/{rel}","templated":true}]}}