{"id":23284,"date":"2024-02-23T12:13:14","date_gmt":"2024-02-23T04:13:14","guid":{"rendered":"https:\/\/harmoor.com\/product\/narnia-3062\/"},"modified":"2024-02-23T12:13:14","modified_gmt":"2024-02-23T04:13:14","slug":"narnia-3062","status":"publish","type":"product","link":"https:\/\/harmoor.com\/fr\/product\/narnia-3062\/","title":{"rendered":"Narnia 3062"},"content":{"rendered":"<div class=\"row\">\n<div class=\"col-xl-5 col-lg-5 col-md-6 col-sm-12 col-12\"><img fetchpriority=\"high\" decoding=\"async\" class=\"alignnone size-full wp-image-12104\" src=\"https:\/\/harmoor.com\/wp-content\/uploads\/2024\/02\/chair-narnia-3062-2.webp\" alt=\"chaise narnia 3062\" width=\"458\" height=\"315\"><\/div>\n<div class=\"col-xl-7 col-lg-7 col-md-6 col-sm-12 col-12\">\n<h2><span style=\"vertical-align: inherit;\"><span style=\"vertical-align: inherit;\">MARQUE<\/span><\/span><\/h2>\n<p>Avec une histoire d&rsquo;entreprise riche qui remonte \u00e0 1998, Harmoor a commenc\u00e9 comme une petite usine de meubles. Nous avons ouvert notre usine au Vietnam en 2018 et sommes devenus l&rsquo;une des plus grandes usines de meubles en plastique au Vietnam. Actuellement, Harmoor est un fabricant et un fournisseur de meubles de table et de chaise avec de nombreux mod\u00e8les de premier plan au Vi\u00eat Nam et dans le monde.<\/p>\n<p><img decoding=\"async\" class=\"mt-4\" src=\"https:\/\/harmoor.com\/wp-content\/uploads\/2023\/07\/single-product.webp\" alt=\"monoproduit\" width=\"190\" height=\"30\"><\/div>\n<\/div>\n<div class=\"row\">\n<div class=\"col-xl-4 col-lg-4 col-md-4 col-sm-12 col-12 mb-4\">\n<h2><span style=\"vertical-align: inherit;\"><span style=\"vertical-align: inherit;\"><span style=\"vertical-align: inherit;\"><span style=\"vertical-align: inherit;\"><span style=\"vertical-align: inherit;\"><span style=\"vertical-align: inherit;\">INFORMATIONS SUR LES PRODUITS<\/span><\/span><\/span><\/span><\/span><\/span><\/h2>\n<ul>\n<li>Nom du produit : Chaise Narnia 3062<\/li>\n<li>Mat\u00e9riau : Plastique + fer<\/li>\n<li>Style de design : Italie<\/li>\n<li>Lieu d&rsquo;origin : Vietnam<\/li>\n<\/ul>\n<\/div>\n<div class=\"col-xl-4 col-lg-4 col-md-4 col-sm-12 col-12 mb-4\">\n<h2><span style=\"vertical-align: inherit;\"><span style=\"vertical-align: inherit;\"><span style=\"vertical-align: inherit;\"><span style=\"vertical-align: inherit;\"><span style=\"vertical-align: inherit;\"><span style=\"vertical-align: inherit;\">TAILLE<\/span><\/span><\/span><\/span><\/span><\/span><\/h2>\n<ul>\n<li>Longueur : 54,8 cm<\/li>\n<li>Largeur : 51,4 cm<\/li>\n<li>Hauteur : 79,5 cm<\/li>\n<li>Hauteur du si\u00e8ge: 45cm<\/li>\n<li>4pcs\/ctn<\/li>\n<\/ul>\n<\/div>\n<div class=\"col-xl-4 col-lg-4 col-md-4 col-sm-12 col-12 mb-4\">\n<h2><span style=\"vertical-align: inherit;\"><span style=\"vertical-align: inherit;\"><span style=\"vertical-align: inherit;\"><span style=\"vertical-align: inherit;\"><span style=\"vertical-align: inherit;\"><span style=\"vertical-align: inherit;\">ESPACE UTILISABLE<\/span><\/span><\/span><\/span><\/span><\/span><\/h2>\n<ul>\n<li>Caf\u00e9<\/li>\n<li>Bureau<\/li>\n<li>Salle \u00e0 manger<\/li>\n<li>Salon<\/li>\n<li>Restaurant&#8230;.<\/li>\n<\/ul>\n<\/div>\n<\/div>\n","protected":false},"excerpt":{"rendered":"<p>La chaise Narnia 3062 est un symbole de classe et de polyvalence. Elle est fabriqu\u00e9e en plastique de haute qualit\u00e9 et d&rsquo;une durabilit\u00e9 in\u00e9gal\u00e9e. Gr\u00e2ce \u00e0 son architecture robuste, la chaise ne se contente pas de mettre en valeur l&rsquo;int\u00e9rieur, elle convient \u00e9galement \u00e0 tous les espaces, de l&rsquo;int\u00e9rieur \u00e0 l&rsquo;ext\u00e9rieur. Gr\u00e2ce \u00e0 sa r\u00e9sistance aux intemp\u00e9ries et \u00e0 sa durabilit\u00e9, la chaise Narnia 3062 est id\u00e9ale pour une utilisation \u00e0 l&rsquo;int\u00e9rieur comme \u00e0 l&rsquo;ext\u00e9rieur. Le design sophistiqu\u00e9 et le confort cr\u00e9ent une exp\u00e9rience d&rsquo;assise confortable et \u00e9l\u00e9gante pour n&rsquo;importe quel espace.<\/p>\n","protected":false},"featured_media":23031,"comment_status":"open","ping_status":"closed","template":"","meta":[],"product_cat":[2088],"product_tag":[1236,1253,1469,1471,1470],"class_list":{"0":"post-23284","1":"product","2":"type-product","3":"status-publish","4":"has-post-thumbnail","6":"product_brand-narnia-fr","7":"product_cat-narnia-fr","8":"product_tag-chaise-a-cafe","9":"product_tag-chaise-de-restaurant","10":"product_tag-chaise-de-salle-a-manger","11":"product_tag-chaise-de-salon","12":"product_tag-office-chair","15":"first","16":"instock","17":"shipping-taxable","18":"product-type-simple"},"_links":{"self":[{"href":"https:\/\/harmoor.com\/fr\/wp-json\/wp\/v2\/product\/23284","targetHints":{"allow":["GET"]}}],"collection":[{"href":"https:\/\/harmoor.com\/fr\/wp-json\/wp\/v2\/product"}],"about":[{"href":"https:\/\/harmoor.com\/fr\/wp-json\/wp\/v2\/types\/product"}],"replies":[{"embeddable":true,"href":"https:\/\/harmoor.com\/fr\/wp-json\/wp\/v2\/comments?post=23284"}],"version-history":[{"count":0,"href":"https:\/\/harmoor.com\/fr\/wp-json\/wp\/v2\/product\/23284\/revisions"}],"wp:featuredmedia":[{"embeddable":true,"href":"https:\/\/harmoor.com\/fr\/wp-json\/wp\/v2\/media\/23031"}],"wp:attachment":[{"href":"https:\/\/harmoor.com\/fr\/wp-json\/wp\/v2\/media?parent=23284"}],"wp:term":[{"taxonomy":"product_cat","embeddable":true,"href":"https:\/\/harmoor.com\/fr\/wp-json\/wp\/v2\/product_cat?post=23284"},{"taxonomy":"product_tag","embeddable":true,"href":"https:\/\/harmoor.com\/fr\/wp-json\/wp\/v2\/product_tag?post=23284"}],"curies":[{"name":"wp","href":"https:\/\/api.w.org\/{rel}","templated":true}]}}