{"id":23263,"date":"2024-02-23T11:08:24","date_gmt":"2024-02-23T03:08:24","guid":{"rendered":"https:\/\/harmoor.com\/product\/zigo-3059\/"},"modified":"2024-03-30T12:42:29","modified_gmt":"2024-03-30T04:42:29","slug":"zigo-3059","status":"publish","type":"product","link":"https:\/\/harmoor.com\/fr\/product\/zigo-3059\/","title":{"rendered":"Zigo 3059"},"content":{"rendered":"<div class=\"row\">\n<div class=\"col-xl-5 col-lg-5 col-md-6 col-sm-12 col-12\"><img fetchpriority=\"high\" decoding=\"async\" class=\"alignnone size-full wp-image-12104\" src=\"https:\/\/harmoor.com\/wp-content\/uploads\/2024\/02\/table-zigo-30593-1.webp\" alt=\"tableau zigo 3059\" width=\"458\" height=\"315\"><\/div>\n<div class=\"col-xl-7 col-lg-7 col-md-6 col-sm-12 col-12\">\n<h2><span style=\"vertical-align: inherit;\"><span style=\"vertical-align: inherit;\">MARQUE<\/span><\/span><\/h2>\n<p>Avec une histoire d&rsquo;entreprise riche qui remonte \u00e0 1998, Harmoor a commenc\u00e9 comme une petite usine de meubles. Nous avons ouvert notre usine au Vietnam en 2018 et sommes devenus l&rsquo;une des plus grandes usines de meubles en plastique au Vietnam. Actuellement, Harmoor est un fabricant et un fournisseur de meubles de table et de chaise avec de nombreux mod\u00e8les de premier plan au Vi\u00eat Nam et dans le monde.<\/p>\n<p><img decoding=\"async\" class=\"mt-4\" src=\"https:\/\/harmoor.com\/wp-content\/uploads\/2023\/07\/single-product.webp\" alt=\"monoproduit\" width=\"190\" height=\"30\"><\/div>\n<\/div>\n<div class=\"row\">\n<div class=\"col-xl-4 col-lg-4 col-md-4 col-sm-12 col-12 mb-4\">\n<h2><span style=\"vertical-align: inherit;\"><span style=\"vertical-align: inherit;\"><span style=\"vertical-align: inherit;\"><span style=\"vertical-align: inherit;\"><span style=\"vertical-align: inherit;\"><span style=\"vertical-align: inherit;\">INFORMATIONS SUR LES PRODUITS<\/span><\/span><\/span><\/span><\/span><\/span><\/h2>\n<ul>\n<li>Nom du produit : Tableau Zigo 3059<\/li>\n<li>Mat\u00e9riau : Plastique + fer<\/li>\n<li>Style de design : Italie<\/li>\n<li>Lieu d&rsquo;origin : Vietnam<\/li>\n<\/ul>\n<\/div>\n<div class=\"col-xl-4 col-lg-4 col-md-4 col-sm-12 col-12 mb-4\">\n<h2><span style=\"vertical-align: inherit;\"><span style=\"vertical-align: inherit;\"><span style=\"vertical-align: inherit;\"><span style=\"vertical-align: inherit;\"><span style=\"vertical-align: inherit;\"><span style=\"vertical-align: inherit;\">TAILLE<\/span><\/span><\/span><\/span><\/span><\/span><\/h2>\n<ul>\n<li>Rayon de la petite face : 30cm<\/li>\n<li>Grand rayon de courbure : 60cm<\/li>\n<\/ul>\n<\/div>\n<div class=\"col-xl-4 col-lg-4 col-md-4 col-sm-12 col-12 mb-4\">\n<h2><span style=\"vertical-align: inherit;\"><span style=\"vertical-align: inherit;\"><span style=\"vertical-align: inherit;\"><span style=\"vertical-align: inherit;\"><span style=\"vertical-align: inherit;\"><span style=\"vertical-align: inherit;\">ESPACE UTILISABLE<\/span><\/span><\/span><\/span><\/span><\/span><\/h2>\n<ul>\n<li>Bureau<\/li>\n<li>Salon<\/li>\n<li>Restaurant&#8230;.<\/li>\n<\/ul>\n<\/div>\n<\/div>\n","protected":false},"excerpt":{"rendered":"<p>La table Zigo 3059 est un compl\u00e9ment sophistiqu\u00e9 con\u00e7u pour rehausser l&rsquo;esth\u00e9tique des salons, des bureaux, des lieux d&rsquo;\u00e9v\u00e9nements et des restaurants. Gr\u00e2ce \u00e0 un travail artisanal m\u00e9ticuleux, cette table transcende son r\u00f4le fonctionnel pour devenir une pi\u00e8ce d&rsquo;apparat dans n&rsquo;importe quel espace. Cr\u00e9\u00e9e dans un souci de polyvalence, elle sert non seulement de surface pratique mais aussi d&rsquo;\u00e9crin \u00e0 des objets d\u00e9coratifs tels que des vases et des ornements. Sa conception spacieuse en fait une plate-forme id\u00e9ale pour pr\u00e9senter les g\u00e2teaux et les d\u00e9corations lors d&rsquo;\u00e9v\u00e9nements sp\u00e9ciaux. La table Zigo 3059 allie harmonieusement style et fonctionnalit\u00e9, offrant une solution unique et \u00e9l\u00e9gante pour rehausser le d\u00e9cor de divers endroits.<\/p>\n","protected":false},"featured_media":22972,"comment_status":"open","ping_status":"closed","template":"","meta":[],"product_cat":[2068],"product_tag":[1667,2069,2029,2070],"class_list":{"0":"post-23263","1":"product","2":"type-product","3":"status-publish","4":"has-post-thumbnail","6":"product_brand-zigo-fr","7":"product_cat-zigo-fr","8":"product_tag-tableaux","9":"product_tag-tables-de-bureau","10":"product_tag-tables-de-restaurant","11":"product_tag-tables-de-salon","14":"first","15":"instock","16":"shipping-taxable","17":"product-type-simple"},"_links":{"self":[{"href":"https:\/\/harmoor.com\/fr\/wp-json\/wp\/v2\/product\/23263","targetHints":{"allow":["GET"]}}],"collection":[{"href":"https:\/\/harmoor.com\/fr\/wp-json\/wp\/v2\/product"}],"about":[{"href":"https:\/\/harmoor.com\/fr\/wp-json\/wp\/v2\/types\/product"}],"replies":[{"embeddable":true,"href":"https:\/\/harmoor.com\/fr\/wp-json\/wp\/v2\/comments?post=23263"}],"version-history":[{"count":1,"href":"https:\/\/harmoor.com\/fr\/wp-json\/wp\/v2\/product\/23263\/revisions"}],"predecessor-version":[{"id":23503,"href":"https:\/\/harmoor.com\/fr\/wp-json\/wp\/v2\/product\/23263\/revisions\/23503"}],"wp:featuredmedia":[{"embeddable":true,"href":"https:\/\/harmoor.com\/fr\/wp-json\/wp\/v2\/media\/22972"}],"wp:attachment":[{"href":"https:\/\/harmoor.com\/fr\/wp-json\/wp\/v2\/media?parent=23263"}],"wp:term":[{"taxonomy":"product_cat","embeddable":true,"href":"https:\/\/harmoor.com\/fr\/wp-json\/wp\/v2\/product_cat?post=23263"},{"taxonomy":"product_tag","embeddable":true,"href":"https:\/\/harmoor.com\/fr\/wp-json\/wp\/v2\/product_tag?post=23263"}],"curies":[{"name":"wp","href":"https:\/\/api.w.org\/{rel}","templated":true}]}}