{"id":23256,"date":"2024-02-23T11:01:11","date_gmt":"2024-02-23T03:01:11","guid":{"rendered":"https:\/\/harmoor.com\/product\/zigo-3058\/"},"modified":"2024-03-30T12:27:11","modified_gmt":"2024-03-30T04:27:11","slug":"zigo-3058","status":"publish","type":"product","link":"https:\/\/harmoor.com\/fr\/product\/zigo-3058\/","title":{"rendered":"Zigo 3058"},"content":{"rendered":"<div class=\"row\">\n<div class=\"col-xl-5 col-lg-5 col-md-6 col-sm-12 col-12\"><img fetchpriority=\"high\" decoding=\"async\" class=\"alignnone size-full wp-image-12104\" src=\"https:\/\/harmoor.com\/wp-content\/uploads\/2024\/02\/table-zigo-3058-1.webp\" alt=\"tableau zigo 3058a\" width=\"458\" height=\"315\"><\/div>\n<div class=\"col-xl-7 col-lg-7 col-md-6 col-sm-12 col-12\">\n<h2><span style=\"vertical-align: inherit;\"><span style=\"vertical-align: inherit;\">MARQUE<\/span><\/span><\/h2>\n<p>Avec une histoire d&rsquo;entreprise riche qui remonte \u00e0 1998, Harmoor a commenc\u00e9 comme une petite usine de meubles. Nous avons ouvert notre usine au Vietnam en 2018 et sommes devenus l&rsquo;une des plus grandes usines de meubles en plastique au Vietnam. Actuellement, Harmoor est un fabricant et un fournisseur de meubles de table et de chaise avec de nombreux mod\u00e8les de premier plan au Vi\u00eat Nam et dans le monde.<\/p>\n<p><img decoding=\"async\" class=\"mt-4\" src=\"https:\/\/harmoor.com\/wp-content\/uploads\/2023\/07\/single-product.webp\" alt=\"monoproduit\" width=\"190\" height=\"30\"><\/div>\n<\/div>\n<div class=\"row\">\n<div class=\"col-xl-4 col-lg-4 col-md-4 col-sm-12 col-12 mb-4\">\n<h2><span style=\"vertical-align: inherit;\"><span style=\"vertical-align: inherit;\"><span style=\"vertical-align: inherit;\"><span style=\"vertical-align: inherit;\"><span style=\"vertical-align: inherit;\"><span style=\"vertical-align: inherit;\">INFORMATIONS SUR LES PRODUITS<\/span><\/span><\/span><\/span><\/span><\/span><\/h2>\n<ul>\n<li>Nom du produit : Table Zigo 3058<\/li>\n<li>Mat\u00e9riau : Plastique + fer<\/li>\n<li>Style de design : Italie<\/li>\n<li>Lieu d&rsquo;origin : Vietnam<\/li>\n<\/ul>\n<\/div>\n<div class=\"col-xl-4 col-lg-4 col-md-4 col-sm-12 col-12 mb-4\">\n<h2><span style=\"vertical-align: inherit;\"><span style=\"vertical-align: inherit;\"><span style=\"vertical-align: inherit;\"><span style=\"vertical-align: inherit;\"><span style=\"vertical-align: inherit;\"><span style=\"vertical-align: inherit;\">TAILLE<\/span><\/span><\/span><\/span><\/span><\/span><\/h2>\n<ul>\n<li>Rayon de la petite face : 30cm<\/li>\n<li>Grand rayon de courbure : 40cm<\/li>\n<\/ul>\n<\/div>\n<div class=\"col-xl-4 col-lg-4 col-md-4 col-sm-12 col-12 mb-4\">\n<h2><span style=\"vertical-align: inherit;\"><span style=\"vertical-align: inherit;\"><span style=\"vertical-align: inherit;\"><span style=\"vertical-align: inherit;\"><span style=\"vertical-align: inherit;\"><span style=\"vertical-align: inherit;\">ESPACE UTILISABLE<\/span><\/span><\/span><\/span><\/span><\/span><\/h2>\n<ul>\n<li>Bureau<\/li>\n<li>Salon<\/li>\n<li>Caf\u00e9&#8230;.<\/li>\n<\/ul>\n<\/div>\n<\/div>\n","protected":false},"excerpt":{"rendered":"<p>La table Zigo 3058 est une fusion d&rsquo;\u00e9l\u00e9gance et de praticit\u00e9 con\u00e7ue pour rehausser l&rsquo;attrait esth\u00e9tique des salons, des bureaux ou des caf\u00e9s. Impeccablement fabriqu\u00e9e avec des mat\u00e9riaux de premi\u00e8re qualit\u00e9 et des contours \u00e9l\u00e9gants, cette table d\u00e9gage une impression de luxe et de raffinement moderne. Sa surface r\u00e9sistante aux rayures assure sa long\u00e9vit\u00e9 et conserve son aspect impeccable au fil du temps. Le design polyvalent de la table et sa palette de couleurs neutres s&rsquo;int\u00e8grent sans effort \u00e0 diff\u00e9rents styles d&rsquo;int\u00e9rieur. Au-del\u00e0 d&rsquo;un simple meuble, la table Zigo 3058 est un symbole de sophistication et d&rsquo;ing\u00e9niosit\u00e9, alliant harmonieusement style et fonctionnalit\u00e9 pour rehausser l&rsquo;ambiance des espaces contemporains.<\/p>\n","protected":false},"featured_media":22951,"comment_status":"open","ping_status":"closed","template":"","meta":[],"product_cat":[2068],"product_tag":[1668,1667,2069,2070],"class_list":{"0":"post-23256","1":"product","2":"type-product","3":"status-publish","4":"has-post-thumbnail","6":"product_brand-zigo-fr","7":"product_cat-zigo-fr","8":"product_tag-tableau-a-cafe","9":"product_tag-tableaux","10":"product_tag-tables-de-bureau","11":"product_tag-tables-de-salon","14":"first","15":"instock","16":"shipping-taxable","17":"product-type-simple"},"_links":{"self":[{"href":"https:\/\/harmoor.com\/fr\/wp-json\/wp\/v2\/product\/23256","targetHints":{"allow":["GET"]}}],"collection":[{"href":"https:\/\/harmoor.com\/fr\/wp-json\/wp\/v2\/product"}],"about":[{"href":"https:\/\/harmoor.com\/fr\/wp-json\/wp\/v2\/types\/product"}],"replies":[{"embeddable":true,"href":"https:\/\/harmoor.com\/fr\/wp-json\/wp\/v2\/comments?post=23256"}],"version-history":[{"count":1,"href":"https:\/\/harmoor.com\/fr\/wp-json\/wp\/v2\/product\/23256\/revisions"}],"predecessor-version":[{"id":23498,"href":"https:\/\/harmoor.com\/fr\/wp-json\/wp\/v2\/product\/23256\/revisions\/23498"}],"wp:featuredmedia":[{"embeddable":true,"href":"https:\/\/harmoor.com\/fr\/wp-json\/wp\/v2\/media\/22951"}],"wp:attachment":[{"href":"https:\/\/harmoor.com\/fr\/wp-json\/wp\/v2\/media?parent=23256"}],"wp:term":[{"taxonomy":"product_cat","embeddable":true,"href":"https:\/\/harmoor.com\/fr\/wp-json\/wp\/v2\/product_cat?post=23256"},{"taxonomy":"product_tag","embeddable":true,"href":"https:\/\/harmoor.com\/fr\/wp-json\/wp\/v2\/product_tag?post=23256"}],"curies":[{"name":"wp","href":"https:\/\/api.w.org\/{rel}","templated":true}]}}