{"id":23250,"date":"2024-02-23T10:55:07","date_gmt":"2024-02-23T02:55:07","guid":{"rendered":"https:\/\/harmoor.com\/product\/zigo-3058a\/"},"modified":"2024-03-30T12:19:16","modified_gmt":"2024-03-30T04:19:16","slug":"zigo-3058a","status":"publish","type":"product","link":"https:\/\/harmoor.com\/fr\/product\/zigo-3058a\/","title":{"rendered":"Zigo 3058a"},"content":{"rendered":"<div class=\"row\">\n<div class=\"col-xl-5 col-lg-5 col-md-6 col-sm-12 col-12\"><img fetchpriority=\"high\" decoding=\"async\" class=\"alignnone size-full wp-image-12104\" src=\"https:\/\/harmoor.com\/wp-content\/uploads\/2024\/02\/table-zigo-3058a-2.webp\" alt=\"tableau zigo 3058a\" width=\"458\" height=\"315\"><\/div>\n<div class=\"col-xl-7 col-lg-7 col-md-6 col-sm-12 col-12\">\n<h2><span style=\"vertical-align: inherit;\"><span style=\"vertical-align: inherit;\">MARQUE<\/span><\/span><\/h2>\n<p>Avec une histoire d&rsquo;entreprise riche qui remonte \u00e0 1998, Harmoor a commenc\u00e9 comme une petite usine de meubles. Nous avons ouvert notre usine au Vietnam en 2018 et sommes devenus l&rsquo;une des plus grandes usines de meubles en plastique au Vietnam. Actuellement, Harmoor est un fabricant et un fournisseur de meubles de table et de chaise avec de nombreux mod\u00e8les de premier plan au Vi\u00eat Nam et dans le monde.<\/p>\n<p><img decoding=\"async\" class=\"mt-4\" src=\"https:\/\/harmoor.com\/wp-content\/uploads\/2023\/07\/single-product.webp\" alt=\"monoproduit\" width=\"190\" height=\"30\"><\/div>\n<\/div>\n<div class=\"row\">\n<div class=\"col-xl-4 col-lg-4 col-md-4 col-sm-12 col-12 mb-4\">\n<h2><span style=\"vertical-align: inherit;\"><span style=\"vertical-align: inherit;\"><span style=\"vertical-align: inherit;\"><span style=\"vertical-align: inherit;\"><span style=\"vertical-align: inherit;\"><span style=\"vertical-align: inherit;\">INFORMATIONS SUR LES PRODUITS<\/span><\/span><\/span><\/span><\/span><\/span><\/h2>\n<ul>\n<li>Nom du produit : Tableau zigo 3058a<\/li>\n<li>Mat\u00e9riau : Plastique + fer<\/li>\n<li>Style de design : Italie<\/li>\n<li>Lieu d&rsquo;origin : Vietnam<\/li>\n<\/ul>\n<\/div>\n<div class=\"col-xl-4 col-lg-4 col-md-4 col-sm-12 col-12 mb-4\">\n<h2><span style=\"vertical-align: inherit;\"><span style=\"vertical-align: inherit;\"><span style=\"vertical-align: inherit;\"><span style=\"vertical-align: inherit;\"><span style=\"vertical-align: inherit;\"><span style=\"vertical-align: inherit;\">TAILLE<\/span><\/span><\/span><\/span><\/span><\/span><\/h2>\n<ul>\n<li>Rayon de la petite face : 30cm<\/li>\n<li>Grand rayon de courbure : 40cm<\/li>\n<\/ul>\n<\/div>\n<div class=\"col-xl-4 col-lg-4 col-md-4 col-sm-12 col-12 mb-4\">\n<h2><span style=\"vertical-align: inherit;\"><span style=\"vertical-align: inherit;\"><span style=\"vertical-align: inherit;\"><span style=\"vertical-align: inherit;\"><span style=\"vertical-align: inherit;\"><span style=\"vertical-align: inherit;\">ESPACE UTILISABLE<\/span><\/span><\/span><\/span><\/span><\/span><\/h2>\n<ul>\n<li>Bureau<\/li>\n<li>Salon<\/li>\n<li>Caf\u00e9&#8230;.<\/li>\n<\/ul>\n<\/div>\n<\/div>\n","protected":false},"excerpt":{"rendered":"<p>La table Zigo 3058A est un chef-d&rsquo;\u0153uvre de sophistication et d&rsquo;utilit\u00e9, m\u00e9ticuleusement con\u00e7u pour servir de point focal d\u00e9coratif dans les salons, les bureaux ou les caf\u00e9s. Avec des mat\u00e9riaux de haute qualit\u00e9 et des lignes raffin\u00e9es, la table apporte une aura de luxe et de modernit\u00e9 \u00e0 tout espace. Sa surface r\u00e9sistante aux rayures garantit une beaut\u00e9 et une durabilit\u00e9 durables. Son design polyvalent et ses couleurs neutres lui permettent de s&rsquo;int\u00e9grer facilement \u00e0 diff\u00e9rents styles. La table Zigo 3058A n&rsquo;est pas seulement un meuble mais aussi un embl\u00e8me d&rsquo;\u00e9l\u00e9gance et d&rsquo;innovation, incarnant un m\u00e9lange parfait de forme et de fonction pour les int\u00e9rieurs contemporains.<\/p>\n","protected":false},"featured_media":22942,"comment_status":"open","ping_status":"closed","template":"","meta":[],"product_cat":[2068],"product_tag":[1668,1667,2069,2070],"class_list":{"0":"post-23250","1":"product","2":"type-product","3":"status-publish","4":"has-post-thumbnail","6":"product_brand-zigo-fr","7":"product_cat-zigo-fr","8":"product_tag-tableau-a-cafe","9":"product_tag-tableaux","10":"product_tag-tables-de-bureau","11":"product_tag-tables-de-salon","14":"first","15":"instock","16":"shipping-taxable","17":"product-type-simple"},"_links":{"self":[{"href":"https:\/\/harmoor.com\/fr\/wp-json\/wp\/v2\/product\/23250","targetHints":{"allow":["GET"]}}],"collection":[{"href":"https:\/\/harmoor.com\/fr\/wp-json\/wp\/v2\/product"}],"about":[{"href":"https:\/\/harmoor.com\/fr\/wp-json\/wp\/v2\/types\/product"}],"replies":[{"embeddable":true,"href":"https:\/\/harmoor.com\/fr\/wp-json\/wp\/v2\/comments?post=23250"}],"version-history":[{"count":1,"href":"https:\/\/harmoor.com\/fr\/wp-json\/wp\/v2\/product\/23250\/revisions"}],"predecessor-version":[{"id":23493,"href":"https:\/\/harmoor.com\/fr\/wp-json\/wp\/v2\/product\/23250\/revisions\/23493"}],"wp:featuredmedia":[{"embeddable":true,"href":"https:\/\/harmoor.com\/fr\/wp-json\/wp\/v2\/media\/22942"}],"wp:attachment":[{"href":"https:\/\/harmoor.com\/fr\/wp-json\/wp\/v2\/media?parent=23250"}],"wp:term":[{"taxonomy":"product_cat","embeddable":true,"href":"https:\/\/harmoor.com\/fr\/wp-json\/wp\/v2\/product_cat?post=23250"},{"taxonomy":"product_tag","embeddable":true,"href":"https:\/\/harmoor.com\/fr\/wp-json\/wp\/v2\/product_tag?post=23250"}],"curies":[{"name":"wp","href":"https:\/\/api.w.org\/{rel}","templated":true}]}}