{"id":23242,"date":"2024-02-23T10:13:38","date_gmt":"2024-02-23T02:13:38","guid":{"rendered":"https:\/\/harmoor.com\/product\/tableau-3025\/"},"modified":"2024-03-30T10:00:58","modified_gmt":"2024-03-30T02:00:58","slug":"tableau-3025","status":"publish","type":"product","link":"https:\/\/harmoor.com\/fr\/product\/tableau-3025\/","title":{"rendered":"Tableau 3025"},"content":{"rendered":"<div class=\"row\">\n<div class=\"col-xl-5 col-lg-5 col-md-6 col-sm-12 col-12\"><img fetchpriority=\"high\" decoding=\"async\" class=\"alignnone size-full wp-image-12104\" src=\"https:\/\/harmoor.com\/wp-content\/uploads\/2024\/02\/table-3025-8.webp\" alt=\"chaise amelie 11\" width=\"458\" height=\"315\"><\/div>\n<div class=\"col-xl-7 col-lg-7 col-md-6 col-sm-12 col-12\">\n<h2><span style=\"vertical-align: inherit;\"><span style=\"vertical-align: inherit;\">MARQUE<\/span><\/span><\/h2>\n<p>Avec une histoire d&rsquo;entreprise riche qui remonte \u00e0 1998, Harmoor a commenc\u00e9 comme une petite usine de meubles. Nous avons ouvert notre usine au Vietnam en 2018 et sommes devenus l&rsquo;une des plus grandes usines de meubles en plastique au Vietnam. Actuellement, Harmoor est un fabricant et un fournisseur de meubles de table et de chaise avec de nombreux mod\u00e8les de premier plan au Vi\u00eat Nam et dans le monde.<\/p>\n<p><img decoding=\"async\" class=\"mt-4\" src=\"https:\/\/harmoor.com\/wp-content\/uploads\/2023\/07\/single-product.webp\" alt=\"monoproduit\" width=\"190\" height=\"30\"><\/div>\n<\/div>\n<div class=\"row\">\n<div class=\"col-xl-4 col-lg-4 col-md-4 col-sm-12 col-12 mb-4\">\n<h2><span style=\"vertical-align: inherit;\"><span style=\"vertical-align: inherit;\"><span style=\"vertical-align: inherit;\"><span style=\"vertical-align: inherit;\"><span style=\"vertical-align: inherit;\"><span style=\"vertical-align: inherit;\">INFORMATIONS SUR LES PRODUITS<\/span><\/span><\/span><\/span><\/span><\/span><\/h2>\n<ul>\n<li>Nom du produit : Table 3025<\/li>\n<li>Mat\u00e9riau : Plastique<\/li>\n<li>Style de design : Italie<\/li>\n<li>Lieu d&rsquo;origin : Vietnam<\/li>\n<\/ul>\n<\/div>\n<div class=\"col-xl-4 col-lg-4 col-md-4 col-sm-12 col-12 mb-4\">\n<h2><span style=\"vertical-align: inherit;\"><span style=\"vertical-align: inherit;\"><span style=\"vertical-align: inherit;\"><span style=\"vertical-align: inherit;\"><span style=\"vertical-align: inherit;\"><span style=\"vertical-align: inherit;\">TAILLE<\/span><\/span><\/span><\/span><\/span><\/span><\/h2>\n<ul>\n<li>Longueur : 70 cm<\/li>\n<li>Largeur : 70 cm<\/li>\n<li>Hauteur : 75 cm<\/li>\n<\/ul>\n<\/div>\n<div class=\"col-xl-4 col-lg-4 col-md-4 col-sm-12 col-12 mb-4\">\n<h2><span style=\"vertical-align: inherit;\"><span style=\"vertical-align: inherit;\"><span style=\"vertical-align: inherit;\"><span style=\"vertical-align: inherit;\"><span style=\"vertical-align: inherit;\"><span style=\"vertical-align: inherit;\">ESPACE UTILISABLE<\/span><\/span><\/span><\/span><\/span><\/span><\/h2>\n<ul>\n<li>Restaurant<\/li>\n<li>Salle \u00e0 manger<\/li>\n<li>Caf\u00e9&#8230;.<\/li>\n<\/ul>\n<\/div>\n<\/div>\n","protected":false},"excerpt":{"rendered":"<p>La table 3025 est fabriqu\u00e9e \u00e0 100% en plastique PP de haute qualit\u00e9, qui peut \u00eatre recycl\u00e9. Le design de la face carr\u00e9e avec un cadre unique pour les pieds, convient aux espaces int\u00e9rieurs et ext\u00e9rieurs et aux jardins. Le choix id\u00e9al pour les coins de d\u00e9tente \u00e0 la maison et les caf\u00e9s et restaurants de luxe.<\/p>\n","protected":false},"featured_media":22880,"comment_status":"open","ping_status":"closed","template":"","meta":[],"product_cat":[2058],"product_tag":[1668,1667,1669,2029],"class_list":{"0":"post-23242","1":"product","2":"type-product","3":"status-publish","4":"has-post-thumbnail","6":"product_brand-table-fr","7":"product_cat-tableau","8":"product_tag-tableau-a-cafe","9":"product_tag-tableaux","10":"product_tag-tables-a-manger","11":"product_tag-tables-de-restaurant","14":"first","15":"instock","16":"shipping-taxable","17":"product-type-simple"},"_links":{"self":[{"href":"https:\/\/harmoor.com\/fr\/wp-json\/wp\/v2\/product\/23242","targetHints":{"allow":["GET"]}}],"collection":[{"href":"https:\/\/harmoor.com\/fr\/wp-json\/wp\/v2\/product"}],"about":[{"href":"https:\/\/harmoor.com\/fr\/wp-json\/wp\/v2\/types\/product"}],"replies":[{"embeddable":true,"href":"https:\/\/harmoor.com\/fr\/wp-json\/wp\/v2\/comments?post=23242"}],"version-history":[{"count":1,"href":"https:\/\/harmoor.com\/fr\/wp-json\/wp\/v2\/product\/23242\/revisions"}],"predecessor-version":[{"id":23434,"href":"https:\/\/harmoor.com\/fr\/wp-json\/wp\/v2\/product\/23242\/revisions\/23434"}],"wp:featuredmedia":[{"embeddable":true,"href":"https:\/\/harmoor.com\/fr\/wp-json\/wp\/v2\/media\/22880"}],"wp:attachment":[{"href":"https:\/\/harmoor.com\/fr\/wp-json\/wp\/v2\/media?parent=23242"}],"wp:term":[{"taxonomy":"product_cat","embeddable":true,"href":"https:\/\/harmoor.com\/fr\/wp-json\/wp\/v2\/product_cat?post=23242"},{"taxonomy":"product_tag","embeddable":true,"href":"https:\/\/harmoor.com\/fr\/wp-json\/wp\/v2\/product_tag?post=23242"}],"curies":[{"name":"wp","href":"https:\/\/api.w.org\/{rel}","templated":true}]}}